{"id":992,"date":"2021-02-12T18:21:17","date_gmt":"2021-02-12T18:21:17","guid":{"rendered":"http:\/\/guiasde.com\/alsim\/product\/4-almohada-down-sintetico-plus\/"},"modified":"2021-02-12T18:21:17","modified_gmt":"2021-02-12T18:21:17","slug":"4-almohada-down-sintetico-plus","status":"publish","type":"product","link":"https:\/\/guiasde.com\/alsim\/product\/4-almohada-down-sintetico-plus\/","title":{"rendered":"4 Almohada Down sintetico Plus"},"content":{"rendered":"","protected":false},"excerpt":{"rendered":"<p>Almohada con relleno 100% poli\u00e9ster de cluster pufs, soporte Firme. Tela Premium 50% algod\u00f3n 50% poli\u00e9ster de 200, Hipoalerg\u00e9nicas, Indeformables, Lavables, con un tiempo de vida manteniendo su soporte original mayor de 3 a\u00f1os.<\/p>\n","protected":false},"featured_media":493,"comment_status":"open","ping_status":"closed","template":"","meta":[],"_links":{"self":[{"href":"https:\/\/guiasde.com\/alsim\/wp-json\/wp\/v2\/product\/992"}],"collection":[{"href":"https:\/\/guiasde.com\/alsim\/wp-json\/wp\/v2\/product"}],"about":[{"href":"https:\/\/guiasde.com\/alsim\/wp-json\/wp\/v2\/types\/product"}],"replies":[{"embeddable":true,"href":"https:\/\/guiasde.com\/alsim\/wp-json\/wp\/v2\/comments?post=992"}],"wp:featuredmedia":[{"embeddable":true,"href":"https:\/\/guiasde.com\/alsim\/wp-json\/wp\/v2\/media\/493"}],"wp:attachment":[{"href":"https:\/\/guiasde.com\/alsim\/wp-json\/wp\/v2\/media?parent=992"}],"curies":[{"name":"wp","href":"https:\/\/api.w.org\/{rel}","templated":true}]}}