{"id":995,"date":"2021-02-12T18:21:44","date_gmt":"2021-02-12T18:21:44","guid":{"rendered":"http:\/\/guiasde.com\/alsim\/product\/4-almohadas-regia-firme-50-x-66\/"},"modified":"2021-02-12T18:21:44","modified_gmt":"2021-02-12T18:21:44","slug":"4-almohadas-regia-firme-50-x-66","status":"publish","type":"product","link":"https:\/\/guiasde.com\/alsim\/product\/4-almohadas-regia-firme-50-x-66\/","title":{"rendered":"4 Almohadas Regia Firme 50 x 66"},"content":{"rendered":"","protected":false},"excerpt":{"rendered":"<p>Almohada firme . Tela Blanca 50% poli\u00e9ster 50% algod\u00f3n de 200 hilos Relleno 100% poli\u00e9ster Hipoalerg\u00e9nica Indeformable Lavable, especial para dormir de lado.<\/p>\n","protected":false},"featured_media":470,"comment_status":"open","ping_status":"closed","template":"","meta":[],"_links":{"self":[{"href":"https:\/\/guiasde.com\/alsim\/wp-json\/wp\/v2\/product\/995"}],"collection":[{"href":"https:\/\/guiasde.com\/alsim\/wp-json\/wp\/v2\/product"}],"about":[{"href":"https:\/\/guiasde.com\/alsim\/wp-json\/wp\/v2\/types\/product"}],"replies":[{"embeddable":true,"href":"https:\/\/guiasde.com\/alsim\/wp-json\/wp\/v2\/comments?post=995"}],"wp:featuredmedia":[{"embeddable":true,"href":"https:\/\/guiasde.com\/alsim\/wp-json\/wp\/v2\/media\/470"}],"wp:attachment":[{"href":"https:\/\/guiasde.com\/alsim\/wp-json\/wp\/v2\/media?parent=995"}],"curies":[{"name":"wp","href":"https:\/\/api.w.org\/{rel}","templated":true}]}}