{"id":996,"date":"2021-02-12T18:21:50","date_gmt":"2021-02-12T18:21:50","guid":{"rendered":"http:\/\/guiasde.com\/alsim\/product\/4-almohada-megliere-imitacion-de-pluma-y-down\/"},"modified":"2021-02-12T18:21:50","modified_gmt":"2021-02-12T18:21:50","slug":"4-almohada-megliere-imitacion-de-pluma-y-down","status":"publish","type":"product","link":"https:\/\/guiasde.com\/alsim\/product\/4-almohada-megliere-imitacion-de-pluma-y-down\/","title":{"rendered":"4 Almohada Megliere \u00ae imitaci\u00f3n de pluma y down"},"content":{"rendered":"","protected":false},"excerpt":{"rendered":"<p>Almohada con relleno 100% poli\u00e9ster especial de Microgel, soporte suave. Tela Premium 50% algod\u00f3n 50% poli\u00e9ster de 200, Hipoalerg\u00e9nicas, Indeformables, Lavables, con un tiempo de vida manteniendo su soporte original mayor de 3 a\u00f1os.<\/p>\n","protected":false},"featured_media":517,"comment_status":"open","ping_status":"closed","template":"","meta":[],"_links":{"self":[{"href":"https:\/\/guiasde.com\/alsim\/wp-json\/wp\/v2\/product\/996"}],"collection":[{"href":"https:\/\/guiasde.com\/alsim\/wp-json\/wp\/v2\/product"}],"about":[{"href":"https:\/\/guiasde.com\/alsim\/wp-json\/wp\/v2\/types\/product"}],"replies":[{"embeddable":true,"href":"https:\/\/guiasde.com\/alsim\/wp-json\/wp\/v2\/comments?post=996"}],"wp:featuredmedia":[{"embeddable":true,"href":"https:\/\/guiasde.com\/alsim\/wp-json\/wp\/v2\/media\/517"}],"wp:attachment":[{"href":"https:\/\/guiasde.com\/alsim\/wp-json\/wp\/v2\/media?parent=996"}],"curies":[{"name":"wp","href":"https:\/\/api.w.org\/{rel}","templated":true}]}}