{"id":435,"date":"2022-05-04T14:50:38","date_gmt":"2022-05-04T14:50:38","guid":{"rendered":"http:\/\/guiasde.com\/cajasfuertesperez\/?page_id=435"},"modified":"2022-05-17T17:14:44","modified_gmt":"2022-05-17T17:14:44","slug":"puertas-blindadas","status":"publish","type":"page","link":"https:\/\/guiasde.com\/cajasfuertesperez\/puertas-blindadas\/","title":{"rendered":"Puertas Blindadas"},"content":{"rendered":"\t\t<div data-elementor-type=\"wp-page\" data-elementor-id=\"435\" class=\"elementor elementor-435\">\n\t\t\t\t\t\t\t\t\t<section data-lqd-section-scroll=\"true\" class=\"elementor-section elementor-top-section elementor-element elementor-element-3bd6bff5 elementor-section-boxed elementor-section-height-default elementor-section-height-default\" data-id=\"3bd6bff5\" data-element_type=\"section\" data-settings=\"{&quot;background_background&quot;:&quot;classic&quot;}\">\n\t\t\t\t\t\t<div class=\"elementor-container elementor-column-gap-no\">\n\t\t\t\t\t<div class=\"elementor-column elementor-col-100 elementor-top-column elementor-element elementor-element-b04d9eb\" data-id=\"b04d9eb\" data-element_type=\"column\">\n\t\t\t<div class=\"elementor-widget-wrap elementor-element-populated\">\n\t\t\t\t\t\t\t\t<section data-lqd-section-scroll=\"true\" class=\"elementor-section elementor-inner-section elementor-element elementor-element-7a16bcc6 elementor-section-content-middle elementor-section-height-min-height elementor-section-boxed elementor-section-height-default\" data-id=\"7a16bcc6\" data-element_type=\"section\">\n\t\t\t\t\t\t<div class=\"elementor-container elementor-column-gap-default\">\n\t\t\t\t\t<div class=\"elementor-column elementor-col-50 elementor-inner-column elementor-element elementor-element-7ac0037a\" data-id=\"7ac0037a\" data-element_type=\"column\">\n\t\t\t<div class=\"elementor-widget-wrap elementor-element-populated\">\n\t\t\t\t\t\t\t\t<div class=\"elementor-element elementor-element-193d38b3 elementor-widget elementor-widget-ld_fancy_image\" data-id=\"193d38b3\" data-element_type=\"widget\" data-widget_type=\"ld_fancy_image.default\">\n\t\t\t\t<div class=\"elementor-widget-container\">\n\t\t\t\n\t\t\t<div class=\"lqd-imggrp-single d-block pos-rel perspective\" data-hover3d=\"true\"  >\n\t\t\t\t\n\t\t\t\t<div class=\"lqd-imggrp-img-container d-inline-flex pos-rel align-items-center justify-content-center transform-style-3d\">\n\t\t\t\t\t\n\t\t\t\t\t\t\t\t\t\t<figure class=\"w-100 pos-rel\" data-stacking-factor=\"1\" data-reveal=\"true\" data-reveal-options='{\"direction\":\"tb\"}' >\n\t\t\t\t\t\t<img width=\"536\" height=\"642\" src=\"data:image\/svg+xml,%3Csvg xmlns=&#039;http:\/\/www.w3.org\/2000\/svg&#039; viewBox=&#039;0 0 536 642&#039;%3E%3C\/svg%3E\" class=\"attachment-full size-full ld-lazyload\" alt=\"\" loading=\"lazy\" data-src=\"https:\/\/guiasde.com\/cajasfuertesperez\/wp-content\/uploads\/2022\/05\/puerta-blindada-1.png\" data-srcset=\"https:\/\/guiasde.com\/cajasfuertesperez\/wp-content\/uploads\/2022\/05\/puerta-blindada-1.png 536w, https:\/\/guiasde.com\/cajasfuertesperez\/wp-content\/uploads\/2022\/05\/puerta-blindada-1-250x300.png 250w\" data-sizes=\"(max-width: 536px) 100vw, 536px\" data-aspect=\"0.83489096573209\" \/>\t\t\t\t\t\t\t\t\t\t\t\t\t\t\t\t\t\t\t\t\t\t\t\t\t\t\t\t\t<\/figure>\n\t\t\t\t\t\n\t\t\t\t<\/div>\n\t\t\t<\/div>\n\n\t\t\t\t<\/div>\n\t\t\t\t<\/div>\n\t\t\t\t\t<\/div>\n\t\t<\/div>\n\t\t\t\t<div class=\"elementor-column elementor-col-50 elementor-inner-column elementor-element elementor-element-7bd3d8b3\" data-id=\"7bd3d8b3\" data-element_type=\"column\">\n\t\t\t<div class=\"elementor-widget-wrap elementor-element-populated\">\n\t\t\t\t\t\t\t\t<div class=\"elementor-element elementor-element-1fc2132f elementor-widget__width-auto elementor-widget elementor-widget-hub_fancy_heading\" data-id=\"1fc2132f\" data-element_type=\"widget\" data-widget_type=\"hub_fancy_heading.default\">\n\t\t\t\t<div class=\"elementor-widget-container\">\n\t\t\t\n\t\t<div id=\"ld-fancy-heading-6a05f67048d4e\" class=\"ld-fancy-heading pos-rel\">\n\t\t\t<h6 class=\"ld-fh-element d-inline-block pos-rel elementor-heading-title lqd-highlight-classic lqd-highlight-grow-left h6\"  > Productos<\/h6>\t\t<\/div>\n\n\t\t\t\t<\/div>\n\t\t\t\t<\/div>\n\t\t\t\t<div class=\"elementor-element elementor-element-3a964a37 elementor-widget elementor-widget-hub_fancy_heading\" data-id=\"3a964a37\" data-element_type=\"widget\" data-widget_type=\"hub_fancy_heading.default\">\n\t\t\t\t<div class=\"elementor-widget-container\">\n\t\t\t\n\t\t<div id=\"ld-fancy-heading-6a05f670498fb\" class=\"ld-fancy-heading pos-rel\">\n\t\t\t<h1 class=\"ld-fh-element d-inline-block pos-rel elementor-heading-title lqd-highlight-classic lqd-highlight-grow-left h1\" data-inview=\"true\" data-transition-delay=\"true\" data-delay-options='{\"elements\":\".lqd-highlight-inner\",\"delayType\":\"transition\"}' > Puertas <mark class=\"lqd-highlight\"><span class=\"lqd-highlight-txt\"  >Blindadas<\/span><span class=\"lqd-highlight-inner\"><svg class=\"lqd-highlight-brush-svg lqd-highlight-brush-svg-1\" xmlns=\"http:\/\/www.w3.org\/2000\/svg\" width=\"235.509\" height=\"13.504\" viewBox=\"0 0 235.509 13.504\" aria-hidden=\"true\" preserveAspectRatio=\"none\"><path d=\"M163,.383a13.044,13.044,0,0,1,1.517-.072,3.528,3.528,0,0,1,1.237-.134q.618.044,1.237.044a.249.249,0,0,1-.1.178.337.337,0,0,0-.1.266q3.092.088,6.184-.044T178.953.4l-.206-.088a12,12,0,0,0,4.123,0,13.467,13.467,0,0,1,5.772,0q1.443-.178,2.68-.266A5.978,5.978,0,0,1,193.8.4,16.707,16.707,0,0,1,198.01.045q2.164.088,4.844.088-.618.088-.824.134L201.412.4a3.893,3.893,0,0,0,2.061,0,5.413,5.413,0,0,1,1.649-.356q.618.088,1.134.178a9.762,9.762,0,0,0,1.544.09,17,17,0,0,1,3.092-.266q1.649,0,3.5.178,2.886.088,5.875.044t5.875-.222q0,.088.206.088h.412a21.975,21.975,0,0,0,2.577.889A12.458,12.458,0,0,1,232.12,2.18a3.962,3.962,0,0,1,1.031.622A3.349,3.349,0,0,1,234.8,3.825a5.079,5.079,0,0,1,.618,1.111q.412.534-1.031.98-1.031.444-.618.98a2.09,2.09,0,0,1,.206.889q0,.444.825.889.618.8-.206,1.245l-1.237.534q-1.443-.088-2.68-.134a17.255,17.255,0,0,1-2.267-.222,3.128,3.128,0,0,0-.928-.044,3.129,3.129,0,0,1-.928-.044q-2.267-.178-4.432-.266T217.7,9.476q-1.649-.088-2.886-.088a17.343,17.343,0,0,1-2.474-.178q-3.916,0-7.73-.088t-7.73-.266l-12.471-.178q-6.287-.088-12.883-.088h-1.958q-.928,0-1.958.088h-2.061q-1.031,0-2.061-.088-2.68-.088-5.256-.134t-5.256.044h-5.462q-2.577,0-5.462.088-4.535.088-8.76.178t-8.554.088q-2.886.088-5.875.088t-5.875.088q-1.443.088-2.886.134t-3.092.044q-4.741.178-9.791.312t-9.791.312q-2.267.088-4.329.088T78.77,10.1q-4.329.266-8.863.49t-9.276.49q-1.237.088-2.68.134a24.356,24.356,0,0,0-2.683.224q-2.68.178-5.462.312t-5.668.4q-2.474.266-4.741.312t-4.741.044q-1.031-.088-1.958-.134a9.684,9.684,0,0,1-1.958-.312,12.5,12.5,0,0,0-1.443-.312q-.825-.134-1.856-.31-2.886.356-6.39.666t-6.8.845a26.709,26.709,0,0,1-2.886.356,20.758,20.758,0,0,1-9.482-.889Q.232,11.962.026,11.25T1.263,9.917q0-.266.825-.266a13.039,13.039,0,0,0,2.886-.444A17.187,17.187,0,0,1,7.86,8.672q3.092-.266,6.184-.8,1.649-.178,3.3-.312t3.5-.312q4.123-.354,8.039-.712t8.039-.622q9.478-.8,18.758-1.338,2.68-.178,5.153-.356t4.741-.356q2.474-.178,5.05-.356T75.88,3.24h1.34a4.829,4.829,0,0,0,1.34-.178q2.267-.178,4.329-.222t4.329-.134a7.256,7.256,0,0,1,2.267,0,3.459,3.459,0,0,0,1.031-.088,6.009,6.009,0,0,1,2.37-.266,14.745,14.745,0,0,0,2.783-.088q1.649,0,2.474.088a1.308,1.308,0,0,1,.185.011,1.226,1.226,0,0,1,.33-.1,3.656,3.656,0,0,0,.515-.088,4.433,4.433,0,0,1,2.886.266q.412-.088,1.031-.178l1.237-.178q.412,0,1.031.044a5.761,5.761,0,0,0,1.237-.044q2.886-.088,5.772-.044a53.829,53.829,0,0,0,5.772-.222,9.505,9.505,0,0,1,1.34-.088h1.34a4.428,4.428,0,0,1,.821-.258l.825-.178a15.178,15.178,0,0,1,1.855.444,3.028,3.028,0,0,1,1.031-.534,4.039,4.039,0,0,1,1.443-.178,6.158,6.158,0,0,1,1.649.178,5.05,5.05,0,0,0,2.267.268q1.855-.088,3.813-.134T138.13,1.2q1.031,0,2.164-.044t2.37-.044q-.206-.088.412-.534h3.092q.412,0,.309.266t.928,0a5.845,5.845,0,0,1,1.443,0,31.833,31.833,0,0,0,5.359.088,21.471,21.471,0,0,1,6.8.178,5.236,5.236,0,0,0,1.031-.4q.412-.222.825-.4a.694.694,0,0,1,.137.07Z\" transform=\"translate(0 0.002)\"\/><\/svg><svg class=\"lqd-highlight-pen\" width=\"51\" height=\"51\" viewBox=\"0 0 51 51\" xmlns=\"http:\/\/www.w3.org\/2000\/svg\"><path d=\"M36.204 1.044C32.02 2.814 5.66 31.155 4.514 35.116c-.632 2.182-1.75 5.516-2.483 7.409-3.024 7.805-1.54 9.29 6.265 6.265 1.893-.733 5.227-1.848 7.41-2.477 3.834-1.105 4.473-1.647 19.175-16.27 0 0 10.63-10.546 15.21-15.125C53 8.997 42.021-1.418 36.203 1.044Zm7.263 5.369c3.56 3.28 4.114 4.749 2.643 6.995l-1.115 1.7-4.586-4.543-4.585-4.544 1.42-1.157C39.311 3.18 40.2 3.4 43.467 6.413ZM37.863 13.3l4.266 4.304-11.547 11.561-11.547 11.561-4.48-4.446-4.481-4.447 11.404-11.418c6.273-6.28 11.566-11.42 11.762-11.42.197 0 2.277 1.938 4.623 4.305ZM12.016 39.03l3.54 3.584-3.562 1.098-5.316 1.641c-1.665.516-1.727.455-1.211-1.21l1.614-5.226c1.289-4.177.685-4.191 4.935.113Z\"\/><\/svg><svg class=\"lqd-highlight-brush-svg lqd-highlight-brush-svg-2\" width=\"233\" height=\"13\" viewBox=\"0 0 233 13\" xmlns=\"http:\/\/www.w3.org\/2000\/svg\" aria-hidden=\"true\" preserveAspectRatio=\"none\"><path d=\"m.624 9.414-.312-2.48C0 4.454.001 4.454.002 4.454l.035-.005.102-.013.398-.047c.351-.042.872-.102 1.557-.179 1.37-.152 3.401-.368 6.05-.622C13.44 3.081 21.212 2.42 31.13 1.804 50.966.572 79.394-.48 113.797.24c34.387.717 63.927 2.663 84.874 4.429a1048.61 1048.61 0 0 1 24.513 2.34 641.605 641.605 0 0 1 8.243.944l.432.054.149.02-.318 2.479-.319 2.48-.137-.018c-.094-.012-.234-.03-.421-.052a634.593 634.593 0 0 0-8.167-.936 1043.26 1043.26 0 0 0-24.395-2.329c-20.864-1.76-50.296-3.697-84.558-4.413-34.246-.714-62.535.332-82.253 1.556-9.859.612-17.574 1.269-22.82 1.772-2.622.251-4.627.464-5.973.614a213.493 213.493 0 0 0-1.901.22l-.094.01-.028.004Z\"\/><\/svg><\/span><\/mark><\/h1>\t\t<\/div>\n\n\t\t\t\t<\/div>\n\t\t\t\t<\/div>\n\t\t\t\t<div class=\"elementor-element elementor-element-2e3f72f5 elementor-widget elementor-widget-hub_fancy_heading\" data-id=\"2e3f72f5\" data-element_type=\"widget\" data-widget_type=\"hub_fancy_heading.default\">\n\t\t\t\t<div class=\"elementor-widget-container\">\n\t\t\t\n\t\t<div id=\"ld-fancy-heading-6a05f6704a3e1\" class=\"ld-fancy-heading pos-rel\">\n\t\t\t<p class=\"ld-fh-element d-inline-block pos-rel lqd-highlight-classic lqd-highlight-grow-left p\"  > Nuestra puertas blindadas est\u00e1n fabricadas con los m\u00e1s altos est\u00e1ndares de seguridad en el mercado.<br><br>\n<b>Ejemplo:<\/b><br><b>\n<\/b>Puerta blindada nivel 3.<br>\nFabricada en calibre 3\/16 en parte exterior y calibre 10 en interior.<br>\nMarco de perfil calibre 14c chapa de seguridad de puntos.<br>\nPintada con laca color gris.<\/p>\t\t<\/div>\n\n\t\t\t\t<\/div>\n\t\t\t\t<\/div>\n\t\t\t\t<div class=\"elementor-element elementor-element-13f9e153 elementor-widget elementor-widget-spacer\" data-id=\"13f9e153\" data-element_type=\"widget\" data-widget_type=\"spacer.default\">\n\t\t\t\t<div class=\"elementor-widget-container\">\n\t\t\t<style>\/*! elementor - v3.6.2 - 04-04-2022 *\/\n.e-container.e-container--row .elementor-spacer-inner{width:var(--spacer-size)}.e-container.e-container--column .elementor-spacer-inner,.elementor-column .elementor-spacer-inner{height:var(--spacer-size)}<\/style>\t\t<div class=\"elementor-spacer\">\n\t\t\t<div class=\"elementor-spacer-inner\"><\/div>\n\t\t<\/div>\n\t\t\t\t<\/div>\n\t\t\t\t<\/div>\n\t\t\t\t<div class=\"elementor-element elementor-element-759f566a elementor-widget elementor-widget-ld_button\" data-id=\"759f566a\" data-element_type=\"widget\" data-widget_type=\"ld_button.default\">\n\t\t\t\t<div class=\"elementor-widget-container\">\n\t\t\t\n\t\t<a  href=\"http:\/\/guiasde.com\/cajasfuertesperez\/tienda-2\/\" class=\"elementor-button btn ws-nowrap btn-solid btn-hover-txt-switch-change btn-hover-txt-switch btn-hover-txt-switch-y btn-custom-size btn-icon-right btn-has-label\" >\n\t\t\t\t\t\t\t<span class=\"btn-txt\"  data-text=\"Ir a tienda\" data-split-text=\"true\"\n\t\t\t\t\t    data-split-options='{\"type\": \"chars, words\"}'>Visitar tienda<\/span>\n\t\t\t\t\t\t\t\t\t\t\t<span class=\"btn-icon\">\n\t\t\t\t\t\t<i aria-hidden=\"true\" class=\"lqd-icn-ess icon-ion-ios-arrow-forward\"><\/i>\t\t\t\t\t<\/span>\n\t\t\t\t\t\t\t<\/a>\n\n\t\t\t\t<\/div>\n\t\t\t\t<\/div>\n\t\t\t\t\t<\/div>\n\t\t<\/div>\n\t\t\t\t\t\t\t<\/div>\n\t\t<\/section>\n\t\t\t\t\t<\/div>\n\t\t<\/div>\n\t\t\t\t\t\t\t<\/div>\n\t\t<\/section>\n\t\t\t\t<section class=\"elementor-section elementor-top-section elementor-element elementor-element-77abc83 elementor-section-boxed elementor-section-height-default elementor-section-height-default\" data-id=\"77abc83\" data-element_type=\"section\">\n\t\t\t\t\t\t<div class=\"elementor-container elementor-column-gap-default\">\n\t\t\t\t\t<div class=\"elementor-column elementor-col-100 elementor-top-column elementor-element elementor-element-e9e4c91\" data-id=\"e9e4c91\" data-element_type=\"column\">\n\t\t\t<div class=\"elementor-widget-wrap elementor-element-populated\">\n\t\t\t\t\t\t\t\t<div class=\"elementor-element elementor-element-7c6611d elementor-widget elementor-widget-ld_carousel_stack\" data-id=\"7c6611d\" data-element_type=\"widget\" data-widget_type=\"ld_carousel_stack.default\">\n\t\t\t\t<div class=\"elementor-widget-container\">\n\t\t\t\t\t<div id=\"lqd-carousel-stack-7c6611d\" class=\"carousel-container lqd-carousel-stack pos-rel\">\n\t\t\t\n\t\t\t<div class=\"carousel-items\" data-lqd-flickity='{ \"watchCSS\": true }'>\n\t\t\t\t<div class=\"carousel-item w-100 elementor-repeater-item-63e6b3f\"><span class=\"lqd-carousel-handle\"><\/span><p><img loading=\"lazy\" class=\"alignnone size-full wp-image-443\" src=\"http:\/\/guiasde.com\/cajasfuertesperez\/wp-content\/uploads\/2022\/05\/slider-04-2.jpg\" alt=\"\" width=\"1170\" height=\"670\" srcset=\"https:\/\/guiasde.com\/cajasfuertesperez\/wp-content\/uploads\/2022\/05\/slider-04-2.jpg 1170w, https:\/\/guiasde.com\/cajasfuertesperez\/wp-content\/uploads\/2022\/05\/slider-04-2-300x172.jpg 300w, https:\/\/guiasde.com\/cajasfuertesperez\/wp-content\/uploads\/2022\/05\/slider-04-2-1024x586.jpg 1024w\" sizes=\"(max-width: 1170px) 100vw, 1170px\" \/><\/p><\/div><div class=\"carousel-item w-100 elementor-repeater-item-84a4cb3\"><span class=\"lqd-carousel-handle\"><\/span><p><img loading=\"lazy\" class=\"alignnone size-full wp-image-442\" src=\"http:\/\/guiasde.com\/cajasfuertesperez\/wp-content\/uploads\/2022\/05\/slider-03-1-1.jpg\" alt=\"\" width=\"1170\" height=\"670\" srcset=\"https:\/\/guiasde.com\/cajasfuertesperez\/wp-content\/uploads\/2022\/05\/slider-03-1-1.jpg 1170w, https:\/\/guiasde.com\/cajasfuertesperez\/wp-content\/uploads\/2022\/05\/slider-03-1-1-300x172.jpg 300w, https:\/\/guiasde.com\/cajasfuertesperez\/wp-content\/uploads\/2022\/05\/slider-03-1-1-1024x586.jpg 1024w\" sizes=\"(max-width: 1170px) 100vw, 1170px\" \/><\/p><\/div><div class=\"carousel-item w-100 elementor-repeater-item-e380d35\"><span class=\"lqd-carousel-handle\"><\/span><p><img loading=\"lazy\" class=\"alignnone size-full wp-image-441\" src=\"http:\/\/guiasde.com\/cajasfuertesperez\/wp-content\/uploads\/2022\/05\/slider-02-1.jpg\" alt=\"\" width=\"1170\" height=\"670\" srcset=\"https:\/\/guiasde.com\/cajasfuertesperez\/wp-content\/uploads\/2022\/05\/slider-02-1.jpg 1170w, https:\/\/guiasde.com\/cajasfuertesperez\/wp-content\/uploads\/2022\/05\/slider-02-1-300x172.jpg 300w, https:\/\/guiasde.com\/cajasfuertesperez\/wp-content\/uploads\/2022\/05\/slider-02-1-1024x586.jpg 1024w\" sizes=\"(max-width: 1170px) 100vw, 1170px\" \/><\/p><\/div><div class=\"carousel-item w-100 elementor-repeater-item-0a66074\"><span class=\"lqd-carousel-handle\"><\/span><p><img loading=\"lazy\" class=\"alignnone size-full wp-image-440\" src=\"http:\/\/guiasde.com\/cajasfuertesperez\/wp-content\/uploads\/2022\/05\/slider-01-1.jpg\" alt=\"\" width=\"1170\" height=\"670\" srcset=\"https:\/\/guiasde.com\/cajasfuertesperez\/wp-content\/uploads\/2022\/05\/slider-01-1.jpg 1170w, https:\/\/guiasde.com\/cajasfuertesperez\/wp-content\/uploads\/2022\/05\/slider-01-1-300x172.jpg 300w, https:\/\/guiasde.com\/cajasfuertesperez\/wp-content\/uploads\/2022\/05\/slider-01-1-1024x586.jpg 1024w\" sizes=\"(max-width: 1170px) 100vw, 1170px\" \/><\/p><\/div><div class=\"carousel-item w-100 elementor-repeater-item-368e917\"><span class=\"lqd-carousel-handle\"><\/span><p><img loading=\"lazy\" class=\"alignnone size-full wp-image-439\" src=\"http:\/\/guiasde.com\/cajasfuertesperez\/wp-content\/uploads\/2022\/05\/sdlider-05.jpg\" alt=\"\" width=\"1170\" height=\"670\" srcset=\"https:\/\/guiasde.com\/cajasfuertesperez\/wp-content\/uploads\/2022\/05\/sdlider-05.jpg 1170w, https:\/\/guiasde.com\/cajasfuertesperez\/wp-content\/uploads\/2022\/05\/sdlider-05-300x172.jpg 300w, https:\/\/guiasde.com\/cajasfuertesperez\/wp-content\/uploads\/2022\/05\/sdlider-05-1024x586.jpg 1024w\" sizes=\"(max-width: 1170px) 100vw, 1170px\" \/><\/p><\/div>\t\t\t<\/div>\n\t\t\t\n\t\t\t<div class=\"lqd-carousel-stack-nav\">\n\t\t\t\t<button class=\"lqd-carousel-stack-btn lqd-carousel-stack-prev\">\n\t\t\t\t\t<svg width=\"6\" height=\"10\" viewBox=\"0 0 6 10\" xmlns=\"http:\/\/www.w3.org\/2000\/svg\">\n\t\t\t\t\t\t<path d=\"M5.863 8.387L4.75 9.5L0 4.75L4.75 0L5.863 1.113L2.229 4.75L5.863 8.387Z\"\/>\n\t\t\t\t\t<\/svg>\n\t\t\t\t<\/button>\n\t\t\t\t<button class=\"lqd-carousel-stack-btn lqd-carousel-stack-next\">\n\t\t\t\t\t<svg width=\"6\" height=\"10\" viewBox=\"0 0 6 10\" xmlns=\"http:\/\/www.w3.org\/2000\/svg\">\n\t\t\t\t\t\t<path d=\"M-2.43187e-05 8.387L1.11298 9.5L5.86298 4.75L1.11298 0L-2.43187e-05 1.113L3.63398 4.75L-2.43187e-05 8.387Z\" \/>\n\t\t\t\t\t<\/svg>\n\t\t\t\t<\/button>\n\t\t\t<\/div>\n\t\t\t\n\t\t<\/div>\n\n\t\t\t\t<\/div>\n\t\t\t\t<\/div>\n\t\t\t\t\t<\/div>\n\t\t<\/div>\n\t\t\t\t\t\t\t<\/div>\n\t\t<\/section>\n\t\t\t\t\t\t\t<\/div>\n\t\t","protected":false},"excerpt":{"rendered":"<p>Productos Puertas Blindadas Nuestra puertas blindadas est\u00e1n fabricadas con los m\u00e1s altos est\u00e1ndares de seguridad en el mercado. Ejemplo: Puerta blindada nivel 3. Fabricada en calibre 3\/16 en parte exterior y calibre 10 en interior. Marco de perfil calibre 14c chapa de seguridad de puntos. Pintada con laca color gris. Visitar tienda<\/p>\n","protected":false},"author":1,"featured_media":0,"parent":0,"menu_order":0,"comment_status":"closed","ping_status":"closed","template":"","meta":[],"_links":{"self":[{"href":"https:\/\/guiasde.com\/cajasfuertesperez\/wp-json\/wp\/v2\/pages\/435"}],"collection":[{"href":"https:\/\/guiasde.com\/cajasfuertesperez\/wp-json\/wp\/v2\/pages"}],"about":[{"href":"https:\/\/guiasde.com\/cajasfuertesperez\/wp-json\/wp\/v2\/types\/page"}],"author":[{"embeddable":true,"href":"https:\/\/guiasde.com\/cajasfuertesperez\/wp-json\/wp\/v2\/users\/1"}],"replies":[{"embeddable":true,"href":"https:\/\/guiasde.com\/cajasfuertesperez\/wp-json\/wp\/v2\/comments?post=435"}],"version-history":[{"count":16,"href":"https:\/\/guiasde.com\/cajasfuertesperez\/wp-json\/wp\/v2\/pages\/435\/revisions"}],"predecessor-version":[{"id":687,"href":"https:\/\/guiasde.com\/cajasfuertesperez\/wp-json\/wp\/v2\/pages\/435\/revisions\/687"}],"wp:attachment":[{"href":"https:\/\/guiasde.com\/cajasfuertesperez\/wp-json\/wp\/v2\/media?parent=435"}],"curies":[{"name":"wp","href":"https:\/\/api.w.org\/{rel}","templated":true}]}}