{"id":99,"date":"2022-04-08T17:40:50","date_gmt":"2022-04-08T17:40:50","guid":{"rendered":"http:\/\/guiasde.com\/cajasfuertesperez\/?post_type=product&#038;p=99"},"modified":"2022-04-20T23:28:01","modified_gmt":"2022-04-20T23:28:01","slug":"caja-fuerte-con-buzon-rotativo-30-nr","status":"publish","type":"product","link":"https:\/\/guiasde.com\/cajasfuertesperez\/producto\/caja-fuerte-con-buzon-rotativo-30-nr\/","title":{"rendered":"Caja fuerte con Buz\u00f3n Rotativo 30-NR"},"content":{"rendered":"","protected":false},"excerpt":{"rendered":"<p>Este modelo funciona mediante la introducci\u00f3n de un conjunto de movimientos para la apertura.<\/p>\n<p>Caja fuerte fabricada en l\u00e1mina de acero calibre 16 en cuerpo exterior e interior, hoja de puerta principal en calibre 12, puerta de tambor de \u00be.<\/p>\n<p>Las cajas fuertes funciona mediante la introducci\u00f3n de un conjunto de movimientos para la apertura.<\/p>\n<p>Caja fuerte fabricada en l\u00e1mina de acero calibre 16 en cuerpo exterior e interior, hoja de puerta principal en calibre 12, puerta de tambor de \u00be.<\/p>\n<p>Pasadores de 20 mm en acero. Perforaciones al piso para su fijaci\u00f3n. Acabado exterior a base de pintura ep\u00f3xica. Entrepa\u00f1os movibles con regulaci\u00f3n de altura.<\/p>\n<p><strong>Combinaci\u00f3n mec\u00e1nica.<\/strong><\/p>\n<p>DIMENSI\u00d3N EXTERIOR:\u00a0<strong>30 X 30 X 30<\/strong><\/p>\n<p>DIMENSI\u00d3N INTERIOR:\u00a0<strong>23 X 23 X 23<\/strong><\/p>\n<p>*El precio incluye IVA<\/p>\n<h3>Informaci\u00f3n adicional<\/h3>\n<table class=\"woocommerce-product-attributes shop_attributes\">\n<tbody>\n<tr class=\"woocommerce-product-attributes-item woocommerce-product-attributes-item--weight\">\n<th class=\"woocommerce-product-attributes-item__label\">Peso<\/th>\n<td class=\"woocommerce-product-attributes-item__value\">40 kg<\/td>\n<\/tr>\n<tr class=\"woocommerce-product-attributes-item woocommerce-product-attributes-item--dimensions\">\n<th class=\"woocommerce-product-attributes-item__label\">Dimensiones<\/th>\n<td class=\"woocommerce-product-attributes-item__value\">30 \u00d7 30 \u00d7 30 cm<\/td>\n<\/tr>\n<tr class=\"woocommerce-product-attributes-item woocommerce-product-attributes-item--attribute_tipo-de-combinaci%c3%b3n\">\n<th class=\"woocommerce-product-attributes-item__label\">Tipo de Combinaci\u00f3n<\/th>\n<td class=\"woocommerce-product-attributes-item__value\">Mec\u00e1nica<\/td>\n<\/tr>\n<\/tbody>\n<\/table>\n","protected":false},"featured_media":210,"comment_status":"open","ping_status":"closed","template":"","meta":[],"product_cat":[16],"product_tag":[],"_links":{"self":[{"href":"https:\/\/guiasde.com\/cajasfuertesperez\/wp-json\/wp\/v2\/product\/99"}],"collection":[{"href":"https:\/\/guiasde.com\/cajasfuertesperez\/wp-json\/wp\/v2\/product"}],"about":[{"href":"https:\/\/guiasde.com\/cajasfuertesperez\/wp-json\/wp\/v2\/types\/product"}],"replies":[{"embeddable":true,"href":"https:\/\/guiasde.com\/cajasfuertesperez\/wp-json\/wp\/v2\/comments?post=99"}],"version-history":[{"count":1,"href":"https:\/\/guiasde.com\/cajasfuertesperez\/wp-json\/wp\/v2\/product\/99\/revisions"}],"predecessor-version":[{"id":103,"href":"https:\/\/guiasde.com\/cajasfuertesperez\/wp-json\/wp\/v2\/product\/99\/revisions\/103"}],"wp:featuredmedia":[{"embeddable":true,"href":"https:\/\/guiasde.com\/cajasfuertesperez\/wp-json\/wp\/v2\/media\/210"}],"wp:attachment":[{"href":"https:\/\/guiasde.com\/cajasfuertesperez\/wp-json\/wp\/v2\/media?parent=99"}],"wp:term":[{"taxonomy":"product_cat","embeddable":true,"href":"https:\/\/guiasde.com\/cajasfuertesperez\/wp-json\/wp\/v2\/product_cat?post=99"},{"taxonomy":"product_tag","embeddable":true,"href":"https:\/\/guiasde.com\/cajasfuertesperez\/wp-json\/wp\/v2\/product_tag?post=99"}],"curies":[{"name":"wp","href":"https:\/\/api.w.org\/{rel}","templated":true}]}}