{"id":224,"date":"2022-07-19T21:22:06","date_gmt":"2022-07-19T21:22:06","guid":{"rendered":"http:\/\/guiasde.com\/cajasnuevoleon\/?page_id=224"},"modified":"2025-06-18T16:45:52","modified_gmt":"2025-06-18T16:45:52","slug":"productos","status":"publish","type":"page","link":"https:\/\/guiasde.com\/cajasnuevoleon\/productos\/","title":{"rendered":"Productos"},"content":{"rendered":"\t\t<div data-elementor-type=\"wp-page\" data-elementor-id=\"224\" class=\"elementor elementor-224\">\n\t\t\t\t\t\t\t\t\t<section class=\"elementor-section elementor-top-section elementor-element elementor-element-7e7b212 elementor-section-height-min-height elementor-section-boxed elementor-section-height-default elementor-section-items-middle\" data-id=\"7e7b212\" data-element_type=\"section\" data-settings=\"{&quot;background_background&quot;:&quot;classic&quot;}\">\n\t\t\t\t\t\t\t<div class=\"elementor-background-overlay\"><\/div>\n\t\t\t\t\t\t\t<div class=\"elementor-container elementor-column-gap-default\">\n\t\t\t\t\t<div data-custom-animations=\"true\" data-ca-options=\"{&quot;addChildTimelines&quot;:false,&quot;animationTarget&quot;:&quot;:scope &gt; .elementor-widget-wrap &gt; .elementor-element &gt; .elementor-widget-container, :scope &gt; .elementor-widget-wrap &gt; .elementor-section &gt; .elementor-container &gt; .elementor-column &gt; .elementor-widget-wrap &gt; .elementor-element:not(.lqd-el-has-inner-anim) &gt; .elementor-widget-container, :scope &gt; .elementor-widget-wrap &gt; .elementor-widget-hub_fancy_heading .lqd-split-lines .lqd-lines .split-inner, :scope &gt; .elementor-widget-wrap &gt; .elementor-widget-hub_fancy_heading .lqd-split-words .lqd-words .split-inner, :scope &gt; .elementor-widget-wrap &gt; .elementor-widget-hub_fancy_heading .lqd-split-chars .lqd-chars .split-inner, :scope &gt; .elementor-widget-wrap &gt; .elementor-widget-ld_custom_menu .lqd-fancy-menu &gt; ul &gt; li&quot;,&quot;ease&quot;:[&quot;power4.out&quot;],&quot;initValues&quot;:{&quot;y&quot;:&quot;70px&quot;,&quot;opacity&quot;:0},&quot;animations&quot;:{&quot;y&quot;:&quot;0px&quot;,&quot;opacity&quot;:1}}\" class=\"elementor-column elementor-col-100 elementor-top-column elementor-element elementor-element-bf94682\" data-id=\"bf94682\" data-element_type=\"column\">\n\t\t\t<div class=\"elementor-widget-wrap elementor-element-populated\">\n\t\t\t\t\t\t\t\t<div data-custom-animations=\"true\" data-ca-options=\"{&quot;addChildTimelines&quot;:false,&quot;animationTarget&quot;:&quot;.lqd-split-lines .lqd-lines .split-inner&quot;,&quot;duration&quot;:1800,&quot;delay&quot;:180,&quot;ease&quot;:[&quot;power4.out&quot;],&quot;initValues&quot;:{&quot;y&quot;:&quot;50px&quot;,&quot;opacity&quot;:0},&quot;animations&quot;:{&quot;y&quot;:&quot;0px&quot;,&quot;opacity&quot;:1}}\" class=\"elementor-element elementor-element-d4069aa elementor-widget elementor-widget-hub_fancy_heading lqd-el-has-inner-anim\" data-id=\"d4069aa\" data-element_type=\"widget\" data-settings=\"{&quot;enable_split&quot;:&quot;true&quot;,&quot;split_type&quot;:&quot;lines&quot;}\" data-widget_type=\"hub_fancy_heading.default\">\n\t\t\t\t<div class=\"elementor-widget-container\">\n\t\t\t\n\t\t<div id=\"ld-fancy-heading-6a04caa499ad3\" class=\"ld-fancy-heading pos-rel mask-text\">\n\t\t\t<h1 class=\"ld-fh-element d-inline-block pos-rel elementor-heading-title lqd-highlight-classic lqd-highlight-grow-left lqd-split-lines h1\"  data-split-text=\"true\" data-split-options='{\"type\":\"lines\"}'> Productos<\/h1>\t\t<\/div>\n\n\t\t\t\t<\/div>\n\t\t\t\t<\/div>\n\t\t\t\t\t<\/div>\n\t\t<\/div>\n\t\t\t\t\t\t\t<\/div>\n\t\t<\/section>\n\t\t\t\t<section class=\"elementor-section elementor-top-section elementor-element elementor-element-21cde795 elementor-section-full_width elementor-section-height-default elementor-section-height-default\" data-id=\"21cde795\" data-element_type=\"section\">\n\t\t\t\t\t\t<div class=\"elementor-container elementor-column-gap-wide\">\n\t\t\t\t\t<div class=\"elementor-column elementor-col-100 elementor-top-column elementor-element elementor-element-37d91330\" data-id=\"37d91330\" data-element_type=\"column\">\n\t\t\t<div class=\"elementor-widget-wrap elementor-element-populated\">\n\t\t\t\t\t\t\t\t<section class=\"elementor-section elementor-inner-section elementor-element elementor-element-7da0670c elementor-section-boxed elementor-section-height-default elementor-section-height-default\" data-id=\"7da0670c\" data-element_type=\"section\">\n\t\t\t\t\t\t<div class=\"elementor-container elementor-column-gap-no\">\n\t\t\t\t\t<div class=\"elementor-column elementor-col-100 elementor-inner-column elementor-element elementor-element-56044ad6\" data-id=\"56044ad6\" data-element_type=\"column\">\n\t\t\t<div class=\"elementor-widget-wrap elementor-element-populated\">\n\t\t\t\t\t\t\t\t<div class=\"elementor-element elementor-element-39051cb elementor-widget elementor-widget-hub_fancy_heading\" data-id=\"39051cb\" data-element_type=\"widget\" data-widget_type=\"hub_fancy_heading.default\">\n\t\t\t\t<div class=\"elementor-widget-container\">\n\t\t\t\n\t\t<div id=\"ld-fancy-heading-6a04caa49b3ff\" class=\"ld-fancy-heading pos-rel\">\n\t\t\t<h1 class=\"ld-fh-element d-inline-block pos-rel elementor-heading-title lqd-highlight-classic lqd-highlight-grow-left h1\"  > Nuestro cat\u00e1logo de productos<\/h1>\t\t<\/div>\n\n\t\t\t\t<\/div>\n\t\t\t\t<\/div>\n\t\t\t\t\t<\/div>\n\t\t<\/div>\n\t\t\t\t\t\t\t<\/div>\n\t\t<\/section>\n\t\t\t\t\t<\/div>\n\t\t<\/div>\n\t\t\t\t<div class=\"elementor-column elementor-col-100 elementor-top-column elementor-element elementor-element-77eaae3d\" data-id=\"77eaae3d\" data-element_type=\"column\">\n\t\t\t<div class=\"elementor-widget-wrap elementor-element-populated\">\n\t\t\t\t\t\t\t\t<div class=\"elementor-element elementor-element-736fdf6a elementor-widget elementor-widget-ld_flipbox\" data-id=\"736fdf6a\" data-element_type=\"widget\" data-widget_type=\"ld_flipbox.default\">\n\t\t\t\t<div class=\"elementor-widget-container\">\n\t\t\t\t\t<div class=\"ld-flipbox d-flex flex-column justify-content-center align-items-center pos-rel perspective ld-flipbox-shadow border-radius-4\">\n\t\t\t<div class=\"ld-flipbox-wrap w-100 pos-rel transform-style-3d\">\n\t\t\t\t<div id=\"front-736fdf6a\" class=\"ld-flipbox-face ld-flipbox-front d-flex flex-column w-100 backface-hidden transform-style-3d\">\n\t\t\t\t\t\t<span class=\"ld-flipbox-overlay lqd-overlay\">\n\t\t\t\t\t\t<\/span><div class=\"ld-flipbox-inner w-100 flex-grow-1 align-items-center justify-content-center backface-hidden\"><h5><span style=\"padding: 0.5em 1em; border-radius: 4px; color: #000; background: #fff; font-size: 13px;\">Cart\u00f3n<\/span><\/h5><h5 style=\"font-weight: bold;\"><span style=\"color: #f1b60f; font-size: 30px;\">L\u00e1minas de Cart\u00f3n Corrugado<\/span><\/h5><\/div><\/div><div id=\"back-736fdf6a\" class=\"ld-flipbox-face ld-flipbox-back d-flex flex-column lqd-overlay backface-hidden transform-style-3d\">\n\t\t\t\t\t\t<span class=\"ld-flipbox-overlay lqd-overlay\">\n\t\t\t\t\t\t<\/span><div class=\"ld-flipbox-inner d-flex flex-column flex-grow-1 align-items-center justify-content-center w-100 backface-hidden\"><p><a class=\"btn elementor-button btn-solid btn-sm round\" href=\"https:\/\/guiasde.com\/cajasnuevoleon\/contacto\/\"><br \/><span class=\"btn-icon ml-2\">Solicitar Informaci\u00f3n<br \/><i class=\"lqd-icn-ess icon-md-arrow-forward\"><\/i><br \/><\/span><br \/><\/a><\/p><\/div><\/div>\t\t\t<\/div>\n\t\t<\/div>\n\t\t\t\t<\/div>\n\t\t\t\t<\/div>\n\t\t\t\t\t<\/div>\n\t\t<\/div>\n\t\t\t\t<div class=\"elementor-column elementor-col-100 elementor-top-column elementor-element elementor-element-4400e975\" data-id=\"4400e975\" data-element_type=\"column\">\n\t\t\t<div class=\"elementor-widget-wrap elementor-element-populated\">\n\t\t\t\t\t\t\t\t<div class=\"elementor-element elementor-element-332c2be elementor-widget elementor-widget-ld_flipbox\" data-id=\"332c2be\" data-element_type=\"widget\" data-widget_type=\"ld_flipbox.default\">\n\t\t\t\t<div class=\"elementor-widget-container\">\n\t\t\t\t\t<div class=\"ld-flipbox d-flex flex-column justify-content-center align-items-center pos-rel perspective ld-flipbox-shadow border-radius-4\">\n\t\t\t<div class=\"ld-flipbox-wrap w-100 pos-rel transform-style-3d\">\n\t\t\t\t<div id=\"front-332c2be\" class=\"ld-flipbox-face ld-flipbox-front d-flex flex-column w-100 backface-hidden transform-style-3d\">\n\t\t\t\t\t\t<span class=\"ld-flipbox-overlay lqd-overlay\">\n\t\t\t\t\t\t<\/span><div class=\"ld-flipbox-inner w-100 flex-grow-1 align-items-center justify-content-center backface-hidden\"><h5><span style=\"padding: 0.5em 1em; border-radius: 4px; color: #000; background: #fff; font-size: 13px;\">Cart\u00f3n<\/span><\/h5><h5 style=\"font-weight: bold;\"><span style=\"color: #f1b60f; font-size: 30px;\"><span id=\"page43R_mcid29\" class=\"markedContent\"><span dir=\"ltr\" role=\"presentation\">Esquineros<\/span><\/span><\/span><\/h5><p>\u00a0<\/p><\/div><\/div><div id=\"back-332c2be\" class=\"ld-flipbox-face ld-flipbox-back d-flex flex-column lqd-overlay backface-hidden transform-style-3d\">\n\t\t\t\t\t\t<span class=\"ld-flipbox-overlay lqd-overlay\">\n\t\t\t\t\t\t<\/span><div class=\"ld-flipbox-inner d-flex flex-column flex-grow-1 align-items-center justify-content-center w-100 backface-hidden\"><p><a class=\"btn elementor-button btn-solid btn-sm round\" href=\"https:\/\/guiasde.com\/cajasnuevoleon\/contacto\/\"><br \/><span class=\"btn-icon ml-2\">Solicitar Informaci\u00f3n<\/span><br \/><\/a><\/p><\/div><\/div>\t\t\t<\/div>\n\t\t<\/div>\n\t\t\t\t<\/div>\n\t\t\t\t<\/div>\n\t\t\t\t\t<\/div>\n\t\t<\/div>\n\t\t\t\t<div class=\"elementor-column elementor-col-100 elementor-top-column elementor-element elementor-element-460257db\" data-id=\"460257db\" data-element_type=\"column\">\n\t\t\t<div class=\"elementor-widget-wrap elementor-element-populated\">\n\t\t\t\t\t\t\t\t<div class=\"elementor-element elementor-element-c451d87 elementor-widget elementor-widget-ld_flipbox\" data-id=\"c451d87\" data-element_type=\"widget\" data-widget_type=\"ld_flipbox.default\">\n\t\t\t\t<div class=\"elementor-widget-container\">\n\t\t\t\t\t<div class=\"ld-flipbox d-flex flex-column justify-content-center align-items-center pos-rel perspective ld-flipbox-shadow border-radius-4\">\n\t\t\t<div class=\"ld-flipbox-wrap w-100 pos-rel transform-style-3d\">\n\t\t\t\t<div id=\"front-c451d87\" class=\"ld-flipbox-face ld-flipbox-front d-flex flex-column w-100 backface-hidden transform-style-3d\">\n\t\t\t\t\t\t<span class=\"ld-flipbox-overlay lqd-overlay\">\n\t\t\t\t\t\t<\/span><div class=\"ld-flipbox-inner w-100 flex-grow-1 align-items-center justify-content-center backface-hidden\"><h5><span style=\"padding: 0.5em 1em; border-radius: 4px; color: #000; background: #fff; font-size: 13px;\">Cart\u00f3n<\/span><\/h5><h5 style=\"font-weight: bold;\"><span style=\"color: #f1b60f; font-size: 30px;\"><span id=\"page43R_mcid29\" class=\"markedContent\"><span dir=\"ltr\" role=\"presentation\">Caja Regular<br \/><\/span><\/span><\/span><\/h5><\/div><\/div><div id=\"back-c451d87\" class=\"ld-flipbox-face ld-flipbox-back d-flex flex-column lqd-overlay backface-hidden transform-style-3d\">\n\t\t\t\t\t\t<span class=\"ld-flipbox-overlay lqd-overlay\">\n\t\t\t\t\t\t<\/span><div class=\"ld-flipbox-inner d-flex flex-column flex-grow-1 align-items-center justify-content-center w-100 backface-hidden\"><p><a class=\"btn elementor-button btn-solid btn-sm round\" href=\"https:\/\/guiasde.com\/cajasnuevoleon\/contacto\/\"><br \/><span class=\"btn-icon ml-2\">Solicitar Informaci\u00f3n<br \/><i class=\"lqd-icn-ess icon-md-arrow-forward\"><\/i><br \/><\/span><br \/><\/a><\/p><\/div><\/div>\t\t\t<\/div>\n\t\t<\/div>\n\t\t\t\t<\/div>\n\t\t\t\t<\/div>\n\t\t\t\t\t<\/div>\n\t\t<\/div>\n\t\t\t\t<div class=\"elementor-column elementor-col-100 elementor-top-column elementor-element elementor-element-bbf74f5\" data-id=\"bbf74f5\" data-element_type=\"column\">\n\t\t\t<div class=\"elementor-widget-wrap elementor-element-populated\">\n\t\t\t\t\t\t\t\t<div class=\"elementor-element elementor-element-7f4a73e elementor-widget elementor-widget-ld_flipbox\" data-id=\"7f4a73e\" data-element_type=\"widget\" data-widget_type=\"ld_flipbox.default\">\n\t\t\t\t<div class=\"elementor-widget-container\">\n\t\t\t\t\t<div class=\"ld-flipbox d-flex flex-column justify-content-center align-items-center pos-rel perspective ld-flipbox-shadow border-radius-4\">\n\t\t\t<div class=\"ld-flipbox-wrap w-100 pos-rel transform-style-3d\">\n\t\t\t\t<div id=\"front-7f4a73e\" class=\"ld-flipbox-face ld-flipbox-front d-flex flex-column w-100 backface-hidden transform-style-3d\">\n\t\t\t\t\t\t<span class=\"ld-flipbox-overlay lqd-overlay\">\n\t\t\t\t\t\t<\/span><div class=\"ld-flipbox-inner w-100 flex-grow-1 align-items-center justify-content-center backface-hidden\"><h5><span style=\"padding: 0.5em 1em; border-radius: 4px; color: #000; background: #fff; font-size: 13px;\">Cart\u00f3n<\/span><\/h5><h5 style=\"font-weight: bold;\"><span style=\"color: #f1b60f; font-size: 30px;\"><span id=\"page43R_mcid29\" class=\"markedContent\"><span dir=\"ltr\" role=\"presentation\">Caja Troquelada<br \/><\/span><\/span><\/span><\/h5><\/div><\/div><div id=\"back-7f4a73e\" class=\"ld-flipbox-face ld-flipbox-back d-flex flex-column lqd-overlay backface-hidden transform-style-3d\">\n\t\t\t\t\t\t<span class=\"ld-flipbox-overlay lqd-overlay\">\n\t\t\t\t\t\t<\/span><div class=\"ld-flipbox-inner d-flex flex-column flex-grow-1 align-items-center justify-content-center w-100 backface-hidden\"><p><a class=\"btn elementor-button btn-solid btn-sm round\" href=\"https:\/\/guiasde.com\/cajasnuevoleon\/contacto\/\"><br \/><span class=\"btn-icon ml-2\">Solicitar Informaci\u00f3n<br \/><i class=\"lqd-icn-ess icon-md-arrow-forward\"><\/i><br \/><\/span><br \/><\/a><\/p><\/div><\/div>\t\t\t<\/div>\n\t\t<\/div>\n\t\t\t\t<\/div>\n\t\t\t\t<\/div>\n\t\t\t\t\t<\/div>\n\t\t<\/div>\n\t\t\t\t<div class=\"elementor-column elementor-col-100 elementor-top-column elementor-element elementor-element-5590bdf\" data-id=\"5590bdf\" data-element_type=\"column\">\n\t\t\t<div class=\"elementor-widget-wrap elementor-element-populated\">\n\t\t\t\t\t\t\t\t<div class=\"elementor-element elementor-element-a9c1d4e elementor-widget elementor-widget-ld_flipbox\" data-id=\"a9c1d4e\" data-element_type=\"widget\" data-widget_type=\"ld_flipbox.default\">\n\t\t\t\t<div class=\"elementor-widget-container\">\n\t\t\t\t\t<div class=\"ld-flipbox d-flex flex-column justify-content-center align-items-center pos-rel perspective ld-flipbox-shadow border-radius-4\">\n\t\t\t<div class=\"ld-flipbox-wrap w-100 pos-rel transform-style-3d\">\n\t\t\t\t<div id=\"front-a9c1d4e\" class=\"ld-flipbox-face ld-flipbox-front d-flex flex-column w-100 backface-hidden transform-style-3d\">\n\t\t\t\t\t\t<span class=\"ld-flipbox-overlay lqd-overlay\">\n\t\t\t\t\t\t<\/span><div class=\"ld-flipbox-inner w-100 flex-grow-1 align-items-center justify-content-center backface-hidden\"><h5><span style=\"padding: 0.5em 1em; border-radius: 4px; color: #000; background: #fff; font-size: 13px;\">Cart\u00f3n<\/span><\/h5><h5 style=\"font-weight: bold;\"><span style=\"color: #f1b60f; font-size: 30px;\"><span id=\"page43R_mcid29\" class=\"markedContent\"><span dir=\"ltr\" role=\"presentation\">Insertos de Cart\u00f3n<\/span><\/span><\/span><\/h5><\/div><\/div><div id=\"back-a9c1d4e\" class=\"ld-flipbox-face ld-flipbox-back d-flex flex-column lqd-overlay backface-hidden transform-style-3d\">\n\t\t\t\t\t\t<span class=\"ld-flipbox-overlay lqd-overlay\">\n\t\t\t\t\t\t<\/span><div class=\"ld-flipbox-inner d-flex flex-column flex-grow-1 align-items-center justify-content-center w-100 backface-hidden\"><p><a class=\"btn elementor-button btn-solid btn-sm round\" href=\"https:\/\/guiasde.com\/cajasnuevoleon\/contacto\/\"><br \/><span class=\"btn-icon ml-2\">Solicitar Informaci\u00f3n<br \/><i class=\"lqd-icn-ess icon-md-arrow-forward\"><\/i><br \/><\/span><br \/><\/a><\/p><\/div><\/div>\t\t\t<\/div>\n\t\t<\/div>\n\t\t\t\t<\/div>\n\t\t\t\t<\/div>\n\t\t\t\t\t<\/div>\n\t\t<\/div>\n\t\t\t\t\t\t\t<\/div>\n\t\t<\/section>\n\t\t\t\t\t\t\t<\/div>\n\t\t","protected":false},"excerpt":{"rendered":"<p>Productos Nuestro cat\u00e1logo de productos Cart\u00f3n L\u00e1minas de Cart\u00f3n Corrugado Solicitar Informaci\u00f3n Cart\u00f3n Esquineros \u00a0 Solicitar Informaci\u00f3n Cart\u00f3n Caja Regular Solicitar Informaci\u00f3n Cart\u00f3n Caja Troquelada Solicitar Informaci\u00f3n Cart\u00f3n Insertos de Cart\u00f3n Solicitar Informaci\u00f3n<\/p>\n","protected":false},"author":1,"featured_media":0,"parent":0,"menu_order":0,"comment_status":"closed","ping_status":"open","template":"","meta":[],"_links":{"self":[{"href":"https:\/\/guiasde.com\/cajasnuevoleon\/wp-json\/wp\/v2\/pages\/224"}],"collection":[{"href":"https:\/\/guiasde.com\/cajasnuevoleon\/wp-json\/wp\/v2\/pages"}],"about":[{"href":"https:\/\/guiasde.com\/cajasnuevoleon\/wp-json\/wp\/v2\/types\/page"}],"author":[{"embeddable":true,"href":"https:\/\/guiasde.com\/cajasnuevoleon\/wp-json\/wp\/v2\/users\/1"}],"replies":[{"embeddable":true,"href":"https:\/\/guiasde.com\/cajasnuevoleon\/wp-json\/wp\/v2\/comments?post=224"}],"version-history":[{"count":23,"href":"https:\/\/guiasde.com\/cajasnuevoleon\/wp-json\/wp\/v2\/pages\/224\/revisions"}],"predecessor-version":[{"id":396,"href":"https:\/\/guiasde.com\/cajasnuevoleon\/wp-json\/wp\/v2\/pages\/224\/revisions\/396"}],"wp:attachment":[{"href":"https:\/\/guiasde.com\/cajasnuevoleon\/wp-json\/wp\/v2\/media?parent=224"}],"curies":[{"name":"wp","href":"https:\/\/api.w.org\/{rel}","templated":true}]}}