{"id":1203,"date":"2021-10-28T17:50:18","date_gmt":"2021-10-28T17:50:18","guid":{"rendered":"http:\/\/guiasde.com\/materialescentenario\/?page_id=1203"},"modified":"2021-10-28T18:21:36","modified_gmt":"2021-10-28T18:21:36","slug":"blog","status":"publish","type":"page","link":"https:\/\/guiasde.com\/materialescentenario\/blog\/","title":{"rendered":"Blog"},"content":{"rendered":"<div id='av-layout-grid-1'  class='av-layout-grid-container entry-content-wrapper main_color av-flex-cells     avia-builder-el-0  avia-builder-el-no-sibling  container_wrap fullsize'  >\n<div class=\"flex_cell no_margin av_one_full  avia-builder-el-1  avia-builder-el-no-sibling   av-zero-padding \"  style='vertical-align:top; padding:0px; ' ><div class='flex_cell_inner' >\n<style type=\"text\/css\" data-created_by=\"avia_inline_auto\" id=\"style-css-av-kvb8s8hc-ec9fea1cb1d19361668ea7eec16e2c51\">\n#top .av-masonry.av-kvb8s8hc-ec9fea1cb1d19361668ea7eec16e2c51{\nbackground-color:#ffffff;\n}\n<\/style>\n<div id='bloggallery' class='av-masonry av-kvb8s8hc-ec9fea1cb1d19361668ea7eec16e2c51 noHover av-fixed-size av-no-gap av-hover-overlay-active av-masonry-animation-active av-masonry-col-4 av-caption-always av-caption-style-overlay av-masonry-entries   '><div class=\"av-masonry-container isotope av-js-disabled\"><div class='av-masonry-entry isotope-item av-masonry-item-no-image '><\/div><a href=\"https:\/\/guiasde.com\/materialescentenario\/2021\/10\/26\/tips-para-aplicar-yeso-construccion\/\"  id='av-masonry-1-item-1132' data-av-masonry-item='1132' class='av-masonry-entry isotope-item post-1132 post type-post status-publish format-standard has-post-thumbnail hentry category-sin-categoria  av-masonry-item-with-image av-grid-img' title=\"preparaci\u00f3n-yesso\"  itemscope=\"itemscope\" itemtype=\"https:\/\/schema.org\/CreativeWork\" ><div class='av-inner-masonry-sizer'><\/div><figure class='av-inner-masonry main_color'><div class=\"av-masonry-outerimage-container\"><div class='av-masonry-image-container' style=\"background-image: url(https:\/\/guiasde.com\/materialescentenario\/wp-content\/uploads\/2021\/10\/preparacion-yesso-705x470.jpg);\"  title=\"preparaci\u00f3n-yesso\"  ><\/div><\/div><figcaption class='av-inner-masonry-content site-background'><div class='av-inner-masonry-content-pos'><div class='av-inner-masonry-content-pos-content'><div class='avia-arrow'><\/div><h3 class='av-masonry-entry-title entry-title '  itemprop=\"headline\" >Tips para aplicar yeso construcci\u00f3n<\/h3><span class='av-masonry-date meta-color updated'>26 octubre, 2021<\/span><span class=\"av-masonry-text-sep text-sep-author\">\/<\/span><span class='av-masonry-author meta-color author'><span class='fn'>por websys_mate<\/span><\/span><\/div><\/div><\/figcaption><\/figure><\/a><!--end av-masonry entry--><a href=\"https:\/\/guiasde.com\/materialescentenario\/2021\/10\/26\/ventajas-del-yeso\/\"  id='av-masonry-1-item-1141' data-av-masonry-item='1141' class='av-masonry-entry isotope-item post-1141 post type-post status-publish format-standard has-post-thumbnail hentry category-sin-categoria  av-masonry-item-with-image av-landscape-img' title=\"Ventajas-11\"  itemscope=\"itemscope\" itemtype=\"https:\/\/schema.org\/CreativeWork\" ><div class='av-inner-masonry-sizer'><\/div><figure class='av-inner-masonry main_color'><div class=\"av-masonry-outerimage-container\"><div class='av-masonry-image-container' style=\"background-image: url(https:\/\/guiasde.com\/materialescentenario\/wp-content\/uploads\/2021\/10\/Ventajas-11-705x278.jpg);\"  title=\"Ventajas-11\"  ><\/div><\/div><figcaption class='av-inner-masonry-content site-background'><div class='av-inner-masonry-content-pos'><div class='av-inner-masonry-content-pos-content'><div class='avia-arrow'><\/div><h3 class='av-masonry-entry-title entry-title '  itemprop=\"headline\" >Ventajas del Yeso<\/h3><span class='av-masonry-date meta-color updated'>26 octubre, 2021<\/span><span class=\"av-masonry-text-sep text-sep-author\">\/<\/span><span class='av-masonry-author meta-color author'><span class='fn'>por websys_mate<\/span><\/span><\/div><\/div><\/figcaption><\/figure><\/a><!--end av-masonry entry--><a href=\"https:\/\/guiasde.com\/materialescentenario\/2021\/10\/26\/almacenamiento-de-yeso\/\"  id='av-masonry-1-item-1148' data-av-masonry-item='1148' class='av-masonry-entry isotope-item post-1148 post type-post status-publish format-standard has-post-thumbnail hentry category-sin-categoria  av-masonry-item-with-image av-landscape-img' title=\"AlmacenarYeso-09\"  itemscope=\"itemscope\" itemtype=\"https:\/\/schema.org\/CreativeWork\" ><div class='av-inner-masonry-sizer'><\/div><figure class='av-inner-masonry main_color'><div class=\"av-masonry-outerimage-container\"><div class='av-masonry-image-container' style=\"background-image: url(https:\/\/guiasde.com\/materialescentenario\/wp-content\/uploads\/2021\/10\/AlmacenarYeso-09-705x278.jpg);\"  title=\"AlmacenarYeso-09\"  ><\/div><\/div><figcaption class='av-inner-masonry-content site-background'><div class='av-inner-masonry-content-pos'><div class='av-inner-masonry-content-pos-content'><div class='avia-arrow'><\/div><h3 class='av-masonry-entry-title entry-title '  itemprop=\"headline\" >Almacenamiento de Yeso<\/h3><span class='av-masonry-date meta-color updated'>26 octubre, 2021<\/span><span class=\"av-masonry-text-sep text-sep-author\">\/<\/span><span class='av-masonry-author meta-color author'><span class='fn'>por websys_mate<\/span><\/span><\/div><\/div><\/figcaption><\/figure><\/a><!--end av-masonry entry--><a href=\"https:\/\/guiasde.com\/materialescentenario\/2021\/10\/26\/construccion-sustentable\/\"  id='av-masonry-1-item-1155' data-av-masonry-item='1155' class='av-masonry-entry isotope-item post-1155 post type-post status-publish format-standard has-post-thumbnail hentry category-sin-categoria  av-masonry-item-with-image av-grid-img' title=\"Construccion-sustentable2\"  itemscope=\"itemscope\" itemtype=\"https:\/\/schema.org\/CreativeWork\" ><div class='av-inner-masonry-sizer'><\/div><figure class='av-inner-masonry main_color'><div class=\"av-masonry-outerimage-container\"><div class='av-masonry-image-container' style=\"background-image: url(https:\/\/guiasde.com\/materialescentenario\/wp-content\/uploads\/2021\/10\/Construccion-sustentable2-705x470.jpg);\"  title=\"Construccion-sustentable2\"  ><\/div><\/div><figcaption class='av-inner-masonry-content site-background'><div class='av-inner-masonry-content-pos'><div class='av-inner-masonry-content-pos-content'><div class='avia-arrow'><\/div><h3 class='av-masonry-entry-title entry-title '  itemprop=\"headline\" >Construcci\u00f3n sustentable<\/h3><span class='av-masonry-date meta-color updated'>26 octubre, 2021<\/span><span class=\"av-masonry-text-sep text-sep-author\">\/<\/span><span class='av-masonry-author meta-color author'><span class='fn'>por websys_mate<\/span><\/span><\/div><\/div><\/figcaption><\/figure><\/a><!--end av-masonry entry--><a href=\"https:\/\/guiasde.com\/materialescentenario\/2021\/10\/28\/construyendo-mi-asador\/\"  id='av-masonry-1-item-1179' data-av-masonry-item='1179' class='av-masonry-entry isotope-item post-1179 post type-post status-publish format-standard has-post-thumbnail hentry category-sin-categoria  av-masonry-item-with-image av-grid-img' title=\"Construyendo-mi-asador\"  itemscope=\"itemscope\" itemtype=\"https:\/\/schema.org\/CreativeWork\" ><div class='av-inner-masonry-sizer'><\/div><figure class='av-inner-masonry main_color'><div class=\"av-masonry-outerimage-container\"><div class='av-masonry-image-container' style=\"background-image: url(https:\/\/guiasde.com\/materialescentenario\/wp-content\/uploads\/2021\/10\/Construyendo-mi-asador-705x564.jpg);\"  title=\"Construyendo-mi-asador\"  ><\/div><\/div><figcaption class='av-inner-masonry-content site-background'><div class='av-inner-masonry-content-pos'><div class='av-inner-masonry-content-pos-content'><div class='avia-arrow'><\/div><h3 class='av-masonry-entry-title entry-title '  itemprop=\"headline\" >Construyendo mi asador<\/h3><span class='av-masonry-date meta-color updated'>28 octubre, 2021<\/span><span class=\"av-masonry-text-sep text-sep-author\">\/<\/span><span class='av-masonry-author meta-color author'><span class='fn'>por websys_mate<\/span><\/span><\/div><\/div><\/figcaption><\/figure><\/a><!--end av-masonry entry--><a href=\"https:\/\/guiasde.com\/materialescentenario\/2021\/10\/28\/tips-para-remodelar-tu-casa\/\"  id='av-masonry-1-item-1191' data-av-masonry-item='1191' class='av-masonry-entry isotope-item post-1191 post type-post status-publish format-standard has-post-thumbnail hentry category-sin-categoria  av-masonry-item-with-image av-grid-img' title=\"Tips-para-remodelar-tu-casa2\"  itemscope=\"itemscope\" itemtype=\"https:\/\/schema.org\/CreativeWork\" ><div class='av-inner-masonry-sizer'><\/div><figure class='av-inner-masonry main_color'><div class=\"av-masonry-outerimage-container\"><div class='av-masonry-image-container' style=\"background-image: url(https:\/\/guiasde.com\/materialescentenario\/wp-content\/uploads\/2021\/10\/Tips-para-remodelar-tu-casa2-705x619.jpg);\"  title=\"Tips-para-remodelar-tu-casa2\"  ><\/div><\/div><figcaption class='av-inner-masonry-content site-background'><div class='av-inner-masonry-content-pos'><div class='av-inner-masonry-content-pos-content'><div class='avia-arrow'><\/div><h3 class='av-masonry-entry-title entry-title '  itemprop=\"headline\" >Tips para remodelar tu casa<\/h3><span class='av-masonry-date meta-color updated'>28 octubre, 2021<\/span><span class=\"av-masonry-text-sep text-sep-author\">\/<\/span><span class='av-masonry-author meta-color author'><span class='fn'>por websys_mate<\/span><\/span><\/div><\/div><\/figcaption><\/figure><\/a><!--end av-masonry entry--><a href=\"https:\/\/guiasde.com\/materialescentenario\/2021\/10\/26\/1084\/\"  id='av-masonry-1-item-1084' data-av-masonry-item='1084' class='av-masonry-entry isotope-item post-1084 post type-post status-publish format-standard has-post-thumbnail hentry category-sin-categoria  av-masonry-item-with-image av-landscape-img' title=\"aislamiento-termico\"  itemscope=\"itemscope\" itemtype=\"https:\/\/schema.org\/CreativeWork\" ><div class='av-inner-masonry-sizer'><\/div><figure class='av-inner-masonry main_color'><div class=\"av-masonry-outerimage-container\"><div class='av-masonry-image-container' style=\"background-image: url(https:\/\/guiasde.com\/materialescentenario\/wp-content\/uploads\/2021\/10\/aislamiento-termico-705x398.jpg);\"  title=\"aislamiento-termico\"  ><\/div><\/div><figcaption class='av-inner-masonry-content site-background'><div class='av-inner-masonry-content-pos'><div class='av-inner-masonry-content-pos-content'><div class='avia-arrow'><\/div><h3 class='av-masonry-entry-title entry-title '  itemprop=\"headline\" >\u00bfC\u00f3mo puedo hacer t\u00e9rmica mi construcci\u00f3n?<\/h3><span class='av-masonry-date meta-color updated'>26 octubre, 2021<\/span><span class=\"av-masonry-text-sep text-sep-author\">\/<\/span><span class='av-masonry-author meta-color author'><span class='fn'>por websys_mate<\/span><\/span><\/div><\/div><\/figcaption><\/figure><\/a><!--end av-masonry entry--><a href=\"https:\/\/guiasde.com\/materialescentenario\/2021\/10\/26\/consecuencias-de-tener-humedad-en-muros\/\"  id='av-masonry-1-item-1108' data-av-masonry-item='1108' class='av-masonry-entry isotope-item post-1108 post type-post status-publish format-standard has-post-thumbnail hentry category-sin-categoria  av-masonry-item-with-image av-grid-img' title=\"humdedad-en-casa-paredes\"  itemscope=\"itemscope\" itemtype=\"https:\/\/schema.org\/CreativeWork\" ><div class='av-inner-masonry-sizer'><\/div><figure class='av-inner-masonry main_color'><div class=\"av-masonry-outerimage-container\"><div class='av-masonry-image-container' style=\"background-image: url(https:\/\/guiasde.com\/materialescentenario\/wp-content\/uploads\/2021\/10\/humdedad-en-casa-paredes-705x470.jpg);\"  title=\"humdedad-en-casa-paredes\"  ><\/div><\/div><figcaption class='av-inner-masonry-content site-background'><div class='av-inner-masonry-content-pos'><div class='av-inner-masonry-content-pos-content'><div class='avia-arrow'><\/div><h3 class='av-masonry-entry-title entry-title '  itemprop=\"headline\" >Consecuencias de tener humedad en muros<\/h3><span class='av-masonry-date meta-color updated'>26 octubre, 2021<\/span><span class=\"av-masonry-text-sep text-sep-author\">\/<\/span><span class='av-masonry-author meta-color author'><span class='fn'>por websys_mate<\/span><\/span><\/div><\/div><\/figcaption><\/figure><\/a><!--end av-masonry entry--><a href=\"https:\/\/guiasde.com\/materialescentenario\/2021\/10\/26\/cuatro-formas-comprobadas-de-ahorrar-al-construir\/\"  id='av-masonry-1-item-1118' data-av-masonry-item='1118' class='av-masonry-entry isotope-item post-1118 post type-post status-publish format-standard has-post-thumbnail hentry category-sin-categoria  av-masonry-item-with-image av-grid-img' title=\"Cuatro-formas-comprobadas-de-ahorrar-al-construir\"  itemscope=\"itemscope\" itemtype=\"https:\/\/schema.org\/CreativeWork\" ><div class='av-inner-masonry-sizer'><\/div><figure class='av-inner-masonry main_color'><div class=\"av-masonry-outerimage-container\"><div class='av-masonry-image-container' style=\"background-image: url(https:\/\/guiasde.com\/materialescentenario\/wp-content\/uploads\/2021\/10\/Cuatro-formas-comprobadas-de-ahorrar-al-construir-705x470.jpg);\"  title=\"Cuatro-formas-comprobadas-de-ahorrar-al-construir\"  ><\/div><\/div><figcaption class='av-inner-masonry-content site-background'><div class='av-inner-masonry-content-pos'><div class='av-inner-masonry-content-pos-content'><div class='avia-arrow'><\/div><h3 class='av-masonry-entry-title entry-title '  itemprop=\"headline\" >Cuatro formas comprobadas de ahorrar al construir<\/h3><span class='av-masonry-date meta-color updated'>26 octubre, 2021<\/span><span class=\"av-masonry-text-sep text-sep-author\">\/<\/span><span class='av-masonry-author meta-color author'><span class='fn'>por websys_mate<\/span><\/span><\/div><\/div><\/figcaption><\/figure><\/a><!--end av-masonry entry--><a href=\"https:\/\/guiasde.com\/materialescentenario\/2021\/10\/26\/el-error-mas-comun-en-la-instalacion-de-pisos\/\"  id='av-masonry-1-item-1126' data-av-masonry-item='1126' class='av-masonry-entry isotope-item post-1126 post type-post status-publish format-standard has-post-thumbnail hentry category-sin-categoria  av-masonry-item-with-image av-grid-img' title=\"El-error-mas-comun-en-la-instalacion-de-pisos\"  itemscope=\"itemscope\" itemtype=\"https:\/\/schema.org\/CreativeWork\" ><div class='av-inner-masonry-sizer'><\/div><figure class='av-inner-masonry main_color'><div class=\"av-masonry-outerimage-container\"><div class='av-masonry-image-container' style=\"background-image: url(https:\/\/guiasde.com\/materialescentenario\/wp-content\/uploads\/2021\/10\/El-error-mas-comun-en-la-instalacion-de-pisos-705x470.jpg);\"  title=\"El-error-mas-comun-en-la-instalacion-de-pisos\"  ><\/div><\/div><figcaption class='av-inner-masonry-content site-background'><div class='av-inner-masonry-content-pos'><div class='av-inner-masonry-content-pos-content'><div class='avia-arrow'><\/div><h3 class='av-masonry-entry-title entry-title '  itemprop=\"headline\" >El error m\u00e1s com\u00fan en la instalaci\u00f3n de pisos<\/h3><span class='av-masonry-date meta-color updated'>26 octubre, 2021<\/span><span class=\"av-masonry-text-sep text-sep-author\">\/<\/span><span class='av-masonry-author meta-color author'><span class='fn'>por websys_mate<\/span><\/span><\/div><\/div><\/figcaption><\/figure><\/a><!--end av-masonry entry--><\/div><\/div>\n<\/div><\/div><\/div>\n","protected":false},"excerpt":{"rendered":"","protected":false},"author":1,"featured_media":0,"parent":0,"menu_order":0,"comment_status":"closed","ping_status":"closed","template":"","meta":[],"_links":{"self":[{"href":"https:\/\/guiasde.com\/materialescentenario\/wp-json\/wp\/v2\/pages\/1203"}],"collection":[{"href":"https:\/\/guiasde.com\/materialescentenario\/wp-json\/wp\/v2\/pages"}],"about":[{"href":"https:\/\/guiasde.com\/materialescentenario\/wp-json\/wp\/v2\/types\/page"}],"author":[{"embeddable":true,"href":"https:\/\/guiasde.com\/materialescentenario\/wp-json\/wp\/v2\/users\/1"}],"replies":[{"embeddable":true,"href":"https:\/\/guiasde.com\/materialescentenario\/wp-json\/wp\/v2\/comments?post=1203"}],"version-history":[{"count":10,"href":"https:\/\/guiasde.com\/materialescentenario\/wp-json\/wp\/v2\/pages\/1203\/revisions"}],"predecessor-version":[{"id":1215,"href":"https:\/\/guiasde.com\/materialescentenario\/wp-json\/wp\/v2\/pages\/1203\/revisions\/1215"}],"wp:attachment":[{"href":"https:\/\/guiasde.com\/materialescentenario\/wp-json\/wp\/v2\/media?parent=1203"}],"curies":[{"name":"wp","href":"https:\/\/api.w.org\/{rel}","templated":true}]}}