{"id":699,"date":"2021-09-22T23:42:41","date_gmt":"2021-09-22T23:42:41","guid":{"rendered":"http:\/\/guiasde.com\/materialescentenario\/?page_id=699"},"modified":"2021-11-02T16:47:12","modified_gmt":"2021-11-02T16:47:12","slug":"contacto","status":"publish","type":"page","link":"https:\/\/guiasde.com\/materialescentenario\/contacto\/","title":{"rendered":"Contacto"},"content":{"rendered":"<div id='av-tab-section-1'  class='av-tab-section-container entry-content-wrapper main_color av-tab-slide-transition av-tab-content-auto  av-tab-above-content  avia-builder-el-0  avia-builder-el-no-sibling  container_wrap fullsize'  ><div class='av-tab-section-outer-container'><div class='av-tab-section-tab-title-container avia-tab-title-padding-default '  role='tablist'><a href='#contacto' data-av-tab-section-title='1' class='av-section-tab-title av-active-tab-title no-scroll av-tab-with-icon av-tab-no-image  ' role='tab' tabindex='0' aria-controls='av-tab-section-1-1'><span class='av-tab-section-icon' aria-hidden='true' data-av_icon='\ue805' data-av_iconfont='entypo-fontello'><\/span><span class='av-outer-tab-title'><span class='av-inner-tab-title'>Contacto<\/span><\/span><span class='av-tab-arrow-container'><span><\/span><\/span><\/a><a href='#distribuidor' data-av-tab-section-title='2' class='av-section-tab-title  av-tab-with-icon av-tab-no-image  ' role='tab' tabindex='0' aria-controls='av-tab-section-1-2'><span class='av-tab-section-icon' aria-hidden='true' data-av_icon='\ue80c' data-av_iconfont='entypo-fontello'><\/span><span class='av-outer-tab-title'><span class='av-inner-tab-title'>Distribuidor<\/span><\/span><span class='av-tab-arrow-container'><span><\/span><\/span><\/a><\/div><div class='avia-slideshow-arrows av-tabsection-arrow' ><a href='#prev' class='prev-slide av_prev_tab_section av-tab-section-slide' aria-hidden='true' data-av_icon='\ue87c' data-av_iconfont='entypo-fontello' aria-hidden='true' tabindex='-1'>Anterior<\/a><a href='#next' class='next-slide av_next_tab_section av-tab-section-slide' aria-hidden='true' data-av_icon='\ue87d' data-av_iconfont='entypo-fontello' aria-hidden='true' tabindex='-1'>Posterior<\/a><\/div><div class='av-tab-section-inner-container avia-section-default' style='width:200vw; left:0%;'><span class='av_prev_tab_section av_tab_navigation'><\/span><span class='av_next_tab_section av_tab_navigation'><\/span>\n<div id=\"av-tab-section-1-1\" data-av-tab-section-content=\"1\" class=\"av-layout-tab av-animation-delay-container av-active-tab-content __av_init_open  avia-builder-el-1  el_before_av_tab_sub_section  avia-builder-el-first   \" style='vertical-align:top; '  data-tab-section-id=\"contacto\"><div class='av-layout-tab-inner'><div class='container'><p><div class='flex_column_table av-8pz317-629b150432baf90c1a0ec1828720b5c4 sc-av_two_fifth av-equal-height-column-flextable'>\n<style type=\"text\/css\" data-created_by=\"avia_inline_auto\" id=\"style-css-av-8pz317-629b150432baf90c1a0ec1828720b5c4\">\n.flex_column.av-8pz317-629b150432baf90c1a0ec1828720b5c4{\nborder-radius:0px 0px 0px 0px;\n-webkit-border-radius:0px 0px 0px 0px;\n-moz-border-radius:0px 0px 0px 0px;\n}\n<\/style>\n<div class='flex_column av-8pz317-629b150432baf90c1a0ec1828720b5c4 av_two_fifth  avia-builder-el-2  el_before_av_three_fifth  avia-builder-el-first  first flex_column_table_cell av-equal-height-column av-align-middle av-zero-column-padding '   ><style type=\"text\/css\" data-created_by=\"avia_inline_auto\" id=\"style-css-av-ktw5ijs3-18cc8c2b0b9c0ec255236c671e348bef\">\n.avia-image-container.av-ktw5ijs3-18cc8c2b0b9c0ec255236c671e348bef .av-image-caption-overlay-center{\ncolor:#ffffff;\n}\n<\/style>\n<div  class='avia-image-container av-ktw5ijs3-18cc8c2b0b9c0ec255236c671e348bef av-styling-no-styling avia-align-center  avia-builder-el-3  avia-builder-el-no-sibling  '  itemprop=\"image\" itemscope=\"itemscope\" itemtype=\"https:\/\/schema.org\/ImageObject\" ><div class=\"avia-image-container-inner\"><div class=\"avia-image-overlay-wrap\"><img class='wp-image-282 avia-img-lazy-loading-not-282 avia_image' src=\"https:\/\/guiasde.com\/materialescentenario\/wp-content\/uploads\/2021\/08\/nosotros3-1.jpg\" alt='' title='nosotros3'  height=\"480\" width=\"480\"  itemprop=\"thumbnailUrl\" srcset=\"https:\/\/guiasde.com\/materialescentenario\/wp-content\/uploads\/2021\/08\/nosotros3-1.jpg 480w, https:\/\/guiasde.com\/materialescentenario\/wp-content\/uploads\/2021\/08\/nosotros3-1-300x300.jpg 300w, https:\/\/guiasde.com\/materialescentenario\/wp-content\/uploads\/2021\/08\/nosotros3-1-80x80.jpg 80w, https:\/\/guiasde.com\/materialescentenario\/wp-content\/uploads\/2021\/08\/nosotros3-1-36x36.jpg 36w, https:\/\/guiasde.com\/materialescentenario\/wp-content\/uploads\/2021\/08\/nosotros3-1-180x180.jpg 180w, https:\/\/guiasde.com\/materialescentenario\/wp-content\/uploads\/2021\/08\/nosotros3-1-100x100.jpg 100w, https:\/\/guiasde.com\/materialescentenario\/wp-content\/uploads\/2021\/08\/nosotros3-1-64x64.jpg 64w\" sizes=\"(max-width: 480px) 100vw, 480px\" \/><\/div><\/div><\/div><\/div><div class='av-flex-placeholder'><\/div>\n<style type=\"text\/css\" data-created_by=\"avia_inline_auto\" id=\"style-css-av-8gnisb-8bae388cf2d8d6ae9bbec5778594ff6d\">\n.flex_column.av-8gnisb-8bae388cf2d8d6ae9bbec5778594ff6d{\nborder-radius:0px 0px 0px 0px;\n-webkit-border-radius:0px 0px 0px 0px;\n-moz-border-radius:0px 0px 0px 0px;\n}\n<\/style>\n<div class='flex_column av-8gnisb-8bae388cf2d8d6ae9bbec5778594ff6d av_three_fifth  avia-builder-el-4  el_after_av_two_fifth  avia-builder-el-last  flex_column_table_cell av-equal-height-column av-align-middle av-zero-column-padding '   ><p>\n<style type=\"text\/css\" data-created_by=\"avia_inline_auto\" id=\"style-css-av-ktw5buwc-31ab144346b289b683b42b76b47accb3\">\n#top .av-special-heading.av-ktw5buwc-31ab144346b289b683b42b76b47accb3{\npadding-bottom:0px;\ncolor:#171795;\nfont-size:30px;\n}\n.av-special-heading.av-ktw5buwc-31ab144346b289b683b42b76b47accb3 .special-heading-inner-border{\nborder-color:#171795;\n}\n<\/style>\n<div  class='av-special-heading av-ktw5buwc-31ab144346b289b683b42b76b47accb3 av-special-heading-h1 custom-color-heading blockquote modern-quote  avia-builder-el-5  el_before_av_textblock  avia-builder-el-first  av-inherit-size '><h1 class='av-special-heading-tag '  itemprop=\"headline\"  >Cont\u00e1ctanos si necesitas m\u00e1s informaci\u00f3n<\/h1><div class='special-heading-border'><div class='special-heading-inner-border'><\/div><\/div><\/div><br \/>\n<section class=\"av_textblock_section \"  itemscope=\"itemscope\" itemtype=\"https:\/\/schema.org\/CreativeWork\" ><div class='avia_textblock  '   itemprop=\"text\" ><p>Por favor llena el siguiente formulario y en breve nos pondremos en contacto<\/p>\n<\/div><\/section><br \/>\n<form action=\"https:\/\/guiasde.com\/materialescentenario\/contacto\/\" method=\"post\"  class=\"avia_ajax_form av-form-labels-hidden   avia-builder-el-7  el_after_av_textblock  avia-builder-el-last   \" data-avia-form-id=\"1\" data-avia-redirect='' ><fieldset><p class='  first_form  form_element form_element_half' id='element_avia_1_1'><label for=\"avia_1_1\">Nombre <abbr class=\"required\" title=\"requerido\">*<\/abbr><\/label> <input name=\"avia_1_1\" class=\"text_input is_empty\" type=\"text\" id=\"avia_1_1\" value=\"\"  placeholder='Nombre*'\/><\/p><p class='  form_element form_element_half' id='element_avia_2_1'><label for=\"avia_2_1\">Apellido <abbr class=\"required\" title=\"requerido\">*<\/abbr><\/label> <input name=\"avia_2_1\" class=\"text_input is_email\" type=\"text\" id=\"avia_2_1\" value=\"\"  placeholder='Apellido*'\/><\/p><p class='  first_form  form_element form_element_half' id='element_avia_3_1'><label for=\"avia_3_1\">Correo <abbr class=\"required\" title=\"requerido\">*<\/abbr><\/label> <input name=\"avia_3_1\" class=\"text_input is_email\" type=\"text\" id=\"avia_3_1\" value=\"\"  placeholder='Correo*'\/><\/p><p class='  form_element form_element_half' id='element_avia_4_1'><label for=\"avia_4_1\">Tel\u00e9fono<\/label> <input name=\"avia_4_1\" class=\"text_input \" type=\"text\" id=\"avia_4_1\" value=\"\"  placeholder='Tel\u00e9fono'\/><\/p><p class='  first_form  form_element form_fullwidth' id='element_avia_5_1'><label for=\"avia_5_1\">Ciudad<\/label> <input name=\"avia_5_1\" class=\"text_input \" type=\"text\" id=\"avia_5_1\" value=\"\"  placeholder='Ciudad'\/><\/p><p class='  first_form  form_element form_fullwidth av-last-visible-form-element' id='element_avia_6_1'><label for=\"avia_6_1\" class=\"textare_label hidden textare_label_avia_6_1\">Mensaje <abbr class=\"required\" title=\"requerido\">*<\/abbr><\/label><textarea  placeholder='Mensaje*' name=\"avia_6_1\" class=\"text_area is_empty\" cols=\"40\" rows=\"7\" id=\"avia_6_1\" ><\/textarea><\/p><p class=\"hidden\"><input type=\"text\" name=\"avia_7_1\" class=\"hidden \" id=\"avia_7_1\" value=\"\" \/><\/p><p class=\"form_element \"><input type=\"hidden\" value=\"1\" name=\"avia_generated_form1\" \/><input type=\"submit\" value=\"Enviar\" class=\"button\"  data-sending-label=\"Enviando\"\/><\/p><\/fieldset><\/form><div id=\"ajaxresponse_1\" class=\"ajaxresponse ajaxresponse_1 hidden\"><\/div><\/p><\/div><\/div><!--close column table wrapper. Autoclose: 1 --><\/p>\n<\/div><\/div><\/div><div id=\"av-tab-section-1-2\" data-av-tab-section-content=\"2\" class=\"av-layout-tab av-animation-delay-container   avia-builder-el-8  el_after_av_tab_sub_section  avia-builder-el-last   \" style='vertical-align:top; '  data-tab-section-id=\"distribuidor\"><div class='av-layout-tab-inner'><div class='container'><p><div class='flex_column_table av-86qoc3-5f185f3ad9c14abfbd1d5219d5fc0678 sc-av_one_half av-equal-height-column-flextable'>\n<style type=\"text\/css\" data-created_by=\"avia_inline_auto\" id=\"style-css-av-86qoc3-5f185f3ad9c14abfbd1d5219d5fc0678\">\n.flex_column.av-86qoc3-5f185f3ad9c14abfbd1d5219d5fc0678{\nborder-radius:0px 0px 0px 0px;\n-webkit-border-radius:0px 0px 0px 0px;\n-moz-border-radius:0px 0px 0px 0px;\n}\n<\/style>\n<div class='flex_column av-86qoc3-5f185f3ad9c14abfbd1d5219d5fc0678 av_one_half  avia-builder-el-9  el_before_av_one_half  avia-builder-el-first  first flex_column_table_cell av-equal-height-column av-align-middle av-zero-column-padding '   ><p>\n<style type=\"text\/css\" data-created_by=\"avia_inline_auto\" id=\"style-css-av-ktw5buwc-44fefb48676c504fb34861aba506f40b\">\n#top .av-special-heading.av-ktw5buwc-44fefb48676c504fb34861aba506f40b{\npadding-bottom:0px;\ncolor:#171795;\nfont-size:30px;\n}\n.av-special-heading.av-ktw5buwc-44fefb48676c504fb34861aba506f40b .special-heading-inner-border{\nborder-color:#171795;\n}\n<\/style>\n<div  class='av-special-heading av-ktw5buwc-44fefb48676c504fb34861aba506f40b av-special-heading-h2 custom-color-heading blockquote modern-quote  avia-builder-el-10  el_before_av_textblock  avia-builder-el-first  av-inherit-size '><h2 class='av-special-heading-tag '  itemprop=\"headline\"  >\u00bfQui\u00e9res ser distribuidor?<\/h2><div class='special-heading-border'><div class='special-heading-inner-border'><\/div><\/div><\/div><br \/>\n<section class=\"av_textblock_section \"  itemscope=\"itemscope\" itemtype=\"https:\/\/schema.org\/CreativeWork\" ><div class='avia_textblock  '   itemprop=\"text\" ><p>A <strong>Materiales El Centenario<\/strong> nos enorgullece colaborar con empresas comprometidas, con las que podamos trabajar siempre viendo por el beneficio mutuo, ofreciendo a nuestros clientes confianza, honestidad, calidad y un servicio de excelencia.<\/p>\n<p>Creamos una relaci\u00f3n de crecimiento y mejora continua en conjunto con nuestros clientes de la casa.<\/p>\n<\/div><\/section><br \/>\n\n<style type=\"text\/css\" data-created_by=\"avia_inline_auto\" id=\"style-css-av-ktx0s8d4-cc086c9aeed12063c958cf4e0062e761\">\n#top .av-special-heading.av-ktx0s8d4-cc086c9aeed12063c958cf4e0062e761{\npadding-bottom:0px;\n}\n<\/style>\n<div  class='av-special-heading av-ktx0s8d4-cc086c9aeed12063c958cf4e0062e761 av-special-heading-h3 blockquote modern-quote  avia-builder-el-12  el_after_av_textblock  el_before_av_iconlist  '><h3 class='av-special-heading-tag '  itemprop=\"headline\"  >Beneficios de ser distribuidor de Materiales El Centenario:<\/h3><div class='special-heading-border'><div class='special-heading-inner-border'><\/div><\/div><\/div><br \/>\n\n<style type=\"text\/css\" data-created_by=\"avia_inline_auto\" id=\"style-css-av-ktx0u4dn-f62a3aa4f36bd33649e2317295bbfed7\">\n#top .avia-icon-list-container.av-ktx0u4dn-f62a3aa4f36bd33649e2317295bbfed7 .iconlist_icon{\ncolor:#171795;\n}\n<\/style>\n<div  class='avia-icon-list-container av-ktx0u4dn-f62a3aa4f36bd33649e2317295bbfed7  avia-builder-el-13  el_after_av_heading  avia-builder-el-last  '><ul class='avia-icon-list avia_animate_when_almost_visible avia-icon-list-left av-iconlist-small av-ktx0u4dn-f62a3aa4f36bd33649e2317295bbfed7 avia-iconlist-animate'>\n<li><div class='iconlist_icon av-ktx0t3c2-d11b1fb913cb89c54b4171452dbdaf2f avia-font-entypo-fontello'><span class='iconlist-char ' aria-hidden='true' data-av_icon='\ue812' data-av_iconfont='entypo-fontello'><\/span><\/div><article class=\"article-icon-entry \"  itemscope=\"itemscope\" itemtype=\"https:\/\/schema.org\/CreativeWork\" ><div class='iconlist_content_wrap'><header class=\"entry-content-header\"><\/header><div class='iconlist_content  '  itemprop=\"text\" ><p>Precio competitivo<\/p>\n<\/div><\/div><footer class=\"entry-footer\"><\/footer><\/article><div class='iconlist-timeline'><\/div><\/li>\n<li><div class='iconlist_icon av-ktx0t3c2-d11b1fb913cb89c54b4171452dbdaf2f avia-font-entypo-fontello'><span class='iconlist-char ' aria-hidden='true' data-av_icon='\ue812' data-av_iconfont='entypo-fontello'><\/span><\/div><article class=\"article-icon-entry \"  itemscope=\"itemscope\" itemtype=\"https:\/\/schema.org\/CreativeWork\" ><div class='iconlist_content_wrap'><header class=\"entry-content-header\"><\/header><div class='iconlist_content  '  itemprop=\"text\" ><p>Seguridad<\/p>\n<\/div><\/div><footer class=\"entry-footer\"><\/footer><\/article><div class='iconlist-timeline'><\/div><\/li>\n<li><div class='iconlist_icon av-ktx0t3c2-d11b1fb913cb89c54b4171452dbdaf2f avia-font-entypo-fontello'><span class='iconlist-char ' aria-hidden='true' data-av_icon='\ue812' data-av_iconfont='entypo-fontello'><\/span><\/div><article class=\"article-icon-entry \"  itemscope=\"itemscope\" itemtype=\"https:\/\/schema.org\/CreativeWork\" ><div class='iconlist_content_wrap'><header class=\"entry-content-header\"><\/header><div class='iconlist_content  '  itemprop=\"text\" ><p>Beneficios de cr\u00e9dito<\/p>\n<\/div><\/div><footer class=\"entry-footer\"><\/footer><\/article><div class='iconlist-timeline'><\/div><\/li>\n<li><div class='iconlist_icon av-ktx0t3c2-d11b1fb913cb89c54b4171452dbdaf2f avia-font-entypo-fontello'><span class='iconlist-char ' aria-hidden='true' data-av_icon='\ue812' data-av_iconfont='entypo-fontello'><\/span><\/div><article class=\"article-icon-entry \"  itemscope=\"itemscope\" itemtype=\"https:\/\/schema.org\/CreativeWork\" ><div class='iconlist_content_wrap'><header class=\"entry-content-header\"><\/header><div class='iconlist_content  '  itemprop=\"text\" ><p>Capacidad de surtido de material<\/p>\n<\/div><\/div><footer class=\"entry-footer\"><\/footer><\/article><div class='iconlist-timeline'><\/div><\/li>\n<li><div class='iconlist_icon av-ktx0t3c2-d11b1fb913cb89c54b4171452dbdaf2f avia-font-entypo-fontello'><span class='iconlist-char ' aria-hidden='true' data-av_icon='\ue812' data-av_iconfont='entypo-fontello'><\/span><\/div><article class=\"article-icon-entry \"  itemscope=\"itemscope\" itemtype=\"https:\/\/schema.org\/CreativeWork\" ><div class='iconlist_content_wrap'><header class=\"entry-content-header\"><\/header><div class='iconlist_content  '  itemprop=\"text\" ><p>Entregas en tiempo y forma<\/p>\n<\/div><\/div><footer class=\"entry-footer\"><\/footer><\/article><div class='iconlist-timeline'><\/div><\/li>\n<li><div class='iconlist_icon av-ktx0t3c2-d11b1fb913cb89c54b4171452dbdaf2f avia-font-entypo-fontello'><span class='iconlist-char ' aria-hidden='true' data-av_icon='\ue812' data-av_iconfont='entypo-fontello'><\/span><\/div><article class=\"article-icon-entry \"  itemscope=\"itemscope\" itemtype=\"https:\/\/schema.org\/CreativeWork\" ><div class='iconlist_content_wrap'><header class=\"entry-content-header\"><\/header><div class='iconlist_content  '  itemprop=\"text\" ><p>Respuesta oportuna<\/p>\n<\/div><\/div><footer class=\"entry-footer\"><\/footer><\/article><div class='iconlist-timeline'><\/div><\/li>\n<li><div class='iconlist_icon av-ktx0t3c2-d11b1fb913cb89c54b4171452dbdaf2f avia-font-entypo-fontello'><span class='iconlist-char ' aria-hidden='true' data-av_icon='\ue812' data-av_iconfont='entypo-fontello'><\/span><\/div><article class=\"article-icon-entry \"  itemscope=\"itemscope\" itemtype=\"https:\/\/schema.org\/CreativeWork\" ><div class='iconlist_content_wrap'><header class=\"entry-content-header\"><\/header><div class='iconlist_content  '  itemprop=\"text\" ><p>Amplio inventario<\/p>\n<\/div><\/div><footer class=\"entry-footer\"><\/footer><\/article><div class='iconlist-timeline'><\/div><\/li>\n<li><div class='iconlist_icon av-ktx0t3c2-d11b1fb913cb89c54b4171452dbdaf2f avia-font-entypo-fontello'><span class='iconlist-char ' aria-hidden='true' data-av_icon='\ue812' data-av_iconfont='entypo-fontello'><\/span><\/div><article class=\"article-icon-entry \"  itemscope=\"itemscope\" itemtype=\"https:\/\/schema.org\/CreativeWork\" ><div class='iconlist_content_wrap'><header class=\"entry-content-header\"><\/header><div class='iconlist_content  '  itemprop=\"text\" ><p>Servicio de excelencia<\/p>\n<\/div><\/div><footer class=\"entry-footer\"><\/footer><\/article><div class='iconlist-timeline'><\/div><\/li>\n<li><div class='iconlist_icon av-ktx0t3c2-d11b1fb913cb89c54b4171452dbdaf2f avia-font-entypo-fontello'><span class='iconlist-char ' aria-hidden='true' data-av_icon='\ue812' data-av_iconfont='entypo-fontello'><\/span><\/div><article class=\"article-icon-entry \"  itemscope=\"itemscope\" itemtype=\"https:\/\/schema.org\/CreativeWork\" ><div class='iconlist_content_wrap'><header class=\"entry-content-header\"><\/header><div class='iconlist_content  '  itemprop=\"text\" ><p>Calidad en mercanc\u00eda<\/p>\n<\/div><\/div><footer class=\"entry-footer\"><\/footer><\/article><div class='iconlist-timeline'><\/div><\/li>\n<\/ul><\/div><\/p><\/div><div class='av-flex-placeholder'><\/div>\n<style type=\"text\/css\" data-created_by=\"avia_inline_auto\" id=\"style-css-av-7yuzdf-8d318a840389c4d9e0dfe4112abbac50\">\n.flex_column.av-7yuzdf-8d318a840389c4d9e0dfe4112abbac50{\nborder-radius:0px 0px 0px 0px;\n-webkit-border-radius:0px 0px 0px 0px;\n-moz-border-radius:0px 0px 0px 0px;\n}\n<\/style>\n<div class='flex_column av-7yuzdf-8d318a840389c4d9e0dfe4112abbac50 av_one_half  avia-builder-el-14  el_after_av_one_half  avia-builder-el-last  flex_column_table_cell av-equal-height-column av-align-middle av-zero-column-padding '   ><form action=\"https:\/\/guiasde.com\/materialescentenario\/contacto\/\" method=\"post\"  class=\"avia_ajax_form av-form-labels-hidden   avia-builder-el-15  avia-builder-el-no-sibling   \" data-avia-form-id=\"2\" data-avia-redirect='' ><fieldset><p class='  first_form  form_element form_fullwidth' id='element_avia_1_2'><label for=\"avia_1_2\">Nombre completo <abbr class=\"required\" title=\"requerido\">*<\/abbr><\/label> <input name=\"avia_1_2\" class=\"text_input is_empty\" type=\"text\" id=\"avia_1_2\" value=\"\"  placeholder='Nombre completo*'\/><\/p><p class='  first_form  form_element form_element_half' id='element_avia_2_2'><label for=\"avia_2_2\">Nombre de la empresa <abbr class=\"required\" title=\"requerido\">*<\/abbr><\/label> <input name=\"avia_2_2\" class=\"text_input is_email\" type=\"text\" id=\"avia_2_2\" value=\"\"  placeholder='Nombre de la empresa*'\/><\/p><p class='  form_element form_element_half' id='element_avia_3_2'><label for=\"avia_3_2\">RFC<\/label> <input name=\"avia_3_2\" class=\"text_input \" type=\"text\" id=\"avia_3_2\" value=\"\"  placeholder='RFC'\/><\/p><p class='  first_form  form_element form_element_half' id='element_avia_4_2'><label for=\"avia_4_2\">Celular de contacto<\/label> <input name=\"avia_4_2\" class=\"text_input \" type=\"text\" id=\"avia_4_2\" value=\"\"  placeholder='Celular de contacto'\/><\/p><p class='  form_element form_element_half' id='element_avia_5_2'><label for=\"avia_5_2\">Tel\u00e9fono fijo<\/label> <input name=\"avia_5_2\" class=\"text_input \" type=\"text\" id=\"avia_5_2\" value=\"\"  placeholder='Tel\u00e9fono fijo'\/><\/p><p class='  first_form  form_element form_element_half' id='element_avia_6_2'><label for=\"avia_6_2\">Correo electr\u00f3nico <abbr class=\"required\" title=\"requerido\">*<\/abbr><\/label> <input name=\"avia_6_2\" class=\"text_input is_email\" type=\"text\" id=\"avia_6_2\" value=\"\"  placeholder='Correo electr\u00f3nico*'\/><\/p><p class='  form_element form_element_half' id='element_avia_7_2'><label for=\"avia_7_2\">C\u00f3digo postal<\/label> <input name=\"avia_7_2\" class=\"text_input \" type=\"text\" id=\"avia_7_2\" value=\"\"  placeholder='C\u00f3digo postal'\/><\/p><p class=' first_form  form_element form_element_half' id='element_avia_8_2'><label for=\"avia_8_2\">Estado <\/label> <select  name=\"avia_8_2\" class=\"select \" id=\"avia_8_2\"><option  value =''>Estado<\/option><option  value ='Nuevo Le\u00f3n'>Nuevo Le\u00f3n<\/option><\/select><\/p><p class='  form_element form_element_half' id='element_avia_9_2'><label for=\"avia_9_2\">Alcald\u00eda o municipio <abbr class=\"required\" title=\"requerido\">*<\/abbr><\/label> <input name=\"avia_9_2\" class=\"text_input is_empty\" type=\"text\" id=\"avia_9_2\" value=\"\"  placeholder='Alcald\u00eda o municipio*'\/><\/p><p class='  first_form  form_element form_element_half' id='element_avia_10_2'><label for=\"avia_10_2\">Colonia<\/label> <input name=\"avia_10_2\" class=\"text_input \" type=\"text\" id=\"avia_10_2\" value=\"\"  placeholder='Colonia'\/><\/p><p class='  form_element form_element_half' id='element_avia_11_2'><label for=\"avia_11_2\">Calle<\/label> <input name=\"avia_11_2\" class=\"text_input \" type=\"text\" id=\"avia_11_2\" value=\"\"  placeholder='Calle'\/><\/p><p class='  first_form  form_element form_fullwidth av-last-visible-form-element' id='element_avia_12_2'><label for=\"avia_12_2\" class=\"textare_label hidden textare_label_avia_12_2\">Comentarios <abbr class=\"required\" title=\"requerido\">*<\/abbr><\/label><textarea  placeholder='Comentarios*' name=\"avia_12_2\" class=\"text_area is_empty\" cols=\"40\" rows=\"7\" id=\"avia_12_2\" ><\/textarea><\/p><p class=\"hidden\"><input type=\"text\" name=\"avia_13_2\" class=\"hidden \" id=\"avia_13_2\" value=\"\" \/><\/p><p class=\"form_element \"><input type=\"hidden\" value=\"1\" name=\"avia_generated_form2\" \/><input type=\"submit\" value=\"Enviar\" class=\"button\"  data-sending-label=\"Enviando\"\/><\/p><\/fieldset><\/form><div id=\"ajaxresponse_2\" class=\"ajaxresponse ajaxresponse_2 hidden\"><\/div><\/div><\/div><!--close column table wrapper. Autoclose: 1 --><\/p>\n<\/div><\/div><\/div><\/div><\/div><\/div>\n","protected":false},"excerpt":{"rendered":"","protected":false},"author":1,"featured_media":0,"parent":0,"menu_order":0,"comment_status":"closed","ping_status":"closed","template":"","meta":[],"_links":{"self":[{"href":"https:\/\/guiasde.com\/materialescentenario\/wp-json\/wp\/v2\/pages\/699"}],"collection":[{"href":"https:\/\/guiasde.com\/materialescentenario\/wp-json\/wp\/v2\/pages"}],"about":[{"href":"https:\/\/guiasde.com\/materialescentenario\/wp-json\/wp\/v2\/types\/page"}],"author":[{"embeddable":true,"href":"https:\/\/guiasde.com\/materialescentenario\/wp-json\/wp\/v2\/users\/1"}],"replies":[{"embeddable":true,"href":"https:\/\/guiasde.com\/materialescentenario\/wp-json\/wp\/v2\/comments?post=699"}],"version-history":[{"count":22,"href":"https:\/\/guiasde.com\/materialescentenario\/wp-json\/wp\/v2\/pages\/699\/revisions"}],"predecessor-version":[{"id":1220,"href":"https:\/\/guiasde.com\/materialescentenario\/wp-json\/wp\/v2\/pages\/699\/revisions\/1220"}],"wp:attachment":[{"href":"https:\/\/guiasde.com\/materialescentenario\/wp-json\/wp\/v2\/media?parent=699"}],"curies":[{"name":"wp","href":"https:\/\/api.w.org\/{rel}","templated":true}]}}