{"id":807,"date":"2021-09-23T21:53:00","date_gmt":"2021-09-23T21:53:00","guid":{"rendered":"http:\/\/guiasde.com\/materialescentenario\/?page_id=807"},"modified":"2021-10-01T23:47:42","modified_gmt":"2021-10-01T23:47:42","slug":"tarjeta-construganas","status":"publish","type":"page","link":"https:\/\/guiasde.com\/materialescentenario\/tarjeta-construganas\/","title":{"rendered":"Tarjeta Construganas"},"content":{"rendered":"\n<style type=\"text\/css\" data-created_by=\"avia_inline_auto\" id=\"style-css-av-ktxg4t78-bead30235ca51fed1854ccc1afed71a2\">\n.avia-section.av-ktxg4t78-bead30235ca51fed1854ccc1afed71a2{\nbackground-color:#000354;\nbackground-repeat:no-repeat;\nbackground-image:url(https:\/\/guiasde.com\/materialescentenario\/wp-content\/uploads\/2021\/09\/construganas.jpg);\nbackground-position:50% 50%;\nbackground-attachment:scroll;\n}\n.avia-section.av-ktxg4t78-bead30235ca51fed1854ccc1afed71a2 .av-section-color-overlay{\nopacity:0.8;\nbackground-color:#000354;\n}\n<\/style>\n<div id='av_section_1'  class='avia-section av-ktxg4t78-bead30235ca51fed1854ccc1afed71a2 main_color avia-section-small avia-no-border-styling  avia-builder-el-0  el_before_av_section  avia-builder-el-first  avia-full-stretch avia-bg-style-scroll av-section-color-overlay-active  av-minimum-height av-minimum-height-custom  container_wrap fullsize'  data-section-bg-repeat='stretch'><div class='av-section-color-overlay-wrap'><div class=\"av-section-color-overlay\"><\/div><div class='container av-section-cont-open' style='height:300px'><main  role=\"main\" itemprop=\"mainContentOfPage\"  class='template-page content  av-content-full alpha units'><div class='post-entry post-entry-type-page post-entry-807'><div class='entry-content-wrapper clearfix'>\n<div class='flex_column_table av-ktxh3fbs-3bd59b80165d076bdc1873b8d76f05fd sc-av_one_half av-equal-height-column-flextable'><div class='flex_column av-ktxh3fbs-3bd59b80165d076bdc1873b8d76f05fd av_one_half  avia-builder-el-1  el_before_av_one_half  avia-builder-el-first  first flex_column_table_cell av-equal-height-column av-align-middle '   ><p>\n<style type=\"text\/css\" data-created_by=\"avia_inline_auto\" id=\"style-css-av-ktxg50rb-67ed8888c9b12ebca7929da47f2f3e55\">\n#top .av-special-heading.av-ktxg50rb-67ed8888c9b12ebca7929da47f2f3e55{\npadding-bottom:10px;\ncolor:#ffffff;\nfont-size:35px;\n}\n.av-special-heading.av-ktxg50rb-67ed8888c9b12ebca7929da47f2f3e55 .special-heading-inner-border{\nborder-color:#ffffff;\n}\n<\/style>\n<div  class='av-special-heading av-ktxg50rb-67ed8888c9b12ebca7929da47f2f3e55 av-special-heading-h1 custom-color-heading blockquote modern-quote  avia-builder-el-2  el_before_av_textblock  avia-builder-el-first  av-inherit-size '><h1 class='av-special-heading-tag '  itemprop=\"headline\"  >CONSTRUGANAS <\/h1><div class='special-heading-border'><div class='special-heading-inner-border'><\/div><\/div><\/div><br \/>\n<section class=\"av_textblock_section \"  itemscope=\"itemscope\" itemtype=\"https:\/\/schema.org\/CreativeWork\" ><div class='avia_textblock  av_inherit_color '  style='color:#ffffff; '  itemprop=\"text\" ><p class=\"normal\" style=\"text-align: justify;\"><span lang=\"es\">CONSTRUGANAS es el programa de lealtad que Construrama cre\u00f3 para recompensar la compra de productos mediante un monedero electr\u00f3nico.<\/span><\/p>\n<\/div><\/section><\/p><\/div><div class='av-flex-placeholder'><\/div><div class='flex_column av-ktxh6s4q-ca49a624856503488e58a547180a3ae5 av_one_half  avia-builder-el-4  el_after_av_one_half  avia-builder-el-last  flex_column_table_cell av-equal-height-column av-align-middle '   ><section class=\"av_textblock_section \"  itemscope=\"itemscope\" itemtype=\"https:\/\/schema.org\/CreativeWork\" ><div class='avia_textblock  '   itemprop=\"text\" ><p><img loading=\"lazy\" class=\"wp-image-401 aligncenter\" src=\"http:\/\/guiasde.com\/materialescentenario\/wp-content\/uploads\/2021\/08\/construganasOK.png\" alt=\"\" width=\"408\" height=\"330\" srcset=\"https:\/\/guiasde.com\/materialescentenario\/wp-content\/uploads\/2021\/08\/construganasOK.png 500w, https:\/\/guiasde.com\/materialescentenario\/wp-content\/uploads\/2021\/08\/construganasOK-300x242.png 300w, https:\/\/guiasde.com\/materialescentenario\/wp-content\/uploads\/2021\/08\/construganasOK-495x400.png 495w, https:\/\/guiasde.com\/materialescentenario\/wp-content\/uploads\/2021\/08\/construganasOK-64x52.png 64w\" sizes=\"(max-width: 408px) 100vw, 408px\" \/><\/p>\n<\/div><\/section><\/div><\/div><!--close column table wrapper. Autoclose: 1 -->\n\n<\/div><\/div><\/main><!-- close content main element --><\/div><\/div><\/div><div id='av_section_2'  class='avia-section av-ktxhefys-d09937ca5f24f26ae8b18082d20b1613 main_color avia-section-default avia-no-border-styling  avia-builder-el-6  el_after_av_section  avia-builder-el-last  avia-bg-style-scroll  container_wrap fullsize'  ><div class='container av-section-cont-open' ><div class='template-page content  av-content-full alpha units'><div class='post-entry post-entry-type-page post-entry-807'><div class='entry-content-wrapper clearfix'>\n<div class='flex_column_table av-g66yf-f36a558efaec6f36319c3574f625e93b sc-av_one_half av-equal-height-column-flextable'>\n<style type=\"text\/css\" data-created_by=\"avia_inline_auto\" id=\"style-css-av-g66yf-f36a558efaec6f36319c3574f625e93b\">\n.flex_column.av-g66yf-f36a558efaec6f36319c3574f625e93b{\nborder-radius:0px 0px 0px 0px;\n-webkit-border-radius:0px 0px 0px 0px;\n-moz-border-radius:0px 0px 0px 0px;\n}\n<\/style>\n<div class='flex_column av-g66yf-f36a558efaec6f36319c3574f625e93b av_one_half  avia-builder-el-7  el_before_av_one_half  avia-builder-el-first  first flex_column_table_cell av-equal-height-column av-align-middle av-zero-column-padding '   ><style type=\"text\/css\" data-created_by=\"avia_inline_auto\" id=\"style-css-av-ktxhcreg-b537e1e824aaa366b6069a6edc0bfa4a\">\n.avia-image-container.av-ktxhcreg-b537e1e824aaa366b6069a6edc0bfa4a .av-image-caption-overlay-center{\ncolor:#ffffff;\n}\n<\/style>\n<div  class='avia-image-container av-ktxhcreg-b537e1e824aaa366b6069a6edc0bfa4a av-styling-no-styling avia-align-center  avia-builder-el-8  avia-builder-el-no-sibling  '  itemprop=\"image\" itemscope=\"itemscope\" itemtype=\"https:\/\/schema.org\/ImageObject\" ><div class=\"avia-image-container-inner\"><div class=\"avia-image-overlay-wrap\"><img class='wp-image-823 avia-img-lazy-loading-not-823 avia_image' src=\"https:\/\/guiasde.com\/materialescentenario\/wp-content\/uploads\/2021\/09\/construganas2.jpg\" alt='' title='construganas2'  height=\"450\" width=\"600\"  itemprop=\"thumbnailUrl\" srcset=\"https:\/\/guiasde.com\/materialescentenario\/wp-content\/uploads\/2021\/09\/construganas2.jpg 600w, https:\/\/guiasde.com\/materialescentenario\/wp-content\/uploads\/2021\/09\/construganas2-300x225.jpg 300w, https:\/\/guiasde.com\/materialescentenario\/wp-content\/uploads\/2021\/09\/construganas2-64x48.jpg 64w\" sizes=\"(max-width: 600px) 100vw, 600px\" \/><\/div><\/div><\/div><\/div><div class='av-flex-placeholder'><\/div>\n<style type=\"text\/css\" data-created_by=\"avia_inline_auto\" id=\"style-css-av-ktxhddt5-a08c52a71dcf1f027c54476af5dfa39f\">\n.flex_column.av-ktxhddt5-a08c52a71dcf1f027c54476af5dfa39f{\nborder-radius:0px 0px 0px 0px;\n-webkit-border-radius:0px 0px 0px 0px;\n-moz-border-radius:0px 0px 0px 0px;\n}\n<\/style>\n<div class='flex_column av-ktxhddt5-a08c52a71dcf1f027c54476af5dfa39f av_one_half  avia-builder-el-9  el_after_av_one_half  el_before_av_one_full  flex_column_table_cell av-equal-height-column av-align-middle av-zero-column-padding '   ><p>\n<style type=\"text\/css\" data-created_by=\"avia_inline_auto\" id=\"style-css-av-ktxh8wnf-06962702501f9a9c9e3b6a5d409a8614\">\n#top .av-special-heading.av-ktxh8wnf-06962702501f9a9c9e3b6a5d409a8614{\npadding-bottom:10px;\ncolor:#171795;\nfont-size:30px;\n}\n.av-special-heading.av-ktxh8wnf-06962702501f9a9c9e3b6a5d409a8614 .special-heading-inner-border{\nborder-color:#171795;\n}\n<\/style>\n<div  class='av-special-heading av-ktxh8wnf-06962702501f9a9c9e3b6a5d409a8614 av-special-heading-h2 custom-color-heading blockquote modern-quote  avia-builder-el-10  el_before_av_textblock  avia-builder-el-first  av-inherit-size '><h2 class='av-special-heading-tag '  itemprop=\"headline\"  >\u00bfYa cuentas con tu tarjeta CONSTRUGANAS?<\/h2><div class='special-heading-border'><div class='special-heading-inner-border'><\/div><\/div><\/div><br \/>\n<section class=\"av_textblock_section \"  itemscope=\"itemscope\" itemtype=\"https:\/\/schema.org\/CreativeWork\" ><div class='avia_textblock  '   itemprop=\"text\" ><p>Acude a Construrama Materiales El Centenario m\u00e1s cercano y solicita sin costo tu tarjeta CONSTRUGANAS, en donde podr\u00e1s acumular dinero electr\u00f3nico por todas tus compras e intercambiarlo por productos o incre\u00edbles premios, adem\u00e1s de tener acceso a promociones exclusivas donde premiamos tu lealtad.<\/p>\n<\/div><\/section><\/p><\/div><\/div><!--close column table wrapper. Autoclose: 1 --><div class='flex_column av-a8ac7-cdca66a8a75e766c369bed5d5599e9b2 av_one_full  avia-builder-el-12  el_after_av_one_half  avia-builder-el-last  first flex_column_div column-top-margin'   ><div  class='avia-video avia-video-16-9   av-lazyload-immediate  av-lazyload-video-embed  '   itemprop=\"video\" itemtype=\"https:\/\/schema.org\/VideoObject\"  data-original_url='https:\/\/www.youtube.com\/watch?v=UfOC6wZ1Ciw' ><script type='text\/html' class='av-video-tmpl'><div class='avia-iframe-wrap'><iframe title=\"CONSTRUGANAS\" width=\"1500\" height=\"844\" src=\"https:\/\/www.youtube.com\/embed\/UfOC6wZ1Ciw?feature=oembed&autoplay=0&loop=0&controls=1&mute=0\" frameborder=\"0\" allow=\"accelerometer; autoplay; clipboard-write; encrypted-media; gyroscope; picture-in-picture\" allowfullscreen><\/iframe><\/div><\/script><div class='av-click-to-play-overlay'><div class=\"avia_playpause_icon\"><\/div><\/div><\/div><\/div>\n\n","protected":false},"excerpt":{"rendered":"","protected":false},"author":1,"featured_media":0,"parent":0,"menu_order":0,"comment_status":"closed","ping_status":"closed","template":"","meta":[],"_links":{"self":[{"href":"https:\/\/guiasde.com\/materialescentenario\/wp-json\/wp\/v2\/pages\/807"}],"collection":[{"href":"https:\/\/guiasde.com\/materialescentenario\/wp-json\/wp\/v2\/pages"}],"about":[{"href":"https:\/\/guiasde.com\/materialescentenario\/wp-json\/wp\/v2\/types\/page"}],"author":[{"embeddable":true,"href":"https:\/\/guiasde.com\/materialescentenario\/wp-json\/wp\/v2\/users\/1"}],"replies":[{"embeddable":true,"href":"https:\/\/guiasde.com\/materialescentenario\/wp-json\/wp\/v2\/comments?post=807"}],"version-history":[{"count":13,"href":"https:\/\/guiasde.com\/materialescentenario\/wp-json\/wp\/v2\/pages\/807\/revisions"}],"predecessor-version":[{"id":1053,"href":"https:\/\/guiasde.com\/materialescentenario\/wp-json\/wp\/v2\/pages\/807\/revisions\/1053"}],"wp:attachment":[{"href":"https:\/\/guiasde.com\/materialescentenario\/wp-json\/wp\/v2\/media?parent=807"}],"curies":[{"name":"wp","href":"https:\/\/api.w.org\/{rel}","templated":true}]}}