{"id":168,"date":"2021-08-03T20:53:21","date_gmt":"2021-08-03T20:53:21","guid":{"rendered":"http:\/\/guiasde.com\/materialescentenario\/?post_type=product&#038;p=168"},"modified":"2021-10-21T00:09:23","modified_gmt":"2021-10-21T00:09:23","slug":"arena-5","status":"publish","type":"product","link":"https:\/\/guiasde.com\/materialescentenario\/producto\/arena-5\/","title":{"rendered":"Arena 5"},"content":{"rendered":"\n<style type=\"text\/css\" data-created_by=\"avia_inline_auto\" id=\"style-css-av-nnlix-5a88abc262fa00d9f7d4996b7f460a24\">\n.avia-section.av-nnlix-5a88abc262fa00d9f7d4996b7f460a24{\nbackground-repeat:no-repeat;\nbackground-image:url(https:\/\/guiasde.com\/materialescentenario\/wp-content\/uploads\/2021\/08\/arena-5.jpg);\nbackground-position:50% 50%;\nbackground-attachment:fixed;\nmargin-top:0px;\nmargin-bottom:0px;\n}\n.avia-section.av-nnlix-5a88abc262fa00d9f7d4996b7f460a24 .av-section-color-overlay{\nopacity:0.4;\nbackground-color:#0a0a0a;\n}\n.avia-section.av-nnlix-5a88abc262fa00d9f7d4996b7f460a24 .av-extra-border-element .av-extra-border-inner{\nbackground-color:#ffffff;\n}\n<\/style>\n<div id='av_section_1'  class='avia-section av-nnlix-5a88abc262fa00d9f7d4996b7f460a24 main_color avia-section-default avia-no-border-styling  avia-builder-el-0  el_before_av_section  avia-builder-el-first  diagonalb avia-full-stretch avia-bg-style-fixed av-section-color-overlay-active  av-minimum-height av-minimum-height-custom  container_wrap fullsize'  data-section-bg-repeat='stretch'><div class='av-section-color-overlay-wrap'><div class=\"av-section-color-overlay\"><\/div><div class='container av-section-cont-open' style='height:400px'><main  role=\"main\" itemprop=\"mainContentOfPage\"  class='template-page content  av-content-full alpha units'><div class='post-entry post-entry-type-page post-entry-168'><div class='entry-content-wrapper clearfix'>\n\n<style type=\"text\/css\" data-created_by=\"avia_inline_auto\" id=\"style-css-av-gg8c1-d9facf6e0fbff95c3bafd6b4552e8a13\">\n.flex_column.av-gg8c1-d9facf6e0fbff95c3bafd6b4552e8a13{\nborder-radius:0px 0px 0px 0px;\n-webkit-border-radius:0px 0px 0px 0px;\n-moz-border-radius:0px 0px 0px 0px;\n}\n<\/style>\n<div class='flex_column av-gg8c1-d9facf6e0fbff95c3bafd6b4552e8a13 av_one_half  avia-builder-el-1  el_before_av_one_half  avia-builder-el-first  first flex_column_div av-zero-column-padding '   ><p>\n<style type=\"text\/css\" data-created_by=\"avia_inline_auto\" id=\"style-css-av-krv9dhzv-6ab83527d7c82503f91039cbf5390141\">\n#top .av-special-heading.av-krv9dhzv-6ab83527d7c82503f91039cbf5390141{\npadding-bottom:0px;\ncolor:#ffffff;\nfont-size:40px;\n}\n.av-special-heading.av-krv9dhzv-6ab83527d7c82503f91039cbf5390141 .special-heading-inner-border{\nborder-color:#ffffff;\n}\n<\/style>\n<div  class='av-special-heading av-krv9dhzv-6ab83527d7c82503f91039cbf5390141 av-special-heading-h1 custom-color-heading blockquote modern-quote  avia-builder-el-2  el_before_av_hr  avia-builder-el-first  av-inherit-size '><h1 class='av-special-heading-tag '  itemprop=\"headline\"  >Arena 5<\/h1><div class='special-heading-border'><div class='special-heading-inner-border'><\/div><\/div><\/div><br \/>\n\n<style type=\"text\/css\" data-created_by=\"avia_inline_auto\" id=\"style-css-av-sup5-332b3f38282d8bd4225ba04018ef0059\">\n#top .hr.av-sup5-332b3f38282d8bd4225ba04018ef0059{\nmargin-top:0px;\nmargin-bottom:0px;\n}\n.hr.av-sup5-332b3f38282d8bd4225ba04018ef0059 .hr-inner{\nwidth:100px;\nborder-color:#ed9600;\n}\n<\/style>\n<div  class='hr av-sup5-332b3f38282d8bd4225ba04018ef0059 hr-custom  avia-builder-el-3  el_after_av_heading  avia-builder-el-last  hr-left hr-icon-no '><span class='hr-inner inner-border-av-border-fat'><span class=\"hr-inner-style\"><\/span><\/span><\/div><\/p><\/div>\n<style type=\"text\/css\" data-created_by=\"avia_inline_auto\" id=\"style-css-av-belr5-4ff5b7b65873d241fd7d83bb8d726739\">\n.flex_column.av-belr5-4ff5b7b65873d241fd7d83bb8d726739{\nborder-radius:0px 0px 0px 0px;\n-webkit-border-radius:0px 0px 0px 0px;\n-moz-border-radius:0px 0px 0px 0px;\n}\n<\/style>\n<div class='flex_column av-belr5-4ff5b7b65873d241fd7d83bb8d726739 av_one_half  avia-builder-el-4  el_after_av_one_half  avia-builder-el-last  flex_column_div av-zero-column-padding '   ><\/div>\n\n<\/div><\/div><\/main><!-- close content main element --><\/div><div class='av-extra-border-element border-extra-diagonal border-extra-diagonal-inverse diagonal-box-shadow'><div class='av-extra-border-outer'><div class='av-extra-border-inner'><\/div><\/div><\/div><\/div><\/div><div id='av_section_2'  class='avia-section av-9wc1t-8619642de3106f1d4aecbceec03b7a2a main_color avia-section-default avia-no-border-styling  avia-builder-el-5  el_after_av_section  el_before_av_layout_row  avia-bg-style-scroll  container_wrap fullsize'  ><div class='container av-section-cont-open' ><div class='template-page content  av-content-full alpha units'><div class='post-entry post-entry-type-page post-entry-168'><div class='entry-content-wrapper clearfix'>\n<div class='flex_column_table av-tq39l-68c73fc27569025efa3e4cabcb6bc358 sc-av_one_half av-equal-height-column-flextable'>\n<style type=\"text\/css\" data-created_by=\"avia_inline_auto\" id=\"style-css-av-tq39l-68c73fc27569025efa3e4cabcb6bc358\">\n.flex_column.av-tq39l-68c73fc27569025efa3e4cabcb6bc358{\nborder-radius:0px 0px 0px 0px;\n-webkit-border-radius:0px 0px 0px 0px;\n-moz-border-radius:0px 0px 0px 0px;\n}\n<\/style>\n<div class='flex_column av-tq39l-68c73fc27569025efa3e4cabcb6bc358 av_one_half  avia-builder-el-6  el_before_av_one_half  avia-builder-el-first  first flex_column_table_cell av-equal-height-column av-align-top av-zero-column-padding '   ><style type=\"text\/css\" data-created_by=\"avia_inline_auto\" id=\"style-css-av-krw8ciw1-9d9a33a4a1d6bf14ecbb6a89e118de51\">\n.avia-image-container.av-krw8ciw1-9d9a33a4a1d6bf14ecbb6a89e118de51 .av-image-caption-overlay-center{\ncolor:#ffffff;\n}\n<\/style>\n<div  class='avia-image-container av-krw8ciw1-9d9a33a4a1d6bf14ecbb6a89e118de51 av-styling- avia-align-center  avia-builder-el-7  avia-builder-el-no-sibling  '  itemprop=\"image\" itemscope=\"itemscope\" itemtype=\"https:\/\/schema.org\/ImageObject\" ><div class=\"avia-image-container-inner\"><div class=\"avia-image-overlay-wrap\"><img class='wp-image-171 avia-img-lazy-loading-not-171 avia_image' src=\"https:\/\/guiasde.com\/materialescentenario\/wp-content\/uploads\/2021\/08\/arna5-2.jpg\" alt='' title='arna5-2'  height=\"310\" width=\"500\"  itemprop=\"thumbnailUrl\" srcset=\"https:\/\/guiasde.com\/materialescentenario\/wp-content\/uploads\/2021\/08\/arna5-2.jpg 500w, https:\/\/guiasde.com\/materialescentenario\/wp-content\/uploads\/2021\/08\/arna5-2-300x186.jpg 300w, https:\/\/guiasde.com\/materialescentenario\/wp-content\/uploads\/2021\/08\/arna5-2-64x40.jpg 64w\" sizes=\"(max-width: 500px) 100vw, 500px\" \/><\/div><\/div><\/div><\/div><div class='av-flex-placeholder'><\/div>\n<style type=\"text\/css\" data-created_by=\"avia_inline_auto\" id=\"style-css-av-mmmi9-d8d18ad1bfe289a318bfd620eebd3351\">\n.flex_column.av-mmmi9-d8d18ad1bfe289a318bfd620eebd3351{\nborder-radius:0px 0px 0px 0px;\n-webkit-border-radius:0px 0px 0px 0px;\n-moz-border-radius:0px 0px 0px 0px;\n}\n<\/style>\n<div class='flex_column av-mmmi9-d8d18ad1bfe289a318bfd620eebd3351 av_one_half  avia-builder-el-8  el_after_av_one_half  el_before_av_hr  flex_column_table_cell av-equal-height-column av-align-top av-zero-column-padding '   ><p>\n<style type=\"text\/css\" data-created_by=\"avia_inline_auto\" id=\"style-css-av-ezp4p-d177ad37ac9c1ac0379698e671423e29\">\n#top .av-special-heading.av-ezp4p-d177ad37ac9c1ac0379698e671423e29{\npadding-bottom:10px;\ncolor:#171795;\nfont-size:35px;\n}\n.av-special-heading.av-ezp4p-d177ad37ac9c1ac0379698e671423e29 .special-heading-inner-border{\nborder-color:#171795;\n}\n<\/style>\n<div  class='av-special-heading av-ezp4p-d177ad37ac9c1ac0379698e671423e29 av-special-heading-h2 custom-color-heading blockquote modern-quote  avia-builder-el-9  el_before_av_textblock  avia-builder-el-first  av-inherit-size '><h2 class='av-special-heading-tag '  itemprop=\"headline\"  >Arena 5<\/h2><div class='special-heading-border'><div class='special-heading-inner-border'><\/div><\/div><\/div><br \/>\n<section class=\"av_textblock_section \"  itemscope=\"itemscope\" itemtype=\"https:\/\/schema.org\/CreativeWork\" ><div class='avia_textblock  '   itemprop=\"text\" ><ul>\n<li>Familia: Triturado<\/li>\n<li>Producto: Arena 5<\/li>\n<li>Presentaci\u00f3n:<br \/>\nBulto 40 KgArena 5 metro<\/p>\n<p>Viaje 7 metros arena 5<\/p>\n<p>Viaje 14 metros arena 5<\/li>\n<\/ul>\n<\/div><\/section><br \/>\n\n<style type=\"text\/css\" data-created_by=\"avia_inline_auto\" id=\"style-css-av-xox8p-629cf40e46924b18bdfd7e1c0e9bdff7\">\n#top .av-special-heading.av-xox8p-629cf40e46924b18bdfd7e1c0e9bdff7{\npadding-bottom:10px;\n}\n<\/style>\n<div  class='av-special-heading av-xox8p-629cf40e46924b18bdfd7e1c0e9bdff7 av-special-heading-h3 blockquote modern-quote  avia-builder-el-11  el_after_av_textblock  el_before_av_textblock  '><h3 class='av-special-heading-tag '  itemprop=\"headline\"  >Informaci\u00f3n<\/h3><div class='special-heading-border'><div class='special-heading-inner-border'><\/div><\/div><\/div><br \/>\n<section class=\"av_textblock_section \"  itemscope=\"itemscope\" itemtype=\"https:\/\/schema.org\/CreativeWork\" ><div class='avia_textblock  '   itemprop=\"text\" ><p>La arena 5 es roca triturada de un tama\u00f1o espec\u00edfico, la cual se utiliza para fabricar hormig\u00f3n, mortero y concreto.<\/p>\n<\/div><\/section><br \/>\n\n<style type=\"text\/css\" data-created_by=\"avia_inline_auto\" id=\"style-css-av-krwbpuhp-25e80ece4bf7166be570da9456024a81\">\n#top .av-special-heading.av-krwbpuhp-25e80ece4bf7166be570da9456024a81{\npadding-bottom:10px;\n}\n<\/style>\n<div  class='av-special-heading av-krwbpuhp-25e80ece4bf7166be570da9456024a81 av-special-heading-h3 blockquote modern-quote  avia-builder-el-13  el_after_av_textblock  el_before_av_textblock  '><h3 class='av-special-heading-tag '  itemprop=\"headline\"  >Modo de uso<\/h3><div class='special-heading-border'><div class='special-heading-inner-border'><\/div><\/div><\/div><br \/>\n<section class=\"av_textblock_section \"  itemscope=\"itemscope\" itemtype=\"https:\/\/schema.org\/CreativeWork\" ><div class='avia_textblock  '   itemprop=\"text\" ><p>Pegar el block, zarpeo de muros, afinaci\u00f3n de muros, empastar, parchar superficies, entre otros.<\/p>\n<\/div><\/section><br \/>\n<div class='av-woo-purchase-button  avia-builder-el-15  el_after_av_textblock  el_before_av_textblock '><p class=\"price\"><\/p>\n<div class=\"yith-ywraq-add-to-quote add-to-quote-168 near-add-to-cart\">\n\t<div class=\"yith-ywraq-add-button show\" style=\"display:block\">\n\t\t\n<a href=\"#\" class=\"add-request-quote-button button\" data-product_id=\"168\" data-wp_nonce=\"791642dd27\">\n\tA\u00f1adir a cotizaci\u00f3n<\/a>\n<img src=\"https:\/\/guiasde.com\/materialescentenario\/wp-content\/plugins\/yith-woocommerce-request-a-quote\/assets\/images\/wpspin_light.gif\" class=\"ajax-loading\" alt=\"loading\" width=\"16\" height=\"16\" style=\"visibility:hidden\" \/>\n\t<\/div>\n\t<\/div>\n\n<div class=\"clear\"><\/div>\n<\/div><br \/>\n<section class=\"av_textblock_section \"  itemscope=\"itemscope\" itemtype=\"https:\/\/schema.org\/CreativeWork\" ><div class='avia_textblock  '   itemprop=\"text\" ><p>Si necesitas m\u00e1s informaci\u00f3n de nuestros precios y productos comun\u00edcate aqu\u00ed <a href=\"tel:+8183974488\">81 83 97 44 88<\/a> y <a href=\"tel:+8183974498\">81 83 97 44 98<\/a><\/p>\n<\/div><\/section><\/p><\/div><\/div><!--close column table wrapper. Autoclose: 1 -->\n<style type=\"text\/css\" data-created_by=\"avia_inline_auto\" id=\"style-css-av-krwav0bn-2b22c0d1ff8be54569880c3202e43527\">\n#top .hr.hr-invisible.av-krwav0bn-2b22c0d1ff8be54569880c3202e43527{\nheight:40px;\n}\n<\/style>\n<div  class='hr av-krwav0bn-2b22c0d1ff8be54569880c3202e43527 hr-invisible  avia-builder-el-17  el_after_av_one_half  avia-builder-el-last  '><span class='hr-inner '><span class=\"hr-inner-style\"><\/span><\/span><\/div>\n<\/div><\/div><\/div><!-- close content main div --><\/div><\/div><div id='av-layout-grid-1'  class='av-layout-grid-container entry-content-wrapper main_color av-flex-cells     avia-builder-el-18  el_after_av_section  el_before_av_section  submenu-not-first container_wrap fullsize'  >\n<div class=\"flex_cell no_margin av_one_half  avia-builder-el-19  el_before_av_cell_one_half  avia-builder-el-first   \"  style='background: #f4f4f4; vertical-align:middle; padding:60px 30px 60px 30px ; background-color:#f4f4f4; ' ><div class='flex_cell_inner' ><p>\n<style type=\"text\/css\" data-created_by=\"avia_inline_auto\" id=\"style-css-av-9qtqx-91117fb28656923244d47aceb10bc41b\">\n#top .hr.hr-invisible.av-9qtqx-91117fb28656923244d47aceb10bc41b{\nheight:80px;\n}\n<\/style>\n<div  class='hr av-9qtqx-91117fb28656923244d47aceb10bc41b hr-invisible  avia-builder-el-20  el_before_av_one_fifth  avia-builder-el-first   av-small-hide av-mini-hide'><span class='hr-inner '><span class=\"hr-inner-style\"><\/span><\/span><\/div><br \/>\n\n<style type=\"text\/css\" data-created_by=\"avia_inline_auto\" id=\"style-css-av-hl30h-af69b439de766338918a1a39ddbca7e7\">\n.flex_column.av-hl30h-af69b439de766338918a1a39ddbca7e7{\nborder-radius:0px 0px 0px 0px;\n-webkit-border-radius:0px 0px 0px 0px;\n-moz-border-radius:0px 0px 0px 0px;\n}\n<\/style>\n<div class='flex_column av-hl30h-af69b439de766338918a1a39ddbca7e7 av_one_fifth  avia-builder-el-21  el_after_av_hr  el_before_av_one_half  first no_margin flex_column_div av-zero-column-padding '   ><\/div>\n<style type=\"text\/css\" data-created_by=\"avia_inline_auto\" id=\"style-css-av-euzdl-f2a46ba89097112dc40e3a13c0c9cdfd\">\n.flex_column.av-euzdl-f2a46ba89097112dc40e3a13c0c9cdfd{\nborder-radius:0px 0px 0px 0px;\n-webkit-border-radius:0px 0px 0px 0px;\n-moz-border-radius:0px 0px 0px 0px;\npadding:35px 35px 35px 35px;\n}\n<\/style>\n<div class='flex_column av-euzdl-f2a46ba89097112dc40e3a13c0c9cdfd av_one_half  avia-builder-el-22  el_after_av_one_fifth  el_before_av_one_fifth  no_margin flex_column_div '   ><p>\n<style type=\"text\/css\" data-created_by=\"avia_inline_auto\" id=\"style-css-av-krw9t6yg-b21cf12fabcca815c4ca5ae3db15f7bb\">\n#top .av-special-heading.av-krw9t6yg-b21cf12fabcca815c4ca5ae3db15f7bb{\npadding-bottom:10px;\ncolor:#171795;\nfont-size:35px;\n}\n.av-special-heading.av-krw9t6yg-b21cf12fabcca815c4ca5ae3db15f7bb .special-heading-inner-border{\nborder-color:#171795;\n}\n<\/style>\n<div  class='av-special-heading av-krw9t6yg-b21cf12fabcca815c4ca5ae3db15f7bb av-special-heading-h3 custom-color-heading blockquote modern-quote  avia-builder-el-23  el_before_av_hr  avia-builder-el-first  av-inherit-size '><h3 class='av-special-heading-tag '  itemprop=\"headline\"  >El cemento es el material relacionado de la arena 5. <\/h3><div class='special-heading-border'><div class='special-heading-inner-border'><\/div><\/div><\/div><br \/>\n\n<style type=\"text\/css\" data-created_by=\"avia_inline_auto\" id=\"style-css-av-krva9juw-f63ecd36997b7f0801637015aff007f9\">\n#top .hr.av-krva9juw-f63ecd36997b7f0801637015aff007f9{\nmargin-top:1px;\nmargin-bottom:1px;\n}\n.hr.av-krva9juw-f63ecd36997b7f0801637015aff007f9 .hr-inner{\nwidth:100px;\nborder-color:#ed9600;\n}\n<\/style>\n<div  class='hr av-krva9juw-f63ecd36997b7f0801637015aff007f9 hr-custom  avia-builder-el-24  el_after_av_heading  avia-builder-el-last  hr-left hr-icon-no '><span class='hr-inner inner-border-av-border-fat'><span class=\"hr-inner-style\"><\/span><\/span><\/div><\/p><\/div>\n<style type=\"text\/css\" data-created_by=\"avia_inline_auto\" id=\"style-css-av-6ybox-a18d61f7c5a0d3f52bf84c70c15a9569\">\n.flex_column.av-6ybox-a18d61f7c5a0d3f52bf84c70c15a9569{\nborder-radius:0px 0px 0px 0px;\n-webkit-border-radius:0px 0px 0px 0px;\n-moz-border-radius:0px 0px 0px 0px;\n}\n<\/style>\n<div class='flex_column av-6ybox-a18d61f7c5a0d3f52bf84c70c15a9569 av_one_fifth  avia-builder-el-25  el_after_av_one_half  el_before_av_hr  no_margin flex_column_div av-zero-column-padding '   ><\/div>\n<style type=\"text\/css\" data-created_by=\"avia_inline_auto\" id=\"style-css-av-ajqn5-323c050cafd4db92ab2b9cf82d390e7b\">\n#top .hr.hr-invisible.av-ajqn5-323c050cafd4db92ab2b9cf82d390e7b{\nheight:80px;\n}\n<\/style>\n<div  class='hr av-ajqn5-323c050cafd4db92ab2b9cf82d390e7b hr-invisible  avia-builder-el-26  el_after_av_one_fifth  avia-builder-el-last   av-small-hide av-mini-hide'><span class='hr-inner '><span class=\"hr-inner-style\"><\/span><\/span><\/div><\/p>\n<\/div><\/div><div class=\"flex_cell no_margin av_one_half  avia-builder-el-27  el_after_av_cell_one_half  avia-builder-el-last   avia-full-stretch \"  style='background:url(https:\/\/guiasde.com\/materialescentenario\/wp-content\/uploads\/2021\/08\/arena5-3.jpg) center center no-repeat scroll; vertical-align:top; padding:170px 30px 170px 30px ; ' ><div class='flex_cell_inner' ><\/div><\/div>\n<\/div><\/p>\n<div id='av_section_3'  class='avia-section av-jqeyp-d5c865641117350229a13e9091a26604 main_color avia-section-default avia-no-border-styling  avia-builder-el-28  el_after_av_layout_row  avia-builder-el-last  avia-bg-style-scroll  container_wrap fullsize'  ><div class='container av-section-cont-open' ><div class='template-page content  av-content-full alpha units'><div class='post-entry post-entry-type-page post-entry-168'><div class='entry-content-wrapper clearfix'>\n\n<style type=\"text\/css\" data-created_by=\"avia_inline_auto\" id=\"style-css-av-d7w29-f3e67dc55a4958cc0e432dcbd7f43aca\">\n.flex_column.av-d7w29-f3e67dc55a4958cc0e432dcbd7f43aca{\nborder-radius:0px 0px 0px 0px;\n-webkit-border-radius:0px 0px 0px 0px;\n-moz-border-radius:0px 0px 0px 0px;\n}\n<\/style>\n<div class='flex_column av-d7w29-f3e67dc55a4958cc0e432dcbd7f43aca av_one_full  avia-builder-el-29  avia-builder-el-no-sibling  first flex_column_div av-zero-column-padding '   ><div  class='av-woo-product-related-upsells  avia-builder-el-30  avia-builder-el-no-sibling '><\/div><\/div>\n\n","protected":false},"excerpt":{"rendered":"","protected":false},"featured_media":174,"template":"","meta":[],"product_cat":[21],"product_tag":[],"_links":{"self":[{"href":"https:\/\/guiasde.com\/materialescentenario\/wp-json\/wp\/v2\/product\/168"}],"collection":[{"href":"https:\/\/guiasde.com\/materialescentenario\/wp-json\/wp\/v2\/product"}],"about":[{"href":"https:\/\/guiasde.com\/materialescentenario\/wp-json\/wp\/v2\/types\/product"}],"wp:featuredmedia":[{"embeddable":true,"href":"https:\/\/guiasde.com\/materialescentenario\/wp-json\/wp\/v2\/media\/174"}],"wp:attachment":[{"href":"https:\/\/guiasde.com\/materialescentenario\/wp-json\/wp\/v2\/media?parent=168"}],"wp:term":[{"taxonomy":"product_cat","embeddable":true,"href":"https:\/\/guiasde.com\/materialescentenario\/wp-json\/wp\/v2\/product_cat?post=168"},{"taxonomy":"product_tag","embeddable":true,"href":"https:\/\/guiasde.com\/materialescentenario\/wp-json\/wp\/v2\/product_tag?post=168"}],"curies":[{"name":"wp","href":"https:\/\/api.w.org\/{rel}","templated":true}]}}