{"id":183,"date":"2021-08-03T21:57:37","date_gmt":"2021-08-03T21:57:37","guid":{"rendered":"http:\/\/guiasde.com\/materialescentenario\/?post_type=product&#038;p=183"},"modified":"2021-10-21T00:05:13","modified_gmt":"2021-10-21T00:05:13","slug":"block-de-concreto","status":"publish","type":"product","link":"https:\/\/guiasde.com\/materialescentenario\/producto\/block-de-concreto\/","title":{"rendered":"Block de concreto"},"content":{"rendered":"\n<style type=\"text\/css\" data-created_by=\"avia_inline_auto\" id=\"style-css-av-7fx0ti-00069d25b3e4cf36fe4508f069267269\">\n.avia-section.av-7fx0ti-00069d25b3e4cf36fe4508f069267269{\nbackground-repeat:no-repeat;\nbackground-image:url(https:\/\/guiasde.com\/materialescentenario\/wp-content\/uploads\/2021\/08\/blockfondo.jpg);\nbackground-position:50% 50%;\nbackground-attachment:fixed;\nmargin-top:0px;\nmargin-bottom:0px;\n}\n.avia-section.av-7fx0ti-00069d25b3e4cf36fe4508f069267269 .av-section-color-overlay{\nopacity:0.4;\nbackground-color:#0a0a0a;\n}\n.avia-section.av-7fx0ti-00069d25b3e4cf36fe4508f069267269 .av-extra-border-element .av-extra-border-inner{\nbackground-color:#ffffff;\n}\n<\/style>\n<div id='av_section_1'  class='avia-section av-7fx0ti-00069d25b3e4cf36fe4508f069267269 main_color avia-section-default avia-no-border-styling  avia-builder-el-0  el_before_av_section  avia-builder-el-first  diagonalb avia-full-stretch avia-bg-style-fixed av-section-color-overlay-active  av-minimum-height av-minimum-height-custom  container_wrap fullsize'  data-section-bg-repeat='stretch'><div class='av-section-color-overlay-wrap'><div class=\"av-section-color-overlay\"><\/div><div class='container av-section-cont-open' style='height:400px'><main  role=\"main\" itemprop=\"mainContentOfPage\"  class='template-page content  av-content-full alpha units'><div class='post-entry post-entry-type-page post-entry-183'><div class='entry-content-wrapper clearfix'>\n\n<style type=\"text\/css\" data-created_by=\"avia_inline_auto\" id=\"style-css-av-785c5a-6d22e849af67e4f92f885bd97c2214af\">\n.flex_column.av-785c5a-6d22e849af67e4f92f885bd97c2214af{\nborder-radius:0px 0px 0px 0px;\n-webkit-border-radius:0px 0px 0px 0px;\n-moz-border-radius:0px 0px 0px 0px;\n}\n<\/style>\n<div class='flex_column av-785c5a-6d22e849af67e4f92f885bd97c2214af av_one_half  avia-builder-el-1  el_before_av_one_half  avia-builder-el-first  first flex_column_div av-zero-column-padding '   ><p>\n<style type=\"text\/css\" data-created_by=\"avia_inline_auto\" id=\"style-css-av-pk5wu-389a7fc2a60852b2cbbfe3f0da8a3a08\">\n#top .av-special-heading.av-pk5wu-389a7fc2a60852b2cbbfe3f0da8a3a08{\npadding-bottom:0px;\ncolor:#ffffff;\nfont-size:40px;\n}\n.av-special-heading.av-pk5wu-389a7fc2a60852b2cbbfe3f0da8a3a08 .special-heading-inner-border{\nborder-color:#ffffff;\n}\n.av-special-heading.av-pk5wu-389a7fc2a60852b2cbbfe3f0da8a3a08 .av-subheading{\nfont-size:19px;\n}\n<\/style>\n<div  class='av-special-heading av-pk5wu-389a7fc2a60852b2cbbfe3f0da8a3a08 av-special-heading-h1 custom-color-heading blockquote modern-quote  avia-builder-el-2  el_before_av_hr  avia-builder-el-first  av-inherit-size '><h1 class='av-special-heading-tag '  itemprop=\"headline\"  >Block de concreto<\/h1><div class='av_custom_color av-subheading av-subheading_below '><p>Utilizado ampliamente en la construcci\u00f3n<\/p>\n<\/div><div class='special-heading-border'><div class='special-heading-inner-border'><\/div><\/div><\/div><br \/>\n\n<style type=\"text\/css\" data-created_by=\"avia_inline_auto\" id=\"style-css-av-6xz6ti-f54d016ac9d847326d6f0863765adb01\">\n#top .hr.av-6xz6ti-f54d016ac9d847326d6f0863765adb01{\nmargin-top:0px;\nmargin-bottom:0px;\n}\n.hr.av-6xz6ti-f54d016ac9d847326d6f0863765adb01 .hr-inner{\nwidth:100px;\nborder-color:#ed9600;\n}\n<\/style>\n<div  class='hr av-6xz6ti-f54d016ac9d847326d6f0863765adb01 hr-custom  avia-builder-el-3  el_after_av_heading  avia-builder-el-last  hr-left hr-icon-no '><span class='hr-inner inner-border-av-border-fat'><span class=\"hr-inner-style\"><\/span><\/span><\/div><\/p><\/div>\n<style type=\"text\/css\" data-created_by=\"avia_inline_auto\" id=\"style-css-av-6pbea6-a3baeb26937b6fc62ee48aabc85256e0\">\n.flex_column.av-6pbea6-a3baeb26937b6fc62ee48aabc85256e0{\nborder-radius:0px 0px 0px 0px;\n-webkit-border-radius:0px 0px 0px 0px;\n-moz-border-radius:0px 0px 0px 0px;\n}\n<\/style>\n<div class='flex_column av-6pbea6-a3baeb26937b6fc62ee48aabc85256e0 av_one_half  avia-builder-el-4  el_after_av_one_half  avia-builder-el-last  flex_column_div av-zero-column-padding '   ><\/div>\n\n<\/div><\/div><\/main><!-- close content main element --><\/div><div class='av-extra-border-element border-extra-diagonal border-extra-diagonal-inverse diagonal-box-shadow'><div class='av-extra-border-outer'><div class='av-extra-border-inner'><\/div><\/div><\/div><\/div><\/div><div id='av_section_2'  class='avia-section av-naswe-51d22f7edbc1bf604acc302ba7efcd7b main_color avia-section-default avia-no-border-styling  avia-builder-el-5  el_after_av_section  el_before_av_section  avia-bg-style-scroll  container_wrap fullsize'  ><div class='container av-section-cont-open' ><div class='template-page content  av-content-full alpha units'><div class='post-entry post-entry-type-page post-entry-183'><div class='entry-content-wrapper clearfix'>\n<div class='flex_column_table av-6d6esu-56dc3130592cc3a4eaabb9d64e0774f5 sc-av_one_half av-equal-height-column-flextable'>\n<style type=\"text\/css\" data-created_by=\"avia_inline_auto\" id=\"style-css-av-6d6esu-56dc3130592cc3a4eaabb9d64e0774f5\">\n.flex_column.av-6d6esu-56dc3130592cc3a4eaabb9d64e0774f5{\nborder-radius:0px 0px 0px 0px;\n-webkit-border-radius:0px 0px 0px 0px;\n-moz-border-radius:0px 0px 0px 0px;\n}\n<\/style>\n<div class='flex_column av-6d6esu-56dc3130592cc3a4eaabb9d64e0774f5 av_one_half  avia-builder-el-6  el_before_av_one_half  avia-builder-el-first  first flex_column_table_cell av-equal-height-column av-align-top av-zero-column-padding '   ><style type=\"text\/css\" data-created_by=\"avia_inline_auto\" id=\"style-css-av-m5oym-28c0b21e6311663890d8fe03800b9503\">\n.avia-image-container.av-m5oym-28c0b21e6311663890d8fe03800b9503 .av-image-caption-overlay-center{\ncolor:#ffffff;\n}\n<\/style>\n<div  class='avia-image-container av-m5oym-28c0b21e6311663890d8fe03800b9503 av-styling- avia-align-center  avia-builder-el-7  avia-builder-el-no-sibling  '  itemprop=\"image\" itemscope=\"itemscope\" itemtype=\"https:\/\/schema.org\/ImageObject\" ><div class=\"avia-image-container-inner\"><div class=\"avia-image-overlay-wrap\"><img class='wp-image-184 avia-img-lazy-loading-not-184 avia_image' src=\"https:\/\/guiasde.com\/materialescentenario\/wp-content\/uploads\/2021\/08\/block3.jpeg\" alt='' title='block3'  height=\"534\" width=\"356\"  itemprop=\"thumbnailUrl\" srcset=\"https:\/\/guiasde.com\/materialescentenario\/wp-content\/uploads\/2021\/08\/block3.jpeg 356w, https:\/\/guiasde.com\/materialescentenario\/wp-content\/uploads\/2021\/08\/block3-200x300.jpeg 200w, https:\/\/guiasde.com\/materialescentenario\/wp-content\/uploads\/2021\/08\/block3-64x96.jpeg 64w\" sizes=\"(max-width: 356px) 100vw, 356px\" \/><\/div><\/div><\/div><\/div><div class='av-flex-placeholder'><\/div>\n<style type=\"text\/css\" data-created_by=\"avia_inline_auto\" id=\"style-css-av-61lj32-537e2c49f7a6650cdfa6e0695f80bdb8\">\n.flex_column.av-61lj32-537e2c49f7a6650cdfa6e0695f80bdb8{\nborder-radius:0px 0px 0px 0px;\n-webkit-border-radius:0px 0px 0px 0px;\n-moz-border-radius:0px 0px 0px 0px;\n}\n<\/style>\n<div class='flex_column av-61lj32-537e2c49f7a6650cdfa6e0695f80bdb8 av_one_half  avia-builder-el-8  el_after_av_one_half  el_before_av_hr  flex_column_table_cell av-equal-height-column av-align-top av-zero-column-padding '   ><p>\n<style type=\"text\/css\" data-created_by=\"avia_inline_auto\" id=\"style-css-av-5whvz2-7c7f8d10694a876a1492add6742aac27\">\n#top .av-special-heading.av-5whvz2-7c7f8d10694a876a1492add6742aac27{\npadding-bottom:10px;\ncolor:#171795;\nfont-size:35px;\n}\n.av-special-heading.av-5whvz2-7c7f8d10694a876a1492add6742aac27 .special-heading-inner-border{\nborder-color:#171795;\n}\n<\/style>\n<div  class='av-special-heading av-5whvz2-7c7f8d10694a876a1492add6742aac27 av-special-heading-h2 custom-color-heading blockquote modern-quote  avia-builder-el-9  el_before_av_textblock  avia-builder-el-first  av-inherit-size '><h2 class='av-special-heading-tag '  itemprop=\"headline\"  >Block de concreto<\/h2><div class='special-heading-border'><div class='special-heading-inner-border'><\/div><\/div><\/div><br \/>\n<section class=\"av_textblock_section \"  itemscope=\"itemscope\" itemtype=\"https:\/\/schema.org\/CreativeWork\" ><div class='avia_textblock  '   itemprop=\"text\" ><ul>\n<li>Familia: Block<\/li>\n<li>Producto: Block de concreto<\/li>\n<li>Presentaci\u00f3n:<br \/>\nBlock #4<br \/>\nBlock #6<br \/>\nBlock #8<\/li>\n<\/ul>\n<p class=\"normal\"><strong><span lang=\"es\">Su venta es por pieza <\/span><\/strong><\/p>\n<\/div><\/section><br \/>\n\n<style type=\"text\/css\" data-created_by=\"avia_inline_auto\" id=\"style-css-av-5jodry-d91633e2b4cea4772f3c21c8a3440a1e\">\n#top .av-special-heading.av-5jodry-d91633e2b4cea4772f3c21c8a3440a1e{\npadding-bottom:10px;\n}\n<\/style>\n<div  class='av-special-heading av-5jodry-d91633e2b4cea4772f3c21c8a3440a1e av-special-heading-h3 blockquote modern-quote  avia-builder-el-11  el_after_av_textblock  el_before_av_textblock  '><h3 class='av-special-heading-tag '  itemprop=\"headline\"  >Informaci\u00f3n<\/h3><div class='special-heading-border'><div class='special-heading-inner-border'><\/div><\/div><\/div><br \/>\n<section class=\"av_textblock_section \"  itemscope=\"itemscope\" itemtype=\"https:\/\/schema.org\/CreativeWork\" ><div class='avia_textblock  '   itemprop=\"text\" ><p>Pieza de concreto prefabricada con forma prism\u00e1tica y caras lisas, es fabricada vertiendo una mezcla de cemento, arena y agregados a trav\u00e9s de procesos industrializados con tecnolog\u00eda de punta, garantizando la calidad en cada pieza, logrando con esto obras de mayor calidad y reduciendo el desperdicio en obra.<\/p>\n<\/div><\/section><br \/>\n<div class='av-woo-purchase-button  avia-builder-el-13  el_after_av_textblock  el_before_av_textblock '><p class=\"price\"><\/p>\n<div class=\"yith-ywraq-add-to-quote add-to-quote-183 near-add-to-cart\">\n\t<div class=\"yith-ywraq-add-button show\" style=\"display:block\">\n\t\t\n<a href=\"#\" class=\"add-request-quote-button button\" data-product_id=\"183\" data-wp_nonce=\"bab4c2ca94\">\n\tA\u00f1adir a cotizaci\u00f3n<\/a>\n<img src=\"https:\/\/guiasde.com\/materialescentenario\/wp-content\/plugins\/yith-woocommerce-request-a-quote\/assets\/images\/wpspin_light.gif\" class=\"ajax-loading\" alt=\"loading\" width=\"16\" height=\"16\" style=\"visibility:hidden\" \/>\n\t<\/div>\n\t<\/div>\n\n<div class=\"clear\"><\/div>\n<\/div><br \/>\n<section class=\"av_textblock_section \"  itemscope=\"itemscope\" itemtype=\"https:\/\/schema.org\/CreativeWork\" ><div class='avia_textblock  '   itemprop=\"text\" ><p>Si necesitas m\u00e1s informaci\u00f3n de nuestros precios y productos comun\u00edcate aqu\u00ed <a href=\"tel:+8183974488\">81 83 97 44 88<\/a> y <a href=\"tel:+8183974498\">81 83 97 44 98<\/a><\/p>\n<\/div><\/section><\/p><\/div><\/div><!--close column table wrapper. Autoclose: 1 -->\n<style type=\"text\/css\" data-created_by=\"avia_inline_auto\" id=\"style-css-av-4yit3y-958ea69c67160ac67676103ac99312a0\">\n#top .hr.hr-invisible.av-4yit3y-958ea69c67160ac67676103ac99312a0{\nheight:40px;\n}\n<\/style>\n<div  class='hr av-4yit3y-958ea69c67160ac67676103ac99312a0 hr-invisible  avia-builder-el-15  el_after_av_one_half  avia-builder-el-last  '><span class='hr-inner '><span class=\"hr-inner-style\"><\/span><\/span><\/div>\n<\/div><\/div><\/div><!-- close content main div --><\/div><\/div><div id='av_section_3'  class='avia-section av-3077ri-3eaaabe9aaf0be0e3f53e3bdbd086196 main_color avia-section-large avia-no-border-styling  avia-builder-el-16  el_after_av_section  el_before_av_layout_row  avia-bg-style-scroll  container_wrap fullsize'  ><div class='container av-section-cont-open' ><div class='template-page content  av-content-full alpha units'><div class='post-entry post-entry-type-page post-entry-183'><div class='entry-content-wrapper clearfix'>\n\n<style type=\"text\/css\" data-created_by=\"avia_inline_auto\" id=\"style-css-av-58n1a-770b1453f542a026f2df3c8414086630\">\n.flex_column.av-58n1a-770b1453f542a026f2df3c8414086630{\nborder-radius:0px 0px 0px 0px;\n-webkit-border-radius:0px 0px 0px 0px;\n-moz-border-radius:0px 0px 0px 0px;\n}\n<\/style>\n<div class='flex_column av-58n1a-770b1453f542a026f2df3c8414086630 av_one_third  avia-builder-el-17  el_before_av_one_third  avia-builder-el-first  first flex_column_div av-zero-column-padding '   ><p>\n<style type=\"text\/css\" data-created_by=\"avia_inline_auto\" id=\"style-css-av-1ba5x2-9a443e689e9e8c7d5a7c74c92e1f6a5d\">\n.av_font_icon.av-1ba5x2-9a443e689e9e8c7d5a7c74c92e1f6a5d{\ncolor:#171795;\nborder-color:#171795;\n}\n.av_font_icon.av-1ba5x2-9a443e689e9e8c7d5a7c74c92e1f6a5d .av-icon-char{\nfont-size:30px;\nline-height:30px;\n}\n<\/style>\n<span  class=\"av_font_icon av-1ba5x2-9a443e689e9e8c7d5a7c74c92e1f6a5d avia_animate_when_visible av-icon-style- avia-icon-pos-left avia-icon-animate \"><span class='av-icon-char' aria-hidden='true' data-av_icon='\ue817' data-av_iconfont='entypo-fontello' ><\/span><\/span><br \/>\n\n<style type=\"text\/css\" data-created_by=\"avia_inline_auto\" id=\"style-css-av-3zudq-97f67851d0c7a04b60369e256db07685\">\n#top .av-special-heading.av-3zudq-97f67851d0c7a04b60369e256db07685{\npadding-bottom:10px;\n}\n<\/style>\n<div  class='av-special-heading av-3zudq-97f67851d0c7a04b60369e256db07685 av-special-heading-h3 blockquote modern-quote  avia-builder-el-19  el_after_av_font_icon  el_before_av_textblock  '><h3 class='av-special-heading-tag '  itemprop=\"headline\"  >Usos<\/h3><div class='special-heading-border'><div class='special-heading-inner-border'><\/div><\/div><\/div><br \/>\n<section class=\"av_textblock_section \"  itemscope=\"itemscope\" itemtype=\"https:\/\/schema.org\/CreativeWork\" ><div class='avia_textblock  '   itemprop=\"text\" ><p class=\"normal\"><span lang=\"es\">El bloque de concreto es utilizado ampliamente en la construcci\u00f3n. Las principales aplicaciones son: <\/span><\/p>\n<ul>\n<li class=\"normal\"><span lang=\"es\">Muros simples o divisorios<\/span><\/li>\n<li class=\"normal\"><span lang=\"es\">Muros estructurales<\/span><\/li>\n<li class=\"normal\"><span lang=\"es\">Bardas perimetrales<\/span><\/li>\n<li class=\"normal\"><span lang=\"es\">Muros de retenci\u00f3n<\/span><\/li>\n<li class=\"normal\"><span lang=\"es\">Edificaciones<\/span><\/li>\n<\/ul>\n<\/div><\/section><\/p><\/div>\n<style type=\"text\/css\" data-created_by=\"avia_inline_auto\" id=\"style-css-av-2yrtge-f1766f12fb5f4c733ae13ac011a8197d\">\n.flex_column.av-2yrtge-f1766f12fb5f4c733ae13ac011a8197d{\nborder-radius:0px 0px 0px 0px;\n-webkit-border-radius:0px 0px 0px 0px;\n-moz-border-radius:0px 0px 0px 0px;\n}\n<\/style>\n<div class='flex_column av-2yrtge-f1766f12fb5f4c733ae13ac011a8197d av_one_third  avia-builder-el-21  el_after_av_one_third  el_before_av_one_third  flex_column_div av-zero-column-padding '   ><p>\n<style type=\"text\/css\" data-created_by=\"avia_inline_auto\" id=\"style-css-av-2qu2f2-caaf88319e7f3dc12469afe5b6654644\">\n.av_font_icon.av-2qu2f2-caaf88319e7f3dc12469afe5b6654644{\ncolor:#171795;\nborder-color:#171795;\n}\n.av_font_icon.av-2qu2f2-caaf88319e7f3dc12469afe5b6654644 .av-icon-char{\nfont-size:30px;\nline-height:30px;\n}\n<\/style>\n<span  class=\"av_font_icon av-2qu2f2-caaf88319e7f3dc12469afe5b6654644 avia_animate_when_visible av-icon-style- avia-icon-pos-left avia-icon-animate \"><span class='av-icon-char' aria-hidden='true' data-av_icon='\ue8c6' data-av_iconfont='entypo-fontello' ><\/span><\/span><br \/>\n\n<style type=\"text\/css\" data-created_by=\"avia_inline_auto\" id=\"style-css-av-2jy7ku-f028ca792a7f8ecc82ba9a4963acf2e4\">\n#top .av-special-heading.av-2jy7ku-f028ca792a7f8ecc82ba9a4963acf2e4{\npadding-bottom:10px;\n}\n<\/style>\n<div  class='av-special-heading av-2jy7ku-f028ca792a7f8ecc82ba9a4963acf2e4 av-special-heading-h3 blockquote modern-quote  avia-builder-el-23  el_after_av_font_icon  el_before_av_textblock  '><h3 class='av-special-heading-tag '  itemprop=\"headline\"  >Especificaciones y medidas:<\/h3><div class='special-heading-border'><div class='special-heading-inner-border'><\/div><\/div><\/div><br \/>\n<section class=\"av_textblock_section \"  itemscope=\"itemscope\" itemtype=\"https:\/\/schema.org\/CreativeWork\" ><div class='avia_textblock  '   itemprop=\"text\" ><ul>\n<li>El block de concreto se puede utilizar en exterior e interior.<\/li>\n<li>La medida del block se elige en relaci\u00f3n a lo que se construye.<\/li>\n<li>Las medidas del block son las siguientes:<\/li>\n<\/ul>\n<table width=\"602\">\n<thead>\n<tr>\n<td width=\"201\">Block<\/td>\n<td width=\"201\">Medida en pulgadas<\/td>\n<td width=\"201\">Medida en cent\u00edmetros<\/td>\n<\/tr>\n<tr>\n<td width=\"201\">Block 4<\/td>\n<td width=\"201\">4 x 8 x 16<\/td>\n<td width=\"201\">10 x 20 x 40<\/td>\n<\/tr>\n<tr>\n<td width=\"201\">Block 6<\/td>\n<td width=\"201\">6 x 8 x 16<\/td>\n<td width=\"201\">15 x 20 x 40<\/td>\n<\/tr>\n<tr>\n<td width=\"201\">Block 8<\/td>\n<td width=\"201\">8 x 8 x 16<\/td>\n<td width=\"201\">20 x 20 x 40<\/td>\n<\/tr>\n<\/thead>\n<\/table>\n<\/div><\/section><\/p><\/div>\n<style type=\"text\/css\" data-created_by=\"avia_inline_auto\" id=\"style-css-av-br6pj-307949921b1e9c52bfaf080ffe58917a\">\n.flex_column.av-br6pj-307949921b1e9c52bfaf080ffe58917a{\nborder-radius:0px 0px 0px 0px;\n-webkit-border-radius:0px 0px 0px 0px;\n-moz-border-radius:0px 0px 0px 0px;\n}\n<\/style>\n<div class='flex_column av-br6pj-307949921b1e9c52bfaf080ffe58917a av_one_third  avia-builder-el-25  el_after_av_one_third  el_before_av_hr  flex_column_div av-zero-column-padding '   ><p>\n<style type=\"text\/css\" data-created_by=\"avia_inline_auto\" id=\"style-css-av-1vtd12-98ea44a703484fa2c1b78cf8c542180b\">\n.av_font_icon.av-1vtd12-98ea44a703484fa2c1b78cf8c542180b{\ncolor:#171795;\nborder-color:#171795;\n}\n.av_font_icon.av-1vtd12-98ea44a703484fa2c1b78cf8c542180b .av-icon-char{\nfont-size:30px;\nline-height:30px;\n}\n<\/style>\n<span  class=\"av_font_icon av-1vtd12-98ea44a703484fa2c1b78cf8c542180b avia_animate_when_visible av-icon-style- avia-icon-pos-left avia-icon-animate \"><span class='av-icon-char' aria-hidden='true' data-av_icon='\ue82b' data-av_iconfont='entypo-fontello' ><\/span><\/span><br \/>\n\n<style type=\"text\/css\" data-created_by=\"avia_inline_auto\" id=\"style-css-av-1qik7a-147874e5112f480d3ab5ead96ed8689e\">\n#top .av-special-heading.av-1qik7a-147874e5112f480d3ab5ead96ed8689e{\npadding-bottom:10px;\n}\n<\/style>\n<div  class='av-special-heading av-1qik7a-147874e5112f480d3ab5ead96ed8689e av-special-heading-h3 blockquote modern-quote  avia-builder-el-27  el_after_av_font_icon  el_before_av_textblock  '><h3 class='av-special-heading-tag '  itemprop=\"headline\"  >Ventajas<\/h3><div class='special-heading-border'><div class='special-heading-inner-border'><\/div><\/div><\/div><br \/>\n<section class=\"av_textblock_section \"  itemscope=\"itemscope\" itemtype=\"https:\/\/schema.org\/CreativeWork\" ><div class='avia_textblock  '   itemprop=\"text\" ><ul>\n<li>F\u00e1cil manejo del producto<\/li>\n<li>Instalaci\u00f3n sencilla<\/li>\n<li>Ahorro de tiempos en la construcci\u00f3n<\/li>\n<li>Durabilidad y resistencia<\/li>\n<\/ul>\n<\/div><\/section><\/p><\/div>\n<style type=\"text\/css\" data-created_by=\"avia_inline_auto\" id=\"style-css-av-250leu-24a228a7725e2543d4d75aca5bf91470\">\n#top .hr.hr-invisible.av-250leu-24a228a7725e2543d4d75aca5bf91470{\nheight:40px;\n}\n<\/style>\n<div  class='hr av-250leu-24a228a7725e2543d4d75aca5bf91470 hr-invisible  avia-builder-el-29  el_after_av_one_third  avia-builder-el-last  '><span class='hr-inner '><span class=\"hr-inner-style\"><\/span><\/span><\/div>\n<\/p>\n<\/div><\/div><\/div><!-- close content main div --><\/div><\/div><div id='av-layout-grid-1'  class='av-layout-grid-container entry-content-wrapper main_color av-flex-cells     avia-builder-el-30  el_after_av_section  el_before_av_section  submenu-not-first container_wrap fullsize'  >\n<div class=\"flex_cell no_margin av_one_half  avia-builder-el-31  el_before_av_cell_one_half  avia-builder-el-first   \"  style='background: #f4f4f4; vertical-align:middle; padding:60px 30px 60px 30px ; background-color:#f4f4f4; ' ><div class='flex_cell_inner' ><p>\n<style type=\"text\/css\" data-created_by=\"avia_inline_auto\" id=\"style-css-av-4d3w0u-0dd10fb0d7e4b5880b3fce5b5a2a7862\">\n#top .hr.hr-invisible.av-4d3w0u-0dd10fb0d7e4b5880b3fce5b5a2a7862{\nheight:80px;\n}\n<\/style>\n<div  class='hr av-4d3w0u-0dd10fb0d7e4b5880b3fce5b5a2a7862 hr-invisible  avia-builder-el-32  el_before_av_one_fifth  avia-builder-el-first   av-small-hide av-mini-hide'><span class='hr-inner '><span class=\"hr-inner-style\"><\/span><\/span><\/div><br \/>\n\n<style type=\"text\/css\" data-created_by=\"avia_inline_auto\" id=\"style-css-av-47supi-12a111ffaae3ff987aeaac7a1bdc8e7c\">\n.flex_column.av-47supi-12a111ffaae3ff987aeaac7a1bdc8e7c{\nborder-radius:0px 0px 0px 0px;\n-webkit-border-radius:0px 0px 0px 0px;\n-moz-border-radius:0px 0px 0px 0px;\n}\n<\/style>\n<div class='flex_column av-47supi-12a111ffaae3ff987aeaac7a1bdc8e7c av_one_fifth  avia-builder-el-33  el_after_av_hr  el_before_av_one_half  first no_margin flex_column_div av-zero-column-padding '   ><\/div>\n<style type=\"text\/css\" data-created_by=\"avia_inline_auto\" id=\"style-css-av-445572-b2f4355f02d8f87a7e5ccfdf82590035\">\n.flex_column.av-445572-b2f4355f02d8f87a7e5ccfdf82590035{\nborder-radius:0px 0px 0px 0px;\n-webkit-border-radius:0px 0px 0px 0px;\n-moz-border-radius:0px 0px 0px 0px;\npadding:35px 35px 35px 35px;\n}\n<\/style>\n<div class='flex_column av-445572-b2f4355f02d8f87a7e5ccfdf82590035 av_one_half  avia-builder-el-34  el_after_av_one_fifth  el_before_av_one_fifth  no_margin flex_column_div '   ><p>\n<style type=\"text\/css\" data-created_by=\"avia_inline_auto\" id=\"style-css-av-3ubx5a-557684645cab2d0679ea18bb65d61838\">\n#top .av-special-heading.av-3ubx5a-557684645cab2d0679ea18bb65d61838{\npadding-bottom:10px;\ncolor:#171795;\nfont-size:35px;\n}\n.av-special-heading.av-3ubx5a-557684645cab2d0679ea18bb65d61838 .special-heading-inner-border{\nborder-color:#171795;\n}\n<\/style>\n<div  class='av-special-heading av-3ubx5a-557684645cab2d0679ea18bb65d61838 av-special-heading-h3 custom-color-heading blockquote modern-quote  avia-builder-el-35  el_before_av_hr  avia-builder-el-first  av-inherit-size '><h3 class='av-special-heading-tag '  itemprop=\"headline\"  >Ahorro de tiempos en la construcci\u00f3n<\/h3><div class='special-heading-border'><div class='special-heading-inner-border'><\/div><\/div><\/div><br \/>\n\n<style type=\"text\/css\" data-created_by=\"avia_inline_auto\" id=\"style-css-av-3obgpi-31f57b1c28f28a43bfbb6aa08babcaed\">\n#top .hr.av-3obgpi-31f57b1c28f28a43bfbb6aa08babcaed{\nmargin-top:1px;\nmargin-bottom:1px;\n}\n.hr.av-3obgpi-31f57b1c28f28a43bfbb6aa08babcaed .hr-inner{\nwidth:100px;\nborder-color:#ed9600;\n}\n<\/style>\n<div  class='hr av-3obgpi-31f57b1c28f28a43bfbb6aa08babcaed hr-custom  avia-builder-el-36  el_after_av_heading  avia-builder-el-last  hr-left hr-icon-no '><span class='hr-inner inner-border-av-border-fat'><span class=\"hr-inner-style\"><\/span><\/span><\/div><\/p><\/div>\n<style type=\"text\/css\" data-created_by=\"avia_inline_auto\" id=\"style-css-av-3lejpa-d4e44cd1700edce41b285b94c8021301\">\n.flex_column.av-3lejpa-d4e44cd1700edce41b285b94c8021301{\nborder-radius:0px 0px 0px 0px;\n-webkit-border-radius:0px 0px 0px 0px;\n-moz-border-radius:0px 0px 0px 0px;\n}\n<\/style>\n<div class='flex_column av-3lejpa-d4e44cd1700edce41b285b94c8021301 av_one_fifth  avia-builder-el-37  el_after_av_one_half  el_before_av_hr  no_margin flex_column_div av-zero-column-padding '   ><\/div>\n<style type=\"text\/css\" data-created_by=\"avia_inline_auto\" id=\"style-css-av-3fk086-c7ed4574e31c7de06e03715142c6ce6e\">\n#top .hr.hr-invisible.av-3fk086-c7ed4574e31c7de06e03715142c6ce6e{\nheight:80px;\n}\n<\/style>\n<div  class='hr av-3fk086-c7ed4574e31c7de06e03715142c6ce6e hr-invisible  avia-builder-el-38  el_after_av_one_fifth  avia-builder-el-last   av-small-hide av-mini-hide'><span class='hr-inner '><span class=\"hr-inner-style\"><\/span><\/span><\/div><\/p>\n<\/div><\/div><div class=\"flex_cell no_margin av_one_half  avia-builder-el-39  el_after_av_cell_one_half  avia-builder-el-last   avia-full-stretch \"  style='background:url(https:\/\/guiasde.com\/materialescentenario\/wp-content\/uploads\/2021\/08\/blockes.jpg) center center no-repeat scroll; vertical-align:top; padding:170px 30px 170px 30px ; ' ><div class='flex_cell_inner' ><\/div><\/div>\n<\/div>\n<div id='av_section_4'  class='avia-section av-1v1py-59ac9ec5a5716e93a15539d8855c9344 main_color avia-section-default avia-no-border-styling  avia-builder-el-40  el_after_av_layout_row  avia-builder-el-last  avia-bg-style-scroll  container_wrap fullsize'  ><div class='container av-section-cont-open' ><div class='template-page content  av-content-full alpha units'><div class='post-entry post-entry-type-page post-entry-183'><div class='entry-content-wrapper clearfix'>\n\n<style type=\"text\/css\" data-created_by=\"avia_inline_auto\" id=\"style-css-av-eja3q-db47bdda00e40c14728c057f3be886e8\">\n.flex_column.av-eja3q-db47bdda00e40c14728c057f3be886e8{\nborder-radius:0px 0px 0px 0px;\n-webkit-border-radius:0px 0px 0px 0px;\n-moz-border-radius:0px 0px 0px 0px;\n}\n<\/style>\n<div class='flex_column av-eja3q-db47bdda00e40c14728c057f3be886e8 av_one_full  avia-builder-el-41  avia-builder-el-no-sibling  first flex_column_div av-zero-column-padding '   ><div  class='av-woo-product-related-upsells  avia-builder-el-42  avia-builder-el-no-sibling '><\/div><\/div>\n\n","protected":false},"excerpt":{"rendered":"","protected":false},"featured_media":187,"template":"","meta":[],"product_cat":[23],"product_tag":[],"_links":{"self":[{"href":"https:\/\/guiasde.com\/materialescentenario\/wp-json\/wp\/v2\/product\/183"}],"collection":[{"href":"https:\/\/guiasde.com\/materialescentenario\/wp-json\/wp\/v2\/product"}],"about":[{"href":"https:\/\/guiasde.com\/materialescentenario\/wp-json\/wp\/v2\/types\/product"}],"wp:featuredmedia":[{"embeddable":true,"href":"https:\/\/guiasde.com\/materialescentenario\/wp-json\/wp\/v2\/media\/187"}],"wp:attachment":[{"href":"https:\/\/guiasde.com\/materialescentenario\/wp-json\/wp\/v2\/media?parent=183"}],"wp:term":[{"taxonomy":"product_cat","embeddable":true,"href":"https:\/\/guiasde.com\/materialescentenario\/wp-json\/wp\/v2\/product_cat?post=183"},{"taxonomy":"product_tag","embeddable":true,"href":"https:\/\/guiasde.com\/materialescentenario\/wp-json\/wp\/v2\/product_tag?post=183"}],"curies":[{"name":"wp","href":"https:\/\/api.w.org\/{rel}","templated":true}]}}