{"id":655,"date":"2021-09-22T15:41:16","date_gmt":"2021-09-22T15:41:16","guid":{"rendered":"http:\/\/guiasde.com\/materialescentenario\/?post_type=product&#038;p=655"},"modified":"2021-10-20T23:52:39","modified_gmt":"2021-10-20T23:52:39","slug":"juntacrest-ultramax","status":"publish","type":"product","link":"https:\/\/guiasde.com\/materialescentenario\/producto\/juntacrest-ultramax\/","title":{"rendered":"Juntacrest Ultramax"},"content":{"rendered":"\n<style type=\"text\/css\" data-created_by=\"avia_inline_auto\" id=\"style-css-av-7fx0ti-3b764a342745ad5446c89b24d6a2ce6f\">\n.avia-section.av-7fx0ti-3b764a342745ad5446c89b24d6a2ce6f{\nbackground-repeat:no-repeat;\nbackground-image:url(https:\/\/guiasde.com\/materialescentenario\/wp-content\/uploads\/2021\/09\/emboquillado2.jpg);\nbackground-position:50% 100%;\nbackground-attachment:fixed;\nmargin-top:0px;\nmargin-bottom:0px;\n}\n.avia-section.av-7fx0ti-3b764a342745ad5446c89b24d6a2ce6f .av-section-color-overlay{\nopacity:0.4;\nbackground-color:#0a0a0a;\n}\n.avia-section.av-7fx0ti-3b764a342745ad5446c89b24d6a2ce6f .av-extra-border-element .av-extra-border-inner{\nbackground-color:#ffffff;\n}\n<\/style>\n<div id='av_section_1'  class='avia-section av-7fx0ti-3b764a342745ad5446c89b24d6a2ce6f main_color avia-section-default avia-no-border-styling  avia-builder-el-0  el_before_av_section  avia-builder-el-first  diagonalb avia-full-stretch avia-bg-style-fixed av-section-color-overlay-active  av-minimum-height av-minimum-height-custom  container_wrap fullsize'  data-section-bg-repeat='stretch'><div class='av-section-color-overlay-wrap'><div class=\"av-section-color-overlay\"><\/div><div class='container av-section-cont-open' style='height:350px'><main  role=\"main\" itemprop=\"mainContentOfPage\"  class='template-page content  av-content-full alpha units'><div class='post-entry post-entry-type-page post-entry-655'><div class='entry-content-wrapper clearfix'>\n\n<style type=\"text\/css\" data-created_by=\"avia_inline_auto\" id=\"style-css-av-785c5a-6d22e849af67e4f92f885bd97c2214af\">\n.flex_column.av-785c5a-6d22e849af67e4f92f885bd97c2214af{\nborder-radius:0px 0px 0px 0px;\n-webkit-border-radius:0px 0px 0px 0px;\n-moz-border-radius:0px 0px 0px 0px;\n}\n<\/style>\n<div class='flex_column av-785c5a-6d22e849af67e4f92f885bd97c2214af av_one_half  avia-builder-el-1  el_before_av_one_half  avia-builder-el-first  first flex_column_div av-zero-column-padding '   ><p>\n<style type=\"text\/css\" data-created_by=\"avia_inline_auto\" id=\"style-css-av-pk5wu-205f943be7145f1721c2b0f13dcd7ad6\">\n#top .av-special-heading.av-pk5wu-205f943be7145f1721c2b0f13dcd7ad6{\npadding-bottom:0px;\ncolor:#ffffff;\nfont-size:40px;\n}\n.av-special-heading.av-pk5wu-205f943be7145f1721c2b0f13dcd7ad6 .special-heading-inner-border{\nborder-color:#ffffff;\n}\n<\/style>\n<div  class='av-special-heading av-pk5wu-205f943be7145f1721c2b0f13dcd7ad6 av-special-heading-h1 custom-color-heading blockquote modern-quote  avia-builder-el-2  el_before_av_hr  avia-builder-el-first  av-inherit-size '><h1 class='av-special-heading-tag '  itemprop=\"headline\"  >Juntacrest Ultramax<\/h1><div class='special-heading-border'><div class='special-heading-inner-border'><\/div><\/div><\/div><br \/>\n\n<style type=\"text\/css\" data-created_by=\"avia_inline_auto\" id=\"style-css-av-6xz6ti-f54d016ac9d847326d6f0863765adb01\">\n#top .hr.av-6xz6ti-f54d016ac9d847326d6f0863765adb01{\nmargin-top:0px;\nmargin-bottom:0px;\n}\n.hr.av-6xz6ti-f54d016ac9d847326d6f0863765adb01 .hr-inner{\nwidth:100px;\nborder-color:#ed9600;\n}\n<\/style>\n<div  class='hr av-6xz6ti-f54d016ac9d847326d6f0863765adb01 hr-custom  avia-builder-el-3  el_after_av_heading  avia-builder-el-last  hr-left hr-icon-no '><span class='hr-inner inner-border-av-border-fat'><span class=\"hr-inner-style\"><\/span><\/span><\/div><\/p><\/div>\n<style type=\"text\/css\" data-created_by=\"avia_inline_auto\" id=\"style-css-av-6pbea6-a3baeb26937b6fc62ee48aabc85256e0\">\n.flex_column.av-6pbea6-a3baeb26937b6fc62ee48aabc85256e0{\nborder-radius:0px 0px 0px 0px;\n-webkit-border-radius:0px 0px 0px 0px;\n-moz-border-radius:0px 0px 0px 0px;\n}\n<\/style>\n<div class='flex_column av-6pbea6-a3baeb26937b6fc62ee48aabc85256e0 av_one_half  avia-builder-el-4  el_after_av_one_half  avia-builder-el-last  flex_column_div av-zero-column-padding '   ><\/div>\n\n<\/div><\/div><\/main><!-- close content main element --><\/div><div class='av-extra-border-element border-extra-diagonal border-extra-diagonal-inverse diagonal-box-shadow'><div class='av-extra-border-outer'><div class='av-extra-border-inner'><\/div><\/div><\/div><\/div><\/div><div id='av_section_2'  class='avia-section av-naswe-10a430a82d5ff134aebf064647c19cea main_color avia-section-default avia-no-border-styling  avia-builder-el-5  el_after_av_section  el_before_av_layout_row  avia-bg-style-scroll  container_wrap fullsize'  ><div class='container av-section-cont-open' ><div class='template-page content  av-content-full alpha units'><div class='post-entry post-entry-type-page post-entry-655'><div class='entry-content-wrapper clearfix'>\n<div class='flex_column_table av-6d6esu-56dc3130592cc3a4eaabb9d64e0774f5 sc-av_one_half av-equal-height-column-flextable'>\n<style type=\"text\/css\" data-created_by=\"avia_inline_auto\" id=\"style-css-av-6d6esu-56dc3130592cc3a4eaabb9d64e0774f5\">\n.flex_column.av-6d6esu-56dc3130592cc3a4eaabb9d64e0774f5{\nborder-radius:0px 0px 0px 0px;\n-webkit-border-radius:0px 0px 0px 0px;\n-moz-border-radius:0px 0px 0px 0px;\n}\n<\/style>\n<div class='flex_column av-6d6esu-56dc3130592cc3a4eaabb9d64e0774f5 av_one_half  avia-builder-el-6  el_before_av_one_half  avia-builder-el-first  first flex_column_table_cell av-equal-height-column av-align-top av-zero-column-padding '   ><p><section class=\"av_textblock_section \"  itemscope=\"itemscope\" itemtype=\"https:\/\/schema.org\/CreativeWork\" ><div class='avia_textblock  '   itemprop=\"text\" ><p><img loading=\"lazy\" class=\"wp-image-656 aligncenter\" src=\"http:\/\/guiasde.com\/materialescentenario\/wp-content\/uploads\/2021\/09\/juntacrest1.jpg\" alt=\"\" width=\"573\" height=\"499\" srcset=\"https:\/\/guiasde.com\/materialescentenario\/wp-content\/uploads\/2021\/09\/juntacrest1.jpg 800w, https:\/\/guiasde.com\/materialescentenario\/wp-content\/uploads\/2021\/09\/juntacrest1-300x261.jpg 300w, https:\/\/guiasde.com\/materialescentenario\/wp-content\/uploads\/2021\/09\/juntacrest1-768x669.jpg 768w, https:\/\/guiasde.com\/materialescentenario\/wp-content\/uploads\/2021\/09\/juntacrest1-705x614.jpg 705w, https:\/\/guiasde.com\/materialescentenario\/wp-content\/uploads\/2021\/09\/juntacrest1-600x523.jpg 600w, https:\/\/guiasde.com\/materialescentenario\/wp-content\/uploads\/2021\/09\/juntacrest1-64x56.jpg 64w\" sizes=\"(max-width: 573px) 100vw, 573px\" \/><\/p>\n<\/div><\/section><br \/>\n\n<style type=\"text\/css\" data-created_by=\"avia_inline_auto\" id=\"style-css-av-4yit3y-8bd625048bb79033eae72a0338172c90\">\n#top .hr.hr-invisible.av-4yit3y-8bd625048bb79033eae72a0338172c90{\nheight:20px;\n}\n<\/style>\n<div  class='hr av-4yit3y-8bd625048bb79033eae72a0338172c90 hr-invisible  avia-builder-el-8  el_after_av_textblock  avia-builder-el-last  '><span class='hr-inner '><span class=\"hr-inner-style\"><\/span><\/span><\/div><\/p><\/div><div class='av-flex-placeholder'><\/div>\n<style type=\"text\/css\" data-created_by=\"avia_inline_auto\" id=\"style-css-av-61lj32-537e2c49f7a6650cdfa6e0695f80bdb8\">\n.flex_column.av-61lj32-537e2c49f7a6650cdfa6e0695f80bdb8{\nborder-radius:0px 0px 0px 0px;\n-webkit-border-radius:0px 0px 0px 0px;\n-moz-border-radius:0px 0px 0px 0px;\n}\n<\/style>\n<div class='flex_column av-61lj32-537e2c49f7a6650cdfa6e0695f80bdb8 av_one_half  avia-builder-el-9  el_after_av_one_half  el_before_av_hr  flex_column_table_cell av-equal-height-column av-align-top av-zero-column-padding '   ><p>\n<style type=\"text\/css\" data-created_by=\"avia_inline_auto\" id=\"style-css-av-fxyye-306d5256cbd0f88ca95c1db4fd0cc24f\">\n#top .av-special-heading.av-fxyye-306d5256cbd0f88ca95c1db4fd0cc24f{\npadding-bottom:10px;\ncolor:#171795;\nfont-size:35px;\n}\n.av-special-heading.av-fxyye-306d5256cbd0f88ca95c1db4fd0cc24f .special-heading-inner-border{\nborder-color:#171795;\n}\n.av-special-heading.av-fxyye-306d5256cbd0f88ca95c1db4fd0cc24f .av-subheading{\nfont-size:15px;\n}\n<\/style>\n<div  class='av-special-heading av-fxyye-306d5256cbd0f88ca95c1db4fd0cc24f av-special-heading-h2 custom-color-heading blockquote modern-quote  avia-builder-el-10  el_before_av_textblock  avia-builder-el-first  av-inherit-size '><h2 class='av-special-heading-tag '  itemprop=\"headline\"  >Junteador elaborado base cemento<\/h2><div class='av_custom_color av-subheading av-subheading_below '><p>cemento sin arena silica con sellador y fungicida integrados<\/p>\n<\/div><div class='special-heading-border'><div class='special-heading-inner-border'><\/div><\/div><\/div><br \/>\n<section class=\"av_textblock_section \"  itemscope=\"itemscope\" itemtype=\"https:\/\/schema.org\/CreativeWork\" ><div class='avia_textblock  '   itemprop=\"text\" ><ul>\n<li>Familia: Emboquilladores<\/li>\n<li>Producto: Juntacrest ultramax<\/li>\n<li>Presentaci\u00f3n: Caja 5 Kg &#8211; Polvo<\/li>\n<\/ul>\n<p>La junta ultramax, cuenta con una amplia variedad de colores, una alta resistencia a la compresi\u00f3n y a la abrasi\u00f3n, adem\u00e1s de ofrecer protecci\u00f3n contra la formaci\u00f3n de microorganismos tan comunes en un ambiente h\u00famedo.<\/p>\n<\/div><\/section><br \/>\n\n<style type=\"text\/css\" data-created_by=\"avia_inline_auto\" id=\"style-css-av-5jodry-8e65a3e01dad1d8499439ee30b32a893\">\n#top .av-special-heading.av-5jodry-8e65a3e01dad1d8499439ee30b32a893{\npadding-bottom:10px;\n}\n<\/style>\n<div  class='av-special-heading av-5jodry-8e65a3e01dad1d8499439ee30b32a893 av-special-heading-h3 blockquote modern-quote  avia-builder-el-12  el_after_av_textblock  el_before_av_iconlist  '><h3 class='av-special-heading-tag '  itemprop=\"headline\"  >Ventajas<\/h3><div class='special-heading-border'><div class='special-heading-inner-border'><\/div><\/div><\/div><br \/>\n\n<style type=\"text\/css\" data-created_by=\"avia_inline_auto\" id=\"style-css-av-ktvp0gnp-4116908f7620fd2cdbee36520792a6cd\">\n#top .avia-icon-list-container.av-ktvp0gnp-4116908f7620fd2cdbee36520792a6cd .iconlist_icon{\ncolor:#171795;\n}\n<\/style>\n<div  class='avia-icon-list-container av-ktvp0gnp-4116908f7620fd2cdbee36520792a6cd  avia-builder-el-13  el_after_av_heading  el_before_av_button  '><ul class='avia-icon-list avia_animate_when_almost_visible avia-icon-list-left av-iconlist-small av-ktvp0gnp-4116908f7620fd2cdbee36520792a6cd avia-iconlist-animate'>\n<li><div class='iconlist_icon av-ktvp01wu-5f4afaf9e5df965ba863793d02b1773c avia-font-entypo-fontello'><span class='iconlist-char ' aria-hidden='true' data-av_icon='\ue812' data-av_iconfont='entypo-fontello'><\/span><\/div><article class=\"article-icon-entry \"  itemscope=\"itemscope\" itemtype=\"https:\/\/schema.org\/CreativeWork\" ><div class='iconlist_content_wrap'><header class=\"entry-content-header\"><\/header><div class='iconlist_content  '  itemprop=\"text\" ><p>Excelente trabajabilidad para su instalaci\u00f3n<\/p>\n<\/div><\/div><footer class=\"entry-footer\"><\/footer><\/article><div class='iconlist-timeline'><\/div><\/li>\n<li><div class='iconlist_icon av-ktvp01wu-5f4afaf9e5df965ba863793d02b1773c avia-font-entypo-fontello'><span class='iconlist-char ' aria-hidden='true' data-av_icon='\ue812' data-av_iconfont='entypo-fontello'><\/span><\/div><article class=\"article-icon-entry \"  itemscope=\"itemscope\" itemtype=\"https:\/\/schema.org\/CreativeWork\" ><div class='iconlist_content_wrap'><header class=\"entry-content-header\"><\/header><div class='iconlist_content  '  itemprop=\"text\" ><p>Excelente adherencia a materiales de construcci\u00f3n<\/p>\n<\/div><\/div><footer class=\"entry-footer\"><\/footer><\/article><div class='iconlist-timeline'><\/div><\/li>\n<li><div class='iconlist_icon av-ktvp01wu-5f4afaf9e5df965ba863793d02b1773c avia-font-entypo-fontello'><span class='iconlist-char ' aria-hidden='true' data-av_icon='\ue812' data-av_iconfont='entypo-fontello'><\/span><\/div><article class=\"article-icon-entry \"  itemscope=\"itemscope\" itemtype=\"https:\/\/schema.org\/CreativeWork\" ><div class='iconlist_content_wrap'><header class=\"entry-content-header\"><\/header><div class='iconlist_content  '  itemprop=\"text\" ><p>Emboquilla y sella en la misma aplicaci\u00f3n<\/p>\n<\/div><\/div><footer class=\"entry-footer\"><\/footer><\/article><div class='iconlist-timeline'><\/div><\/li>\n<li><div class='iconlist_icon av-ktvp01wu-5f4afaf9e5df965ba863793d02b1773c avia-font-entypo-fontello'><span class='iconlist-char ' aria-hidden='true' data-av_icon='\ue812' data-av_iconfont='entypo-fontello'><\/span><\/div><article class=\"article-icon-entry \"  itemscope=\"itemscope\" itemtype=\"https:\/\/schema.org\/CreativeWork\" ><div class='iconlist_content_wrap'><header class=\"entry-content-header\"><\/header><div class='iconlist_content  '  itemprop=\"text\" ><p>Gran durabilidad y versatilidad en Colores<\/p>\n<\/div><\/div><footer class=\"entry-footer\"><\/footer><\/article><div class='iconlist-timeline'><\/div><\/li>\n<li><div class='iconlist_icon av-ktvp01wu-5f4afaf9e5df965ba863793d02b1773c avia-font-entypo-fontello'><span class='iconlist-char ' aria-hidden='true' data-av_icon='\ue812' data-av_iconfont='entypo-fontello'><\/span><\/div><article class=\"article-icon-entry \"  itemscope=\"itemscope\" itemtype=\"https:\/\/schema.org\/CreativeWork\" ><div class='iconlist_content_wrap'><header class=\"entry-content-header\"><\/header><div class='iconlist_content  '  itemprop=\"text\" ><p>Cumple ANSI A 118.7 y aporta puntos LEED<\/p>\n<\/div><\/div><footer class=\"entry-footer\"><\/footer><\/article><div class='iconlist-timeline'><\/div><\/li>\n<li><div class='iconlist_icon av-ktvp01wu-5f4afaf9e5df965ba863793d02b1773c avia-font-entypo-fontello'><span class='iconlist-char ' aria-hidden='true' data-av_icon='\ue812' data-av_iconfont='entypo-fontello'><\/span><\/div><article class=\"article-icon-entry \"  itemscope=\"itemscope\" itemtype=\"https:\/\/schema.org\/CreativeWork\" ><div class='iconlist_content_wrap'><header class=\"entry-content-header\"><\/header><div class='iconlist_content  '  itemprop=\"text\" ><p>Cuenta con f\u00f3rmula anti-hongos<\/p>\n<\/div><\/div><footer class=\"entry-footer\"><\/footer><\/article><div class='iconlist-timeline'><\/div><\/li>\n<li><div class='iconlist_icon av-ktvp01wu-5f4afaf9e5df965ba863793d02b1773c avia-font-entypo-fontello'><span class='iconlist-char ' aria-hidden='true' data-av_icon='\ue812' data-av_iconfont='entypo-fontello'><\/span><\/div><article class=\"article-icon-entry \"  itemscope=\"itemscope\" itemtype=\"https:\/\/schema.org\/CreativeWork\" ><div class='iconlist_content_wrap'><header class=\"entry-content-header\"><\/header><div class='iconlist_content  '  itemprop=\"text\" ><p>Adecuado para aplicar en interior y exterior<\/p>\n<\/div><\/div><footer class=\"entry-footer\"><\/footer><\/article><div class='iconlist-timeline'><\/div><\/li>\n<\/ul><\/div><br \/>\n<div  class='avia-button-wrap avia-button-left  avia-builder-el-14  el_after_av_iconlist  el_before_av_hr ' >\n<style type=\"text\/css\" data-created_by=\"avia_inline_auto\" id=\"style-css-av-ku8vvudw-7716c9fbaae963d5097ed9e1b1f91eaa\">\n#top #wrap_all .avia-button.av-ku8vvudw-7716c9fbaae963d5097ed9e1b1f91eaa{\nbackground-color:transparent;\nborder-color:transparent;\ncolor:#da241b;\ntransition:all 0.4s ease-in-out;\n-webkit-transition:all 0.4s ease-in-out;\n-moz-transition:all 0.4s ease-in-out;\n-ms-transition:all 0.4s ease-in-out;\n-o-transition:all 0.4s ease-in-out;\n}\n<\/style>\n<a href='http:\/\/guiasde.com\/materialescentenario\/wp-content\/uploads\/2021\/09\/Ficha-tecnica-junta.pdf'  class='avia-button av-ku8vvudw-7716c9fbaae963d5097ed9e1b1f91eaa avia-icon_select-yes-left-icon avia-size-small avia-position-left '  target=\"_blank\"  rel=\"noopener noreferrer\"><span class='avia_button_icon avia_button_icon_left' aria-hidden='true' data-av_icon='\ue82d' data-av_iconfont='entypo-fontello'><\/span><span class='avia_iconbox_title' >Ficha t\u00e9cnica<\/span><\/a><\/div><br \/>\n\n<style type=\"text\/css\" data-created_by=\"avia_inline_auto\" id=\"style-css-av-kv05x68m-35a6d283d86bfdfd93bfd2f6cb44f26e\">\n#top .hr.hr-invisible.av-kv05x68m-35a6d283d86bfdfd93bfd2f6cb44f26e{\nheight:30px;\n}\n<\/style>\n<div  class='hr av-kv05x68m-35a6d283d86bfdfd93bfd2f6cb44f26e hr-invisible  avia-builder-el-15  el_after_av_button  el_before_av_product_button  '><span class='hr-inner '><span class=\"hr-inner-style\"><\/span><\/span><\/div><br \/>\n<div class='av-woo-purchase-button  avia-builder-el-16  el_after_av_hr  el_before_av_textblock '><p class=\"price\"><\/p>\n<div class=\"yith-ywraq-add-to-quote add-to-quote-655 near-add-to-cart\">\n\t<div class=\"yith-ywraq-add-button show\" style=\"display:block\">\n\t\t\n<a href=\"#\" class=\"add-request-quote-button button\" data-product_id=\"655\" data-wp_nonce=\"ac437fe18a\">\n\tA\u00f1adir a cotizaci\u00f3n<\/a>\n<img src=\"https:\/\/guiasde.com\/materialescentenario\/wp-content\/plugins\/yith-woocommerce-request-a-quote\/assets\/images\/wpspin_light.gif\" class=\"ajax-loading\" alt=\"loading\" width=\"16\" height=\"16\" style=\"visibility:hidden\" \/>\n\t<\/div>\n\t<\/div>\n\n<div class=\"clear\"><\/div>\n<\/div><br \/>\n<section class=\"av_textblock_section \"  itemscope=\"itemscope\" itemtype=\"https:\/\/schema.org\/CreativeWork\" ><div class='avia_textblock  '   itemprop=\"text\" ><p>Si necesitas m\u00e1s informaci\u00f3n de nuestros precios y productos comun\u00edcate aqu\u00ed <a href=\"tel:+8183974488\">81 83 97 44 88<\/a> y <a href=\"tel:+8183974498\">81 83 97 44 98<\/a><\/p>\n<\/div><\/section><\/p><\/div><\/div><!--close column table wrapper. Autoclose: 1 -->\n<style type=\"text\/css\" data-created_by=\"avia_inline_auto\" id=\"style-css-av-92zc7-bc9a995b40ea6c0608515285452f7343\">\n#top .hr.hr-invisible.av-92zc7-bc9a995b40ea6c0608515285452f7343{\nheight:40px;\n}\n<\/style>\n<div  class='hr av-92zc7-bc9a995b40ea6c0608515285452f7343 hr-invisible  avia-builder-el-18  el_after_av_one_half  avia-builder-el-last  '><span class='hr-inner '><span class=\"hr-inner-style\"><\/span><\/span><\/div>\n<\/div><\/div><\/div><!-- close content main div --><\/div><\/div><div id='av-layout-grid-1'  class='av-layout-grid-container entry-content-wrapper main_color av-flex-cells     avia-builder-el-19  el_after_av_section  el_before_av_section  submenu-not-first container_wrap fullsize'  >\n<div class=\"flex_cell no_margin av_one_half  avia-builder-el-20  el_before_av_cell_one_half  avia-builder-el-first   \"  style='background: #f4f4f4; vertical-align:middle; padding:60px 30px 60px 30px ; background-color:#f4f4f4; ' ><div class='flex_cell_inner' ><p>\n<style type=\"text\/css\" data-created_by=\"avia_inline_auto\" id=\"style-css-av-4d3w0u-321847d96f3a78843207775f472e9ca7\">\n#top .hr.hr-invisible.av-4d3w0u-321847d96f3a78843207775f472e9ca7{\nheight:20px;\n}\n<\/style>\n<div  class='hr av-4d3w0u-321847d96f3a78843207775f472e9ca7 hr-invisible  avia-builder-el-21  el_before_av_one_fifth  avia-builder-el-first   av-small-hide av-mini-hide'><span class='hr-inner '><span class=\"hr-inner-style\"><\/span><\/span><\/div><br \/>\n\n<style type=\"text\/css\" data-created_by=\"avia_inline_auto\" id=\"style-css-av-47supi-12a111ffaae3ff987aeaac7a1bdc8e7c\">\n.flex_column.av-47supi-12a111ffaae3ff987aeaac7a1bdc8e7c{\nborder-radius:0px 0px 0px 0px;\n-webkit-border-radius:0px 0px 0px 0px;\n-moz-border-radius:0px 0px 0px 0px;\n}\n<\/style>\n<div class='flex_column av-47supi-12a111ffaae3ff987aeaac7a1bdc8e7c av_one_fifth  avia-builder-el-22  el_after_av_hr  el_before_av_one_half  first no_margin flex_column_div av-zero-column-padding '   ><\/div>\n<style type=\"text\/css\" data-created_by=\"avia_inline_auto\" id=\"style-css-av-445572-b2f4355f02d8f87a7e5ccfdf82590035\">\n.flex_column.av-445572-b2f4355f02d8f87a7e5ccfdf82590035{\nborder-radius:0px 0px 0px 0px;\n-webkit-border-radius:0px 0px 0px 0px;\n-moz-border-radius:0px 0px 0px 0px;\npadding:35px 35px 35px 35px;\n}\n<\/style>\n<div class='flex_column av-445572-b2f4355f02d8f87a7e5ccfdf82590035 av_one_half  avia-builder-el-23  el_after_av_one_fifth  el_before_av_one_fifth  no_margin flex_column_div '   ><p>\n<style type=\"text\/css\" data-created_by=\"avia_inline_auto\" id=\"style-css-av-3ubx5a-02514daed6f7211c13d740c8f4dd18ba\">\n#top .av-special-heading.av-3ubx5a-02514daed6f7211c13d740c8f4dd18ba{\npadding-bottom:0px;\ncolor:#171795;\nfont-size:30px;\n}\n.av-special-heading.av-3ubx5a-02514daed6f7211c13d740c8f4dd18ba .special-heading-inner-border{\nborder-color:#171795;\n}\n.av-special-heading.av-3ubx5a-02514daed6f7211c13d740c8f4dd18ba .av-subheading{\nfont-size:18px;\n}\n<\/style>\n<div  class='av-special-heading av-3ubx5a-02514daed6f7211c13d740c8f4dd18ba av-special-heading-h3 custom-color-heading blockquote modern-quote  avia-builder-el-24  el_before_av_hr  avia-builder-el-first  av-inherit-size '><h3 class='av-special-heading-tag '  itemprop=\"headline\"  >Usos recomendados<\/h3><div class='av_custom_color av-subheading av-subheading_below '><p>Para emboquillar juntas menores a 3 mm, en todo tipo de recubrimientos.<\/p>\n<\/div><div class='special-heading-border'><div class='special-heading-inner-border'><\/div><\/div><\/div><br \/>\n\n<style type=\"text\/css\" data-created_by=\"avia_inline_auto\" id=\"style-css-av-3obgpi-31f57b1c28f28a43bfbb6aa08babcaed\">\n#top .hr.av-3obgpi-31f57b1c28f28a43bfbb6aa08babcaed{\nmargin-top:1px;\nmargin-bottom:1px;\n}\n.hr.av-3obgpi-31f57b1c28f28a43bfbb6aa08babcaed .hr-inner{\nwidth:100px;\nborder-color:#ed9600;\n}\n<\/style>\n<div  class='hr av-3obgpi-31f57b1c28f28a43bfbb6aa08babcaed hr-custom  avia-builder-el-25  el_after_av_heading  avia-builder-el-last  hr-left hr-icon-no '><span class='hr-inner inner-border-av-border-fat'><span class=\"hr-inner-style\"><\/span><\/span><\/div><\/p><\/div>\n<style type=\"text\/css\" data-created_by=\"avia_inline_auto\" id=\"style-css-av-3lejpa-d4e44cd1700edce41b285b94c8021301\">\n.flex_column.av-3lejpa-d4e44cd1700edce41b285b94c8021301{\nborder-radius:0px 0px 0px 0px;\n-webkit-border-radius:0px 0px 0px 0px;\n-moz-border-radius:0px 0px 0px 0px;\n}\n<\/style>\n<div class='flex_column av-3lejpa-d4e44cd1700edce41b285b94c8021301 av_one_fifth  avia-builder-el-26  el_after_av_one_half  el_before_av_hr  no_margin flex_column_div av-zero-column-padding '   ><\/div>\n<style type=\"text\/css\" data-created_by=\"avia_inline_auto\" id=\"style-css-av-3fk086-429a81300878792b4a0033523dea37f5\">\n#top .hr.hr-invisible.av-3fk086-429a81300878792b4a0033523dea37f5{\nheight:20px;\n}\n<\/style>\n<div  class='hr av-3fk086-429a81300878792b4a0033523dea37f5 hr-invisible  avia-builder-el-27  el_after_av_one_fifth  avia-builder-el-last   av-small-hide av-mini-hide'><span class='hr-inner '><span class=\"hr-inner-style\"><\/span><\/span><\/div><\/p>\n<\/div><\/div><div class=\"flex_cell no_margin av_one_half  avia-builder-el-28  el_after_av_cell_one_half  avia-builder-el-last   avia-full-stretch \"  style='background:url(https:\/\/guiasde.com\/materialescentenario\/wp-content\/uploads\/2021\/09\/emboquillado.jpg) center center no-repeat scroll; vertical-align:top; padding:170px 30px 170px 30px ; ' ><div class='flex_cell_inner' ><\/div><\/div>\n<\/div><\/p>\n<div id='av_section_3'  class='avia-section av-bss67-b358c4f8bc8a8ece46f0ecf0e0331f5b main_color avia-section-default avia-no-border-styling  avia-builder-el-29  el_after_av_layout_row  el_before_av_section  avia-bg-style-scroll  container_wrap fullsize'  ><div class='container av-section-cont-open' ><div class='template-page content  av-content-full alpha units'><div class='post-entry post-entry-type-page post-entry-655'><div class='entry-content-wrapper clearfix'>\n<\/div><\/div><\/div><!-- close content main div --><\/div><\/div><div id='av_section_4'  class='avia-section av-daz7a-757fad74e993b7b33d69d390b87b4c9b main_color avia-section-large avia-no-border-styling  avia-builder-el-30  el_after_av_section  el_before_av_section  avia-bg-style-scroll  container_wrap fullsize'  ><div class='container av-section-cont-open' ><div class='template-page content  av-content-full alpha units'><div class='post-entry post-entry-type-page post-entry-655'><div class='entry-content-wrapper clearfix'>\n\n<style type=\"text\/css\" data-created_by=\"avia_inline_auto\" id=\"style-css-av-118fa-92a79dced2e636196e63430293191f8b\">\n.flex_column.av-118fa-92a79dced2e636196e63430293191f8b{\nborder-radius:0px 0px 0px 0px;\n-webkit-border-radius:0px 0px 0px 0px;\n-moz-border-radius:0px 0px 0px 0px;\n}\n<\/style>\n<div class='flex_column av-118fa-92a79dced2e636196e63430293191f8b av_one_full  avia-builder-el-31  avia-builder-el-no-sibling  first flex_column_div av-zero-column-padding '   ><div  class='avia-video avia-video-16-9   av-lazyload-immediate  av-lazyload-video-embed  '   itemprop=\"video\" itemtype=\"https:\/\/schema.org\/VideoObject\"  data-original_url='https:\/\/www.youtube.com\/watch?v=aElIrf7B5d4' ><script type='text\/html' class='av-video-tmpl'><div class='avia-iframe-wrap'><iframe title=\"TIPS DE COMO APLICAR BOQUILLA O JUNTA - CREST\" width=\"1333\" height=\"1000\" src=\"https:\/\/www.youtube.com\/embed\/aElIrf7B5d4?feature=oembed&autoplay=0&loop=0&controls=1&mute=0\" frameborder=\"0\" allow=\"accelerometer; autoplay; clipboard-write; encrypted-media; gyroscope; picture-in-picture\" allowfullscreen><\/iframe><\/div><\/script><div class='av-click-to-play-overlay'><div class=\"avia_playpause_icon\"><\/div><\/div><\/div><\/div>\n\n<\/div><\/div><\/div><!-- close content main div --><\/div><\/div><div id='av_section_5'  class='avia-section av-1v1py-59ac9ec5a5716e93a15539d8855c9344 main_color avia-section-default avia-no-border-styling  avia-builder-el-33  el_after_av_section  avia-builder-el-last  avia-bg-style-scroll  container_wrap fullsize'  ><div class='container av-section-cont-open' ><div class='template-page content  av-content-full alpha units'><div class='post-entry post-entry-type-page post-entry-655'><div class='entry-content-wrapper clearfix'>\n\n<style type=\"text\/css\" data-created_by=\"avia_inline_auto\" id=\"style-css-av-eja3q-db47bdda00e40c14728c057f3be886e8\">\n.flex_column.av-eja3q-db47bdda00e40c14728c057f3be886e8{\nborder-radius:0px 0px 0px 0px;\n-webkit-border-radius:0px 0px 0px 0px;\n-moz-border-radius:0px 0px 0px 0px;\n}\n<\/style>\n<div class='flex_column av-eja3q-db47bdda00e40c14728c057f3be886e8 av_one_full  avia-builder-el-34  avia-builder-el-no-sibling  first flex_column_div av-zero-column-padding '   ><div  class='av-woo-product-related-upsells  avia-builder-el-35  avia-builder-el-no-sibling '><\/div><\/div>\n\n","protected":false},"excerpt":{"rendered":"","protected":false},"featured_media":656,"template":"","meta":[],"product_cat":[19],"product_tag":[],"_links":{"self":[{"href":"https:\/\/guiasde.com\/materialescentenario\/wp-json\/wp\/v2\/product\/655"}],"collection":[{"href":"https:\/\/guiasde.com\/materialescentenario\/wp-json\/wp\/v2\/product"}],"about":[{"href":"https:\/\/guiasde.com\/materialescentenario\/wp-json\/wp\/v2\/types\/product"}],"wp:featuredmedia":[{"embeddable":true,"href":"https:\/\/guiasde.com\/materialescentenario\/wp-json\/wp\/v2\/media\/656"}],"wp:attachment":[{"href":"https:\/\/guiasde.com\/materialescentenario\/wp-json\/wp\/v2\/media?parent=655"}],"wp:term":[{"taxonomy":"product_cat","embeddable":true,"href":"https:\/\/guiasde.com\/materialescentenario\/wp-json\/wp\/v2\/product_cat?post=655"},{"taxonomy":"product_tag","embeddable":true,"href":"https:\/\/guiasde.com\/materialescentenario\/wp-json\/wp\/v2\/product_tag?post=655"}],"curies":[{"name":"wp","href":"https:\/\/api.w.org\/{rel}","templated":true}]}}