{"id":672,"date":"2021-09-22T21:47:23","date_gmt":"2021-09-22T21:47:23","guid":{"rendered":"http:\/\/guiasde.com\/materialescentenario\/?post_type=product&#038;p=672"},"modified":"2021-10-26T14:45:22","modified_gmt":"2021-10-26T14:45:22","slug":"varilla","status":"publish","type":"product","link":"https:\/\/guiasde.com\/materialescentenario\/producto\/varilla\/","title":{"rendered":"Varilla"},"content":{"rendered":"\n<style type=\"text\/css\" data-created_by=\"avia_inline_auto\" id=\"style-css-av-7fx0ti-d0683acabcdc4c98bbf63f9e9d734f3e\">\n.avia-section.av-7fx0ti-d0683acabcdc4c98bbf63f9e9d734f3e{\nbackground-repeat:no-repeat;\nbackground-image:url(https:\/\/guiasde.com\/materialescentenario\/wp-content\/uploads\/2021\/09\/varillas-banner.jpg);\nbackground-position:50% 50%;\nbackground-attachment:fixed;\nmargin-top:0px;\nmargin-bottom:0px;\n}\n.avia-section.av-7fx0ti-d0683acabcdc4c98bbf63f9e9d734f3e .av-section-color-overlay{\nopacity:0.4;\nbackground-color:#0a0a0a;\n}\n.avia-section.av-7fx0ti-d0683acabcdc4c98bbf63f9e9d734f3e .av-extra-border-element .av-extra-border-inner{\nbackground-color:#ffffff;\n}\n<\/style>\n<div id='av_section_1'  class='avia-section av-7fx0ti-d0683acabcdc4c98bbf63f9e9d734f3e main_color avia-section-default avia-no-border-styling  avia-builder-el-0  el_before_av_section  avia-builder-el-first  diagonalb avia-full-stretch avia-bg-style-fixed av-section-color-overlay-active  av-minimum-height av-minimum-height-custom  container_wrap fullsize'  data-section-bg-repeat='stretch'><div class='av-section-color-overlay-wrap'><div class=\"av-section-color-overlay\"><\/div><div class='container av-section-cont-open' style='height:350px'><main  role=\"main\" itemprop=\"mainContentOfPage\"  class='template-page content  av-content-full alpha units'><div class='post-entry post-entry-type-page post-entry-672'><div class='entry-content-wrapper clearfix'>\n\n<style type=\"text\/css\" data-created_by=\"avia_inline_auto\" id=\"style-css-av-785c5a-6d22e849af67e4f92f885bd97c2214af\">\n.flex_column.av-785c5a-6d22e849af67e4f92f885bd97c2214af{\nborder-radius:0px 0px 0px 0px;\n-webkit-border-radius:0px 0px 0px 0px;\n-moz-border-radius:0px 0px 0px 0px;\n}\n<\/style>\n<div class='flex_column av-785c5a-6d22e849af67e4f92f885bd97c2214af av_one_half  avia-builder-el-1  el_before_av_one_half  avia-builder-el-first  first flex_column_div av-zero-column-padding '   ><p>\n<style type=\"text\/css\" data-created_by=\"avia_inline_auto\" id=\"style-css-av-pk5wu-c15aad18295afd6678c62566fefbffbc\">\n#top .av-special-heading.av-pk5wu-c15aad18295afd6678c62566fefbffbc{\npadding-bottom:0px;\ncolor:#ffffff;\nfont-size:40px;\n}\n.av-special-heading.av-pk5wu-c15aad18295afd6678c62566fefbffbc .special-heading-inner-border{\nborder-color:#ffffff;\n}\n.av-special-heading.av-pk5wu-c15aad18295afd6678c62566fefbffbc .av-subheading{\nfont-size:19px;\n}\n<\/style>\n<div  class='av-special-heading av-pk5wu-c15aad18295afd6678c62566fefbffbc av-special-heading-h1 custom-color-heading blockquote modern-quote  avia-builder-el-2  el_before_av_hr  avia-builder-el-first  av-inherit-size '><h1 class='av-special-heading-tag '  itemprop=\"headline\"  >Varillas Ternium<\/h1><div class='av_custom_color av-subheading av-subheading_below '><p>El refuerzo del concreto<\/p>\n<\/div><div class='special-heading-border'><div class='special-heading-inner-border'><\/div><\/div><\/div><br \/>\n\n<style type=\"text\/css\" data-created_by=\"avia_inline_auto\" id=\"style-css-av-6xz6ti-f54d016ac9d847326d6f0863765adb01\">\n#top .hr.av-6xz6ti-f54d016ac9d847326d6f0863765adb01{\nmargin-top:0px;\nmargin-bottom:0px;\n}\n.hr.av-6xz6ti-f54d016ac9d847326d6f0863765adb01 .hr-inner{\nwidth:100px;\nborder-color:#ed9600;\n}\n<\/style>\n<div  class='hr av-6xz6ti-f54d016ac9d847326d6f0863765adb01 hr-custom  avia-builder-el-3  el_after_av_heading  avia-builder-el-last  hr-left hr-icon-no '><span class='hr-inner inner-border-av-border-fat'><span class=\"hr-inner-style\"><\/span><\/span><\/div><\/p><\/div>\n<style type=\"text\/css\" data-created_by=\"avia_inline_auto\" id=\"style-css-av-6pbea6-a3baeb26937b6fc62ee48aabc85256e0\">\n.flex_column.av-6pbea6-a3baeb26937b6fc62ee48aabc85256e0{\nborder-radius:0px 0px 0px 0px;\n-webkit-border-radius:0px 0px 0px 0px;\n-moz-border-radius:0px 0px 0px 0px;\n}\n<\/style>\n<div class='flex_column av-6pbea6-a3baeb26937b6fc62ee48aabc85256e0 av_one_half  avia-builder-el-4  el_after_av_one_half  avia-builder-el-last  flex_column_div av-zero-column-padding '   ><\/div>\n\n<\/div><\/div><\/main><!-- close content main element --><\/div><div class='av-extra-border-element border-extra-diagonal border-extra-diagonal-inverse diagonal-box-shadow'><div class='av-extra-border-outer'><div class='av-extra-border-inner'><\/div><\/div><\/div><\/div><\/div><div id='av_section_2'  class='avia-section av-naswe-10a430a82d5ff134aebf064647c19cea main_color avia-section-default avia-no-border-styling  avia-builder-el-5  el_after_av_section  el_before_av_layout_row  avia-bg-style-scroll  container_wrap fullsize'  ><div class='container av-section-cont-open' ><div class='template-page content  av-content-full alpha units'><div class='post-entry post-entry-type-page post-entry-672'><div class='entry-content-wrapper clearfix'>\n<div class='flex_column_table av-6d6esu-56dc3130592cc3a4eaabb9d64e0774f5 sc-av_one_half av-equal-height-column-flextable'>\n<style type=\"text\/css\" data-created_by=\"avia_inline_auto\" id=\"style-css-av-6d6esu-56dc3130592cc3a4eaabb9d64e0774f5\">\n.flex_column.av-6d6esu-56dc3130592cc3a4eaabb9d64e0774f5{\nborder-radius:0px 0px 0px 0px;\n-webkit-border-radius:0px 0px 0px 0px;\n-moz-border-radius:0px 0px 0px 0px;\n}\n<\/style>\n<div class='flex_column av-6d6esu-56dc3130592cc3a4eaabb9d64e0774f5 av_one_half  avia-builder-el-6  el_before_av_one_half  avia-builder-el-first  first flex_column_table_cell av-equal-height-column av-align-top av-zero-column-padding '   ><section class=\"av_textblock_section \"  itemscope=\"itemscope\" itemtype=\"https:\/\/schema.org\/CreativeWork\" ><div class='avia_textblock  '   itemprop=\"text\" ><p><img loading=\"lazy\" class=\"wp-image-679 aligncenter\" src=\"http:\/\/guiasde.com\/materialescentenario\/wp-content\/uploads\/2021\/09\/varillas3.jpg\" alt=\"\" width=\"513\" height=\"575\" srcset=\"https:\/\/guiasde.com\/materialescentenario\/wp-content\/uploads\/2021\/09\/varillas3.jpg 557w, https:\/\/guiasde.com\/materialescentenario\/wp-content\/uploads\/2021\/09\/varillas3-268x300.jpg 268w, https:\/\/guiasde.com\/materialescentenario\/wp-content\/uploads\/2021\/09\/varillas3-64x72.jpg 64w\" sizes=\"(max-width: 513px) 100vw, 513px\" \/><\/p>\n<\/div><\/section><\/div><div class='av-flex-placeholder'><\/div>\n<style type=\"text\/css\" data-created_by=\"avia_inline_auto\" id=\"style-css-av-61lj32-537e2c49f7a6650cdfa6e0695f80bdb8\">\n.flex_column.av-61lj32-537e2c49f7a6650cdfa6e0695f80bdb8{\nborder-radius:0px 0px 0px 0px;\n-webkit-border-radius:0px 0px 0px 0px;\n-moz-border-radius:0px 0px 0px 0px;\n}\n<\/style>\n<div class='flex_column av-61lj32-537e2c49f7a6650cdfa6e0695f80bdb8 av_one_half  avia-builder-el-8  el_after_av_one_half  el_before_av_hr  flex_column_table_cell av-equal-height-column av-align-top av-zero-column-padding '   ><p>\n<style type=\"text\/css\" data-created_by=\"avia_inline_auto\" id=\"style-css-av-fxyye-98dc2cc379e8f2679f540d9104b5b709\">\n#top .av-special-heading.av-fxyye-98dc2cc379e8f2679f540d9104b5b709{\npadding-bottom:10px;\ncolor:#171795;\nfont-size:30px;\n}\n.av-special-heading.av-fxyye-98dc2cc379e8f2679f540d9104b5b709 .special-heading-inner-border{\nborder-color:#171795;\n}\n<\/style>\n<div  class='av-special-heading av-fxyye-98dc2cc379e8f2679f540d9104b5b709 av-special-heading-h2 custom-color-heading blockquote modern-quote  avia-builder-el-9  el_before_av_textblock  avia-builder-el-first  av-inherit-size '><h2 class='av-special-heading-tag '  itemprop=\"headline\"  >La Varilla es parte fundamental de grandes proyectos en la industria de la construcci\u00f3n<\/h2><div class='special-heading-border'><div class='special-heading-inner-border'><\/div><\/div><\/div><br \/>\n<section class=\"av_textblock_section \"  itemscope=\"itemscope\" itemtype=\"https:\/\/schema.org\/CreativeWork\" ><div class='avia_textblock  '   itemprop=\"text\" ><ul>\n<li>Familia: Aceros<\/li>\n<li>Producto: Varilla<\/li>\n<li>Presentaci\u00f3n:<br \/>\nVarilla 3\/8 9 m. HylsaVarilla 1\/2 9 m. HylsaVarilla 5\/8 9 m. Hylsa<\/p>\n<p>Varilla 3\/4 9 m. Hylsa<\/p>\n<p>Varilla 1&#8243; 9 m. Hylsa<\/li>\n<\/ul>\n<p>Como refuerzo de concreto, la cual te garantiza una alta resistencia estructural.<\/p>\n<p>La exclusiva corruga en forma de cruz de la varilla incrementa la adherencia al concreto y evita el deslizamiento en la estructura.Las varillas de acero dan la estabilidad y resistencia a la mayor\u00eda de las estructuras.<\/p>\n<p>La Ternium Varilla est\u00e1 fabricado de material 100% reciclado, puede ser utilizado una y otra vez sin perder sus propiedades.<\/p>\n<p>Materiales El Centenario cuenta con varillas de diferentes di\u00e1metros y resistencia seg\u00fan los requerimientos de cada cliente.<\/p>\n<p>El largo de las varillas es de 9 metros<\/p>\n<\/div><\/section><br \/>\n<div class='av-woo-purchase-button  avia-builder-el-11  el_after_av_textblock  el_before_av_textblock '><p class=\"price\"><\/p>\n<div class=\"yith-ywraq-add-to-quote add-to-quote-672 near-add-to-cart\">\n\t<div class=\"yith-ywraq-add-button show\" style=\"display:block\">\n\t\t\n<a href=\"#\" class=\"add-request-quote-button button\" data-product_id=\"672\" data-wp_nonce=\"fe3516a25f\">\n\tA\u00f1adir a cotizaci\u00f3n<\/a>\n<img src=\"https:\/\/guiasde.com\/materialescentenario\/wp-content\/plugins\/yith-woocommerce-request-a-quote\/assets\/images\/wpspin_light.gif\" class=\"ajax-loading\" alt=\"loading\" width=\"16\" height=\"16\" style=\"visibility:hidden\" \/>\n\t<\/div>\n\t<\/div>\n\n<div class=\"clear\"><\/div>\n<\/div><br \/>\n<section class=\"av_textblock_section \"  itemscope=\"itemscope\" itemtype=\"https:\/\/schema.org\/CreativeWork\" ><div class='avia_textblock  '   itemprop=\"text\" ><p>Si necesitas m\u00e1s informaci\u00f3n de nuestros precios y productos comun\u00edcate aqu\u00ed <a href=\"tel:+8183974488\">81 83 97 44 88<\/a> y <a href=\"tel:+8183974498\">81 83 97 44 98<\/a><\/p>\n<\/div><\/section><\/p><\/div><\/div><!--close column table wrapper. Autoclose: 1 -->\n<style type=\"text\/css\" data-created_by=\"avia_inline_auto\" id=\"style-css-av-4yit3y-958ea69c67160ac67676103ac99312a0\">\n#top .hr.hr-invisible.av-4yit3y-958ea69c67160ac67676103ac99312a0{\nheight:40px;\n}\n<\/style>\n<div  class='hr av-4yit3y-958ea69c67160ac67676103ac99312a0 hr-invisible  avia-builder-el-13  el_after_av_one_half  avia-builder-el-last  '><span class='hr-inner '><span class=\"hr-inner-style\"><\/span><\/span><\/div>\n\n<\/div><\/div><\/div><!-- close content main div --><\/div><\/div><div id='av-layout-grid-1'  class='av-layout-grid-container entry-content-wrapper main_color av-flex-cells     avia-builder-el-14  el_after_av_section  el_before_av_section  submenu-not-first container_wrap fullsize'  >\n<div class=\"flex_cell no_margin av_one_half  avia-builder-el-15  el_before_av_cell_one_half  avia-builder-el-first   \"  style='background: #f4f4f4; vertical-align:middle; padding:30px 30px 0px 30px ; background-color:#f4f4f4; ' ><div class='flex_cell_inner' ><p>\n<style type=\"text\/css\" data-created_by=\"avia_inline_auto\" id=\"style-css-av-4d3w0u-321847d96f3a78843207775f472e9ca7\">\n#top .hr.hr-invisible.av-4d3w0u-321847d96f3a78843207775f472e9ca7{\nheight:20px;\n}\n<\/style>\n<div  class='hr av-4d3w0u-321847d96f3a78843207775f472e9ca7 hr-invisible  avia-builder-el-16  el_before_av_one_fifth  avia-builder-el-first   av-small-hide av-mini-hide'><span class='hr-inner '><span class=\"hr-inner-style\"><\/span><\/span><\/div><br \/>\n\n<style type=\"text\/css\" data-created_by=\"avia_inline_auto\" id=\"style-css-av-47supi-12a111ffaae3ff987aeaac7a1bdc8e7c\">\n.flex_column.av-47supi-12a111ffaae3ff987aeaac7a1bdc8e7c{\nborder-radius:0px 0px 0px 0px;\n-webkit-border-radius:0px 0px 0px 0px;\n-moz-border-radius:0px 0px 0px 0px;\n}\n<\/style>\n<div class='flex_column av-47supi-12a111ffaae3ff987aeaac7a1bdc8e7c av_one_fifth  avia-builder-el-17  el_after_av_hr  el_before_av_one_half  first no_margin flex_column_div av-zero-column-padding '   ><\/div>\n<style type=\"text\/css\" data-created_by=\"avia_inline_auto\" id=\"style-css-av-445572-b2f4355f02d8f87a7e5ccfdf82590035\">\n.flex_column.av-445572-b2f4355f02d8f87a7e5ccfdf82590035{\nborder-radius:0px 0px 0px 0px;\n-webkit-border-radius:0px 0px 0px 0px;\n-moz-border-radius:0px 0px 0px 0px;\npadding:35px 35px 35px 35px;\n}\n<\/style>\n<div class='flex_column av-445572-b2f4355f02d8f87a7e5ccfdf82590035 av_one_half  avia-builder-el-18  el_after_av_one_fifth  el_before_av_one_fifth  no_margin flex_column_div '   ><p>\n<style type=\"text\/css\" data-created_by=\"avia_inline_auto\" id=\"style-css-av-3ubx5a-d5c94b265130f475e639556cf62ddba7\">\n#top .av-special-heading.av-3ubx5a-d5c94b265130f475e639556cf62ddba7{\npadding-bottom:0px;\ncolor:#171795;\nfont-size:30px;\n}\n.av-special-heading.av-3ubx5a-d5c94b265130f475e639556cf62ddba7 .special-heading-inner-border{\nborder-color:#171795;\n}\n<\/style>\n<div  class='av-special-heading av-3ubx5a-d5c94b265130f475e639556cf62ddba7 av-special-heading-h3 custom-color-heading blockquote modern-quote  avia-builder-el-19  el_before_av_textblock  avia-builder-el-first  av-inherit-size '><h3 class='av-special-heading-tag '  itemprop=\"headline\"  >Usos de la varilla Ternium<\/h3><div class='special-heading-border'><div class='special-heading-inner-border'><\/div><\/div><\/div><br \/>\n<section class=\"av_textblock_section \"  itemscope=\"itemscope\" itemtype=\"https:\/\/schema.org\/CreativeWork\" ><div class='avia_textblock  '   itemprop=\"text\" ><p>Se utiliza para columnas o postes de concreto, vigas, castillos, trabes, losas aligeradas, viguetas, elementos prefabricados y hasta piezas de mamposter\u00eda, refuerzos de construcci\u00f3n, se usan como refuerzo de concreto, entre otros.<\/p>\n<\/div><\/section><br \/>\n\n<style type=\"text\/css\" data-created_by=\"avia_inline_auto\" id=\"style-css-av-3obgpi-31f57b1c28f28a43bfbb6aa08babcaed\">\n#top .hr.av-3obgpi-31f57b1c28f28a43bfbb6aa08babcaed{\nmargin-top:1px;\nmargin-bottom:1px;\n}\n.hr.av-3obgpi-31f57b1c28f28a43bfbb6aa08babcaed .hr-inner{\nwidth:100px;\nborder-color:#ed9600;\n}\n<\/style>\n<div  class='hr av-3obgpi-31f57b1c28f28a43bfbb6aa08babcaed hr-custom  avia-builder-el-21  el_after_av_textblock  avia-builder-el-last  hr-left hr-icon-no '><span class='hr-inner inner-border-av-border-fat'><span class=\"hr-inner-style\"><\/span><\/span><\/div><\/p><\/div>\n<style type=\"text\/css\" data-created_by=\"avia_inline_auto\" id=\"style-css-av-3lejpa-d4e44cd1700edce41b285b94c8021301\">\n.flex_column.av-3lejpa-d4e44cd1700edce41b285b94c8021301{\nborder-radius:0px 0px 0px 0px;\n-webkit-border-radius:0px 0px 0px 0px;\n-moz-border-radius:0px 0px 0px 0px;\n}\n<\/style>\n<div class='flex_column av-3lejpa-d4e44cd1700edce41b285b94c8021301 av_one_fifth  avia-builder-el-22  el_after_av_one_half  el_before_av_hr  no_margin flex_column_div av-zero-column-padding '   ><\/div>\n<style type=\"text\/css\" data-created_by=\"avia_inline_auto\" id=\"style-css-av-3fk086-429a81300878792b4a0033523dea37f5\">\n#top .hr.hr-invisible.av-3fk086-429a81300878792b4a0033523dea37f5{\nheight:20px;\n}\n<\/style>\n<div  class='hr av-3fk086-429a81300878792b4a0033523dea37f5 hr-invisible  avia-builder-el-23  el_after_av_one_fifth  avia-builder-el-last   av-small-hide av-mini-hide'><span class='hr-inner '><span class=\"hr-inner-style\"><\/span><\/span><\/div><\/p>\n<\/div><\/div><div class=\"flex_cell no_margin av_one_half  avia-builder-el-24  el_after_av_cell_one_half  avia-builder-el-last   avia-full-stretch \"  style='background:url(https:\/\/guiasde.com\/materialescentenario\/wp-content\/uploads\/2021\/09\/varillas2-1.jpg) center center no-repeat scroll; vertical-align:top; padding:170px 30px 170px 30px ; ' ><div class='flex_cell_inner' ><\/div><\/div>\n<\/div>\n<div id='av_section_3'  class='avia-section av-8bk3i-73b15302a84ec64142cf4f209c979472 main_color avia-section-default avia-no-border-styling  avia-builder-el-25  el_after_av_layout_row  el_before_av_section  avia-bg-style-scroll  container_wrap fullsize'  ><div class='container av-section-cont-open' ><div class='template-page content  av-content-full alpha units'><div class='post-entry post-entry-type-page post-entry-672'><div class='entry-content-wrapper clearfix'>\n<div class='flex_column_table av-9rn3i-4aec7be2ceee38c40ec2323221dc975a sc-av_two_fifth av-equal-height-column-flextable'>\n<style type=\"text\/css\" data-created_by=\"avia_inline_auto\" id=\"style-css-av-9rn3i-4aec7be2ceee38c40ec2323221dc975a\">\n.flex_column.av-9rn3i-4aec7be2ceee38c40ec2323221dc975a{\nborder-radius:0px 0px 0px 0px;\n-webkit-border-radius:0px 0px 0px 0px;\n-moz-border-radius:0px 0px 0px 0px;\n}\n<\/style>\n<div class='flex_column av-9rn3i-4aec7be2ceee38c40ec2323221dc975a av_two_fifth  avia-builder-el-26  el_before_av_three_fifth  avia-builder-el-first  first flex_column_table_cell av-equal-height-column av-align-middle av-zero-column-padding '   ><style type=\"text\/css\" data-created_by=\"avia_inline_auto\" id=\"style-css-av-krwo984n-2cf218ae9069cae5c4ba5de6fa79158f\">\n.avia-image-container.av-krwo984n-2cf218ae9069cae5c4ba5de6fa79158f .av-image-caption-overlay-center{\ncolor:#ffffff;\n}\n<\/style>\n<div  class='avia-image-container av-krwo984n-2cf218ae9069cae5c4ba5de6fa79158f av-styling-no-styling avia-align-center  avia-builder-el-27  avia-builder-el-no-sibling  '  itemprop=\"image\" itemscope=\"itemscope\" itemtype=\"https:\/\/schema.org\/ImageObject\" ><div class=\"avia-image-container-inner\"><div class=\"avia-image-overlay-wrap\"><img class='wp-image-681 avia-img-lazy-loading-not-681 avia_image' src=\"https:\/\/guiasde.com\/materialescentenario\/wp-content\/uploads\/2021\/09\/ternium.jpg\" alt='' title='ternium'  height=\"594\" width=\"1136\"  itemprop=\"thumbnailUrl\" srcset=\"https:\/\/guiasde.com\/materialescentenario\/wp-content\/uploads\/2021\/09\/ternium.jpg 1136w, https:\/\/guiasde.com\/materialescentenario\/wp-content\/uploads\/2021\/09\/ternium-300x157.jpg 300w, https:\/\/guiasde.com\/materialescentenario\/wp-content\/uploads\/2021\/09\/ternium-1030x539.jpg 1030w, https:\/\/guiasde.com\/materialescentenario\/wp-content\/uploads\/2021\/09\/ternium-768x402.jpg 768w, https:\/\/guiasde.com\/materialescentenario\/wp-content\/uploads\/2021\/09\/ternium-705x369.jpg 705w, https:\/\/guiasde.com\/materialescentenario\/wp-content\/uploads\/2021\/09\/ternium-600x314.jpg 600w, https:\/\/guiasde.com\/materialescentenario\/wp-content\/uploads\/2021\/09\/ternium-64x33.jpg 64w\" sizes=\"(max-width: 1136px) 100vw, 1136px\" \/><\/div><\/div><\/div><\/div><div class='av-flex-placeholder'><\/div><div class='flex_column av-d2gh4-9896b1ce3a848f2e85188611f6c92b7d av_three_fifth  avia-builder-el-28  el_after_av_two_fifth  avia-builder-el-last  flex_column_table_cell av-equal-height-column av-align-middle '   ><div  class='avia-video avia-video-16-9   av-lazyload-immediate  av-lazyload-video-embed  '   itemprop=\"video\" itemtype=\"https:\/\/schema.org\/VideoObject\"  data-original_url='https:\/\/www.youtube.com\/watch?v=Xrv49gVzmRA' ><script type='text\/html' class='av-video-tmpl'><div class='avia-iframe-wrap'><iframe title=\"Ternium Varilla\" width=\"1500\" height=\"844\" src=\"https:\/\/www.youtube.com\/embed\/Xrv49gVzmRA?feature=oembed&autoplay=0&loop=0&controls=1&mute=0\" frameborder=\"0\" allow=\"accelerometer; autoplay; clipboard-write; encrypted-media; gyroscope; picture-in-picture\" allowfullscreen><\/iframe><\/div><\/script><div class='av-click-to-play-overlay'><div class=\"avia_playpause_icon\"><\/div><\/div><\/div><\/div><\/div><!--close column table wrapper. Autoclose: 1 -->\n\n<\/div><\/div><\/div><!-- close content main div --><\/div><\/div><div id='av_section_4'  class='avia-section av-1v1py-59ac9ec5a5716e93a15539d8855c9344 main_color avia-section-default avia-no-border-styling  avia-builder-el-30  el_after_av_section  avia-builder-el-last  avia-bg-style-scroll  container_wrap fullsize'  ><div class='container av-section-cont-open' ><div class='template-page content  av-content-full alpha units'><div class='post-entry post-entry-type-page post-entry-672'><div class='entry-content-wrapper clearfix'>\n\n<style type=\"text\/css\" data-created_by=\"avia_inline_auto\" id=\"style-css-av-eja3q-db47bdda00e40c14728c057f3be886e8\">\n.flex_column.av-eja3q-db47bdda00e40c14728c057f3be886e8{\nborder-radius:0px 0px 0px 0px;\n-webkit-border-radius:0px 0px 0px 0px;\n-moz-border-radius:0px 0px 0px 0px;\n}\n<\/style>\n<div class='flex_column av-eja3q-db47bdda00e40c14728c057f3be886e8 av_one_full  avia-builder-el-31  avia-builder-el-no-sibling  first flex_column_div av-zero-column-padding '   ><div  class='av-woo-product-related-upsells  avia-builder-el-32  avia-builder-el-no-sibling '><\/div><\/div>\n\n","protected":false},"excerpt":{"rendered":"","protected":false},"featured_media":676,"template":"","meta":[],"product_cat":[27],"product_tag":[],"_links":{"self":[{"href":"https:\/\/guiasde.com\/materialescentenario\/wp-json\/wp\/v2\/product\/672"}],"collection":[{"href":"https:\/\/guiasde.com\/materialescentenario\/wp-json\/wp\/v2\/product"}],"about":[{"href":"https:\/\/guiasde.com\/materialescentenario\/wp-json\/wp\/v2\/types\/product"}],"wp:featuredmedia":[{"embeddable":true,"href":"https:\/\/guiasde.com\/materialescentenario\/wp-json\/wp\/v2\/media\/676"}],"wp:attachment":[{"href":"https:\/\/guiasde.com\/materialescentenario\/wp-json\/wp\/v2\/media?parent=672"}],"wp:term":[{"taxonomy":"product_cat","embeddable":true,"href":"https:\/\/guiasde.com\/materialescentenario\/wp-json\/wp\/v2\/product_cat?post=672"},{"taxonomy":"product_tag","embeddable":true,"href":"https:\/\/guiasde.com\/materialescentenario\/wp-json\/wp\/v2\/product_tag?post=672"}],"curies":[{"name":"wp","href":"https:\/\/api.w.org\/{rel}","templated":true}]}}