{"id":974,"date":"2021-09-24T21:53:58","date_gmt":"2021-09-24T21:53:58","guid":{"rendered":"http:\/\/guiasde.com\/materialescentenario\/?post_type=product&#038;p=974"},"modified":"2021-11-04T17:27:23","modified_gmt":"2021-11-04T17:27:23","slug":"ferreteria","status":"publish","type":"product","link":"https:\/\/guiasde.com\/materialescentenario\/producto\/ferreteria\/","title":{"rendered":"Ferreteria"},"content":{"rendered":"\n<style type=\"text\/css\" data-created_by=\"avia_inline_auto\" id=\"style-css-av-7fx0ti-6a49624d7707c1efc419c0c6cace755b\">\n.avia-section.av-7fx0ti-6a49624d7707c1efc419c0c6cace755b{\nbackground-repeat:no-repeat;\nbackground-image:url(https:\/\/guiasde.com\/materialescentenario\/wp-content\/uploads\/2021\/09\/ferreteria-banner.jpg);\nbackground-position:50% 50%;\nbackground-attachment:fixed;\nmargin-top:0px;\nmargin-bottom:0px;\n}\n.avia-section.av-7fx0ti-6a49624d7707c1efc419c0c6cace755b .av-section-color-overlay{\nopacity:0.4;\nbackground-color:#0a0a0a;\n}\n.avia-section.av-7fx0ti-6a49624d7707c1efc419c0c6cace755b .av-extra-border-element .av-extra-border-inner{\nbackground-color:#ffffff;\n}\n<\/style>\n<div id='av_section_1'  class='avia-section av-7fx0ti-6a49624d7707c1efc419c0c6cace755b main_color avia-section-default avia-no-border-styling  avia-builder-el-0  el_before_av_section  avia-builder-el-first  diagonalb avia-full-stretch avia-bg-style-fixed av-section-color-overlay-active  av-minimum-height av-minimum-height-custom  container_wrap fullsize'  data-section-bg-repeat='stretch'><div class='av-section-color-overlay-wrap'><div class=\"av-section-color-overlay\"><\/div><div class='container av-section-cont-open' style='height:350px'><main  role=\"main\" itemprop=\"mainContentOfPage\"  class='template-page content  av-content-full alpha units'><div class='post-entry post-entry-type-page post-entry-974'><div class='entry-content-wrapper clearfix'>\n\n<style type=\"text\/css\" data-created_by=\"avia_inline_auto\" id=\"style-css-av-785c5a-6d22e849af67e4f92f885bd97c2214af\">\n.flex_column.av-785c5a-6d22e849af67e4f92f885bd97c2214af{\nborder-radius:0px 0px 0px 0px;\n-webkit-border-radius:0px 0px 0px 0px;\n-moz-border-radius:0px 0px 0px 0px;\n}\n<\/style>\n<div class='flex_column av-785c5a-6d22e849af67e4f92f885bd97c2214af av_one_half  avia-builder-el-1  el_before_av_one_half  avia-builder-el-first  first flex_column_div av-zero-column-padding '   ><p>\n<style type=\"text\/css\" data-created_by=\"avia_inline_auto\" id=\"style-css-av-pk5wu-b0e3a324ab856f6d040593401a3793aa\">\n#top .av-special-heading.av-pk5wu-b0e3a324ab856f6d040593401a3793aa{\npadding-bottom:0px;\ncolor:#ffffff;\nfont-size:40px;\n}\n.av-special-heading.av-pk5wu-b0e3a324ab856f6d040593401a3793aa .special-heading-inner-border{\nborder-color:#ffffff;\n}\n.av-special-heading.av-pk5wu-b0e3a324ab856f6d040593401a3793aa .av-subheading{\nfont-size:19px;\n}\n<\/style>\n<div  class='av-special-heading av-pk5wu-b0e3a324ab856f6d040593401a3793aa av-special-heading-h1 custom-color-heading blockquote modern-quote  avia-builder-el-2  el_before_av_hr  avia-builder-el-first  av-inherit-size '><h1 class='av-special-heading-tag '  itemprop=\"headline\"  >Productos de ferreter\u00eda y herramienta de construcci\u00f3n.<\/h1><div class='av_custom_color av-subheading av-subheading_below '><p>Contamos con una alta gama en estos productos<\/p>\n<\/div><div class='special-heading-border'><div class='special-heading-inner-border'><\/div><\/div><\/div><br \/>\n\n<style type=\"text\/css\" data-created_by=\"avia_inline_auto\" id=\"style-css-av-6xz6ti-f54d016ac9d847326d6f0863765adb01\">\n#top .hr.av-6xz6ti-f54d016ac9d847326d6f0863765adb01{\nmargin-top:0px;\nmargin-bottom:0px;\n}\n.hr.av-6xz6ti-f54d016ac9d847326d6f0863765adb01 .hr-inner{\nwidth:100px;\nborder-color:#ed9600;\n}\n<\/style>\n<div  class='hr av-6xz6ti-f54d016ac9d847326d6f0863765adb01 hr-custom  avia-builder-el-3  el_after_av_heading  avia-builder-el-last  hr-left hr-icon-no '><span class='hr-inner inner-border-av-border-fat'><span class=\"hr-inner-style\"><\/span><\/span><\/div><\/p><\/div>\n<style type=\"text\/css\" data-created_by=\"avia_inline_auto\" id=\"style-css-av-6pbea6-a3baeb26937b6fc62ee48aabc85256e0\">\n.flex_column.av-6pbea6-a3baeb26937b6fc62ee48aabc85256e0{\nborder-radius:0px 0px 0px 0px;\n-webkit-border-radius:0px 0px 0px 0px;\n-moz-border-radius:0px 0px 0px 0px;\n}\n<\/style>\n<div class='flex_column av-6pbea6-a3baeb26937b6fc62ee48aabc85256e0 av_one_half  avia-builder-el-4  el_after_av_one_half  avia-builder-el-last  flex_column_div av-zero-column-padding '   ><\/div>\n\n<\/div><\/div><\/main><!-- close content main element --><\/div><div class='av-extra-border-element border-extra-diagonal border-extra-diagonal-inverse diagonal-box-shadow'><div class='av-extra-border-outer'><div class='av-extra-border-inner'><\/div><\/div><\/div><\/div><\/div><div id='av_section_2'  class='avia-section av-naswe-10a430a82d5ff134aebf064647c19cea main_color avia-section-default avia-no-border-styling  avia-builder-el-5  el_after_av_section  avia-builder-el-last  avia-bg-style-scroll  container_wrap fullsize'  ><div class='container av-section-cont-open' ><div class='template-page content  av-content-full alpha units'><div class='post-entry post-entry-type-page post-entry-974'><div class='entry-content-wrapper clearfix'>\n<div class='flex_column_table av-6d6esu-56dc3130592cc3a4eaabb9d64e0774f5 sc-av_three_fifth av-equal-height-column-flextable'>\n<style type=\"text\/css\" data-created_by=\"avia_inline_auto\" id=\"style-css-av-6d6esu-56dc3130592cc3a4eaabb9d64e0774f5\">\n.flex_column.av-6d6esu-56dc3130592cc3a4eaabb9d64e0774f5{\nborder-radius:0px 0px 0px 0px;\n-webkit-border-radius:0px 0px 0px 0px;\n-moz-border-radius:0px 0px 0px 0px;\n}\n<\/style>\n<div class='flex_column av-6d6esu-56dc3130592cc3a4eaabb9d64e0774f5 av_three_fifth  avia-builder-el-6  el_before_av_two_fifth  avia-builder-el-first  first flex_column_table_cell av-equal-height-column av-align-top av-zero-column-padding '   ><section class=\"av_textblock_section \"  itemscope=\"itemscope\" itemtype=\"https:\/\/schema.org\/CreativeWork\" ><div class='avia_textblock  '   itemprop=\"text\" ><p><img loading=\"lazy\" class=\"size-featured_large wp-image-1048 aligncenter\" src=\"http:\/\/guiasde.com\/materialescentenario\/wp-content\/uploads\/2021\/09\/ferreteria4-800x630.jpg\" alt=\"\" width=\"800\" height=\"630\" \/><\/p>\n<\/div><\/section><\/div><div class='av-flex-placeholder'><\/div>\n<style type=\"text\/css\" data-created_by=\"avia_inline_auto\" id=\"style-css-av-61lj32-537e2c49f7a6650cdfa6e0695f80bdb8\">\n.flex_column.av-61lj32-537e2c49f7a6650cdfa6e0695f80bdb8{\nborder-radius:0px 0px 0px 0px;\n-webkit-border-radius:0px 0px 0px 0px;\n-moz-border-radius:0px 0px 0px 0px;\n}\n<\/style>\n<div class='flex_column av-61lj32-537e2c49f7a6650cdfa6e0695f80bdb8 av_two_fifth  avia-builder-el-8  el_after_av_three_fifth  el_before_av_hr  flex_column_table_cell av-equal-height-column av-align-top av-zero-column-padding '   ><p>\n<style type=\"text\/css\" data-created_by=\"avia_inline_auto\" id=\"style-css-av-fxyye-e0a0932fda7a665193111340682eb435\">\n#top .av-special-heading.av-fxyye-e0a0932fda7a665193111340682eb435{\npadding-bottom:10px;\ncolor:#171795;\nfont-size:30px;\n}\n.av-special-heading.av-fxyye-e0a0932fda7a665193111340682eb435 .special-heading-inner-border{\nborder-color:#171795;\n}\n<\/style>\n<div  class='av-special-heading av-fxyye-e0a0932fda7a665193111340682eb435 av-special-heading-h2 custom-color-heading blockquote modern-quote  avia-builder-el-9  el_before_av_iconlist  avia-builder-el-first  av-inherit-size '><h2 class='av-special-heading-tag '  itemprop=\"headline\"  >En la secci\u00f3n de ferreter\u00eda podr\u00e1 encontrar<\/h2><div class='special-heading-border'><div class='special-heading-inner-border'><\/div><\/div><\/div><br \/>\n\n<style type=\"text\/css\" data-created_by=\"avia_inline_auto\" id=\"style-css-av-ktywvqj0-47b2b58a6a88b084a38fe5cf1bb73d3f\">\n#top .avia-icon-list-container.av-ktywvqj0-47b2b58a6a88b084a38fe5cf1bb73d3f .iconlist_icon{\ncolor:#171795;\n}\n<\/style>\n<div  class='avia-icon-list-container av-ktywvqj0-47b2b58a6a88b084a38fe5cf1bb73d3f  avia-builder-el-10  el_after_av_heading  el_before_av_textblock  '><ul class='avia-icon-list avia_animate_when_almost_visible avia-icon-list-left av-iconlist-small av-ktywvqj0-47b2b58a6a88b084a38fe5cf1bb73d3f avia-iconlist-animate'>\n<li><div class='iconlist_icon av-ktywu89f-7ce8e45af58510bf61e6e1dec9867496 avia-font-entypo-fontello'><span class='iconlist-char ' aria-hidden='true' data-av_icon='\ue856' data-av_iconfont='entypo-fontello'><\/span><\/div><article class=\"article-icon-entry \"  itemscope=\"itemscope\" itemtype=\"https:\/\/schema.org\/CreativeWork\" ><div class='iconlist_content_wrap'><header class=\"entry-content-header\"><\/header><div class='iconlist_content  '  itemprop=\"text\" ><p>Material el\u00e9ctrico<\/p>\n<\/div><\/div><footer class=\"entry-footer\"><\/footer><\/article><div class='iconlist-timeline'><\/div><\/li>\n<li><div class='iconlist_icon av-ktywu89f-7ce8e45af58510bf61e6e1dec9867496 avia-font-entypo-fontello'><span class='iconlist-char ' aria-hidden='true' data-av_icon='\ue856' data-av_iconfont='entypo-fontello'><\/span><\/div><article class=\"article-icon-entry \"  itemscope=\"itemscope\" itemtype=\"https:\/\/schema.org\/CreativeWork\" ><div class='iconlist_content_wrap'><header class=\"entry-content-header\"><\/header><div class='iconlist_content  '  itemprop=\"text\" ><p>Herramienta de construcci\u00f3n<\/p>\n<\/div><\/div><footer class=\"entry-footer\"><\/footer><\/article><div class='iconlist-timeline'><\/div><\/li>\n<li><div class='iconlist_icon av-ktywu89f-7ce8e45af58510bf61e6e1dec9867496 avia-font-entypo-fontello'><span class='iconlist-char ' aria-hidden='true' data-av_icon='\ue856' data-av_iconfont='entypo-fontello'><\/span><\/div><article class=\"article-icon-entry \"  itemscope=\"itemscope\" itemtype=\"https:\/\/schema.org\/CreativeWork\" ><div class='iconlist_content_wrap'><header class=\"entry-content-header\"><\/header><div class='iconlist_content  '  itemprop=\"text\" ><p>Herramienta para alba\u00f1iler\u00eda<\/p>\n<\/div><\/div><footer class=\"entry-footer\"><\/footer><\/article><div class='iconlist-timeline'><\/div><\/li>\n<li><div class='iconlist_icon av-ktywu89f-7ce8e45af58510bf61e6e1dec9867496 avia-font-entypo-fontello'><span class='iconlist-char ' aria-hidden='true' data-av_icon='\ue856' data-av_iconfont='entypo-fontello'><\/span><\/div><article class=\"article-icon-entry \"  itemscope=\"itemscope\" itemtype=\"https:\/\/schema.org\/CreativeWork\" ><div class='iconlist_content_wrap'><header class=\"entry-content-header\"><\/header><div class='iconlist_content  '  itemprop=\"text\" ><p>Herramientas de medici\u00f3n<\/p>\n<\/div><\/div><footer class=\"entry-footer\"><\/footer><\/article><div class='iconlist-timeline'><\/div><\/li>\n<li><div class='iconlist_icon av-ktywu89f-7ce8e45af58510bf61e6e1dec9867496 avia-font-entypo-fontello'><span class='iconlist-char ' aria-hidden='true' data-av_icon='\ue856' data-av_iconfont='entypo-fontello'><\/span><\/div><article class=\"article-icon-entry \"  itemscope=\"itemscope\" itemtype=\"https:\/\/schema.org\/CreativeWork\" ><div class='iconlist_content_wrap'><header class=\"entry-content-header\"><\/header><div class='iconlist_content  '  itemprop=\"text\" ><p>Equipo de seguridad<\/p>\n<\/div><\/div><footer class=\"entry-footer\"><\/footer><\/article><div class='iconlist-timeline'><\/div><\/li>\n<li><div class='iconlist_icon av-ktywu89f-7ce8e45af58510bf61e6e1dec9867496 avia-font-entypo-fontello'><span class='iconlist-char ' aria-hidden='true' data-av_icon='\ue856' data-av_iconfont='entypo-fontello'><\/span><\/div><article class=\"article-icon-entry \"  itemscope=\"itemscope\" itemtype=\"https:\/\/schema.org\/CreativeWork\" ><div class='iconlist_content_wrap'><header class=\"entry-content-header\"><\/header><div class='iconlist_content  '  itemprop=\"text\" ><p>Lavaderos y talladores<\/p>\n<\/div><\/div><footer class=\"entry-footer\"><\/footer><\/article><div class='iconlist-timeline'><\/div><\/li>\n<\/ul><\/div><br \/>\n<section class=\"av_textblock_section \"  itemscope=\"itemscope\" itemtype=\"https:\/\/schema.org\/CreativeWork\" ><div class='avia_textblock  '   itemprop=\"text\" ><h3 class=\"av-special-heading-tag \"><span style=\"color: #ca2219;\">Herramientas con la mejor relaci\u00f3n precio-calidad<\/span><\/h3>\n<p><span lang=\"es\">Nos encargamos de que comiences de inmediato.<\/span><\/p>\n<p class=\"normal\"><span lang=\"es\">\u00bfEst\u00e1s listo para comenzar a construir? <\/span><\/p>\n<\/div><\/section><br \/>\n<div  class='avia-button-wrap avia-button-left  avia-builder-el-12  el_after_av_textblock  el_before_av_hr ' ><a href=''  class='avia-button av-kvl81n0j-6036012e7acdf9212ea127d1a405d8af avia-icon_select-no avia-size-large avia-position-left avia-color-theme-color ' ><span class='avia_iconbox_title' >Contacto<\/span><\/a><\/div><br \/>\n\n<style type=\"text\/css\" data-created_by=\"avia_inline_auto\" id=\"style-css-av-4yit3y-958ea69c67160ac67676103ac99312a0\">\n#top .hr.hr-invisible.av-4yit3y-958ea69c67160ac67676103ac99312a0{\nheight:40px;\n}\n<\/style>\n<div  class='hr av-4yit3y-958ea69c67160ac67676103ac99312a0 hr-invisible  avia-builder-el-13  el_after_av_button  el_before_av_textblock  '><span class='hr-inner '><span class=\"hr-inner-style\"><\/span><\/span><\/div><br \/>\n<section class=\"av_textblock_section \"  itemscope=\"itemscope\" itemtype=\"https:\/\/schema.org\/CreativeWork\" ><div class='avia_textblock  '   itemprop=\"text\" ><p>Si necesitas m\u00e1s informaci\u00f3n de nuestros precios y productos comun\u00edcate aqu\u00ed <a href=\"tel:+8183974488\">81 83 97 44 88<\/a> y <a href=\"tel:+8183974498\">81 83 97 44 98<\/a><\/p>\n<\/div><\/section><\/p><\/div><\/div><!--close column table wrapper. Autoclose: 1 -->\n<style type=\"text\/css\" data-created_by=\"avia_inline_auto\" id=\"style-css-av-9bqee-ad3d4fdab6f28dea516783173c51da71\">\n#top .hr.hr-invisible.av-9bqee-ad3d4fdab6f28dea516783173c51da71{\nheight:40px;\n}\n<\/style>\n<div  class='hr av-9bqee-ad3d4fdab6f28dea516783173c51da71 hr-invisible  avia-builder-el-15  el_after_av_two_fifth  avia-builder-el-last  '><span class='hr-inner '><span class=\"hr-inner-style\"><\/span><\/span><\/div>\n\n","protected":false},"excerpt":{"rendered":"","protected":false},"featured_media":1048,"template":"","meta":[],"product_cat":[15],"product_tag":[],"_links":{"self":[{"href":"https:\/\/guiasde.com\/materialescentenario\/wp-json\/wp\/v2\/product\/974"}],"collection":[{"href":"https:\/\/guiasde.com\/materialescentenario\/wp-json\/wp\/v2\/product"}],"about":[{"href":"https:\/\/guiasde.com\/materialescentenario\/wp-json\/wp\/v2\/types\/product"}],"wp:featuredmedia":[{"embeddable":true,"href":"https:\/\/guiasde.com\/materialescentenario\/wp-json\/wp\/v2\/media\/1048"}],"wp:attachment":[{"href":"https:\/\/guiasde.com\/materialescentenario\/wp-json\/wp\/v2\/media?parent=974"}],"wp:term":[{"taxonomy":"product_cat","embeddable":true,"href":"https:\/\/guiasde.com\/materialescentenario\/wp-json\/wp\/v2\/product_cat?post=974"},{"taxonomy":"product_tag","embeddable":true,"href":"https:\/\/guiasde.com\/materialescentenario\/wp-json\/wp\/v2\/product_tag?post=974"}],"curies":[{"name":"wp","href":"https:\/\/api.w.org\/{rel}","templated":true}]}}