{"id":224,"date":"2022-01-20T14:32:24","date_gmt":"2022-01-20T14:32:24","guid":{"rendered":"http:\/\/guiasde.com\/regiomantenimiento\/?page_id=224"},"modified":"2022-02-10T18:02:37","modified_gmt":"2022-02-10T18:02:37","slug":"nosotros","status":"publish","type":"page","link":"https:\/\/guiasde.com\/regiomantenimiento\/nosotros\/","title":{"rendered":"Nosotros"},"content":{"rendered":"<div id='av_section_1'  class='avia-section main_color avia-section-huge avia-no-border-styling  avia-full-stretch avia-bg-style-scroll  avia-builder-el-0  el_before_av_section  avia-builder-el-first   av-minimum-height av-minimum-height-50  container_wrap fullsize' style='background-repeat: no-repeat; background-image: url(https:\/\/guiasde.com\/regiomantenimiento\/wp-content\/uploads\/2021\/07\/PHOTO-2021-08-16-12-49-22-min.jpg);background-attachment: scroll; background-position: center center;  '  data-section-bg-repeat='stretch' data-av_minimum_height_pc='50'><div class='container' ><main  role=\"main\" itemprop=\"mainContentOfPage\"  class='template-page content  av-content-full alpha units'><div class='post-entry post-entry-type-page post-entry-224'><div class='entry-content-wrapper clearfix'>\n<div class=\"flex_column av_one_full  flex_column_div av-zero-column-padding first  avia-builder-el-1  avia-builder-el-no-sibling  \" style='border-radius:0px; '><p><div  style='padding-bottom:10px; color:#ffffff;font-size:50px;' class='av-special-heading av-special-heading-h1 custom-color-heading blockquote modern-quote modern-centered  avia-builder-el-2  el_before_av_textblock  avia-builder-el-first  av-inherit-size '><h1 class='av-special-heading-tag '  itemprop=\"headline\"  >Nosotros<\/h1><div class='special-heading-border'><div class='special-heading-inner-border' style='border-color:#ffffff'><\/div><\/div><\/div><br \/>\n<section class=\"av_textblock_section \"  itemscope=\"itemscope\" itemtype=\"https:\/\/schema.org\/CreativeWork\" ><div class='avia_textblock  av_inherit_color '  style='font-size:25px; color:#ffffff; '  itemprop=\"text\" ><p style=\"text-align: center;\">Ser una empresa l\u00edder en el mercado de la construcci\u00f3n, instalaci\u00f3n y mantenimiento que la industria requiera, reinvirtiendo en el capital humano como principal valor.<\/p>\n<\/div><\/section><\/p><\/div>\n\n<\/div><\/div><\/main><!-- close content main element --><\/div><\/div><div id='av_section_2'  class='avia-section main_color avia-section-default avia-no-border-styling  avia-bg-style-scroll  avia-builder-el-4  el_after_av_section  el_before_av_section   container_wrap fullsize' style=' '  ><div class='container' ><div class='template-page content  av-content-full alpha units'><div class='post-entry post-entry-type-page post-entry-224'><div class='entry-content-wrapper clearfix'>\n<div  style='padding-bottom:10px; ' class='av-special-heading av-special-heading-h2  blockquote modern-quote modern-centered  avia-builder-el-5  el_before_av_hr  avia-builder-el-first  '><h2 class='av-special-heading-tag '  itemprop=\"headline\"  >Misi\u00f3n y Visi\u00f3n<\/h2><div class='special-heading-border'><div class='special-heading-inner-border' ><\/div><\/div><\/div>\n<div  style=' margin-top:5px; margin-bottom:35px;'  class='hr hr-custom hr-center hr-icon-no   avia-builder-el-6  el_after_av_heading  el_before_av_one_half '><span class='hr-inner  inner-border-av-border-fat' style=' width:50px; border-color:#ff6f00;' ><span class='hr-inner-style'><\/span><\/span><\/div>\n<div class=\"flex_column av_one_half  flex_column_div av-zero-column-padding first  avia-builder-el-7  el_after_av_hr  el_before_av_one_half  \" style='border-radius:0px; '><section class=\"av_textblock_section \"  itemscope=\"itemscope\" itemtype=\"https:\/\/schema.org\/CreativeWork\" ><div class='avia_textblock  av_inherit_color '  style='font-size:25px; color:#000000; '  itemprop=\"text\" ><p>Ser siempre una soluci\u00f3n en los proyectos de nuestros clientes, cumpliendo con los objetivos tanto de ellos como de nuestros accionistas, proveedores y colaboradores.<\/p>\n<\/div><\/section><\/div><div class=\"flex_column av_one_half  flex_column_div av-zero-column-padding   avia-builder-el-9  el_after_av_one_half  avia-builder-el-last  \" style='border-radius:0px; '><section class=\"av_textblock_section \"  itemscope=\"itemscope\" itemtype=\"https:\/\/schema.org\/CreativeWork\" ><div class='avia_textblock  av_inherit_color '  style='font-size:25px; color:#000000; '  itemprop=\"text\" ><p>Estar siempre dispuestos a tomar las metas y objetivos de nuestros clientes como propios y as\u00ed lograr los satisfactores de cada de uno de los involucrados en el desarrollo de nuestros proyectos.<\/p>\n<\/div><\/section><\/div><\/div><\/div><\/div><!-- close content main div --><\/div><\/div><div id='av_section_3'  class='avia-section main_color avia-section-default avia-no-border-styling  avia-full-stretch av-parallax-section av-section-color-overlay-active avia-bg-style-parallax  avia-builder-el-11  el_after_av_section  avia-builder-el-last   av-minimum-height av-minimum-height-custom  container_wrap fullsize' style=' '  data-section-bg-repeat='stretch'><div class='av-parallax' data-avia-parallax-ratio='0.3' ><div class='av-parallax-inner main_color  avia-full-stretch' style = 'background-repeat: no-repeat; background-image: url(https:\/\/guiasde.com\/regiomantenimiento\/wp-content\/uploads\/2021\/08\/PHOTO-2021-08-09-13-10-14.jpg);background-attachment: scroll; background-position: center center; ' ><\/div><\/div><div class='av-section-color-overlay-wrap'><div class='av-section-color-overlay' style='opacity: 0.4; background-color: #000000; '><\/div><div class='container' style='height:300px'><div class='template-page content  av-content-full alpha units'><div class='post-entry post-entry-type-page post-entry-224'><div class='entry-content-wrapper clearfix'>\n<div class=\"flex_column av_one_full  flex_column_div av-zero-column-padding first  avia-builder-el-12  avia-builder-el-no-sibling  \" style='border-radius:0px; '><p><div  style='padding-bottom:10px; color:#ffffff;' class='av-special-heading av-special-heading-h2 custom-color-heading blockquote modern-quote modern-centered  avia-builder-el-13  el_before_av_textblock  avia-builder-el-first  '><h2 class='av-special-heading-tag '  itemprop=\"headline\"  >Pol\u00edtica de Calidad<\/h2><div class='special-heading-border'><div class='special-heading-inner-border' style='border-color:#ffffff'><\/div><\/div><\/div><br \/>\n<section class=\"av_textblock_section \"  itemscope=\"itemscope\" itemtype=\"https:\/\/schema.org\/CreativeWork\" ><div class='avia_textblock  av_inherit_color '  style='font-size:25px; color:#ffffff; '  itemprop=\"text\" ><p>Cumplir con las expectativas de nuestros clientes, utilizando siempre los materiales, herramientas y mano de obra calificada que se requiera.<\/p>\n<\/div><\/section><\/p><\/div>\n<\/p>\n","protected":false},"excerpt":{"rendered":"","protected":false},"author":1,"featured_media":0,"parent":0,"menu_order":0,"comment_status":"closed","ping_status":"open","template":"","meta":[],"_links":{"self":[{"href":"https:\/\/guiasde.com\/regiomantenimiento\/wp-json\/wp\/v2\/pages\/224"}],"collection":[{"href":"https:\/\/guiasde.com\/regiomantenimiento\/wp-json\/wp\/v2\/pages"}],"about":[{"href":"https:\/\/guiasde.com\/regiomantenimiento\/wp-json\/wp\/v2\/types\/page"}],"author":[{"embeddable":true,"href":"https:\/\/guiasde.com\/regiomantenimiento\/wp-json\/wp\/v2\/users\/1"}],"replies":[{"embeddable":true,"href":"https:\/\/guiasde.com\/regiomantenimiento\/wp-json\/wp\/v2\/comments?post=224"}],"version-history":[{"count":18,"href":"https:\/\/guiasde.com\/regiomantenimiento\/wp-json\/wp\/v2\/pages\/224\/revisions"}],"predecessor-version":[{"id":335,"href":"https:\/\/guiasde.com\/regiomantenimiento\/wp-json\/wp\/v2\/pages\/224\/revisions\/335"}],"wp:attachment":[{"href":"https:\/\/guiasde.com\/regiomantenimiento\/wp-json\/wp\/v2\/media?parent=224"}],"curies":[{"name":"wp","href":"https:\/\/api.w.org\/{rel}","templated":true}]}}