{"id":286,"date":"2022-01-21T23:06:16","date_gmt":"2022-01-21T23:06:16","guid":{"rendered":"http:\/\/guiasde.com\/regiomantenimiento\/?page_id=286"},"modified":"2022-01-21T23:52:41","modified_gmt":"2022-01-21T23:52:41","slug":"proyectos","status":"publish","type":"page","link":"https:\/\/guiasde.com\/regiomantenimiento\/proyectos\/","title":{"rendered":"Proyectos"},"content":{"rendered":"<div  id=\"av-sc-portfolio-1\"  class=\"av-portfolio-grid-sorting-container\"><div class='sort_width_container  av-sort-yes' data-portfolio-id='1' ><div id='js_sort_items' ><div class='sort_by_cat hidden '><a href=\"#\" data-filter=\"all_sort\" class=\"all_sort_button active_sort\"><span class=\"inner_sort_button\"><span>Todo<\/span><small class=\"av-cat-count\"> 3 <\/small><\/span><\/a><span class='text-sep proyectos_sort_sep'>\/<\/span><a href=\"#\" data-filter=\"proyectos_sort\" class=\"proyectos_sort_button\" ><span class=\"inner_sort_button\"><span>Proyectos<\/span><small class='av-cat-count'> 3 <\/small><\/span><\/a><\/div><\/div><\/div><div  class=' grid-sort-container isotope   no_margin-container with-excerpt-container grid-total-odd grid-col-1 grid-links-' data-portfolio-id='1'><div data-ajax-id='101' class=' grid-entry flex_column isotope-item all_sort no_margin post-entry post-entry-101 grid-entry-overview grid-loop-1 grid-parity-odd  proyectos_sort  av_fullwidth first special_av_fullwidth '><article class='main_color inner-entry'  itemscope=\"itemscope\" itemtype=\"https:\/\/schema.org\/CreativeWork\" ><div class='av_table_col first portfolio-entry grid-content'><header class=\"entry-content-header\"><h2 class='portfolio-grid-title entry-title '  itemprop=\"headline\" ><a href='https:\/\/guiasde.com\/regiomantenimiento\/portfolio-item\/proyecto-2\/'>Proyecto RYDER Parque FINSA Santa Catarina<\/a><\/h2><\/header><div class='entry-content-wrapper'><div class='grid-entry-excerpt entry-content'  itemprop=\"text\" >Cimentaci\u00f3n, Muro de cimentaci\u00f3n, rampas de minusv\u00e1lidos y Accesos, escalera de emergencia, rampa de montacargas, trabajos de banquetas y recubrimiento de talud.<\/div><\/div><div class=\"avia-arrow\"><\/div><\/div><div class='av_table_col portfolio-grid-image'><a href=\"https:\/\/guiasde.com\/regiomantenimiento\/portfolio-item\/proyecto-2\/\" title='Proyecto RYDER Parque FINSA Santa Catarina'  data-rel='grid-1' class='grid-image avia-hover-fx'> <img width=\"1500\" height=\"630\" src=\"https:\/\/guiasde.com\/regiomantenimiento\/wp-content\/uploads\/2021\/07\/PHOTO-2021-08-16-12-51-04-min-1500x630.jpg\" class=\"wp-image-182 avia-img-lazy-loading-not-182 attachment-featured_large size-featured_large wp-post-image\" alt=\"\" \/><\/a><\/div><footer class=\"entry-footer\"><\/footer><\/article><\/div><div data-ajax-id='105' class=' grid-entry flex_column isotope-item all_sort no_margin post-entry post-entry-105 grid-entry-overview grid-loop-2 grid-parity-even  proyectos_sort  av_fullwidth first special_av_fullwidth '><article class='main_color inner-entry'  itemscope=\"itemscope\" itemtype=\"https:\/\/schema.org\/CreativeWork\" ><div class='av_table_col first portfolio-entry grid-content'><header class=\"entry-content-header\"><h2 class='portfolio-grid-title entry-title '  itemprop=\"headline\" ><a href='https:\/\/guiasde.com\/regiomantenimiento\/portfolio-item\/proyecto-3\/'>Proyecto Emerson Ramos Arizpe<\/a><\/h2><\/header><div class='entry-content-wrapper'><div class='grid-entry-excerpt entry-content'  itemprop=\"text\" >Acabados para las \u00e1reas de oficina y Acabados, base de tanque contra incendio.<\/div><\/div><div class=\"avia-arrow\"><\/div><\/div><div class='av_table_col portfolio-grid-image'><a href=\"https:\/\/guiasde.com\/regiomantenimiento\/portfolio-item\/proyecto-3\/\" title='Proyecto Emerson Ramos Arizpe'  data-rel='grid-1' class='grid-image avia-hover-fx'> <img width=\"1500\" height=\"630\" src=\"https:\/\/guiasde.com\/regiomantenimiento\/wp-content\/uploads\/2021\/07\/6cc52d8c-bb16-497d-b6a9-7fa5289a2206-1500x630.jpg\" class=\"wp-image-261 avia-img-lazy-loading-not-261 attachment-featured_large size-featured_large wp-post-image\" alt=\"\" \/><\/a><\/div><footer class=\"entry-footer\"><\/footer><\/article><\/div><div data-ajax-id='67' class=' grid-entry flex_column isotope-item all_sort no_margin post-entry post-entry-67 grid-entry-overview grid-loop-3 grid-parity-odd  post-entry-last  proyectos_sort  av_fullwidth first special_av_fullwidth '><article class='main_color inner-entry'  itemscope=\"itemscope\" itemtype=\"https:\/\/schema.org\/CreativeWork\" ><div class='av_table_col first portfolio-entry grid-content'><header class=\"entry-content-header\"><h2 class='portfolio-grid-title entry-title '  itemprop=\"headline\" ><a href='https:\/\/guiasde.com\/regiomantenimiento\/portfolio-item\/proyecto-nave-industrial-luvata\/'>MULTI IV Parque FINSA Santa Catrina<\/a><\/h2><\/header><div class='entry-content-wrapper'><div class='grid-entry-excerpt entry-content'  itemprop=\"text\" >Cimentaci\u00f3n y Obra Civil, rampas de montacargas, muro de contenci\u00f3n.<\/div><\/div><div class=\"avia-arrow\"><\/div><\/div><div class='av_table_col portfolio-grid-image'><a href=\"https:\/\/guiasde.com\/regiomantenimiento\/portfolio-item\/proyecto-nave-industrial-luvata\/\" title='MULTI IV Parque FINSA Santa Catrina'  data-rel='grid-1' class='grid-image avia-hover-fx'> <img width=\"1500\" height=\"630\" src=\"https:\/\/guiasde.com\/regiomantenimiento\/wp-content\/uploads\/2021\/07\/4-1500x630.jpg\" class=\"wp-image-280 avia-img-lazy-loading-not-280 attachment-featured_large size-featured_large wp-post-image\" alt=\"\" \/><\/a><\/div><footer class=\"entry-footer\"><\/footer><\/article><\/div><\/div><\/div>   <!--   class=\"av-portfolio-grid-sorting-container\"  -->\n","protected":false},"excerpt":{"rendered":"","protected":false},"author":1,"featured_media":0,"parent":0,"menu_order":0,"comment_status":"closed","ping_status":"open","template":"","meta":[],"_links":{"self":[{"href":"https:\/\/guiasde.com\/regiomantenimiento\/wp-json\/wp\/v2\/pages\/286"}],"collection":[{"href":"https:\/\/guiasde.com\/regiomantenimiento\/wp-json\/wp\/v2\/pages"}],"about":[{"href":"https:\/\/guiasde.com\/regiomantenimiento\/wp-json\/wp\/v2\/types\/page"}],"author":[{"embeddable":true,"href":"https:\/\/guiasde.com\/regiomantenimiento\/wp-json\/wp\/v2\/users\/1"}],"replies":[{"embeddable":true,"href":"https:\/\/guiasde.com\/regiomantenimiento\/wp-json\/wp\/v2\/comments?post=286"}],"version-history":[{"count":4,"href":"https:\/\/guiasde.com\/regiomantenimiento\/wp-json\/wp\/v2\/pages\/286\/revisions"}],"predecessor-version":[{"id":297,"href":"https:\/\/guiasde.com\/regiomantenimiento\/wp-json\/wp\/v2\/pages\/286\/revisions\/297"}],"wp:attachment":[{"href":"https:\/\/guiasde.com\/regiomantenimiento\/wp-json\/wp\/v2\/media?parent=286"}],"curies":[{"name":"wp","href":"https:\/\/api.w.org\/{rel}","templated":true}]}}