{"id":366,"date":"2021-05-11T17:25:27","date_gmt":"2021-05-11T17:25:27","guid":{"rendered":"http:\/\/guiasde.com\/republicacervecera\/?page_id=366"},"modified":"2021-06-04T16:24:43","modified_gmt":"2021-06-04T16:24:43","slug":"nosotros","status":"publish","type":"page","link":"https:\/\/guiasde.com\/republicacervecera\/nosotros\/","title":{"rendered":"Nosotros"},"content":{"rendered":"<div id='av_section_1'  class='avia-section main_color avia-section-default avia-no-border-styling  avia-full-stretch av-parallax-section avia-bg-style-parallax  avia-builder-el-0  el_before_av_section  avia-builder-el-first   av-minimum-height av-minimum-height-custom  container_wrap fullsize' style=' '  data-section-bg-repeat='stretch'><div class='av-parallax' data-avia-parallax-ratio='0.3' ><div class='av-parallax-inner main_color  avia-full-stretch' style = 'background-repeat: no-repeat; background-image: url(https:\/\/guiasde.com\/republicacervecera\/wp-content\/uploads\/2021\/04\/fondo9.jpg);background-attachment: scroll; background-position: center center; ' ><\/div><\/div><div class='container' style='height:550px'><main  role=\"main\" itemprop=\"mainContentOfPage\"  class='template-page content  av-content-full alpha units'><div class='post-entry post-entry-type-page post-entry-366'><div class='entry-content-wrapper clearfix'>\n<div class=\"flex_column av_three_fifth  flex_column_div av-zero-column-padding first  avia-builder-el-1  el_before_av_two_fifth  avia-builder-el-first  \" style='border-radius:0px; '><div  style='padding-bottom:10px; color:#f9efdf;font-size:40px;' class='av-special-heading av-special-heading-h1 custom-color-heading blockquote modern-quote  avia-builder-el-2  avia-builder-el-no-sibling  av-inherit-size '><h1 class='av-special-heading-tag  av-mini-font-size-overwrite av-mini-font-size-30'  itemprop=\"headline\"  >UNA EMPRESA DEDICADA A LA DISTRIBUCI\u00d3N DE INSUMOS CERVECEROS DE LA MEJOR CALIDAD.<\/h1><div class='special-heading-border'><div class='special-heading-inner-border' style='border-color:#f9efdf'><\/div><\/div><\/div><\/div><div class=\"flex_column av_two_fifth  flex_column_div av-zero-column-padding   avia-builder-el-3  el_after_av_three_fifth  avia-builder-el-last  \" style='border-radius:0px; '><\/div>\n\n<\/div><\/div><\/main><!-- close content main element --><\/div><\/div><div id='av_section_2'  class='avia-section main_color avia-section-default avia-no-border-styling  avia-bg-style-scroll  avia-builder-el-4  el_after_av_section  avia-builder-el-last   av-minimum-height av-minimum-height-custom  container_wrap fullsize' style='background-repeat: repeat; background-image: url(https:\/\/guiasde.com\/republicacervecera\/wp-content\/uploads\/2021\/04\/fondo1.png);background-attachment: scroll; background-position: center center;  margin-top:-165px; margin-bottom:0px; '  data-section-bg-repeat='repeat'><div class='container' style='height:570px'><div class='template-page content  av-content-full alpha units'><div class='post-entry post-entry-type-page post-entry-366'><div class='entry-content-wrapper clearfix'>\n<div class='flex_column_table av-equal-height-column-flextable -flextable' ><div class=\"flex_column av_one_half  flex_column_table_cell av-equal-height-column av-align-middle av-zero-column-padding first  avia-builder-el-5  el_before_av_one_half  avia-builder-el-first  \" style='border-radius:0px; '><p><div  style='height:170px' class='hr hr-invisible   avia-builder-el-6  el_before_av_textblock  avia-builder-el-first '><span class='hr-inner ' ><span class='hr-inner-style'><\/span><\/span><\/div><br \/>\n<section class=\"av_textblock_section \"  itemscope=\"itemscope\" itemtype=\"https:\/\/schema.org\/CreativeWork\" ><div class='avia_textblock  '   itemprop=\"text\" ><p>Distribuimos maltas importadas de Estados Unidos y Europa de la mas alta calidad.<\/p>\n<p>Contamos con los l\u00fapulos m\u00e1s frescos de todo el mercado. Americanos, Europeos, y muchos otros. Procurando siempre tener las mejores cosechas.<\/p>\n<p>Tambi\u00e9n manejamos una amplia variedad de levaduras, asegur\u00e1ndonos de que obtengas el sabor ideal para cada una de tus cervezas y permitirte hacer los procesos de fermentaci\u00f3n m\u00e1s sencillos.<\/p>\n<p>Ampliamos nuestro cat\u00e1logo agregando aditivos, az\u00facares, entre otros para que obtengas mejorar tu cerveza.<\/p>\n<\/div><\/section><br \/>\n<div  style='height:20px' class='hr hr-invisible   avia-builder-el-8  el_after_av_textblock  avia-builder-el-last '><span class='hr-inner ' ><span class='hr-inner-style'><\/span><\/span><\/div><\/p><\/div><div class='av-flex-placeholder'><\/div><div class=\"flex_column av_one_half  flex_column_table_cell av-equal-height-column av-align-middle av-zero-column-padding   avia-builder-el-9  el_after_av_one_half  avia-builder-el-last  \" style='border-radius:0px; '><p><div  class='av-hotspot-image-container   avia_animated_image avia_animate_when_almost_visible top-to-bottom av-hotspot-blank   avia-builder-el-10  el_before_av_heading  avia-builder-el-first  av-non-fullwidth-hotspot-image'  itemprop=\"image\" itemscope=\"itemscope\" itemtype=\"https:\/\/schema.org\/ImageObject\" ><div class='av-hotspot-container'><div class='av-hotspot-container-inner-cell'><div class='av-hotspot-container-inner-wrap'><div class='av-image-hotspot av-image-hotspot-1 ' data-avia-tooltip-position='top' data-avia-tooltip-alignment='left' data-avia-tooltip-class='av-tt-xlarge-width av-tt-pos-above av-tt-align-left  main_color av-tooltip-shadow av-tt-hotspot' data-avia-tooltip='&lt;h4 style=&quot;text-align: left;&quot;&gt;&lt;strong&gt;MEXICALI&lt;\/strong&gt;&lt;\/h4&gt;\n&lt;p style=&quot;text-align: left;&quot;&gt;Av. Jat\u00f1il S\/N, Parque industrial Cucapah, Mexicali, Baja California C.P. 21385&lt;\/p&gt;\n&lt;div class=&quot;as&quot; style=&quot;text-align: left;&quot;&gt;&lt;strong&gt;Lunes a Viernes: &lt;\/strong&gt;7:00 am a 4:30 pm&lt;\/div&gt;\n&lt;div class=&quot;as&quot; style=&quot;text-align: left;&quot;&gt;\n&lt;div class=&quot;as&quot;&gt;&lt;strong&gt;S\u00e1bado: &lt;\/strong&gt;7:00 am a 1:00 pm.&lt;\/div&gt;\n&lt;\/div&gt;\n' style='top: 11%; left: 5.5%; '><div class='av-image-hotspot_inner' style=' '>1<\/div><div class='av-image-hotspot-pulse' ><\/div><\/div><div class='av-image-hotspot av-image-hotspot-2 ' data-avia-tooltip-position='bottom' data-avia-tooltip-alignment='right' data-avia-tooltip-class='av-tt-xlarge-width av-tt-pos-below av-tt-align-right  main_color av-tooltip-shadow av-tt-hotspot' data-avia-tooltip='&lt;h4 style=&quot;text-align: left;&quot;&gt;&lt;strong&gt;NUEVO LE\u00d3N&lt;\/strong&gt;&lt;\/h4&gt;\n&lt;p style=&quot;text-align: left;&quot;&gt;Prolongaci\u00f3n Las Torres #214, Regio Parque Industrial,C.P. 66367, Santa Catarina, Nuevo Le\u00f3n&lt;\/p&gt;\n&lt;div class=&quot;as&quot; style=&quot;text-align: left;&quot;&gt;&lt;strong&gt;Lunes a Viernes: &lt;\/strong&gt;9:00 am a 6:00 pm.&lt;\/div&gt;\n' style='top: 39%; left: 53.1%; '><div class='av-image-hotspot_inner' style=' '>2<\/div><div class='av-image-hotspot-pulse' ><\/div><\/div><img class='wp-image-501 avia-img-lazy-loading-not-501 avia_image' src=\"https:\/\/guiasde.com\/republicacervecera\/wp-content\/uploads\/2021\/05\/mapamexico.png\" alt='' title='mapamexico'  height=\"500\" width=\"640\"  itemprop=\"thumbnailUrl\" srcset=\"https:\/\/guiasde.com\/republicacervecera\/wp-content\/uploads\/2021\/05\/mapamexico.png 640w, https:\/\/guiasde.com\/republicacervecera\/wp-content\/uploads\/2021\/05\/mapamexico-300x234.png 300w, https:\/\/guiasde.com\/republicacervecera\/wp-content\/uploads\/2021\/05\/mapamexico-600x469.png 600w, https:\/\/guiasde.com\/republicacervecera\/wp-content\/uploads\/2021\/05\/mapamexico-64x50.png 64w\" sizes=\"(max-width: 640px) 100vw, 640px\" \/><\/div><\/div><\/div><\/div><br \/>\n<div  style='padding-bottom:10px; font-size:35px;' class='av-special-heading av-special-heading-h1  blockquote modern-quote modern-centered  avia-builder-el-11  el_after_av_image_hotspot  el_before_av_hr  avia-builder-el-first  av-inherit-size '><h1 class='av-special-heading-tag  av-mini-font-size-overwrite av-mini-font-size-30'  itemprop=\"headline\"  >REALIZAMOS ENV\u00cdOS A TODO M\u00c9XICO<\/h1><div class='special-heading-border'><div class='special-heading-inner-border' ><\/div><\/div><\/div><br \/>\n<div  style=' margin-top:0px; margin-bottom:0px;'  class='hr hr-custom hr-center hr-icon-no   avia-builder-el-12  el_after_av_heading  avia-builder-el-last '><span class='hr-inner  inner-border-av-border-fat' style=' width:100px;' ><span class='hr-inner-style'><\/span><\/span><\/div><\/p><\/div><\/div><!--close column table wrapper. Autoclose: 1 -->\n","protected":false},"excerpt":{"rendered":"","protected":false},"author":1,"featured_media":0,"parent":0,"menu_order":0,"comment_status":"closed","ping_status":"closed","template":"","meta":[],"_links":{"self":[{"href":"https:\/\/guiasde.com\/republicacervecera\/wp-json\/wp\/v2\/pages\/366"}],"collection":[{"href":"https:\/\/guiasde.com\/republicacervecera\/wp-json\/wp\/v2\/pages"}],"about":[{"href":"https:\/\/guiasde.com\/republicacervecera\/wp-json\/wp\/v2\/types\/page"}],"author":[{"embeddable":true,"href":"https:\/\/guiasde.com\/republicacervecera\/wp-json\/wp\/v2\/users\/1"}],"replies":[{"embeddable":true,"href":"https:\/\/guiasde.com\/republicacervecera\/wp-json\/wp\/v2\/comments?post=366"}],"version-history":[{"count":51,"href":"https:\/\/guiasde.com\/republicacervecera\/wp-json\/wp\/v2\/pages\/366\/revisions"}],"predecessor-version":[{"id":596,"href":"https:\/\/guiasde.com\/republicacervecera\/wp-json\/wp\/v2\/pages\/366\/revisions\/596"}],"wp:attachment":[{"href":"https:\/\/guiasde.com\/republicacervecera\/wp-json\/wp\/v2\/media?parent=366"}],"curies":[{"name":"wp","href":"https:\/\/api.w.org\/{rel}","templated":true}]}}