{"id":445,"date":"2021-05-12T14:58:52","date_gmt":"2021-05-12T14:58:52","guid":{"rendered":"http:\/\/guiasde.com\/republicacervecera\/?post_type=product&#038;p=445"},"modified":"2021-07-02T14:30:24","modified_gmt":"2021-07-02T14:30:24","slug":"levadura-safale-s-04-2","status":"publish","type":"product","link":"https:\/\/guiasde.com\/republicacervecera\/productos\/levaduras\/fermentis\/levadura-safale-s-04-2\/","title":{"rendered":"LEVADURA Safale S-04"},"content":{"rendered":"<div class='clear'><\/div><div id='sub_menu1'  class='av-submenu-container main_color  avia-builder-el-0  el_before_av_section  avia-builder-el-first  av-sticky-submenu  container_wrap fullsize' style='  z-index:301' ><div class='container av-menu-mobile-disabled '><ul id=\"menu-categorias-productos\" class=\"av-subnav-menu av-submenu-pos-center\"><li id=\"menu-item-558\" class=\"menu-item menu-item-type-post_type menu-item-object-page menu-item-top-level menu-item-top-level-1\"><a href=\"https:\/\/guiasde.com\/republicacervecera\/productos\/todos\/\" itemprop=\"url\"><span class=\"avia-bullet\"><\/span><span class=\"avia-menu-text\">TODOS<\/span><span class=\"avia-menu-fx\"><span class=\"avia-arrow-wrap\"><span class=\"avia-arrow\"><\/span><\/span><\/span><\/a><\/li>\n<li id=\"menu-item-563\" class=\"menu-item menu-item-type-post_type menu-item-object-page menu-item-top-level menu-item-top-level-2\"><a href=\"https:\/\/guiasde.com\/republicacervecera\/productos\/maltas-2\/\" itemprop=\"url\"><span class=\"avia-bullet\"><\/span><span class=\"avia-menu-text\">MALTAS<\/span><span class=\"avia-menu-fx\"><span class=\"avia-arrow-wrap\"><span class=\"avia-arrow\"><\/span><\/span><\/span><\/a><\/li>\n<li id=\"menu-item-578\" class=\"menu-item menu-item-type-post_type menu-item-object-page menu-item-top-level menu-item-top-level-3\"><a href=\"https:\/\/guiasde.com\/republicacervecera\/productos\/lupulos-2\/\" itemprop=\"url\"><span class=\"avia-bullet\"><\/span><span class=\"avia-menu-text\">L\u00daPULOS<\/span><span class=\"avia-menu-fx\"><span class=\"avia-arrow-wrap\"><span class=\"avia-arrow\"><\/span><\/span><\/span><\/a><\/li>\n<li id=\"menu-item-577\" class=\"menu-item menu-item-type-post_type menu-item-object-page menu-item-top-level menu-item-top-level-4\"><a href=\"https:\/\/guiasde.com\/republicacervecera\/productos\/levaduras-2\/\" itemprop=\"url\"><span class=\"avia-bullet\"><\/span><span class=\"avia-menu-text\">LEVADURAS<\/span><span class=\"avia-menu-fx\"><span class=\"avia-arrow-wrap\"><span class=\"avia-arrow\"><\/span><\/span><\/span><\/a><\/li>\n<li id=\"menu-item-576\" class=\"menu-item menu-item-type-post_type menu-item-object-page menu-item-top-level menu-item-top-level-5\"><a href=\"https:\/\/guiasde.com\/republicacervecera\/productos\/azucares-2\/\" itemprop=\"url\"><span class=\"avia-bullet\"><\/span><span class=\"avia-menu-text\">AZUCARES<\/span><span class=\"avia-menu-fx\"><span class=\"avia-arrow-wrap\"><span class=\"avia-arrow\"><\/span><\/span><\/span><\/a><\/li>\n<li id=\"menu-item-575\" class=\"menu-item menu-item-type-post_type menu-item-object-page menu-item-top-level menu-item-top-level-6\"><a href=\"https:\/\/guiasde.com\/republicacervecera\/productos\/sales-2\/\" itemprop=\"url\"><span class=\"avia-bullet\"><\/span><span class=\"avia-menu-text\">SALES<\/span><span class=\"avia-menu-fx\"><span class=\"avia-arrow-wrap\"><span class=\"avia-arrow\"><\/span><\/span><\/span><\/a><\/li>\n<li id=\"menu-item-574\" class=\"menu-item menu-item-type-post_type menu-item-object-page menu-item-top-level menu-item-top-level-7\"><a href=\"https:\/\/guiasde.com\/republicacervecera\/productos\/aditivos-2\/\" itemprop=\"url\"><span class=\"avia-bullet\"><\/span><span class=\"avia-menu-text\">ADITIVOS<\/span><span class=\"avia-menu-fx\"><span class=\"avia-arrow-wrap\"><span class=\"avia-arrow\"><\/span><\/span><\/span><\/a><\/li>\n<\/ul><\/div><\/div><div class='sticky_placeholder'><\/div>\n<div id='av_section_1'  class='avia-section main_color avia-section-large avia-no-border-styling  avia-bg-style-scroll  avia-builder-el-1  el_after_av_submenu  avia-builder-el-last   av-minimum-height av-minimum-height-75  container_wrap fullsize' style='background-repeat: repeat; background-image: url(https:\/\/guiasde.com\/republicacervecera\/wp-content\/uploads\/2021\/04\/fondo1.png);background-attachment: scroll; background-position: center center;  '  data-section-bg-repeat='repeat' data-av_minimum_height_pc='75'><div class='container' ><div class='template-page content  av-content-full alpha units'><div class='post-entry post-entry-type-page post-entry-445'><div class='entry-content-wrapper clearfix'>\n<div class='flex_column_table av-equal-height-column-flextable -flextable' ><div class=\"flex_column av_one_half  flex_column_table_cell av-equal-height-column av-align-middle av-zero-column-padding first  avia-builder-el-2  el_before_av_one_half  avia-builder-el-first  \" style='border-radius:0px; '><div  class='avia-image-container  av-styling-no-styling    avia-builder-el-3  avia-builder-el-no-sibling  avia-align-center '  itemprop=\"image\" itemscope=\"itemscope\" itemtype=\"https:\/\/schema.org\/ImageObject\"  ><div class='avia-image-container-inner'><div class='avia-image-overlay-wrap'><img class='wp-image-443 avia-img-lazy-loading-not-443 avia_image' src=\"https:\/\/guiasde.com\/republicacervecera\/wp-content\/uploads\/2021\/05\/levadura-Safale-S-04.png\" alt='' title='levadura-Safale-S-04' height=\"500\" width=\"500\"  itemprop=\"thumbnailUrl\" srcset=\"https:\/\/guiasde.com\/republicacervecera\/wp-content\/uploads\/2021\/05\/levadura-Safale-S-04.png 500w, https:\/\/guiasde.com\/republicacervecera\/wp-content\/uploads\/2021\/05\/levadura-Safale-S-04-300x300.png 300w, https:\/\/guiasde.com\/republicacervecera\/wp-content\/uploads\/2021\/05\/levadura-Safale-S-04-80x80.png 80w, https:\/\/guiasde.com\/republicacervecera\/wp-content\/uploads\/2021\/05\/levadura-Safale-S-04-36x36.png 36w, https:\/\/guiasde.com\/republicacervecera\/wp-content\/uploads\/2021\/05\/levadura-Safale-S-04-180x180.png 180w, https:\/\/guiasde.com\/republicacervecera\/wp-content\/uploads\/2021\/05\/levadura-Safale-S-04-100x100.png 100w, https:\/\/guiasde.com\/republicacervecera\/wp-content\/uploads\/2021\/05\/levadura-Safale-S-04-64x64.png 64w\" sizes=\"(max-width: 500px) 100vw, 500px\" \/><\/div><\/div><\/div><\/div><div class='av-flex-placeholder'><\/div><div class=\"flex_column av_one_half  flex_column_table_cell av-equal-height-column av-align-middle av-zero-column-padding   avia-builder-el-4  el_after_av_one_half  el_before_av_one_full  \" style='border-radius:0px; '><p><div  style='padding-bottom:10px; font-size:40px;' class='av-special-heading av-special-heading-h1  blockquote modern-quote  avia-builder-el-5  el_before_av_textblock  avia-builder-el-first  av-inherit-size '><h1 class='av-special-heading-tag '  itemprop=\"headline\"  >LEVADURA Safale S-04<\/h1><div class='special-heading-border'><div class='special-heading-inner-border' ><\/div><\/div><\/div><br \/>\n<section class=\"av_textblock_section \"  itemscope=\"itemscope\" itemtype=\"https:\/\/schema.org\/CreativeWork\" ><div class='avia_textblock  '   itemprop=\"text\" ><p>Cepa ale inglesa seleccionada por su r\u00e1pida capacidad fermentativa y por formar un sedimento compacto al final de la fermentaci\u00f3n, ayudando a mejorar la claridad de la cerveza. Recomendada para la producci\u00f3n de un amplio rango de ales y especialmente adaptadas para acondicionamiento en barriles y fermentaci\u00f3n en tanques cil\u00edndrico &#8211; c\u00f3nicos.<\/p>\n<\/div><\/section><br \/>\n<div class='product_meta  avia-builder-el-7  el_after_av_textblock  el_before_av_hr '><span class=\"posted_in\">Categor\u00edas: <a href=\"https:\/\/guiasde.com\/republicacervecera\/categoria\/levaduras\/fermentis\/\" rel=\"tag\">Fermentis<\/a>, <a href=\"https:\/\/guiasde.com\/republicacervecera\/categoria\/levaduras\/\" rel=\"tag\">LEVADURAS<\/a><\/span><\/div><br \/>\n<div  style='height:30px' class='hr hr-invisible   avia-builder-el-8  el_after_av_product_meta  el_before_av_product_button '><span class='hr-inner ' ><span class='hr-inner-style'><\/span><\/span><\/div><br \/>\n<div class='av-woo-purchase-button  avia-builder-el-9  el_after_av_hr  el_before_av_hr '><p class=\"price\"><\/p><\/div><br \/>\n<div  style='height:70px' class='hr hr-invisible   avia-builder-el-10  el_after_av_product_button  el_before_av_social_share '><span class='hr-inner ' ><span class='hr-inner-style'><\/span><\/span><\/div><br \/>\n<div  class='av-social-sharing-box  avia-builder-el-11  el_after_av_hr  avia-builder-el-last  av-social-sharing-box-minimal '><div class='av-share-box'><h5 class='av-share-link-description av-no-toc '>Compartir en:<\/h5><ul class='av-share-box-list noLightbox'><li class='av-share-link av-social-link-facebook' ><a target=\"_blank\" aria-label=\"Compartir en Facebook\" href='https:\/\/www.facebook.com\/sharer.php?u=https:\/\/guiasde.com\/republicacervecera\/productos\/levaduras\/fermentis\/levadura-safale-s-04-2\/&#038;t=LEVADURA%20Safale%20S-04' aria-hidden='false' data-av_icon='\ue8f3' data-av_iconfont='entypo-fontello' title='' data-avia-related-tooltip='Compartir en Facebook' rel=\"noopener\"><span class='avia_hidden_link_text'>Compartir en Facebook<\/span><\/a><\/li><li class='av-share-link av-social-link-twitter' ><a target=\"_blank\" aria-label=\"Compartir en Twitter\" href='https:\/\/twitter.com\/share?text=LEVADURA%20Safale%20S-04&#038;url=https:\/\/guiasde.com\/republicacervecera\/?p=445' aria-hidden='false' data-av_icon='\ue8f1' data-av_iconfont='entypo-fontello' title='' data-avia-related-tooltip='Compartir en Twitter' rel=\"noopener\"><span class='avia_hidden_link_text'>Compartir en Twitter<\/span><\/a><\/li><li class='av-share-link av-social-link-whatsapp' ><a target=\"_blank\" aria-label=\"Share on WhatsApp\" href='https:\/\/api.whatsapp.com\/send?text=https:\/\/guiasde.com\/republicacervecera\/productos\/levaduras\/fermentis\/levadura-safale-s-04-2\/' aria-hidden='false' data-av_icon='\uf232' data-av_iconfont='entypo-fontello' title='' data-avia-related-tooltip='Share on WhatsApp' rel=\"noopener\"><span class='avia_hidden_link_text'>Share on WhatsApp<\/span><\/a><\/li><li class='av-share-link av-social-link-linkedin' ><a target=\"_blank\" aria-label=\"Compartir en LinkedIn\" href='https:\/\/linkedin.com\/shareArticle?mini=true&#038;title=LEVADURA%20Safale%20S-04&#038;url=https:\/\/guiasde.com\/republicacervecera\/productos\/levaduras\/fermentis\/levadura-safale-s-04-2\/' aria-hidden='false' data-av_icon='\ue8fc' data-av_iconfont='entypo-fontello' title='' data-avia-related-tooltip='Compartir en LinkedIn' rel=\"noopener\"><span class='avia_hidden_link_text'>Compartir en LinkedIn<\/span><\/a><\/li><li class='av-share-link av-social-link-reddit' ><a target=\"_blank\" aria-label=\"Compartir en Reddit\" href='https:\/\/reddit.com\/submit?url=https:\/\/guiasde.com\/republicacervecera\/productos\/levaduras\/fermentis\/levadura-safale-s-04-2\/&#038;title=LEVADURA%20Safale%20S-04' aria-hidden='false' data-av_icon='\ue927' data-av_iconfont='entypo-fontello' title='' data-avia-related-tooltip='Compartir en Reddit' rel=\"noopener\"><span class='avia_hidden_link_text'>Compartir en Reddit<\/span><\/a><\/li><li class='av-share-link av-social-link-mail' ><a  aria-label=\"Compartir por correo\" href='mailto:?subject=LEVADURA%20Safale%20S-04&#038;body=https:\/\/guiasde.com\/republicacervecera\/productos\/levaduras\/fermentis\/levadura-safale-s-04-2\/' aria-hidden='false' data-av_icon='\ue805' data-av_iconfont='entypo-fontello' title='' data-avia-related-tooltip='Compartir por correo'><span class='avia_hidden_link_text'>Compartir por correo<\/span><\/a><\/li><\/ul><\/div><\/div><\/p><\/div><\/div><!--close column table wrapper. Autoclose: 1 --><div class=\"flex_column av_one_full  flex_column_div av-zero-column-padding first  avia-builder-el-12  el_after_av_one_half  avia-builder-el-last  column-top-margin\" style='border-radius:0px; '><p><div  style='height:100px' class='hr hr-invisible   avia-builder-el-13  el_before_av_product_upsells  avia-builder-el-first '><span class='hr-inner ' ><span class='hr-inner-style'><\/span><\/span><\/div><br \/>\n<div  class='av-woo-product-related-upsells  avia-builder-el-14  el_after_av_hr  avia-builder-el-last '><div class='product_column product_column_4'>\n\t<section class=\"related products\">\n\n\t\t\t\t\t<h2>Productos relacionados<\/h2>\n\t\t\t\t\n\t\t<ul class=\"products columns-4\">\n\n\t\t\t\n\t\t\t\t\t<li class=\"product type-product post-442 status-publish first instock product_cat-fermentis product_cat-levaduras has-post-thumbnail shipping-taxable product-type-simple\">\n\t<div class='inner_product main_color wrapped_style noLightbox  av-product-class-minimal'><div class='thumbnail_container'><img width=\"300\" height=\"300\" src=\"https:\/\/guiasde.com\/republicacervecera\/wp-content\/uploads\/2021\/05\/levadura-S05-300x300.png\" class=\"wp-image-447 avia-img-lazy-loading-447 attachment-shop_catalog size-shop_catalog wp-post-image\" alt=\"\" loading=\"lazy\" srcset=\"https:\/\/guiasde.com\/republicacervecera\/wp-content\/uploads\/2021\/05\/levadura-S05-300x300.png 300w, https:\/\/guiasde.com\/republicacervecera\/wp-content\/uploads\/2021\/05\/levadura-S05-80x80.png 80w, https:\/\/guiasde.com\/republicacervecera\/wp-content\/uploads\/2021\/05\/levadura-S05-36x36.png 36w, https:\/\/guiasde.com\/republicacervecera\/wp-content\/uploads\/2021\/05\/levadura-S05-180x180.png 180w, https:\/\/guiasde.com\/republicacervecera\/wp-content\/uploads\/2021\/05\/levadura-S05-100x100.png 100w, https:\/\/guiasde.com\/republicacervecera\/wp-content\/uploads\/2021\/05\/levadura-S05-64x64.png 64w, https:\/\/guiasde.com\/republicacervecera\/wp-content\/uploads\/2021\/05\/levadura-S05.png 500w\" sizes=\"(max-width: 300px) 100vw, 300px\" \/><span class='cart-loading'><\/span><\/div><div class='inner_product_header'><div class='avia-arrow'><\/div><div class='inner_product_header_table'><div class='inner_product_header_cell'><\/div><\/div><\/div><\/div><\/li>\n\n\t\t\t\n\t\t<\/ul>\n\n\t<\/section>\n\t<\/div><\/div><\/p><\/div>\n\n","protected":false},"excerpt":{"rendered":"<p>Recomendada para la producci\u00f3n de un amplio rango de ales.<\/p>\n","protected":false},"featured_media":443,"comment_status":"open","ping_status":"closed","template":"","meta":[],"_links":{"self":[{"href":"https:\/\/guiasde.com\/republicacervecera\/wp-json\/wp\/v2\/product\/445"}],"collection":[{"href":"https:\/\/guiasde.com\/republicacervecera\/wp-json\/wp\/v2\/product"}],"about":[{"href":"https:\/\/guiasde.com\/republicacervecera\/wp-json\/wp\/v2\/types\/product"}],"replies":[{"embeddable":true,"href":"https:\/\/guiasde.com\/republicacervecera\/wp-json\/wp\/v2\/comments?post=445"}],"wp:featuredmedia":[{"embeddable":true,"href":"https:\/\/guiasde.com\/republicacervecera\/wp-json\/wp\/v2\/media\/443"}],"wp:attachment":[{"href":"https:\/\/guiasde.com\/republicacervecera\/wp-json\/wp\/v2\/media?parent=445"}],"curies":[{"name":"wp","href":"https:\/\/api.w.org\/{rel}","templated":true}]}}