{"id":321,"date":"2021-08-11T17:33:51","date_gmt":"2021-08-11T17:33:51","guid":{"rendered":"http:\/\/guiasde.com\/suhyn\/?page_id=321"},"modified":"2021-08-13T18:00:44","modified_gmt":"2021-08-13T18:00:44","slug":"nosotros","status":"publish","type":"page","link":"https:\/\/guiasde.com\/suhyn\/nosotros\/","title":{"rendered":"Nosotros"},"content":{"rendered":"<div id='av-layout-grid-1'  class='av-layout-grid-container entry-content-wrapper main_color av-flex-cells     avia-builder-el-0  avia-builder-el-no-sibling  av-cell-min-height av-cell-min-height-75 container_wrap fullsize' style=' '   data-av_minimum_height_pc='75'>\n<div class=\"flex_cell no_margin av_three_fifth  avia-builder-el-1  el_before_av_cell_two_fifth  avia-builder-el-first   \"  style='background: #e8e8e8; vertical-align:middle; padding:30px; background-color:#e8e8e8; ' ><div class='flex_cell_inner' ><p><div class=\"flex_column av_one_fifth  flex_column_div av-zero-column-padding first  avia-builder-el-2  el_before_av_three_fifth  avia-builder-el-first  \" style='border-radius:0px; '><\/div><div class=\"flex_column av_three_fifth  flex_column_div av-zero-column-padding   avia-builder-el-3  el_after_av_one_fifth  el_before_av_one_fifth  \" style='border-radius:0px; '><p><div  style='padding-bottom:10px; ' class='av-special-heading av-special-heading-h1  blockquote modern-quote  avia-builder-el-4  el_before_av_textblock  avia-builder-el-first  '><h1 class='av-special-heading-tag '  itemprop=\"headline\"  >En <b>Suhyn Industrial<\/b> nos preocupamos por lo m\u00e1s Valioso nuestros clientes.<\/h1><div class='special-heading-border'><div class='special-heading-inner-border' ><\/div><\/div><\/div><br \/>\n<section class=\"av_textblock_section \"  itemscope=\"itemscope\" itemtype=\"https:\/\/schema.org\/CreativeWork\" ><div class='avia_textblock  '   itemprop=\"text\" ><p>Contando con m\u00e1s de 20 a\u00f1os de experiencia en el \u00c1rea de Equipos Industriales\u00a0\u00a0 Hidr\u00e1ulicos y neum\u00e1ticos con la finalidad de satisfacer las necesidades de cada uno de nuestros Clientes , adem\u00e1s de brindar el apoyo y soporte t\u00e9cnico especializado seg\u00fan\u00a0 la necesidad que cada uno requiera.<\/p>\n<\/div><\/section><\/p><\/div><div class=\"flex_column av_one_fifth  flex_column_div av-zero-column-padding   avia-builder-el-6  el_after_av_three_fifth  avia-builder-el-last  \" style='border-radius:0px; '><\/div><\/p>\n<\/div><\/div><div class=\"flex_cell no_margin av_two_fifth  avia-builder-el-7  el_after_av_cell_three_fifth  avia-builder-el-last   avia-full-stretch \"  style='background:url(https:\/\/guiasde.com\/suhyn\/wp-content\/uploads\/2021\/08\/nosotros.jpg) center center no-repeat scroll; vertical-align:top; padding:30px; ' ><div class='flex_cell_inner' ><div  style='height:200px' class='hr hr-invisible   avia-builder-el-8  avia-builder-el-no-sibling '><span class='hr-inner ' ><span class='hr-inner-style'><\/span><\/span><\/div>\n<\/div><\/div><\/div>\n","protected":false},"excerpt":{"rendered":"","protected":false},"author":1,"featured_media":0,"parent":0,"menu_order":0,"comment_status":"closed","ping_status":"open","template":"","meta":[],"_links":{"self":[{"href":"https:\/\/guiasde.com\/suhyn\/wp-json\/wp\/v2\/pages\/321"}],"collection":[{"href":"https:\/\/guiasde.com\/suhyn\/wp-json\/wp\/v2\/pages"}],"about":[{"href":"https:\/\/guiasde.com\/suhyn\/wp-json\/wp\/v2\/types\/page"}],"author":[{"embeddable":true,"href":"https:\/\/guiasde.com\/suhyn\/wp-json\/wp\/v2\/users\/1"}],"replies":[{"embeddable":true,"href":"https:\/\/guiasde.com\/suhyn\/wp-json\/wp\/v2\/comments?post=321"}],"version-history":[{"count":10,"href":"https:\/\/guiasde.com\/suhyn\/wp-json\/wp\/v2\/pages\/321\/revisions"}],"predecessor-version":[{"id":541,"href":"https:\/\/guiasde.com\/suhyn\/wp-json\/wp\/v2\/pages\/321\/revisions\/541"}],"wp:attachment":[{"href":"https:\/\/guiasde.com\/suhyn\/wp-json\/wp\/v2\/media?parent=321"}],"curies":[{"name":"wp","href":"https:\/\/api.w.org\/{rel}","templated":true}]}}