{"id":415,"date":"2021-08-11T23:20:32","date_gmt":"2021-08-11T23:20:32","guid":{"rendered":"http:\/\/guiasde.com\/suhyn\/?post_type=product&#038;p=415"},"modified":"2021-08-11T23:30:49","modified_gmt":"2021-08-11T23:30:49","slug":"acumuladores","status":"publish","type":"product","link":"https:\/\/guiasde.com\/suhyn\/producto\/acumuladores\/","title":{"rendered":"Acumuladores"},"content":{"rendered":"<div id='av_section_1'  class='avia-section main_color avia-section-default avia-no-border-styling  avia-bg-style-scroll  avia-builder-el-0  el_before_av_section  avia-builder-el-first   container_wrap fullsize' style='background-color: #c92118;  '  ><div class='container' ><main  role=\"main\" itemprop=\"mainContentOfPage\"  class='template-page content  av-content-full alpha units'><div class='post-entry post-entry-type-page post-entry-415'><div class='entry-content-wrapper clearfix'>\n<div class=\"flex_column av_one_full  flex_column_div av-zero-column-padding first  avia-builder-el-1  avia-builder-el-no-sibling  \" style='border-radius:0px; '><p><div  style='height:35px' class='hr hr-invisible   avia-builder-el-2  el_before_av_heading  avia-builder-el-first '><span class='hr-inner ' ><span class='hr-inner-style'><\/span><\/span><\/div><br \/>\n<div  style='padding-bottom:10px; margin-top: 0px;color:#ffffff;font-size:40px;' class='av-special-heading av-special-heading-h1 custom-color-heading blockquote modern-quote  avia-builder-el-3  el_after_av_hr  avia-builder-el-last  av-inherit-size '><h1 class='av-special-heading-tag '  itemprop=\"headline\"  >Acumuladores<\/h1><div class='special-heading-border'><div class='special-heading-inner-border' style='border-color:#ffffff'><\/div><\/div><\/div><\/p><\/div>\n\n<\/div><\/div><\/main><!-- close content main element --><\/div><\/div><div id='av_section_2'  class='avia-section main_color avia-section-default avia-no-border-styling  avia-bg-style-scroll  avia-builder-el-4  el_after_av_section  el_before_av_section   container_wrap fullsize' style=' '  ><div class='container' ><div class='template-page content  av-content-full alpha units'><div class='post-entry post-entry-type-page post-entry-415'><div class='entry-content-wrapper clearfix'>\n<div class='flex_column_table av-equal-height-column-flextable -flextable' ><div class=\"flex_column av_two_fifth  flex_column_table_cell av-equal-height-column av-align-middle av-zero-column-padding first  avia-builder-el-5  el_before_av_three_fifth  avia-builder-el-first  \" style='border-radius:0px; '><div   data-size='no scaling'  data-lightbox_size='large'  data-animation='slide'  data-conditional_play=''  data-ids='416,417'  data-video_counter='0'  data-autoplay='true'  data-bg_slider='false'  data-slide_height=''  data-handle='av_slideshow'  data-interval='4'  data-class=' avia-builder-el-6  avia-builder-el-no-sibling  '  data-el_id=''  data-css_id=''  data-scroll_down=''  data-control_layout='av-control-minimal av-control-minimal-dark'  data-custom_markup=''  data-perma_caption=''  data-autoplay_stopper=''  data-image_attachment=''  data-min_height='0px'  data-lazy_loading='disabled'  class='avia-slideshow avia-slideshow-1  av-control-minimal av-control-minimal-dark av-default-height-applied avia-slideshow-no scaling av_slideshow  avia-builder-el-6  avia-builder-el-no-sibling   avia-slide-slider '  itemprop=\"image\" itemscope=\"itemscope\" itemtype=\"https:\/\/schema.org\/ImageObject\" ><ul class='avia-slideshow-inner ' style='padding-bottom: 100%;' ><li  class=' slide-1 ' ><div data-rel='slideshow-1' class='avia-slide-wrap '   ><img class=\"wp-image-416 avia-img-lazy-loading-not-416\"  src=\"https:\/\/guiasde.com\/suhyn\/wp-content\/uploads\/2021\/08\/acumuladores1.jpg\" width=\"548\" height=\"548\" title='acumuladores1' alt=''  itemprop=\"thumbnailUrl\" srcset=\"https:\/\/guiasde.com\/suhyn\/wp-content\/uploads\/2021\/08\/acumuladores1.jpg 548w, https:\/\/guiasde.com\/suhyn\/wp-content\/uploads\/2021\/08\/acumuladores1-300x300.jpg 300w, https:\/\/guiasde.com\/suhyn\/wp-content\/uploads\/2021\/08\/acumuladores1-80x80.jpg 80w, https:\/\/guiasde.com\/suhyn\/wp-content\/uploads\/2021\/08\/acumuladores1-36x36.jpg 36w, https:\/\/guiasde.com\/suhyn\/wp-content\/uploads\/2021\/08\/acumuladores1-180x180.jpg 180w, https:\/\/guiasde.com\/suhyn\/wp-content\/uploads\/2021\/08\/acumuladores1-100x100.jpg 100w\" sizes=\"(max-width: 548px) 100vw, 548px\" \/><\/div><\/li><li  class=' slide-2 ' ><div data-rel='slideshow-1' class='avia-slide-wrap '   ><img class=\"wp-image-417 avia-img-lazy-loading-not-417\"  src=\"https:\/\/guiasde.com\/suhyn\/wp-content\/uploads\/2021\/08\/acumuladores2.jpg\" width=\"548\" height=\"548\" title='acumuladores2' alt=''  itemprop=\"thumbnailUrl\" srcset=\"https:\/\/guiasde.com\/suhyn\/wp-content\/uploads\/2021\/08\/acumuladores2.jpg 548w, https:\/\/guiasde.com\/suhyn\/wp-content\/uploads\/2021\/08\/acumuladores2-300x300.jpg 300w, https:\/\/guiasde.com\/suhyn\/wp-content\/uploads\/2021\/08\/acumuladores2-80x80.jpg 80w, https:\/\/guiasde.com\/suhyn\/wp-content\/uploads\/2021\/08\/acumuladores2-36x36.jpg 36w, https:\/\/guiasde.com\/suhyn\/wp-content\/uploads\/2021\/08\/acumuladores2-180x180.jpg 180w, https:\/\/guiasde.com\/suhyn\/wp-content\/uploads\/2021\/08\/acumuladores2-100x100.jpg 100w\" sizes=\"(max-width: 548px) 100vw, 548px\" \/><\/div><\/li><\/ul><div class='avia-slideshow-arrows avia-slideshow-controls'><a href='#prev' class='prev-slide' aria-hidden='true' data-av_icon='\ue87c' data-av_iconfont='entypo-fontello' aria-hidden=\"true\" tabindex=\"-1\">Anterior<\/a><a href='#next' class='next-slide' aria-hidden='true' data-av_icon='\ue87d' data-av_iconfont='entypo-fontello' aria-hidden=\"true\" tabindex=\"-1\">Posterior<\/a><\/div><div class='avia-slideshow-dots avia-slideshow-controls'><a href='#1' class='goto-slide active' >1<\/a><a href='#2' class='goto-slide ' >2<\/a><\/div><\/div><\/div><div class='av-flex-placeholder'><\/div><div class=\"flex_column av_three_fifth  flex_column_table_cell av-equal-height-column av-align-middle av-zero-column-padding   avia-builder-el-7  el_after_av_two_fifth  avia-builder-el-last  \" style='border-radius:0px; '><p><div  style='padding-bottom:10px; font-size:30px;' class='av-special-heading av-special-heading-h3  blockquote modern-quote  avia-builder-el-8  el_before_av_hr  avia-builder-el-first  av-inherit-size '><h3 class='av-special-heading-tag '  itemprop=\"headline\"  >Acumuladores hidr\u00e1ulicos de vejiga<\/h3><div class ='av-subheading av-subheading_below  ' style='font-size:17px;'><p>ACUMULADORES HIDR\u00c1ULICOS<\/p>\n<\/div><div class='special-heading-border'><div class='special-heading-inner-border' ><\/div><\/div><\/div><br \/>\n<div  style=' margin-top:0px; margin-bottom:20px;'  class='hr hr-custom hr-left hr-icon-no   avia-builder-el-9  el_after_av_heading  el_before_av_textblock '><span class='hr-inner  inner-border-av-border-fat' style=' width:80px; border-color:#c92118;' ><span class='hr-inner-style'><\/span><\/span><\/div><br \/>\n<section class=\"av_textblock_section \"  itemscope=\"itemscope\" itemtype=\"https:\/\/schema.org\/CreativeWork\" ><div class='avia_textblock  '   itemprop=\"text\" ><p>Un\u00a0acumulador\u00a0de\u00a0vejiga\u00a0se compone de una parte l\u00edquida y una gaseosa, con una\u00a0vejiga\u00a0como elemento separador herm\u00e9tico al gas. La parte l\u00edquida que rodea la\u00a0vejiga\u00a0est\u00e1 conectada al circuito\u00a0hidr\u00e1ulico, de forma que al elevarse la presi\u00f3n, el\u00a0acumulador\u00a0de\u00a0vejiga\u00a0recibe el fluido y el gas se comprime.<\/p>\n<\/div><\/section><\/p><\/div><\/div><!--close column table wrapper. Autoclose: 1 -->\n\n<\/div><\/div><\/div><!-- close content main div --><\/div><\/div><div id='av_section_3'  class='avia-section main_color avia-section-small avia-no-border-styling  avia-bg-style-scroll  avia-builder-el-11  el_after_av_section  el_before_av_section   container_wrap fullsize' style=' '  ><div class='container' ><div class='template-page content  av-content-full alpha units'><div class='post-entry post-entry-type-page post-entry-415'><div class='entry-content-wrapper clearfix'>\n<div  style=' margin-top:0px; margin-bottom:0px;'  class='hr hr-custom hr-center hr-icon-yes   avia-builder-el-12  avia-builder-el-no-sibling '><span class='hr-inner  inner-border-av-border-thin' style=' width:70%; border-color:#e8e8e8; max-width:45%;' ><span class='hr-inner-style'><\/span><\/span><span class='av-seperator-icon' style='color:#c92118;' aria-hidden='true' data-av_icon='\ue87b' data-av_iconfont='entypo-fontello'><\/span><span class='hr-inner  inner-border-av-border-thin' style=' width:70%; border-color:#e8e8e8; max-width:45%;' ><span class='hr-inner-style'><\/span><\/span><\/div>\n\n<\/div><\/div><\/div><!-- close content main div --><\/div><\/div><div id='av_section_4'  class='avia-section main_color avia-section-default avia-no-border-styling  avia-bg-style-scroll  avia-builder-el-13  el_after_av_section  el_before_av_section   container_wrap fullsize' style=' '  ><div class='container' ><div class='template-page content  av-content-full alpha units'><div class='post-entry post-entry-type-page post-entry-415'><div class='entry-content-wrapper clearfix'>\n<div class='flex_column_table av-equal-height-column-flextable -flextable' ><div class=\"flex_column av_two_fifth  flex_column_table_cell av-equal-height-column av-align-middle av-zero-column-padding first  avia-builder-el-14  el_before_av_three_fifth  avia-builder-el-first  \" style='border-radius:0px; '><div   data-size='no scaling'  data-lightbox_size='large'  data-animation='slide'  data-conditional_play=''  data-ids='419,418'  data-video_counter='0'  data-autoplay='true'  data-bg_slider='false'  data-slide_height=''  data-handle='av_slideshow'  data-interval='4'  data-class=' avia-builder-el-15  avia-builder-el-no-sibling  '  data-el_id=''  data-css_id=''  data-scroll_down=''  data-control_layout='av-control-minimal av-control-minimal-dark'  data-custom_markup=''  data-perma_caption=''  data-autoplay_stopper=''  data-image_attachment=''  data-min_height='0px'  data-lazy_loading='disabled'  class='avia-slideshow avia-slideshow-2  av-control-minimal av-control-minimal-dark av-default-height-applied avia-slideshow-no scaling av_slideshow  avia-builder-el-15  avia-builder-el-no-sibling   avia-slide-slider '  itemprop=\"image\" itemscope=\"itemscope\" itemtype=\"https:\/\/schema.org\/ImageObject\" ><ul class='avia-slideshow-inner ' style='padding-bottom: 100%;' ><li  class=' slide-1 ' ><div data-rel='slideshow-2' class='avia-slide-wrap '   ><img class=\"wp-image-419 avia-img-lazy-loading-not-419\"  src=\"https:\/\/guiasde.com\/suhyn\/wp-content\/uploads\/2021\/08\/acumuladores3.jpg\" width=\"548\" height=\"548\" title='acumuladores3' alt=''  itemprop=\"thumbnailUrl\" srcset=\"https:\/\/guiasde.com\/suhyn\/wp-content\/uploads\/2021\/08\/acumuladores3.jpg 548w, https:\/\/guiasde.com\/suhyn\/wp-content\/uploads\/2021\/08\/acumuladores3-300x300.jpg 300w, https:\/\/guiasde.com\/suhyn\/wp-content\/uploads\/2021\/08\/acumuladores3-80x80.jpg 80w, https:\/\/guiasde.com\/suhyn\/wp-content\/uploads\/2021\/08\/acumuladores3-36x36.jpg 36w, https:\/\/guiasde.com\/suhyn\/wp-content\/uploads\/2021\/08\/acumuladores3-180x180.jpg 180w, https:\/\/guiasde.com\/suhyn\/wp-content\/uploads\/2021\/08\/acumuladores3-100x100.jpg 100w\" sizes=\"(max-width: 548px) 100vw, 548px\" \/><\/div><\/li><li  class=' slide-2 ' ><div data-rel='slideshow-2' class='avia-slide-wrap '   ><img class=\"wp-image-418 avia-img-lazy-loading-not-418\"  src=\"https:\/\/guiasde.com\/suhyn\/wp-content\/uploads\/2021\/08\/acumuladores4.jpg\" width=\"548\" height=\"548\" title='acumuladores4' alt=''  itemprop=\"thumbnailUrl\" srcset=\"https:\/\/guiasde.com\/suhyn\/wp-content\/uploads\/2021\/08\/acumuladores4.jpg 548w, https:\/\/guiasde.com\/suhyn\/wp-content\/uploads\/2021\/08\/acumuladores4-300x300.jpg 300w, https:\/\/guiasde.com\/suhyn\/wp-content\/uploads\/2021\/08\/acumuladores4-80x80.jpg 80w, https:\/\/guiasde.com\/suhyn\/wp-content\/uploads\/2021\/08\/acumuladores4-36x36.jpg 36w, https:\/\/guiasde.com\/suhyn\/wp-content\/uploads\/2021\/08\/acumuladores4-180x180.jpg 180w, https:\/\/guiasde.com\/suhyn\/wp-content\/uploads\/2021\/08\/acumuladores4-100x100.jpg 100w\" sizes=\"(max-width: 548px) 100vw, 548px\" \/><\/div><\/li><\/ul><div class='avia-slideshow-arrows avia-slideshow-controls'><a href='#prev' class='prev-slide' aria-hidden='true' data-av_icon='\ue87c' data-av_iconfont='entypo-fontello' aria-hidden=\"true\" tabindex=\"-1\">Anterior<\/a><a href='#next' class='next-slide' aria-hidden='true' data-av_icon='\ue87d' data-av_iconfont='entypo-fontello' aria-hidden=\"true\" tabindex=\"-1\">Posterior<\/a><\/div><div class='avia-slideshow-dots avia-slideshow-controls'><a href='#1' class='goto-slide active' >1<\/a><a href='#2' class='goto-slide ' >2<\/a><\/div><\/div><\/div><div class='av-flex-placeholder'><\/div><div class=\"flex_column av_three_fifth  flex_column_table_cell av-equal-height-column av-align-middle av-zero-column-padding   avia-builder-el-16  el_after_av_two_fifth  avia-builder-el-last  \" style='border-radius:0px; '><p><div  style='padding-bottom:10px; font-size:30px;' class='av-special-heading av-special-heading-h3  blockquote modern-quote  avia-builder-el-17  el_before_av_hr  avia-builder-el-first  av-inherit-size '><h3 class='av-special-heading-tag '  itemprop=\"headline\"  >Acumuladores hidr\u00e1ulicos de diafragma<\/h3><div class ='av-subheading av-subheading_below  ' style='font-size:17px;'><p>ACUMULADORES HIDR\u00c1ULICOS<\/p>\n<\/div><div class='special-heading-border'><div class='special-heading-inner-border' ><\/div><\/div><\/div><br \/>\n<div  style=' margin-top:0px; margin-bottom:20px;'  class='hr hr-custom hr-left hr-icon-no   avia-builder-el-18  el_after_av_heading  el_before_av_textblock '><span class='hr-inner  inner-border-av-border-fat' style=' width:80px; border-color:#c92118;' ><span class='hr-inner-style'><\/span><\/span><\/div><br \/>\n<section class=\"av_textblock_section \"  itemscope=\"itemscope\" itemtype=\"https:\/\/schema.org\/CreativeWork\" ><div class='avia_textblock  '   itemprop=\"text\" ><p>Los Acumuladores de Membrana o Diafragma son Recipientes a presi\u00f3n compuestos por un cuerpo esf\u00e9rico o cil\u00edndrico en forma de 2 o 3 piezas dependiendo de su capacidad. Teniendo como ventajas su: -bajo precio, construcci\u00f3n simple, respuesta r\u00e1pida y bajo peso.<\/p>\n<\/div><\/section><\/p><\/div><\/div><!--close column table wrapper. Autoclose: 1 -->\n\n<\/div><\/div><\/div><!-- close content main div --><\/div><\/div><div id='av_section_5'  class='avia-section main_color avia-section-small avia-no-border-styling  avia-bg-style-scroll  avia-builder-el-20  el_after_av_section  el_before_av_section   container_wrap fullsize' style=' '  ><div class='container' ><div class='template-page content  av-content-full alpha units'><div class='post-entry post-entry-type-page post-entry-415'><div class='entry-content-wrapper clearfix'>\n<div  style=' margin-top:0px; margin-bottom:0px;'  class='hr hr-custom hr-center hr-icon-yes   avia-builder-el-21  avia-builder-el-no-sibling '><span class='hr-inner  inner-border-av-border-thin' style=' width:70%; border-color:#e8e8e8; max-width:45%;' ><span class='hr-inner-style'><\/span><\/span><span class='av-seperator-icon' style='color:#c92118;' aria-hidden='true' data-av_icon='\ue87b' data-av_iconfont='entypo-fontello'><\/span><span class='hr-inner  inner-border-av-border-thin' style=' width:70%; border-color:#e8e8e8; max-width:45%;' ><span class='hr-inner-style'><\/span><\/span><\/div>\n\n<\/div><\/div><\/div><!-- close content main div --><\/div><\/div><div id='av_section_6'  class='avia-section main_color avia-section-default avia-no-border-styling  avia-bg-style-scroll  avia-builder-el-22  el_after_av_section  el_before_av_section   container_wrap fullsize' style=' '  ><div class='container' ><div class='template-page content  av-content-full alpha units'><div class='post-entry post-entry-type-page post-entry-415'><div class='entry-content-wrapper clearfix'>\n<div class='flex_column_table av-equal-height-column-flextable -flextable' ><div class=\"flex_column av_two_fifth  flex_column_table_cell av-equal-height-column av-align-middle av-zero-column-padding first  avia-builder-el-23  el_before_av_three_fifth  avia-builder-el-first  \" style='border-radius:0px; '><div   data-size='no scaling'  data-lightbox_size='large'  data-animation='slide'  data-conditional_play=''  data-ids='420,421'  data-video_counter='0'  data-autoplay='true'  data-bg_slider='false'  data-slide_height=''  data-handle='av_slideshow'  data-interval='4'  data-class=' avia-builder-el-24  avia-builder-el-no-sibling  '  data-el_id=''  data-css_id=''  data-scroll_down=''  data-control_layout='av-control-minimal av-control-minimal-dark'  data-custom_markup=''  data-perma_caption=''  data-autoplay_stopper=''  data-image_attachment=''  data-min_height='0px'  data-lazy_loading='disabled'  class='avia-slideshow avia-slideshow-3  av-control-minimal av-control-minimal-dark av-default-height-applied avia-slideshow-no scaling av_slideshow  avia-builder-el-24  avia-builder-el-no-sibling   avia-slide-slider '  itemprop=\"image\" itemscope=\"itemscope\" itemtype=\"https:\/\/schema.org\/ImageObject\" ><ul class='avia-slideshow-inner ' style='padding-bottom: 100%;' ><li  class=' slide-1 ' ><div data-rel='slideshow-3' class='avia-slide-wrap '   ><img class=\"wp-image-420 avia-img-lazy-loading-not-420\"  src=\"https:\/\/guiasde.com\/suhyn\/wp-content\/uploads\/2021\/08\/acumuladores6.jpg\" width=\"548\" height=\"548\" title='acumuladores6' alt=''  itemprop=\"thumbnailUrl\" srcset=\"https:\/\/guiasde.com\/suhyn\/wp-content\/uploads\/2021\/08\/acumuladores6.jpg 548w, https:\/\/guiasde.com\/suhyn\/wp-content\/uploads\/2021\/08\/acumuladores6-300x300.jpg 300w, https:\/\/guiasde.com\/suhyn\/wp-content\/uploads\/2021\/08\/acumuladores6-80x80.jpg 80w, https:\/\/guiasde.com\/suhyn\/wp-content\/uploads\/2021\/08\/acumuladores6-36x36.jpg 36w, https:\/\/guiasde.com\/suhyn\/wp-content\/uploads\/2021\/08\/acumuladores6-180x180.jpg 180w, https:\/\/guiasde.com\/suhyn\/wp-content\/uploads\/2021\/08\/acumuladores6-100x100.jpg 100w\" sizes=\"(max-width: 548px) 100vw, 548px\" \/><\/div><\/li><li  class=' slide-2 ' ><div data-rel='slideshow-3' class='avia-slide-wrap '   ><img class=\"wp-image-421 avia-img-lazy-loading-not-421\"  src=\"https:\/\/guiasde.com\/suhyn\/wp-content\/uploads\/2021\/08\/acumuladores5.jpg\" width=\"548\" height=\"548\" title='acumuladores5' alt=''  itemprop=\"thumbnailUrl\" srcset=\"https:\/\/guiasde.com\/suhyn\/wp-content\/uploads\/2021\/08\/acumuladores5.jpg 548w, https:\/\/guiasde.com\/suhyn\/wp-content\/uploads\/2021\/08\/acumuladores5-300x300.jpg 300w, https:\/\/guiasde.com\/suhyn\/wp-content\/uploads\/2021\/08\/acumuladores5-80x80.jpg 80w, https:\/\/guiasde.com\/suhyn\/wp-content\/uploads\/2021\/08\/acumuladores5-36x36.jpg 36w, https:\/\/guiasde.com\/suhyn\/wp-content\/uploads\/2021\/08\/acumuladores5-180x180.jpg 180w, https:\/\/guiasde.com\/suhyn\/wp-content\/uploads\/2021\/08\/acumuladores5-100x100.jpg 100w\" sizes=\"(max-width: 548px) 100vw, 548px\" \/><\/div><\/li><\/ul><div class='avia-slideshow-arrows avia-slideshow-controls'><a href='#prev' class='prev-slide' aria-hidden='true' data-av_icon='\ue87c' data-av_iconfont='entypo-fontello' aria-hidden=\"true\" tabindex=\"-1\">Anterior<\/a><a href='#next' class='next-slide' aria-hidden='true' data-av_icon='\ue87d' data-av_iconfont='entypo-fontello' aria-hidden=\"true\" tabindex=\"-1\">Posterior<\/a><\/div><div class='avia-slideshow-dots avia-slideshow-controls'><a href='#1' class='goto-slide active' >1<\/a><a href='#2' class='goto-slide ' >2<\/a><\/div><\/div><\/div><div class='av-flex-placeholder'><\/div><div class=\"flex_column av_three_fifth  flex_column_table_cell av-equal-height-column av-align-middle av-zero-column-padding   avia-builder-el-25  el_after_av_two_fifth  avia-builder-el-last  \" style='border-radius:0px; '><p><div  style='padding-bottom:10px; font-size:30px;' class='av-special-heading av-special-heading-h3  blockquote modern-quote  avia-builder-el-26  el_before_av_hr  avia-builder-el-first  av-inherit-size '><h3 class='av-special-heading-tag '  itemprop=\"headline\"  >Acumuladores hidr\u00e1ulicos de pistones<\/h3><div class ='av-subheading av-subheading_below  ' style='font-size:17px;'><p>ACUMULADORES HIDR\u00c1ULICOS DE PISTONES<\/p>\n<\/div><div class='special-heading-border'><div class='special-heading-inner-border' ><\/div><\/div><\/div><br \/>\n<div  style=' margin-top:0px; margin-bottom:20px;'  class='hr hr-custom hr-left hr-icon-no   avia-builder-el-27  el_after_av_heading  el_before_av_textblock '><span class='hr-inner  inner-border-av-border-fat' style=' width:80px; border-color:#c92118;' ><span class='hr-inner-style'><\/span><\/span><\/div><br \/>\n<section class=\"av_textblock_section \"  itemscope=\"itemscope\" itemtype=\"https:\/\/schema.org\/CreativeWork\" ><div class='avia_textblock  '   itemprop=\"text\" ><p>El Acumulador Hidr\u00e1ulico de pist\u00f3n es un dispositivo utilizado para intercambiar energ\u00eda utilizando el sistema hidr\u00e1ulico al que esta conectado. El acumulador de pist\u00f3n se compone de dos c\u00e1maras, una que se llena con gas a presi\u00f3n oportuna y el segundo es conectado al circuito hidr\u00e1ulico.<\/p>\n<\/div><\/section><\/p><\/div><\/div><!--close column table wrapper. Autoclose: 1 -->\n\n<\/div><\/div><\/div><!-- close content main div --><\/div><\/div><div id='av_section_7'  class='avia-section main_color avia-section-small avia-no-border-styling  avia-bg-style-scroll  avia-builder-el-29  el_after_av_section  avia-builder-el-last   container_wrap fullsize' style='background-color: #c92118;  '  ><div class='container' ><div class='template-page content  av-content-full alpha units'><div class='post-entry post-entry-type-page post-entry-415'><div class='entry-content-wrapper clearfix'>\n<div class=\"flex_column av_one_full  flex_column_div av-zero-column-padding first  avia-builder-el-30  avia-builder-el-no-sibling  \" style='border-radius:0px; '><\/div>\n\n","protected":false},"excerpt":{"rendered":"","protected":false},"featured_media":419,"comment_status":"open","ping_status":"closed","template":"","meta":[],"product_cat":[16],"product_tag":[],"_links":{"self":[{"href":"https:\/\/guiasde.com\/suhyn\/wp-json\/wp\/v2\/product\/415"}],"collection":[{"href":"https:\/\/guiasde.com\/suhyn\/wp-json\/wp\/v2\/product"}],"about":[{"href":"https:\/\/guiasde.com\/suhyn\/wp-json\/wp\/v2\/types\/product"}],"replies":[{"embeddable":true,"href":"https:\/\/guiasde.com\/suhyn\/wp-json\/wp\/v2\/comments?post=415"}],"wp:featuredmedia":[{"embeddable":true,"href":"https:\/\/guiasde.com\/suhyn\/wp-json\/wp\/v2\/media\/419"}],"wp:attachment":[{"href":"https:\/\/guiasde.com\/suhyn\/wp-json\/wp\/v2\/media?parent=415"}],"wp:term":[{"taxonomy":"product_cat","embeddable":true,"href":"https:\/\/guiasde.com\/suhyn\/wp-json\/wp\/v2\/product_cat?post=415"},{"taxonomy":"product_tag","embeddable":true,"href":"https:\/\/guiasde.com\/suhyn\/wp-json\/wp\/v2\/product_tag?post=415"}],"curies":[{"name":"wp","href":"https:\/\/api.w.org\/{rel}","templated":true}]}}