{"id":535,"date":"2021-08-13T17:23:11","date_gmt":"2021-08-13T17:23:11","guid":{"rendered":"http:\/\/guiasde.com\/suhyn\/?post_type=product&#038;p=535"},"modified":"2021-08-13T21:59:16","modified_gmt":"2021-08-13T21:59:16","slug":"cilindros","status":"publish","type":"product","link":"https:\/\/guiasde.com\/suhyn\/producto\/cilindros\/","title":{"rendered":"Cilindros"},"content":{"rendered":"<div id='av_section_1'  class='avia-section main_color avia-section-default avia-no-border-styling  avia-bg-style-scroll  avia-builder-el-0  el_before_av_section  avia-builder-el-first   container_wrap fullsize' style='background-color: #c92118;  '  ><div class='container' ><main  role=\"main\" itemprop=\"mainContentOfPage\"  class='template-page content  av-content-full alpha units'><div class='post-entry post-entry-type-page post-entry-535'><div class='entry-content-wrapper clearfix'>\n<div class=\"flex_column av_one_full  flex_column_div av-zero-column-padding first  avia-builder-el-1  avia-builder-el-no-sibling  \" style='border-radius:0px; '><p><div  style='height:35px' class='hr hr-invisible   avia-builder-el-2  el_before_av_heading  avia-builder-el-first '><span class='hr-inner ' ><span class='hr-inner-style'><\/span><\/span><\/div><br \/>\n<div  style='padding-bottom:10px; margin-top: 0px;color:#ffffff;font-size:40px;' class='av-special-heading av-special-heading-h1 custom-color-heading blockquote modern-quote  avia-builder-el-3  el_after_av_hr  avia-builder-el-last  av-inherit-size '><h1 class='av-special-heading-tag '  itemprop=\"headline\"  >Cilindros<\/h1><div class='special-heading-border'><div class='special-heading-inner-border' style='border-color:#ffffff'><\/div><\/div><\/div><\/p><\/div>\n\n<\/div><\/div><\/main><!-- close content main element --><\/div><\/div><div id='av_section_2'  class='avia-section main_color avia-section-default avia-no-border-styling  avia-bg-style-scroll  avia-builder-el-4  el_after_av_section  el_before_av_section   container_wrap fullsize' style=' '  ><div class='container' ><div class='template-page content  av-content-full alpha units'><div class='post-entry post-entry-type-page post-entry-535'><div class='entry-content-wrapper clearfix'>\n<div class='flex_column_table av-equal-height-column-flextable -flextable' ><div class=\"flex_column av_two_fifth  flex_column_table_cell av-equal-height-column av-align-middle av-zero-column-padding first  avia-builder-el-5  el_before_av_three_fifth  avia-builder-el-first  \" style='border-radius:0px; '><div   data-size='no scaling'  data-lightbox_size='large'  data-animation='slide'  data-conditional_play=''  data-ids='536'  data-video_counter='0'  data-autoplay='true'  data-bg_slider='false'  data-slide_height=''  data-handle='av_slideshow'  data-interval='4'  data-class=' avia-builder-el-6  avia-builder-el-no-sibling  '  data-el_id=''  data-css_id=''  data-scroll_down=''  data-control_layout='av-control-minimal av-control-minimal-dark'  data-custom_markup=''  data-perma_caption=''  data-autoplay_stopper=''  data-image_attachment=''  data-min_height='0px'  data-lazy_loading='disabled'  class='avia-slideshow avia-slideshow-1  av-control-minimal av-control-minimal-dark av-default-height-applied avia-slideshow-no scaling av_slideshow  avia-builder-el-6  avia-builder-el-no-sibling   avia-slide-slider '  itemprop=\"image\" itemscope=\"itemscope\" itemtype=\"https:\/\/schema.org\/ImageObject\" ><ul class='avia-slideshow-inner ' style='padding-bottom: 100%;' ><li  class=' av-single-slide slide-1 ' ><div data-rel='slideshow-1' class='avia-slide-wrap '   ><img class=\"wp-image-536 avia-img-lazy-loading-not-536\"  src=\"https:\/\/guiasde.com\/suhyn\/wp-content\/uploads\/2021\/08\/cilindros1.jpg\" width=\"548\" height=\"548\" title='cilindros1' alt=''  itemprop=\"thumbnailUrl\" srcset=\"https:\/\/guiasde.com\/suhyn\/wp-content\/uploads\/2021\/08\/cilindros1.jpg 548w, https:\/\/guiasde.com\/suhyn\/wp-content\/uploads\/2021\/08\/cilindros1-300x300.jpg 300w, https:\/\/guiasde.com\/suhyn\/wp-content\/uploads\/2021\/08\/cilindros1-80x80.jpg 80w, https:\/\/guiasde.com\/suhyn\/wp-content\/uploads\/2021\/08\/cilindros1-36x36.jpg 36w, https:\/\/guiasde.com\/suhyn\/wp-content\/uploads\/2021\/08\/cilindros1-180x180.jpg 180w, https:\/\/guiasde.com\/suhyn\/wp-content\/uploads\/2021\/08\/cilindros1-100x100.jpg 100w\" sizes=\"(max-width: 548px) 100vw, 548px\" \/><\/div><\/li><\/ul><\/div><\/div><div class='av-flex-placeholder'><\/div><div class=\"flex_column av_three_fifth  flex_column_table_cell av-equal-height-column av-align-middle av-zero-column-padding   avia-builder-el-7  el_after_av_two_fifth  avia-builder-el-last  \" style='border-radius:0px; '><p><div  style='padding-bottom:10px; font-size:30px;' class='av-special-heading av-special-heading-h3  blockquote modern-quote  avia-builder-el-8  el_before_av_hr  avia-builder-el-first  av-inherit-size '><h3 class='av-special-heading-tag '  itemprop=\"headline\"  >Cilindro tipo m\u00f3vil<\/h3><div class ='av-subheading av-subheading_below  ' style='font-size:17px;'><p>CILINDROS HIDR\u00c1ULICOS TIPO MOLINO<\/p>\n<\/div><div class='special-heading-border'><div class='special-heading-inner-border' ><\/div><\/div><\/div><br \/>\n<div  style=' margin-top:0px; margin-bottom:20px;'  class='hr hr-custom hr-left hr-icon-no   avia-builder-el-9  el_after_av_heading  el_before_av_textblock '><span class='hr-inner  inner-border-av-border-fat' style=' width:80px; border-color:#c92118;' ><span class='hr-inner-style'><\/span><\/span><\/div><br \/>\n<section class=\"av_textblock_section \"  itemscope=\"itemscope\" itemtype=\"https:\/\/schema.org\/CreativeWork\" ><div class='avia_textblock  '   itemprop=\"text\" ><p>Los cilindros hidr\u00e1ulicos del Tipo molino son elementos de accionamiento fiables y particularmente adecuados para uso en condiciones extremas de trabajo.<\/p>\n<\/div><\/section><\/p><\/div><\/div><!--close column table wrapper. Autoclose: 1 -->\n\n<\/div><\/div><\/div><!-- close content main div --><\/div><\/div><div id='av_section_3'  class='avia-section main_color avia-section-small avia-no-border-styling  avia-bg-style-scroll  avia-builder-el-11  el_after_av_section  el_before_av_section   container_wrap fullsize' style=' '  ><div class='container' ><div class='template-page content  av-content-full alpha units'><div class='post-entry post-entry-type-page post-entry-535'><div class='entry-content-wrapper clearfix'>\n<div  style=' margin-top:0px; margin-bottom:0px;'  class='hr hr-custom hr-center hr-icon-yes   avia-builder-el-12  avia-builder-el-no-sibling '><span class='hr-inner  inner-border-av-border-thin' style=' width:70%; border-color:#e8e8e8; max-width:45%;' ><span class='hr-inner-style'><\/span><\/span><span class='av-seperator-icon' style='color:#c92118;' aria-hidden='true' data-av_icon='\ue87b' data-av_iconfont='entypo-fontello'><\/span><span class='hr-inner  inner-border-av-border-thin' style=' width:70%; border-color:#e8e8e8; max-width:45%;' ><span class='hr-inner-style'><\/span><\/span><\/div>\n\n<\/div><\/div><\/div><!-- close content main div --><\/div><\/div><div id='av_section_4'  class='avia-section main_color avia-section-default avia-no-border-styling  avia-bg-style-scroll  avia-builder-el-13  el_after_av_section  el_before_av_section   container_wrap fullsize' style=' '  ><div class='container' ><div class='template-page content  av-content-full alpha units'><div class='post-entry post-entry-type-page post-entry-535'><div class='entry-content-wrapper clearfix'>\n<div class='flex_column_table av-equal-height-column-flextable -flextable' ><div class=\"flex_column av_two_fifth  flex_column_table_cell av-equal-height-column av-align-middle av-zero-column-padding first  avia-builder-el-14  el_before_av_three_fifth  avia-builder-el-first  \" style='border-radius:0px; '><div   data-size='no scaling'  data-lightbox_size='large'  data-animation='slide'  data-conditional_play=''  data-ids='537'  data-video_counter='0'  data-autoplay='true'  data-bg_slider='false'  data-slide_height=''  data-handle='av_slideshow'  data-interval='4'  data-class=' avia-builder-el-15  avia-builder-el-no-sibling  '  data-el_id=''  data-css_id=''  data-scroll_down=''  data-control_layout='av-control-minimal av-control-minimal-dark'  data-custom_markup=''  data-perma_caption=''  data-autoplay_stopper=''  data-image_attachment=''  data-min_height='0px'  data-lazy_loading='disabled'  class='avia-slideshow avia-slideshow-2  av-control-minimal av-control-minimal-dark av-default-height-applied avia-slideshow-no scaling av_slideshow  avia-builder-el-15  avia-builder-el-no-sibling   avia-slide-slider '  itemprop=\"image\" itemscope=\"itemscope\" itemtype=\"https:\/\/schema.org\/ImageObject\" ><ul class='avia-slideshow-inner ' style='padding-bottom: 100%;' ><li  class=' av-single-slide slide-1 ' ><div data-rel='slideshow-2' class='avia-slide-wrap '   ><img class=\"wp-image-537 avia-img-lazy-loading-not-537\"  src=\"https:\/\/guiasde.com\/suhyn\/wp-content\/uploads\/2021\/08\/cilindros2.jpg\" width=\"548\" height=\"548\" title='cilindros2' alt=''  itemprop=\"thumbnailUrl\" srcset=\"https:\/\/guiasde.com\/suhyn\/wp-content\/uploads\/2021\/08\/cilindros2.jpg 548w, https:\/\/guiasde.com\/suhyn\/wp-content\/uploads\/2021\/08\/cilindros2-300x300.jpg 300w, https:\/\/guiasde.com\/suhyn\/wp-content\/uploads\/2021\/08\/cilindros2-80x80.jpg 80w, https:\/\/guiasde.com\/suhyn\/wp-content\/uploads\/2021\/08\/cilindros2-36x36.jpg 36w, https:\/\/guiasde.com\/suhyn\/wp-content\/uploads\/2021\/08\/cilindros2-180x180.jpg 180w, https:\/\/guiasde.com\/suhyn\/wp-content\/uploads\/2021\/08\/cilindros2-100x100.jpg 100w\" sizes=\"(max-width: 548px) 100vw, 548px\" \/><\/div><\/li><\/ul><\/div><\/div><div class='av-flex-placeholder'><\/div><div class=\"flex_column av_three_fifth  flex_column_table_cell av-equal-height-column av-align-middle av-zero-column-padding   avia-builder-el-16  el_after_av_two_fifth  avia-builder-el-last  \" style='border-radius:0px; '><p><div  style='padding-bottom:10px; font-size:30px;' class='av-special-heading av-special-heading-h3  blockquote modern-quote  avia-builder-el-17  el_before_av_hr  avia-builder-el-first  av-inherit-size '><h3 class='av-special-heading-tag '  itemprop=\"headline\"  >Cilindros hidr\u00e1ulicos telesc\u00f3picos seleccionado<\/h3><div class ='av-subheading av-subheading_below  ' style='font-size:17px;'><p>CILINDROS HIDR\u00c1ULICOS TELESC\u00d3PICOS<\/p>\n<\/div><div class='special-heading-border'><div class='special-heading-inner-border' ><\/div><\/div><\/div><br \/>\n<div  style=' margin-top:0px; margin-bottom:20px;'  class='hr hr-custom hr-left hr-icon-no   avia-builder-el-18  el_after_av_heading  el_before_av_textblock '><span class='hr-inner  inner-border-av-border-fat' style=' width:80px; border-color:#c92118;' ><span class='hr-inner-style'><\/span><\/span><\/div><br \/>\n<section class=\"av_textblock_section \"  itemscope=\"itemscope\" itemtype=\"https:\/\/schema.org\/CreativeWork\" ><div class='avia_textblock  '   itemprop=\"text\" ><p>Un cilindro Telesc\u00f3pico esta compuesto por varios Cilindros encajonados. Por regla general, se monta como estructura de efecto simple, aunque se puede montar como estructura de efecto doble. As\u00ed mismo, es posible combinar etapas de efecto simple con una etapa de efecto doble. La ventaja de los cilindros telesc\u00f3picos reside en que pueden elevarse considerablemente, a\u00fan con longitudes de montaje relativamente peque\u00f1as<\/p>\n<\/div><\/section><\/p><\/div><\/div><!--close column table wrapper. Autoclose: 1 --><\/div><\/div><\/div><!-- close content main div --><\/div><\/div><div id='av_section_5'  class='avia-section main_color avia-section-small avia-no-border-styling  avia-bg-style-scroll  avia-builder-el-20  el_after_av_section  avia-builder-el-last   container_wrap fullsize' style='background-color: #c92118;  '  ><div class='container' ><div class='template-page content  av-content-full alpha units'><div class='post-entry post-entry-type-page post-entry-535'><div class='entry-content-wrapper clearfix'>\n<div class=\"flex_column av_one_full  flex_column_div av-zero-column-padding first  avia-builder-el-21  avia-builder-el-no-sibling  \" style='border-radius:0px; '><\/div>\n<\/p>\n","protected":false},"excerpt":{"rendered":"","protected":false},"featured_media":536,"comment_status":"open","ping_status":"closed","template":"","meta":[],"product_cat":[16],"product_tag":[],"_links":{"self":[{"href":"https:\/\/guiasde.com\/suhyn\/wp-json\/wp\/v2\/product\/535"}],"collection":[{"href":"https:\/\/guiasde.com\/suhyn\/wp-json\/wp\/v2\/product"}],"about":[{"href":"https:\/\/guiasde.com\/suhyn\/wp-json\/wp\/v2\/types\/product"}],"replies":[{"embeddable":true,"href":"https:\/\/guiasde.com\/suhyn\/wp-json\/wp\/v2\/comments?post=535"}],"wp:featuredmedia":[{"embeddable":true,"href":"https:\/\/guiasde.com\/suhyn\/wp-json\/wp\/v2\/media\/536"}],"wp:attachment":[{"href":"https:\/\/guiasde.com\/suhyn\/wp-json\/wp\/v2\/media?parent=535"}],"wp:term":[{"taxonomy":"product_cat","embeddable":true,"href":"https:\/\/guiasde.com\/suhyn\/wp-json\/wp\/v2\/product_cat?post=535"},{"taxonomy":"product_tag","embeddable":true,"href":"https:\/\/guiasde.com\/suhyn\/wp-json\/wp\/v2\/product_tag?post=535"}],"curies":[{"name":"wp","href":"https:\/\/api.w.org\/{rel}","templated":true}]}}