{"id":1815,"date":"2022-04-29T15:56:03","date_gmt":"2022-04-29T15:56:03","guid":{"rendered":"http:\/\/guiasde.com\/syem\/?post_type=product&#038;p=1815"},"modified":"2022-04-29T17:58:27","modified_gmt":"2022-04-29T17:58:27","slug":"guante-ambiderm-plus","status":"publish","type":"product","link":"https:\/\/guiasde.com\/syem\/producto\/guante-ambiderm-plus\/","title":{"rendered":"Guante Ambiderm Plus"},"content":{"rendered":"<p>Guante no est\u00e9ril de hule l\u00e1tex natural con textura lisa. Con dise\u00f1o ambidiestro, ajuste perfecto y confortable. Cuenta con bajo contenido de prote\u00ednas existentes en el hule l\u00e1tex. Resistente a productos qu\u00edmicos como: \u00e1cidos, \u00e1lcalis y alcoholes, todos ellos diluidos.<\/p>\n<ul>\n<li>No est\u00e9ril<\/li>\n<li>Textura sedosa<\/li>\n<li>Bajo contenido de polvo<\/li>\n<li>Espesor:\u00a0 &gt;0.10 mm<\/li>\n<li>Elongaci\u00f3n: &gt;800%<\/li>\n<\/ul>\n","protected":false},"excerpt":{"rendered":"<p>Guante no est\u00e9ril de hule l\u00e1tex natural con textura lisa. Con dise\u00f1o ambidiestro, ajuste perfecto y confortable. Cuenta con bajo contenido de prote\u00ednas existentes en el hule l\u00e1tex. Resistente a productos qu\u00edmicos como: \u00e1cidos, \u00e1lcalis y alcoholes, todos ellos diluidos. No est\u00e9ril Textura sedosa Bajo contenido de polvo Espesor:\u00a0 &gt;0.10 mm Elongaci\u00f3n: &gt;800%<\/p>\n","protected":false},"featured_media":1819,"template":"","meta":[],"product_cat":[68,72],"product_tag":[],"_links":{"self":[{"href":"https:\/\/guiasde.com\/syem\/wp-json\/wp\/v2\/product\/1815"}],"collection":[{"href":"https:\/\/guiasde.com\/syem\/wp-json\/wp\/v2\/product"}],"about":[{"href":"https:\/\/guiasde.com\/syem\/wp-json\/wp\/v2\/types\/product"}],"version-history":[{"count":2,"href":"https:\/\/guiasde.com\/syem\/wp-json\/wp\/v2\/product\/1815\/revisions"}],"predecessor-version":[{"id":1828,"href":"https:\/\/guiasde.com\/syem\/wp-json\/wp\/v2\/product\/1815\/revisions\/1828"}],"wp:featuredmedia":[{"embeddable":true,"href":"https:\/\/guiasde.com\/syem\/wp-json\/wp\/v2\/media\/1819"}],"wp:attachment":[{"href":"https:\/\/guiasde.com\/syem\/wp-json\/wp\/v2\/media?parent=1815"}],"wp:term":[{"taxonomy":"product_cat","embeddable":true,"href":"https:\/\/guiasde.com\/syem\/wp-json\/wp\/v2\/product_cat?post=1815"},{"taxonomy":"product_tag","embeddable":true,"href":"https:\/\/guiasde.com\/syem\/wp-json\/wp\/v2\/product_tag?post=1815"}],"curies":[{"name":"wp","href":"https:\/\/api.w.org\/{rel}","templated":true}]}}