{"id":1845,"date":"2022-04-29T20:07:06","date_gmt":"2022-04-29T20:07:06","guid":{"rendered":"http:\/\/guiasde.com\/syem\/?post_type=product&#038;p=1845"},"modified":"2022-05-13T23:10:11","modified_gmt":"2022-05-13T23:10:11","slug":"silla-de-ruedas-brazos-fijos","status":"publish","type":"product","link":"https:\/\/guiasde.com\/syem\/producto\/silla-de-ruedas-brazos-fijos\/","title":{"rendered":"Silla de ruedas brazos fijos"},"content":{"rendered":"<p>Fabricadas en acero con resistente dise\u00f1o estructural que brindan mayor durabilidad, acabado Platinum Vein.<\/p>\n<p>Descansabrazos acojinados fijos, soportes descansa pies desmontables y abatibles con taloneras.<\/p>\n<p>Tapicer\u00eda negra de nylon transpirable de f\u00e1cil limpieza y una pr\u00e1ctica bolsa-objetos integrada en su respaldo, que facilita transportar y almacenar cosas peque\u00f1as.<\/p>\n<ul>\n<li style=\"list-style-type: none;\">\n<ul>\n<li><strong>Peso:<\/strong> \u00a0 19.7 kg<\/li>\n<li><strong>Peso soporta:\u00a0<\/strong> 100 kg<\/li>\n<li><strong>Alto total:<\/strong>\u00a0 88 cm<\/li>\n<li><strong>Ancho total:<\/strong>\u00a0 62 cm<\/li>\n<\/ul>\n<\/li>\n<\/ul>\n","protected":false},"excerpt":{"rendered":"<p>Fabricadas en acero con resistente dise\u00f1o estructural que brindan mayor durabilidad, acabado Platinum Vein. Descansabrazos acojinados fijos, soportes descansa pies desmontables y abatibles con taloneras. Tapicer\u00eda negra de nylon transpirable de f\u00e1cil limpieza y una pr\u00e1ctica bolsa-objetos integrada en su respaldo, que facilita transportar y almacenar cosas peque\u00f1as. Peso: \u00a0 19.7 kg Peso soporta:\u00a0 100 [&hellip;]<\/p>\n","protected":false},"featured_media":1846,"template":"","meta":[],"product_cat":[78,81],"product_tag":[],"_links":{"self":[{"href":"https:\/\/guiasde.com\/syem\/wp-json\/wp\/v2\/product\/1845"}],"collection":[{"href":"https:\/\/guiasde.com\/syem\/wp-json\/wp\/v2\/product"}],"about":[{"href":"https:\/\/guiasde.com\/syem\/wp-json\/wp\/v2\/types\/product"}],"version-history":[{"count":2,"href":"https:\/\/guiasde.com\/syem\/wp-json\/wp\/v2\/product\/1845\/revisions"}],"predecessor-version":[{"id":2113,"href":"https:\/\/guiasde.com\/syem\/wp-json\/wp\/v2\/product\/1845\/revisions\/2113"}],"wp:featuredmedia":[{"embeddable":true,"href":"https:\/\/guiasde.com\/syem\/wp-json\/wp\/v2\/media\/1846"}],"wp:attachment":[{"href":"https:\/\/guiasde.com\/syem\/wp-json\/wp\/v2\/media?parent=1845"}],"wp:term":[{"taxonomy":"product_cat","embeddable":true,"href":"https:\/\/guiasde.com\/syem\/wp-json\/wp\/v2\/product_cat?post=1845"},{"taxonomy":"product_tag","embeddable":true,"href":"https:\/\/guiasde.com\/syem\/wp-json\/wp\/v2\/product_tag?post=1845"}],"curies":[{"name":"wp","href":"https:\/\/api.w.org\/{rel}","templated":true}]}}