{"id":1854,"date":"2022-04-29T20:47:44","date_gmt":"2022-04-29T20:47:44","guid":{"rendered":"http:\/\/guiasde.com\/syem\/?post_type=product&#038;p=1854"},"modified":"2022-04-29T20:51:12","modified_gmt":"2022-04-29T20:51:12","slug":"faja-sacro-lumbar","status":"publish","type":"product","link":"https:\/\/guiasde.com\/syem\/producto\/faja-sacro-lumbar\/","title":{"rendered":"Faja sacro lumbar"},"content":{"rendered":"<ul>\n<li>Fabricado en el\u00e1stico suave y transpirable.<\/li>\n<li>Dise\u00f1ado con cintas especiales que cruzan la espalda y se ajustan al frente con velcro.<\/li>\n<li>Cuatro varillas de soporte en la espalda para dar mayor soporte estabilidad.<\/li>\n<li>C\u00f3modo de llevar y proporciona un apoyo excelente.<\/li>\n<\/ul>\n<p><b>Aplicaci\u00f3n<\/b><\/p>\n<ul>\n<li>Distensi\u00f3n muscular de espalda y esguince.<\/li>\n<li>Osteoporosis.<\/li>\n<li>El dolor lumbar.<\/li>\n<\/ul>\n","protected":false},"excerpt":{"rendered":"<p>Fabricado en el\u00e1stico suave y transpirable. Dise\u00f1ado con cintas especiales que cruzan la espalda y se ajustan al frente con velcro. Cuatro varillas de soporte en la espalda para dar mayor soporte estabilidad. C\u00f3modo de llevar y proporciona un apoyo excelente. Aplicaci\u00f3n Distensi\u00f3n muscular de espalda y esguince. Osteoporosis. El dolor lumbar.<\/p>\n","protected":false},"featured_media":1855,"template":"","meta":[],"product_cat":[115,82],"product_tag":[],"_links":{"self":[{"href":"https:\/\/guiasde.com\/syem\/wp-json\/wp\/v2\/product\/1854"}],"collection":[{"href":"https:\/\/guiasde.com\/syem\/wp-json\/wp\/v2\/product"}],"about":[{"href":"https:\/\/guiasde.com\/syem\/wp-json\/wp\/v2\/types\/product"}],"version-history":[{"count":2,"href":"https:\/\/guiasde.com\/syem\/wp-json\/wp\/v2\/product\/1854\/revisions"}],"predecessor-version":[{"id":1862,"href":"https:\/\/guiasde.com\/syem\/wp-json\/wp\/v2\/product\/1854\/revisions\/1862"}],"wp:featuredmedia":[{"embeddable":true,"href":"https:\/\/guiasde.com\/syem\/wp-json\/wp\/v2\/media\/1855"}],"wp:attachment":[{"href":"https:\/\/guiasde.com\/syem\/wp-json\/wp\/v2\/media?parent=1854"}],"wp:term":[{"taxonomy":"product_cat","embeddable":true,"href":"https:\/\/guiasde.com\/syem\/wp-json\/wp\/v2\/product_cat?post=1854"},{"taxonomy":"product_tag","embeddable":true,"href":"https:\/\/guiasde.com\/syem\/wp-json\/wp\/v2\/product_tag?post=1854"}],"curies":[{"name":"wp","href":"https:\/\/api.w.org\/{rel}","templated":true}]}}