{"id":1863,"date":"2022-04-29T21:00:42","date_gmt":"2022-04-29T21:00:42","guid":{"rendered":"http:\/\/guiasde.com\/syem\/?post_type=product&#038;p=1863"},"modified":"2022-06-09T15:54:48","modified_gmt":"2022-06-09T15:54:48","slug":"bote-rojo-punzocortante","status":"publish","type":"product","link":"https:\/\/guiasde.com\/syem\/producto\/bote-rojo-punzocortante\/","title":{"rendered":"Bote Rojo Punzocortante"},"content":{"rendered":"<p>Bote rojo para Residuos Punzocortantes \/ Biol\u00f3gicos.<\/p>\n<p>Con tapa de seguridad y separador de agujas u otros dep\u00f3sitos punzocortantes.<br \/>\nFabricado en polipropileno incinerable y no contaminable resistente a la perforaci\u00f3n, impacto y p\u00e9rdida de contenido al caerse o volcarse.<\/p>\n","protected":false},"excerpt":{"rendered":"<p>Bote rojo para Residuos Punzocortantes \/ Biol\u00f3gicos. Con tapa de seguridad y separador de agujas u otros dep\u00f3sitos punzocortantes. Fabricado en polipropileno incinerable y no contaminable resistente a la perforaci\u00f3n, impacto y p\u00e9rdida de contenido al caerse o volcarse.<\/p>\n","protected":false},"featured_media":1871,"template":"","meta":[],"product_cat":[118,94],"product_tag":[],"_links":{"self":[{"href":"https:\/\/guiasde.com\/syem\/wp-json\/wp\/v2\/product\/1863"}],"collection":[{"href":"https:\/\/guiasde.com\/syem\/wp-json\/wp\/v2\/product"}],"about":[{"href":"https:\/\/guiasde.com\/syem\/wp-json\/wp\/v2\/types\/product"}],"version-history":[{"count":1,"href":"https:\/\/guiasde.com\/syem\/wp-json\/wp\/v2\/product\/1863\/revisions"}],"predecessor-version":[{"id":1872,"href":"https:\/\/guiasde.com\/syem\/wp-json\/wp\/v2\/product\/1863\/revisions\/1872"}],"wp:featuredmedia":[{"embeddable":true,"href":"https:\/\/guiasde.com\/syem\/wp-json\/wp\/v2\/media\/1871"}],"wp:attachment":[{"href":"https:\/\/guiasde.com\/syem\/wp-json\/wp\/v2\/media?parent=1863"}],"wp:term":[{"taxonomy":"product_cat","embeddable":true,"href":"https:\/\/guiasde.com\/syem\/wp-json\/wp\/v2\/product_cat?post=1863"},{"taxonomy":"product_tag","embeddable":true,"href":"https:\/\/guiasde.com\/syem\/wp-json\/wp\/v2\/product_tag?post=1863"}],"curies":[{"name":"wp","href":"https:\/\/api.w.org\/{rel}","templated":true}]}}