{"id":1875,"date":"2022-04-29T21:20:04","date_gmt":"2022-04-29T21:20:04","guid":{"rendered":"http:\/\/guiasde.com\/syem\/?post_type=product&#038;p=1875"},"modified":"2022-04-29T21:20:05","modified_gmt":"2022-04-29T21:20:05","slug":"kit-de-inmovilizacion","status":"publish","type":"product","link":"https:\/\/guiasde.com\/syem\/producto\/kit-de-inmovilizacion\/","title":{"rendered":"Kit de Inmovilizaci\u00f3n"},"content":{"rendered":"<p><b>Camilla Rigida <\/b><b>Rexponder<\/b><\/p>\n<ul>\n<li>Camilla larga de polietileno de alta resistencia con capacidad de flotaci\u00f3n.<\/li>\n<li>Traslucida a rayos X no absorbe fluido corporales.<\/li>\n<li>Dise\u00f1o elevado para f\u00e1cil levantamiento.<\/li>\n<li>Anclaje de inmovilizador de cuerpo completo e inmovilizador de cr\u00e1neo<\/li>\n<li>La capacidad de peso de esta camilla es de 185 kilos<\/li>\n<li>Color: rojo<\/li>\n<li>Dimensiones: 184cm x45cm x 6cm<\/li>\n<li>Peso: 8kg<\/li>\n<\/ul>\n<p><b>Collar\u00edn<\/b> <b>Ajustable<\/b> <b>Rexponder<\/b><\/p>\n<ul>\n<li>Cuatro tallas<\/li>\n<li>Ajuste de cierre: asegura la estabilidad del collar\u00edn<\/li>\n<li>Gran abertura traqueal: f\u00e1cil acceso a pulso carot\u00eddeo y f\u00e1cil acceso a t\u00e9cnicas avanzadas de v\u00eda a\u00e9rea.<\/li>\n<li>Nueva abertura trasera: permite la palpaci\u00f3n de la zona cervical, el drenaje de sangre y otros fluidos.<\/li>\n<\/ul>\n<p><b>Inmovilizador<\/b> <b>Ara\u00f1a<\/b><b>\u00a0<\/b><\/p>\n<ul>\n<li>De 10 puntos de sujeci\u00f3n de 2\u00bb con velcro y ajustador central para cualquier tama\u00f1o de paciente<\/li>\n<\/ul>\n<p><b>Inmovilizador<\/b><b> de <\/b><b>cr\u00e1neo<\/b> <b>Termosellado<\/b> <b>Rexponder<\/b><b>:<\/b><\/p>\n<ul>\n<li>Construido con espuma insulada y pintura horneada lo que lo hace 100% impermeable<\/li>\n<li>Sujetadores de frente y barbilla del mismo material que se puede ajustar a diversas medida<\/li>\n<li>Color: rojo<\/li>\n<li>Se puede colocar en cualquier camilla<\/li>\n<\/ul>\n","protected":false},"excerpt":{"rendered":"<p>Camilla Rigida Rexponder Camilla larga de polietileno de alta resistencia con capacidad de flotaci\u00f3n. Traslucida a rayos X no absorbe fluido corporales. Dise\u00f1o elevado para f\u00e1cil levantamiento. Anclaje de inmovilizador de cuerpo completo e inmovilizador de cr\u00e1neo La capacidad de peso de esta camilla es de 185 kilos Color: rojo Dimensiones: 184cm x45cm x 6cm [&hellip;]<\/p>\n","protected":false},"featured_media":1876,"template":"","meta":[],"product_cat":[119,92],"product_tag":[],"_links":{"self":[{"href":"https:\/\/guiasde.com\/syem\/wp-json\/wp\/v2\/product\/1875"}],"collection":[{"href":"https:\/\/guiasde.com\/syem\/wp-json\/wp\/v2\/product"}],"about":[{"href":"https:\/\/guiasde.com\/syem\/wp-json\/wp\/v2\/types\/product"}],"version-history":[{"count":1,"href":"https:\/\/guiasde.com\/syem\/wp-json\/wp\/v2\/product\/1875\/revisions"}],"predecessor-version":[{"id":1877,"href":"https:\/\/guiasde.com\/syem\/wp-json\/wp\/v2\/product\/1875\/revisions\/1877"}],"wp:featuredmedia":[{"embeddable":true,"href":"https:\/\/guiasde.com\/syem\/wp-json\/wp\/v2\/media\/1876"}],"wp:attachment":[{"href":"https:\/\/guiasde.com\/syem\/wp-json\/wp\/v2\/media?parent=1875"}],"wp:term":[{"taxonomy":"product_cat","embeddable":true,"href":"https:\/\/guiasde.com\/syem\/wp-json\/wp\/v2\/product_cat?post=1875"},{"taxonomy":"product_tag","embeddable":true,"href":"https:\/\/guiasde.com\/syem\/wp-json\/wp\/v2\/product_tag?post=1875"}],"curies":[{"name":"wp","href":"https:\/\/api.w.org\/{rel}","templated":true}]}}