{"id":2158,"date":"2022-06-09T16:54:11","date_gmt":"2022-06-09T16:54:11","guid":{"rendered":"http:\/\/guiasde.com\/syem\/?post_type=product&#038;p=2158"},"modified":"2022-06-09T16:54:12","modified_gmt":"2022-06-09T16:54:12","slug":"esterilizacion-por-vapor-av07","status":"publish","type":"product","link":"https:\/\/guiasde.com\/syem\/producto\/esterilizacion-por-vapor-av07\/","title":{"rendered":"Esterilizaci\u00f3n por vapor AV07"},"content":{"rendered":"<ul>\n<li>Capacidad de\u00a0 <b>12 L<\/b><\/li>\n<li>Ideal para colocar en cualquier sitio por su tama\u00f1o<\/li>\n<li><b>3 <\/b><b>programas<\/b> de esterilizaci\u00f3n por lo que es muy f\u00e1cil de operar<\/li>\n<\/ul>\n","protected":false},"excerpt":{"rendered":"<p>Capacidad de\u00a0 12 L Ideal para colocar en cualquier sitio por su tama\u00f1o 3 programas de esterilizaci\u00f3n por lo que es muy f\u00e1cil de operar<\/p>\n","protected":false},"featured_media":2160,"template":"","meta":[],"product_cat":[246],"product_tag":[],"_links":{"self":[{"href":"https:\/\/guiasde.com\/syem\/wp-json\/wp\/v2\/product\/2158"}],"collection":[{"href":"https:\/\/guiasde.com\/syem\/wp-json\/wp\/v2\/product"}],"about":[{"href":"https:\/\/guiasde.com\/syem\/wp-json\/wp\/v2\/types\/product"}],"version-history":[{"count":1,"href":"https:\/\/guiasde.com\/syem\/wp-json\/wp\/v2\/product\/2158\/revisions"}],"predecessor-version":[{"id":2161,"href":"https:\/\/guiasde.com\/syem\/wp-json\/wp\/v2\/product\/2158\/revisions\/2161"}],"wp:featuredmedia":[{"embeddable":true,"href":"https:\/\/guiasde.com\/syem\/wp-json\/wp\/v2\/media\/2160"}],"wp:attachment":[{"href":"https:\/\/guiasde.com\/syem\/wp-json\/wp\/v2\/media?parent=2158"}],"wp:term":[{"taxonomy":"product_cat","embeddable":true,"href":"https:\/\/guiasde.com\/syem\/wp-json\/wp\/v2\/product_cat?post=2158"},{"taxonomy":"product_tag","embeddable":true,"href":"https:\/\/guiasde.com\/syem\/wp-json\/wp\/v2\/product_tag?post=2158"}],"curies":[{"name":"wp","href":"https:\/\/api.w.org\/{rel}","templated":true}]}}