{"id":123,"date":"2020-12-09T00:00:19","date_gmt":"2020-12-09T00:00:19","guid":{"rendered":"http:\/\/guiasde.com\/va\/?page_id=123"},"modified":"2020-12-15T21:11:36","modified_gmt":"2020-12-15T21:11:36","slug":"dieta-antiinflamatoria","status":"publish","type":"page","link":"https:\/\/guiasde.com\/va\/dieta-antiinflamatoria\/","title":{"rendered":"Dieta Antiinflamatoria"},"content":{"rendered":"<div id='av_section_1'  class='avia-section main_color avia-section-default avia-no-border-styling  avia-full-stretch av-section-color-overlay-active avia-bg-style-scroll  avia-builder-el-0  el_before_av_section  avia-builder-el-first   av-minimum-height av-minimum-height-35  container_wrap fullsize' style='background-repeat: no-repeat; background-image: url(https:\/\/guiasde.com\/va\/wp-content\/uploads\/2020\/12\/smiled-attractive-woman-mulatto-with-centimeter-tape-on-the-waist-in-sportswear-indoor.jpg);background-attachment: scroll; background-position: center center;  '  data-section-bg-repeat='stretch' data-av_minimum_height_pc='35'><div class='av-section-color-overlay-wrap'><div class='av-section-color-overlay' style='opacity: 0.3; background-color: #0a0a0a; '><\/div><div class='container' ><main  role=\"main\" itemprop=\"mainContentOfPage\"  class='template-page content  av-content-full alpha units'><div class='post-entry post-entry-type-page post-entry-123'><div class='entry-content-wrapper clearfix'>\n<div  style='padding-bottom:10px; color:#ffffff;font-size:38px;' class='av-special-heading av-special-heading-h2 custom-color-heading blockquote modern-quote modern-centered  avia-builder-el-1  avia-builder-el-no-sibling  av-inherit-size '><h2 class='av-special-heading-tag '  itemprop=\"headline\"  >Dieta Antiinflamatoria<\/h2><div class='special-heading-border'><div class='special-heading-inner-border' style='border-color:#ffffff'><\/div><\/div><\/div>\n\n<\/div><\/div><\/main><!-- close content main element --><\/div><\/div><\/div><div id='av_section_2'  class='avia-section main_color avia-section-default avia-no-border-styling  avia-bg-style-scroll  avia-builder-el-2  el_after_av_section  el_before_av_layout_row   container_wrap fullsize' style=' '  ><div class='container' ><div class='template-page content  av-content-full alpha units'><div class='post-entry post-entry-type-page post-entry-123'><div class='entry-content-wrapper clearfix'>\n<div class=\"flex_column av_two_third  flex_column_div av-zero-column-padding first  avia-builder-el-3  el_before_av_one_third  avia-builder-el-first  \" style='border-radius:0px; '><section class=\"av_textblock_section \"  itemscope=\"itemscope\" itemtype=\"https:\/\/schema.org\/CreativeWork\" ><div class='avia_textblock  '   itemprop=\"text\" ><p>Existen\u00a0 2\u00a0 tipos\u00a0 de Inflamaci\u00f3n cr\u00f3nica y aguda. La cr\u00f3nica\u00a0 es la causante de muchas enfermedades cr\u00f3nico degenerativas. Es Conocida como inflamaci\u00f3n de bajo\u00a0 grado que est\u00e1 relacionada con el estilo de vida entre estas enfermedades\u00a0 :\u00a0 Hipertensi\u00f3n arterial, Diabetes Mellitus, Colesterol alto, Obesidad.\u00a0 Algunas\u00a0 incluso de tipo autoinmune como artritis, lupus eritematoso, asma, bronquitis, sinusitis.<\/p>\n<ul>\n<li>Importante a considerar\u00a0 es que NO\u00a0 duele,\u00a0 es consecuencia de un agente agresor por largo tiempo.\u00a0 Si\u00a0 has escuchado\u00a0 que <b>el estr\u00e9s es causa\u00a0 de enfermedad SI <\/b>lo es,\u00a0 el estr\u00e9s libera importante sustancia <b>proinflamatorias<\/b> que conducen a un\u00a0 circuito cerrado\u00a0 de\u00a0 da\u00f1o sist\u00e9mico. Esta\u00a0 implementaci\u00f3n de alimentos antinflamatorios\u00a0 te\u00a0 ayudar\u00e1\u00a0 a\u00a0 reducir ese da\u00f1o.<\/li>\n<li>Tambi\u00e9n la recomiendo\u00a0 en pacientes con patolog\u00edas agudas tales como Neumon\u00edas, Colitis, Colecistitis que favorecen la respuesta del tratamiento.<\/li>\n<\/ul>\n<\/div><\/section><\/div><div class=\"flex_column av_one_third  flex_column_div av-zero-column-padding   avia-builder-el-5  el_after_av_two_third  avia-builder-el-last  \" style='border-radius:0px; '><section class=\"av_textblock_section \"  itemscope=\"itemscope\" itemtype=\"https:\/\/schema.org\/CreativeWork\" ><div class='avia_textblock  '   itemprop=\"text\" ><p><strong>Indicaciones en:<\/strong><\/p>\n<ul>\n<li>Colitis Nerviosa\u00a0\u00a0 &#8211; Enf Cr\u00f3nicas degenerativas<\/li>\n<li>Obesidad M\u00f3rbida\u00a0 IMC\u00a0 > 32<\/li>\n<li>Cefaleas<\/li>\n<li>Alteraciones\u00a0 digestivas (\u00a0 mal del puerco )<\/li>\n<li>Divert\u00edculos\/ Fibromialgias\/<\/li>\n<\/ul>\n<\/div><\/section><\/div><\/div><\/div><\/div><!-- close content main div --><\/div><\/div><div id='av-layout-grid-1'  class='av-layout-grid-container entry-content-wrapper main_color av-flex-cells     avia-builder-el-7  el_after_av_section  avia-builder-el-last  submenu-not-first container_wrap fullsize' style=' '  >\n<div class=\"flex_cell no_margin av_one_fifth  avia-builder-el-8  el_before_av_cell_three_fifth  avia-builder-el-first   \"  style='background: #03a678; vertical-align:top; padding:30px; background-color:#03a678; ' ><div class='flex_cell_inner' ><\/div><\/div><div class=\"flex_cell no_margin av_three_fifth  avia-builder-el-9  el_after_av_cell_one_fifth  el_before_av_cell_one_fifth   \"  style='background: #03a678; vertical-align:top; padding:30px; background-color:#03a678; ' ><div class='flex_cell_inner' ><section class=\"av_textblock_section \"  itemscope=\"itemscope\" itemtype=\"https:\/\/schema.org\/CreativeWork\" ><div class='avia_textblock  av_inherit_color '  style='color:#ffffff; '  itemprop=\"text\" ><p style=\"text-align: center;\">Las respuestas que me ofrecas ser\u00e1n la base para otorgarte la suplementaci\u00f3n personalizada.<\/p>\n<\/div><\/section><br \/>\n<\/p>\n<\/div><\/div><div class=\"flex_cell no_margin av_one_fifth  avia-builder-el-12  el_after_av_cell_three_fifth  avia-builder-el-last   \"  style='background: #03a678; vertical-align:top; padding:30px; background-color:#03a678; ' ><div class='flex_cell_inner' ><\/div><\/div><\/div><\/p>\n","protected":false},"excerpt":{"rendered":"","protected":false},"author":1,"featured_media":0,"parent":0,"menu_order":0,"comment_status":"closed","ping_status":"closed","template":"","meta":[],"_links":{"self":[{"href":"https:\/\/guiasde.com\/va\/wp-json\/wp\/v2\/pages\/123"}],"collection":[{"href":"https:\/\/guiasde.com\/va\/wp-json\/wp\/v2\/pages"}],"about":[{"href":"https:\/\/guiasde.com\/va\/wp-json\/wp\/v2\/types\/page"}],"author":[{"embeddable":true,"href":"https:\/\/guiasde.com\/va\/wp-json\/wp\/v2\/users\/1"}],"replies":[{"embeddable":true,"href":"https:\/\/guiasde.com\/va\/wp-json\/wp\/v2\/comments?post=123"}],"version-history":[{"count":7,"href":"https:\/\/guiasde.com\/va\/wp-json\/wp\/v2\/pages\/123\/revisions"}],"predecessor-version":[{"id":269,"href":"https:\/\/guiasde.com\/va\/wp-json\/wp\/v2\/pages\/123\/revisions\/269"}],"wp:attachment":[{"href":"https:\/\/guiasde.com\/va\/wp-json\/wp\/v2\/media?parent=123"}],"curies":[{"name":"wp","href":"https:\/\/api.w.org\/{rel}","templated":true}]}}