{"id":13,"date":"2020-11-10T00:19:53","date_gmt":"2020-11-10T00:19:53","guid":{"rendered":"http:\/\/guiasde.com\/va\/?page_id=13"},"modified":"2021-01-11T17:03:43","modified_gmt":"2021-01-11T17:03:43","slug":"inicio","status":"publish","type":"page","link":"https:\/\/guiasde.com\/va\/","title":{"rendered":"Inicio"},"content":{"rendered":"<div id='full_slider_1'  class='avia-fullwidth-slider main_color avia-shadow   avia-builder-el-0  el_before_av_section  avia-builder-el-first   container_wrap fullsize' style=' '  ><div   data-size='featured'  data-lightbox_size='large'  data-animation='fade'  data-conditional_play=''  data-ids='56'  data-video_counter='0'  data-autoplay='false'  data-bg_slider='false'  data-slide_height=''  data-handle='av_slideshow_full'  data-interval='5'  data-class=' '  data-el_id=''  data-css_id=''  data-scroll_down=''  data-control_layout='av-control-default'  data-custom_markup=''  data-perma_caption=''  data-autoplay_stopper=''  data-image_attachment=''  data-min_height='0px'  data-src=''  data-position='top left'  data-repeat='no-repeat'  data-attach='scroll'  data-stretch=''  data-default-height='28.666666666667'  class='avia-slideshow avia-slideshow-1  av-control-default av-default-height-applied avia-slideshow-featured av_slideshow_full   avia-fade-slider '  itemprop=\"image\" itemscope=\"itemscope\" itemtype=\"https:\/\/schema.org\/ImageObject\" ><ul class='avia-slideshow-inner ' style='padding-bottom: 28.666666666667%;' ><li  class=' av-single-slide slide-1 ' ><div data-rel='slideshow-1' class='avia-slide-wrap '   ><div class = \"caption_fullwidth av-slideshow-caption caption_center\"><div class = \"container caption_container\"><div class = \"slideshow_caption\"><div class = \"slideshow_inner_caption\"><div class = \"slideshow_align_caption\"><h2  style='font-size:45px; color:#03a678; ' class='avia-caption-title  '  itemprop=\"name\" ><span class=\"turquesa\">BIS<\/span><span class=\"gris\">VA<\/span><\/h2><div class='avia-caption-content  av_inherit_color'  itemprop=\"description\"   style='font-size:28px; '><p>Bienestar Integral en Salud, Vida Activa<\/p>\n<\/div><\/div><\/div><\/div><\/div><\/div><img src='https:\/\/guiasde.com\/va\/wp-content\/uploads\/2020\/11\/Slider-Pantalla-completa-00-1500x430.jpg' width='1500' height='430' title='Slider-Pantalla-completa-00' alt=''  itemprop=\"thumbnailUrl\"   \/><div class='av-section-color-overlay' style='opacity: 0.2; background-color: #0a0a0a; '><\/div><\/div><\/li><\/ul><\/div><\/div>\n<div id='info'  class='avia-section main_color avia-section-default avia-no-border-styling  avia-bg-style-scroll  avia-builder-el-1  el_after_av_slideshow_full  el_before_av_layout_row   container_wrap fullsize' style=' '  ><div class='container' ><div class='template-page content  av-content-full alpha units'><div class='post-entry post-entry-type-page post-entry-13'><div class='entry-content-wrapper clearfix'>\n<div class='flex_column_table av-equal-height-column-flextable -flextable' ><div class=\"flex_column av_three_fifth  flex_column_table_cell av-equal-height-column av-align-middle av-zero-column-padding first  avia-builder-el-2  el_before_av_two_fifth  avia-builder-el-first  \" style='border-radius:0px; '><p><div  style='padding-bottom:0px; color:#03a678;font-size:28px;' class='av-special-heading av-special-heading-h2 custom-color-heading blockquote modern-quote  avia-builder-el-3  el_before_av_textblock  avia-builder-el-first  av-inherit-size '><h2 class='av-special-heading-tag '  itemprop=\"headline\"  >Dra. Guzm\u00e1n<br \/><\/h2><div class ='av-subheading av-subheading_below av_custom_color ' style='font-size:18px;'><p>Medico Cardi\u00f3logo<br \/>CM ABC<\/p>\n<\/div><div class='special-heading-border'><div class='special-heading-inner-border' style='border-color:#03a678'><\/div><\/div><\/div><br \/>\n<section class=\"av_textblock_section \"  itemscope=\"itemscope\" itemtype=\"https:\/\/schema.org\/CreativeWork\" ><div class='avia_textblock  '   itemprop=\"text\" ><p>Los m\u00e9dicos estamos cometiendo un grave error, debido a que encaminamos nuestra pr\u00e1ctica al cuidado de la enfermedad y la atenci\u00f3n deber\u00eda estar en el CUIDADO DE LA SALUD, ese estado fisiol\u00f3gico natural.<\/p>\n<p>En <strong>BIS VA<\/strong> te proporcionamos los procesos fisiol\u00f3gicos de la vitaminas, minerales y suplementos, adem\u00e1s de dietas o implementaci\u00f3n de alimentos con prop\u00f3sito, existen nutrientes que pueden no solo mejorar tu salud sino te ayudar\u00e1n a restaurar toda su funci\u00f3n.<\/p>\n<\/div><\/section><\/p><\/div><div class='av-flex-placeholder'><\/div><div class=\"flex_column av_two_fifth  flex_column_table_cell av-equal-height-column av-align-middle av-zero-column-padding   avia-builder-el-5  el_after_av_three_fifth  avia-builder-el-last  \" style='border-radius:0px; '><div  class='avia-image-container  av-styling-circle    avia-builder-el-6  avia-builder-el-no-sibling  avia-align-center '  itemprop=\"image\" itemscope=\"itemscope\" itemtype=\"https:\/\/schema.org\/ImageObject\"  ><div class='avia-image-container-inner'><div class='avia-image-overlay-wrap'><img class='avia_image' src='https:\/\/guiasde.com\/va\/wp-content\/uploads\/2020\/11\/square.jpg' alt='' title='square' height=\"800\" width=\"800\"  itemprop=\"thumbnailUrl\"  \/><\/div><\/div><\/div><\/div><\/div><!--close column table wrapper. Autoclose: 1 -->\n\n<\/div><\/div><\/div><!-- close content main div --><\/div><\/div><div id='av-layout-grid-1'  class='av-layout-grid-container entry-content-wrapper main_color av-flex-cells     avia-builder-el-7  el_after_av_section  el_before_av_layout_row  submenu-not-first container_wrap fullsize' style=' '  >\n<div class=\"flex_cell no_margin av_one_half  avia-builder-el-8  el_before_av_cell_one_half  avia-builder-el-first   avia-full-stretch \"  style='background:url(https:\/\/guiasde.com\/va\/wp-content\/uploads\/2020\/11\/pexels-ready-made-3850712.jpg) center center no-repeat scroll; vertical-align:top; padding:30px; ' ><div class='flex_cell_inner' ><div  style='height:150px' class='hr hr-invisible   avia-builder-el-9  avia-builder-el-no-sibling '><span class='hr-inner ' ><span class='hr-inner-style'><\/span><\/span><\/div>\n<\/div><\/div><div class=\"flex_cell no_margin av_one_half  avia-builder-el-10  el_after_av_cell_one_half  avia-builder-el-last   \"  style='background: #03a678; vertical-align:top; padding:60px; background-color:#03a678; ' ><div class='flex_cell_inner' ><section class=\"av_textblock_section \"  itemscope=\"itemscope\" itemtype=\"https:\/\/schema.org\/CreativeWork\" ><div class='avia_textblock  av_inherit_color '  style='color:#ffffff; '  itemprop=\"text\" ><p>La medicina est\u00e1 basada y dise\u00f1ada para el bienestar inmediato, la recompensa satisfactoria de quitar tu malestar. \u00a1Pero las enfermedades cr\u00f3nico degenerativas son la CAUSA N\u00daMERO 1 DE MORTALIDAD a nivel global, es la consecuencia!<\/p>\n<p>Es aqu\u00ed donde entran los suplementos, estos modulan pero no sustituyen ning\u00fan tratamiento. Estos mejoran la respuesta del tratamiento y alteran la evoluci\u00f3n natural de la enfermedad, debi\u00e9ndose consumir de manera informada y por prescripci\u00f3n.<\/p>\n<\/div><\/section>\n<\/div><\/div>\n<\/div>\n<div id='av-layout-grid-2'  class='av-layout-grid-container entry-content-wrapper main_color av-flex-cells     avia-builder-el-12  el_after_av_layout_row  avia-builder-el-last  submenu-not-first container_wrap fullsize' style=' '  >\n<div class=\"flex_cell no_margin av_one_fifth  avia-builder-el-13  el_before_av_cell_three_fifth  avia-builder-el-first   \" ><div class='flex_cell_inner' ><\/div><\/div><div class=\"flex_cell no_margin av_three_fifth  avia-builder-el-14  el_after_av_cell_one_fifth  el_before_av_cell_one_fifth   \"  style='vertical-align:top; padding:30px 0px 30px 0px ; ' ><div class='flex_cell_inner' ><p><div id='av-masonry-1' class='av-masonry  noHover av-flex-size av-large-gap av-hover-overlay- av-masonry-animation-active av-masonry-col-3 av-caption-always av-caption-style- av-masonry-gallery     ' style='background-color:transparent; ' ><div class='av-masonry-container isotope av-js-disabled ' ><div class='av-masonry-entry isotope-item av-masonry-item-no-image '><\/div><a href=\"Modal-Window id=\"2\"\" id='av-masonry-1-item-67' data-av-masonry-item='67' class='av-masonry-entry isotope-item post-67 attachment type-attachment status-inherit hentry  av-masonry-item-with-image' title=\"Implementaci\u00f3n de alimentos\"  itemprop=\"thumbnailUrl\" ><div class='av-inner-masonry-sizer'><\/div><figure class='av-inner-masonry main_color'><div class=\"av-masonry-outerimage-container\"><div class=\"av-masonry-image-container\" ><img src=\"https:\/\/guiasde.com\/va\/wp-content\/uploads\/2020\/11\/Dietas-1-705x705.jpg\" title=\"Implementaci\u00f3n de alimentos\" alt=\"\" \/><\/div><\/div><figcaption class='av-inner-masonry-content site-background'><div class='av-inner-masonry-content-pos'><div class='av-inner-masonry-content-pos-content'><div class='avia-arrow'><\/div><h3 class='av-masonry-entry-title entry-title '  itemprop=\"headline\" >Implementaci\u00f3n de alimentos<\/h3><\/div><\/div><\/figcaption><\/figure><\/a><!--end av-masonry entry--><a href=\"http:\/\/guiasde.com\/va\/product\/omega-3-2\/\" id='av-masonry-1-item-58' data-av-masonry-item='58' class='av-masonry-entry isotope-item post-58 attachment type-attachment status-inherit hentry  av-masonry-item-with-image' title=\"Consultas virtuales\"  itemprop=\"thumbnailUrl\" ><div class='av-inner-masonry-sizer'><\/div><figure class='av-inner-masonry main_color'><div class=\"av-masonry-outerimage-container\"><div class=\"av-masonry-image-container\" ><img src=\"https:\/\/guiasde.com\/va\/wp-content\/uploads\/2020\/11\/Consulta-virtual-1-705x705.jpg\" title=\"Consultas virtuales\" alt=\"\" \/><\/div><\/div><figcaption class='av-inner-masonry-content site-background'><div class='av-inner-masonry-content-pos'><div class='av-inner-masonry-content-pos-content'><div class='avia-arrow'><\/div><h3 class='av-masonry-entry-title entry-title '  itemprop=\"headline\" >Consultas virtuales<\/h3><\/div><\/div><\/figcaption><\/figure><\/a><!--end av-masonry entry--><a href=\"#wow-modal-id-1\" id='av-masonry-1-item-32' data-av-masonry-item='32' class='av-masonry-entry isotope-item post-32 attachment type-attachment status-inherit hentry  av-masonry-item-with-image' title=\"Suplementos\"  itemprop=\"thumbnailUrl\" ><div class='av-inner-masonry-sizer'><\/div><figure class='av-inner-masonry main_color'><div class=\"av-masonry-outerimage-container\"><div class=\"av-masonry-image-container\" ><img src=\"https:\/\/guiasde.com\/va\/wp-content\/uploads\/2020\/11\/Suplementos-705x705.jpg\" title=\"Suplementos\" alt=\"\" \/><\/div><\/div><figcaption class='av-inner-masonry-content site-background'><div class='av-inner-masonry-content-pos'><div class='av-inner-masonry-content-pos-content'><div class='avia-arrow'><\/div><h3 class='av-masonry-entry-title entry-title '  itemprop=\"headline\" >Suplementos<\/h3><\/div><\/div><\/figcaption><\/figure><\/a><!--end av-masonry entry--><\/div><\/div><br \/>\n<\/p>\n<\/div><\/div><div class=\"flex_cell no_margin av_one_fifth  avia-builder-el-17  el_after_av_cell_three_fifth  avia-builder-el-last   \"  style='vertical-align:top; padding:30px; ' ><div class='flex_cell_inner' ><\/div><\/div><\/div>\n","protected":false},"excerpt":{"rendered":"","protected":false},"author":1,"featured_media":0,"parent":0,"menu_order":0,"comment_status":"closed","ping_status":"open","template":"","meta":[],"_links":{"self":[{"href":"https:\/\/guiasde.com\/va\/wp-json\/wp\/v2\/pages\/13"}],"collection":[{"href":"https:\/\/guiasde.com\/va\/wp-json\/wp\/v2\/pages"}],"about":[{"href":"https:\/\/guiasde.com\/va\/wp-json\/wp\/v2\/types\/page"}],"author":[{"embeddable":true,"href":"https:\/\/guiasde.com\/va\/wp-json\/wp\/v2\/users\/1"}],"replies":[{"embeddable":true,"href":"https:\/\/guiasde.com\/va\/wp-json\/wp\/v2\/comments?post=13"}],"version-history":[{"count":25,"href":"https:\/\/guiasde.com\/va\/wp-json\/wp\/v2\/pages\/13\/revisions"}],"predecessor-version":[{"id":264,"href":"https:\/\/guiasde.com\/va\/wp-json\/wp\/v2\/pages\/13\/revisions\/264"}],"wp:attachment":[{"href":"https:\/\/guiasde.com\/va\/wp-json\/wp\/v2\/media?parent=13"}],"curies":[{"name":"wp","href":"https:\/\/api.w.org\/{rel}","templated":true}]}}