{"id":146,"date":"2020-12-10T22:36:38","date_gmt":"2020-12-10T22:36:38","guid":{"rendered":"http:\/\/guiasde.com\/va\/?page_id=146"},"modified":"2020-12-15T21:13:02","modified_gmt":"2020-12-15T21:13:02","slug":"detoxificacion","status":"publish","type":"page","link":"https:\/\/guiasde.com\/va\/detoxificacion\/","title":{"rendered":"Dieta de Detoxificaci\u00f3n"},"content":{"rendered":"<div id='av_section_1'  class='avia-section main_color avia-section-default avia-no-border-styling  avia-full-stretch av-section-color-overlay-active avia-bg-style-scroll  avia-builder-el-0  el_before_av_section  avia-builder-el-first   av-minimum-height av-minimum-height-35  container_wrap fullsize' style='background-repeat: no-repeat; background-image: url(https:\/\/guiasde.com\/va\/wp-content\/uploads\/2020\/12\/brunette-woman-in-the-kitchen-1-1.jpg);background-attachment: scroll; background-position: center center;  '  data-section-bg-repeat='stretch' data-av_minimum_height_pc='35'><div class='av-section-color-overlay-wrap'><div class='av-section-color-overlay' style='opacity: 0.3; background-color: #0a0a0a; '><\/div><div class='container' ><main  role=\"main\" itemprop=\"mainContentOfPage\"  class='template-page content  av-content-full alpha units'><div class='post-entry post-entry-type-page post-entry-146'><div class='entry-content-wrapper clearfix'>\n<div  style='padding-bottom:10px; color:#ffffff;font-size:38px;' class='av-special-heading av-special-heading-h2 custom-color-heading blockquote modern-quote modern-centered  avia-builder-el-1  avia-builder-el-no-sibling  av-inherit-size '><h2 class='av-special-heading-tag '  itemprop=\"headline\"  >Dieta de Detoxificaci\u00f3n<\/h2><div class='special-heading-border'><div class='special-heading-inner-border' style='border-color:#ffffff'><\/div><\/div><\/div>\n\n<\/div><\/div><\/main><!-- close content main element --><\/div><\/div><\/div><div id='av_section_2'  class='avia-section main_color avia-section-default avia-no-border-styling  avia-bg-style-scroll  avia-builder-el-2  el_after_av_section  el_before_av_layout_row   container_wrap fullsize' style=' '  ><div class='container' ><div class='template-page content  av-content-full alpha units'><div class='post-entry post-entry-type-page post-entry-146'><div class='entry-content-wrapper clearfix'>\n<div class=\"flex_column av_two_third  flex_column_div av-zero-column-padding first  avia-builder-el-3  el_before_av_one_third  avia-builder-el-first  \" style='border-radius:0px; '><section class=\"av_textblock_section \"  itemscope=\"itemscope\" itemtype=\"https:\/\/schema.org\/CreativeWork\" ><div class='avia_textblock  '   itemprop=\"text\" ><p>La\u00a0 Intoxicaci\u00f3n de nuestro organismo ocurre a diario con:<\/p>\n<ul>\n<li>Aire: Polvo, holl\u00edn, cenizas, part\u00edculas met\u00e1licas, todo tipo de combustiones, incendios forestales, f\u00e1bricas, compuestos org\u00e1nicos vol\u00e1tiles.<\/li>\n<li>Alimentos: El uso\u00a0 de pesticidas, insecticidas.<\/li>\n<li>Cadmio, ars\u00e9nico, plomo metales pesados presentes en cigarrillos. Mercurio Aluminio.<\/li>\n<\/ul>\n<p><strong>\u00bfSab\u00edas\u00a0 que el\u00a0 cadmio?<\/strong><\/p>\n<p>Est\u00e1\u00a0 en nuestros m\u00f3viles, autos, cigarrillos y\u00a0 est\u00e1\u00a0 francamente relacionado con el c\u00e1ncer de pr\u00f3stata, hueso, ECV, EPOC, y problemas renales.\u00a0 Una\u00a0 de estas mol\u00e9culas puede vivir\u00a0 hasta 20 a\u00f1os dentro del cuerpo.<\/p>\n<p>Cada\u00a0 organismo\u00a0 tiene una capacidad detoxificadora normal,\u00a0 pero\u00a0 la puedes potencializar con alimentos.<\/p>\n<\/div><\/section><\/div><div class=\"flex_column av_one_third  flex_column_div av-zero-column-padding   avia-builder-el-5  el_after_av_two_third  avia-builder-el-last  \" style='border-radius:0px; '><section class=\"av_textblock_section \"  itemscope=\"itemscope\" itemtype=\"https:\/\/schema.org\/CreativeWork\" ><div class='avia_textblock  '   itemprop=\"text\" ><p><strong>Indicaciones en:<\/strong><\/p>\n<ul>\n<li>H\u00edgado graso.<\/li>\n<li>Insf. circulatoria-venosa.<\/li>\n<li>Sobrepeso.<\/li>\n<li>Fatiga cr\u00f3nica.<\/li>\n<li>Alcoholismo cr\u00f3nico.<\/li>\n<li>Diabetes Mellitus.<\/li>\n<li>Fumadores.<\/li>\n<li>Medicamentos.<\/li>\n<li>Grasa en extremidades inferiores.<\/li>\n<li>Infartos de Miocardio.<\/li>\n<\/ul>\n<\/div><\/section><\/div><\/div><\/div><\/div><!-- close content main div --><\/div><\/div><div id='av-layout-grid-1'  class='av-layout-grid-container entry-content-wrapper main_color av-flex-cells     avia-builder-el-7  el_after_av_section  avia-builder-el-last  submenu-not-first container_wrap fullsize' style=' '  >\n<div class=\"flex_cell no_margin av_one_fifth  avia-builder-el-8  el_before_av_cell_three_fifth  avia-builder-el-first   \"  style='background: #03a678; vertical-align:top; padding:30px; background-color:#03a678; ' ><div class='flex_cell_inner' ><\/div><\/div><div class=\"flex_cell no_margin av_three_fifth  avia-builder-el-9  el_after_av_cell_one_fifth  el_before_av_cell_one_fifth   \"  style='background: #03a678; vertical-align:top; padding:30px; background-color:#03a678; ' ><div class='flex_cell_inner' ><section class=\"av_textblock_section \"  itemscope=\"itemscope\" itemtype=\"https:\/\/schema.org\/CreativeWork\" ><div class='avia_textblock  av_inherit_color '  style='color:#ffffff; '  itemprop=\"text\" ><p style=\"text-align: center;\">Las respuestas que me ofrecas ser\u00e1n la base para otorgarte la suplementaci\u00f3n personalizada.<\/p>\n<\/div><\/section><br \/>\n<\/p>\n<\/div><\/div><div class=\"flex_cell no_margin av_one_fifth  avia-builder-el-12  el_after_av_cell_three_fifth  avia-builder-el-last   \"  style='background: #03a678; vertical-align:top; padding:30px; background-color:#03a678; ' ><div class='flex_cell_inner' ><\/div><\/div>\n<\/div><\/p>\n","protected":false},"excerpt":{"rendered":"","protected":false},"author":1,"featured_media":0,"parent":0,"menu_order":0,"comment_status":"closed","ping_status":"closed","template":"","meta":[],"_links":{"self":[{"href":"https:\/\/guiasde.com\/va\/wp-json\/wp\/v2\/pages\/146"}],"collection":[{"href":"https:\/\/guiasde.com\/va\/wp-json\/wp\/v2\/pages"}],"about":[{"href":"https:\/\/guiasde.com\/va\/wp-json\/wp\/v2\/types\/page"}],"author":[{"embeddable":true,"href":"https:\/\/guiasde.com\/va\/wp-json\/wp\/v2\/users\/1"}],"replies":[{"embeddable":true,"href":"https:\/\/guiasde.com\/va\/wp-json\/wp\/v2\/comments?post=146"}],"version-history":[{"count":5,"href":"https:\/\/guiasde.com\/va\/wp-json\/wp\/v2\/pages\/146\/revisions"}],"predecessor-version":[{"id":226,"href":"https:\/\/guiasde.com\/va\/wp-json\/wp\/v2\/pages\/146\/revisions\/226"}],"wp:attachment":[{"href":"https:\/\/guiasde.com\/va\/wp-json\/wp\/v2\/media?parent=146"}],"curies":[{"name":"wp","href":"https:\/\/api.w.org\/{rel}","templated":true}]}}