{"id":149,"date":"2020-12-10T22:43:47","date_gmt":"2020-12-10T22:43:47","guid":{"rendered":"http:\/\/guiasde.com\/va\/?page_id=149"},"modified":"2021-01-11T18:57:24","modified_gmt":"2021-01-11T18:57:24","slug":"dieta-de-bajo-indice-glucemico","status":"publish","type":"page","link":"https:\/\/guiasde.com\/va\/dieta-de-bajo-indice-glucemico\/","title":{"rendered":"Dieta de Bajo \u00edndice gluc\u00e9mico"},"content":{"rendered":"<div id='av_section_1'  class='avia-section main_color avia-section-default avia-no-border-styling  avia-full-stretch av-section-color-overlay-active avia-bg-style-scroll  avia-builder-el-0  el_before_av_section  avia-builder-el-first   av-minimum-height av-minimum-height-35  container_wrap fullsize' style='background-repeat: no-repeat; background-image: url(https:\/\/guiasde.com\/va\/wp-content\/uploads\/2020\/12\/concept-healthy-food-and-sports-lifestyle-vegetarian-lunch-healthy-breakfast-proper-nutrition-top-view-flat-lay.jpg);background-attachment: scroll; background-position: center center;  '  data-section-bg-repeat='stretch' data-av_minimum_height_pc='35'><div class='av-section-color-overlay-wrap'><div class='av-section-color-overlay' style='opacity: 0.3; background-color: #0a0a0a; '><\/div><div class='container' ><main  role=\"main\" itemprop=\"mainContentOfPage\"  class='template-page content  av-content-full alpha units'><div class='post-entry post-entry-type-page post-entry-149'><div class='entry-content-wrapper clearfix'>\n<div  style='padding-bottom:10px; color:#ffffff;font-size:38px;' class='av-special-heading av-special-heading-h2 custom-color-heading blockquote modern-quote modern-centered  avia-builder-el-1  avia-builder-el-no-sibling  av-inherit-size '><h2 class='av-special-heading-tag '  itemprop=\"headline\"  >Dieta de Bajo \u00edndice gluc\u00e9mico<\/h2><div class='special-heading-border'><div class='special-heading-inner-border' style='border-color:#ffffff'><\/div><\/div><\/div>\n\n<\/div><\/div><\/main><!-- close content main element --><\/div><\/div><\/div><div id='av_section_2'  class='avia-section main_color avia-section-default avia-no-border-styling  avia-bg-style-scroll  avia-builder-el-2  el_after_av_section  el_before_av_layout_row   container_wrap fullsize' style=' '  ><div class='container' ><div class='template-page content  av-content-full alpha units'><div class='post-entry post-entry-type-page post-entry-149'><div class='entry-content-wrapper clearfix'>\n<div class=\"flex_column av_two_third  flex_column_div av-zero-column-padding first  avia-builder-el-3  el_before_av_one_third  avia-builder-el-first  \" style='border-radius:0px; '><p><div  style='padding-bottom:10px; color:#03a678;' class='av-special-heading av-special-heading-h2 custom-color-heading blockquote modern-quote  avia-builder-el-4  el_before_av_textblock  avia-builder-el-first  '><h2 class='av-special-heading-tag '  itemprop=\"headline\"  >Implementacion de alimentos bajos en glucosa<\/h2><div class='special-heading-border'><div class='special-heading-inner-border' style='border-color:#03a678'><\/div><\/div><\/div><br \/>\n<section class=\"av_textblock_section \"  itemscope=\"itemscope\" itemtype=\"https:\/\/schema.org\/CreativeWork\" ><div class='avia_textblock  '   itemprop=\"text\" ><p>La implementaci\u00f3n de alimentos de bajo nivel glic\u00e9mico, significa que con este\u00a0 tipo de alimentos tu az\u00facar\u00a0 se\u00a0 <b>reducir\u00e1 y disminuir\u00e1 esos picos de insulina<\/b> presentes en todos los\u00a0 paciente\u00a0 con S\u00edndrome metab\u00f3lico, esos altibajos\u00a0 de insulina son los\u00a0 que\u00a0 causan\u00a0 gran da\u00f1o\u00a0 al\u00a0 endotelio\u00a0 vascular, ya que la insulina en valores normales disminuye la lipog\u00e9nesis ( almacenamiento de grasas )\u00a0 y activa la lip\u00f3lisis ( utilizaci\u00f3n de grasas ), esta alteraci\u00f3n de los niveles de insulina es la causante de las complicaciones en los paciente con Diabetes; como dolor de piernas, ceguera, infartos del\u00a0 coraz\u00f3n,\u00a0 embolias cerebrales, amputaciones y da\u00f1o renal.<\/p>\n<p>Es con mucho una informaci\u00f3n que cualquier m\u00e9dico\u00a0 deber\u00eda otorgar de manera muy puntual a todos los paciente con estas patolog\u00edas<\/p>\n<\/div><\/section><\/p><\/div><div class=\"flex_column av_one_third  flex_column_div av-zero-column-padding   avia-builder-el-6  el_after_av_two_third  avia-builder-el-last  \" style='border-radius:0px; '><section class=\"av_textblock_section \"  itemscope=\"itemscope\" itemtype=\"https:\/\/schema.org\/CreativeWork\" ><div class='avia_textblock  '   itemprop=\"text\" ><p><strong>Indicaciones en:<\/strong><\/p>\n<ul>\n<li>Diabetes Mellitus. \/ Sx Metab\u00f3lico colesterol y triglic\u00e9ridos altos \/ ovario poliqu\u00edstico \/ Acantosis Nigricans\/ \u00cdndice de cintura en mujeres m\u00e1s de 88 hombres m\u00e1s de 102.<\/li>\n<\/ul>\n<\/div><\/section><\/div><\/div><\/div><\/div><!-- close content main div --><\/div><\/div><div id='av-layout-grid-1'  class='av-layout-grid-container entry-content-wrapper main_color av-flex-cells     avia-builder-el-8  el_after_av_section  avia-builder-el-last  submenu-not-first container_wrap fullsize' style=' '  >\n<div class=\"flex_cell no_margin av_one_fifth  avia-builder-el-9  el_before_av_cell_three_fifth  avia-builder-el-first   \"  style='background: #03a678; vertical-align:top; padding:30px; background-color:#03a678; ' ><div class='flex_cell_inner' ><\/div><\/div><div class=\"flex_cell no_margin av_three_fifth  avia-builder-el-10  el_after_av_cell_one_fifth  el_before_av_cell_one_fifth   \"  style='background: #03a678; vertical-align:top; padding:30px; background-color:#03a678; ' ><div class='flex_cell_inner' ><section class=\"av_textblock_section \"  itemscope=\"itemscope\" itemtype=\"https:\/\/schema.org\/CreativeWork\" ><div class='avia_textblock  av_inherit_color '  style='color:#ffffff; '  itemprop=\"text\" ><p style=\"text-align: center;\">Las respuestas que me ofrecas ser\u00e1n la base para otorgarte la suplementaci\u00f3n personalizada.<\/p>\n<\/div><\/section><br \/>\n<\/p>\n<\/div><\/div><div class=\"flex_cell no_margin av_one_fifth  avia-builder-el-13  el_after_av_cell_three_fifth  avia-builder-el-last   \"  style='background: #03a678; vertical-align:top; padding:30px; background-color:#03a678; ' ><div class='flex_cell_inner' ><\/div><\/div>\n<\/div><\/p>\n","protected":false},"excerpt":{"rendered":"","protected":false},"author":1,"featured_media":0,"parent":0,"menu_order":0,"comment_status":"closed","ping_status":"closed","template":"","meta":[],"_links":{"self":[{"href":"https:\/\/guiasde.com\/va\/wp-json\/wp\/v2\/pages\/149"}],"collection":[{"href":"https:\/\/guiasde.com\/va\/wp-json\/wp\/v2\/pages"}],"about":[{"href":"https:\/\/guiasde.com\/va\/wp-json\/wp\/v2\/types\/page"}],"author":[{"embeddable":true,"href":"https:\/\/guiasde.com\/va\/wp-json\/wp\/v2\/users\/1"}],"replies":[{"embeddable":true,"href":"https:\/\/guiasde.com\/va\/wp-json\/wp\/v2\/comments?post=149"}],"version-history":[{"count":5,"href":"https:\/\/guiasde.com\/va\/wp-json\/wp\/v2\/pages\/149\/revisions"}],"predecessor-version":[{"id":254,"href":"https:\/\/guiasde.com\/va\/wp-json\/wp\/v2\/pages\/149\/revisions\/254"}],"wp:attachment":[{"href":"https:\/\/guiasde.com\/va\/wp-json\/wp\/v2\/media?parent=149"}],"curies":[{"name":"wp","href":"https:\/\/api.w.org\/{rel}","templated":true}]}}