{"id":159,"date":"2020-12-10T23:15:50","date_gmt":"2020-12-10T23:15:50","guid":{"rendered":"http:\/\/guiasde.com\/va\/?post_type=product&#038;p=159"},"modified":"2020-12-15T21:37:28","modified_gmt":"2020-12-15T21:37:28","slug":"depresion-y-ansiedad","status":"publish","type":"product","link":"https:\/\/guiasde.com\/va\/product\/depresion-y-ansiedad\/","title":{"rendered":"Depresi\u00f3n y ansiedad"},"content":{"rendered":"<div id='av_section_1'  class='avia-section main_color avia-section-default avia-no-border-styling  avia-bg-style-scroll  avia-builder-el-0  avia-builder-el-no-sibling   av-minimum-height av-minimum-height-75  container_wrap fullsize' style=' '   data-av_minimum_height_pc='75'><div class='container' ><main  role=\"main\" itemprop=\"mainContentOfPage\"  class='template-page content  av-content-full alpha units'><div class='post-entry post-entry-type-page post-entry-159'><div class='entry-content-wrapper clearfix'>\n<div class=\"flex_column av_two_third  flex_column_div av-zero-column-padding first  avia-builder-el-1  el_before_av_one_third  avia-builder-el-first  \" style='border-radius:0px; '><p><div  style='padding-bottom:10px; color:#03a678;' class='av-special-heading av-special-heading-h2 custom-color-heading blockquote modern-quote  avia-builder-el-2  el_before_av_textblock  avia-builder-el-first  '><h2 class='av-special-heading-tag '  itemprop=\"headline\"  >Depresi\u00f3n y ansiedad<\/h2><div class='special-heading-border'><div class='special-heading-inner-border' style='border-color:#03a678'><\/div><\/div><\/div><br \/>\n<section class=\"av_textblock_section \"  itemscope=\"itemscope\" itemtype=\"https:\/\/schema.org\/CreativeWork\" ><div class='avia_textblock  '   itemprop=\"text\" ><p>Porque separadas? Son cl\u00ednicamente diferentes? ( eso es lo que se cree popularmente , pero ambos tienen una fisiopatolog\u00eda en com\u00fan. Que en resumidas cuentas se debe al descontrol de los neuromediadores (dopamina serotonina y adrenalina) de ah\u00ed que el tratamiento m\u00e9dico es Inhibidores de la recaptura de serotonina para la depresi\u00f3n, IMAO como Imipramina que evitan la eliminaci\u00f3n de Noradrenalina y Serotonina.<\/p>\n<p>Todos estos neurotransmisores provienen de alimentos muy espec\u00edficos y de ellos se recomienda dar a horas espec\u00edficas para optimizar su adecuada v\u00eda metab\u00f3lica. As\u00ed como el uso de suplementos en combinaci\u00f3n, es la mejor manera de mejorar estas v\u00edas metab\u00f3licas de formaci\u00f3n en tiempo y forma de estos neuromediadores<\/p>\n<\/div><\/section><br \/>\n<div class='av-woo-purchase-button  avia-builder-el-4  el_after_av_textblock  avia-builder-el-last '><p class=\"price\"><\/p><div class=\"addquotelistlink\"><div class=\"quotelistadd_prodpage\" ><span class=\"dvin_wcql_btn_wrap\"><button rel=\"nofollow\" data-product_id=\"159\" data-product_sku=\"\" data-quantity=\"1\" type=\"button\" class=\"button alt addquotelistbutton_prodpage product_type_simple\" >Cotizar<\/button><\/span><span class=\"dvin_wcql_btn_ajaxico_wrap\"><img style=\"display: none;border:0; width:16px; height:16px;\" src=\"https:\/\/guiasde.com\/va\/wp-content\/plugins\/Request a Quote\/images\/ajax-loader.gif\" class=\"ajax-loading-img ajax-loading-img-bottom\" alt=\"Working...\"\/><\/span><\/div><div class=\"quotelistaddedbrowse_prodpage\" style=\"display:none;\"><a class=\"quotelist-added-icon\"  href=\"https:\/\/guiasde.com\/va\/quotelist\/\">Producto agregado para cotizaci\u00f3n<\/a><br\/><a class=\"quotelist-remove-icon removefromprodpage\" rel=\"nofollow\" data-product_id=\"159\" href=\"javascript:void(0)\" >Quitar de cotizaci\u00f3n<\/a><\/div><div class=\"quotelistexistsbrowse_prodpage\" style=\"display:none;\"><a class=\"quotelist-added-icon\"  href=\"https:\/\/guiasde.com\/va\/quotelist\/\">Producto agregado para cotizaci\u00f3n<\/a><br\/><a class=\"quotelist-remove-icon removefromprodpage\" rel=\"nofollow\" data-product_id=\"159\" href=\"javascript:void(0)\">Quitar de cotizaci\u00f3n<\/a><\/div><div style=\"clear:both\"><\/div><div class=\"quotelistaddresponse\"><\/div><\/div><div class=\"clear\"><\/div><\/div><\/p><\/div><div class=\"flex_column av_one_third  flex_column_div av-zero-column-padding   avia-builder-el-5  el_after_av_two_third  avia-builder-el-last  \" style='border-radius:0px; '><div  class='avia-image-container  av-styling-circle    avia-builder-el-6  avia-builder-el-no-sibling  avia-align-center '  itemprop=\"image\" itemscope=\"itemscope\" itemtype=\"https:\/\/schema.org\/ImageObject\"  ><div class='avia-image-container-inner'><div class='avia-image-overlay-wrap'><img class='avia_image' src='https:\/\/guiasde.com\/va\/wp-content\/uploads\/2020\/12\/Depresi\u00f3n-y-ansiedad.jpg' alt='' title='Depresi\u00f3n-y-ansiedad' height=\"800\" width=\"800\"  itemprop=\"thumbnailUrl\"  \/><\/div><\/div><\/div><\/div>\n","protected":false},"excerpt":{"rendered":"","protected":false},"featured_media":186,"comment_status":"open","ping_status":"closed","template":"","meta":[],"_links":{"self":[{"href":"https:\/\/guiasde.com\/va\/wp-json\/wp\/v2\/product\/159"}],"collection":[{"href":"https:\/\/guiasde.com\/va\/wp-json\/wp\/v2\/product"}],"about":[{"href":"https:\/\/guiasde.com\/va\/wp-json\/wp\/v2\/types\/product"}],"replies":[{"embeddable":true,"href":"https:\/\/guiasde.com\/va\/wp-json\/wp\/v2\/comments?post=159"}],"wp:featuredmedia":[{"embeddable":true,"href":"https:\/\/guiasde.com\/va\/wp-json\/wp\/v2\/media\/186"}],"wp:attachment":[{"href":"https:\/\/guiasde.com\/va\/wp-json\/wp\/v2\/media?parent=159"}],"curies":[{"name":"wp","href":"https:\/\/api.w.org\/{rel}","templated":true}]}}