{"id":164,"date":"2020-12-10T23:38:55","date_gmt":"2020-12-10T23:38:55","guid":{"rendered":"http:\/\/guiasde.com\/va\/?post_type=product&#038;p=164"},"modified":"2025-04-12T12:38:09","modified_gmt":"2025-04-12T12:38:09","slug":"co-enzima-q-10","status":"publish","type":"product","link":"https:\/\/guiasde.com\/va\/product\/co-enzima-q-10\/","title":{"rendered":"Co enzima Q 10"},"content":{"rendered":"","protected":false},"excerpt":{"rendered":"<p><strong>\u00bfSab\u00edan ustedes?<\/strong><\/p>\n<p>Que la CO- enzima Q10 proviene del complejo Vitam\u00ednico B, del anteriormente conocido \u00e1cido pantot\u00e9nico B5 y de la B6 piridoxina; pues bien, esto nos debe dar a conocer la importancia de la esta Co Q10, tan poco conocida en el mercado pero que tiene inferencias tan o m\u00e1s importantes, que las propias del complejo B.<\/p>\n<p>En Cardiolog\u00eda, se ha utilizado antes de realizar una cirug\u00eda cardiaca en mayores de 70 a\u00f1os. As\u00ed como para revertir algunos efectos colaterales de las estatinas (utilizados para disminuir colesterol y triglic\u00e9ridos). Existen 2 tipos una activa y un precursor que la mayor\u00eda de los suplementos no especifican el tipo y eso reduce la efectividad.<\/p>\n<p>Hacen sinergia con algunos otros suplementos para mejorar funcionamiento mitocondrial (la parte de las c\u00e9lulas reguladoras de su producci\u00f3n de energ\u00eda).<\/p>\n","protected":false},"featured_media":190,"comment_status":"open","ping_status":"closed","template":"","meta":[],"_links":{"self":[{"href":"https:\/\/guiasde.com\/va\/wp-json\/wp\/v2\/product\/164"}],"collection":[{"href":"https:\/\/guiasde.com\/va\/wp-json\/wp\/v2\/product"}],"about":[{"href":"https:\/\/guiasde.com\/va\/wp-json\/wp\/v2\/types\/product"}],"replies":[{"embeddable":true,"href":"https:\/\/guiasde.com\/va\/wp-json\/wp\/v2\/comments?post=164"}],"wp:featuredmedia":[{"embeddable":true,"href":"https:\/\/guiasde.com\/va\/wp-json\/wp\/v2\/media\/190"}],"wp:attachment":[{"href":"https:\/\/guiasde.com\/va\/wp-json\/wp\/v2\/media?parent=164"}],"curies":[{"name":"wp","href":"https:\/\/api.w.org\/{rel}","templated":true}]}}