{"id":165,"date":"2020-12-10T23:40:54","date_gmt":"2020-12-10T23:40:54","guid":{"rendered":"http:\/\/guiasde.com\/va\/?post_type=product&#038;p=165"},"modified":"2020-12-15T21:31:52","modified_gmt":"2020-12-15T21:31:52","slug":"omega-3-2","status":"publish","type":"product","link":"https:\/\/guiasde.com\/va\/product\/omega-3-2\/","title":{"rendered":"Omega 3"},"content":{"rendered":"","protected":false},"excerpt":{"rendered":"<p>Omega 3 muy conocido y el m\u00e1s recomendado por los cardi\u00f3logos, neur\u00f3logos, inmun\u00f3logos y alerg\u00f3logos. Pero sab\u00edas? que estos PUFA (\u00e1cidos grasos poliinsaturados ) tienen diferentes rutas metab\u00f3licas,\u00a0 hep\u00e1ticas y perif\u00e9ricas que pueden desviarlo, y no producir los efectos esperados. Por lo que siempre se debe de ingerir con una <strong>ANTIOXIDANTE<\/strong>. Adem\u00e1s que interfiere en la producci\u00f3n de hormonas y vitaminas dependientes de grasas; como la Vit D, Vit E.<\/p>\n<p>Tengo que mencionarles tambi\u00e9n,\u00a0 que tienen una acci\u00f3n muy espec\u00edfica de inhibir una de las enzimas encargadas de generar la energ\u00eda por lo que siempre se debe tomar en combinaci\u00f3n con esta Co- Enzima ya que puede generar alteraciones cardiacas y musculares.<\/p>\n<p>Las grasas son elementos esenciales en el funcionamiento,\u00a0 integridad, permeabilidad, actividad enzim\u00e1tica y estructura de las c\u00e9lulas. Pero la dosis es diferente para cada patolog\u00eda tanto cardiol\u00f3gico ( para disminuir arterioesclerosis, triglic\u00e9ridos altos, como para prevenir Infarto) lo mismo para todas las dem\u00e1s especialidades las dosis var\u00edan.<\/p>\n","protected":false},"featured_media":189,"comment_status":"open","ping_status":"closed","template":"","meta":[],"_links":{"self":[{"href":"https:\/\/guiasde.com\/va\/wp-json\/wp\/v2\/product\/165"}],"collection":[{"href":"https:\/\/guiasde.com\/va\/wp-json\/wp\/v2\/product"}],"about":[{"href":"https:\/\/guiasde.com\/va\/wp-json\/wp\/v2\/types\/product"}],"replies":[{"embeddable":true,"href":"https:\/\/guiasde.com\/va\/wp-json\/wp\/v2\/comments?post=165"}],"wp:featuredmedia":[{"embeddable":true,"href":"https:\/\/guiasde.com\/va\/wp-json\/wp\/v2\/media\/189"}],"wp:attachment":[{"href":"https:\/\/guiasde.com\/va\/wp-json\/wp\/v2\/media?parent=165"}],"curies":[{"name":"wp","href":"https:\/\/api.w.org\/{rel}","templated":true}]}}