{"id":166,"date":"2020-12-10T23:42:07","date_gmt":"2020-12-10T23:42:07","guid":{"rendered":"http:\/\/guiasde.com\/va\/?post_type=product&#038;p=166"},"modified":"2020-12-11T16:34:47","modified_gmt":"2020-12-11T16:34:47","slug":"resveratrol","status":"publish","type":"product","link":"https:\/\/guiasde.com\/va\/product\/resveratrol\/","title":{"rendered":"Resveratrol"},"content":{"rendered":"","protected":false},"excerpt":{"rendered":"<p>Si alguna vez\u00a0 has escuchado de los suplementos anti-envejecimiento, y te limitas al uso de la Vit E cometes grave error, el resveratrol es uno de los componentes\u00a0 de la c\u00e1scara de uva y vino tinto, sus efectos claros y demostrados en sistema cardiovascular\u00a0 directo en circulaci\u00f3n y endotelio, en\u00a0 s\u00edndrome metab\u00f3lico que combinada con una dieta adecuada la mejor\u00eda\u00a0 se\u00a0 puede evidenciar\u00a0 en todos los aspectos cognitivos, f\u00edsicos y hasta\u00a0 emocionales, est\u00e1\u00a0 aceptado el uso tambi\u00e9n para activaci\u00f3n mitocondrial y protecci\u00f3n de los\u00a0 tel\u00f3meros ( esa parte\u00a0 de DNA\u00a0 que\u00a0 se\u00a0 deteriora con la edad)\u00a0 No dejes\u00a0 pasar mas tiempo\u00a0 e inf\u00f3rmate\u00a0 sobre la dosis, indicaciones\u00a0 correctas.<\/p>\n","protected":false},"featured_media":191,"comment_status":"open","ping_status":"closed","template":"","meta":[],"_links":{"self":[{"href":"https:\/\/guiasde.com\/va\/wp-json\/wp\/v2\/product\/166"}],"collection":[{"href":"https:\/\/guiasde.com\/va\/wp-json\/wp\/v2\/product"}],"about":[{"href":"https:\/\/guiasde.com\/va\/wp-json\/wp\/v2\/types\/product"}],"replies":[{"embeddable":true,"href":"https:\/\/guiasde.com\/va\/wp-json\/wp\/v2\/comments?post=166"}],"wp:featuredmedia":[{"embeddable":true,"href":"https:\/\/guiasde.com\/va\/wp-json\/wp\/v2\/media\/191"}],"wp:attachment":[{"href":"https:\/\/guiasde.com\/va\/wp-json\/wp\/v2\/media?parent=166"}],"curies":[{"name":"wp","href":"https:\/\/api.w.org\/{rel}","templated":true}]}}