{"id":168,"date":"2020-12-10T23:47:28","date_gmt":"2020-12-10T23:47:28","guid":{"rendered":"http:\/\/guiasde.com\/va\/?post_type=product&#038;p=168"},"modified":"2020-12-11T16:47:19","modified_gmt":"2020-12-11T16:47:19","slug":"zinc","status":"publish","type":"product","link":"https:\/\/guiasde.com\/va\/product\/zinc\/","title":{"rendered":"Zinc"},"content":{"rendered":"","protected":false},"excerpt":{"rendered":"<p>Este\u00a0 es un Mineral,\u00a0 cumple una de las principales funciones: el\u00a0 equilibrio \u00e1cido &#8211; base de nuestro organismo, act\u00faa como cofactor con algunas\u00a0 de la\u00a0 vitaminas, por lo que siempre se debe considerar\u00a0 acompa\u00f1arlo de estas,\u00a0 compite\u00a0 con algunos otros metales\u00a0 pudiendo ocasionar d\u00e9ficit por su competencia en la absorci\u00f3n, se estima que aprox\u00a0 3000 prote\u00ednas tienen\u00a0 receptores\u00a0 zinc con funciones muy espec\u00edficas sobre todo\u00a0 en el sistema inmunol\u00f3gico,\u00a0 Sistema\u00a0 de neurotransmisi\u00f3n y membrana intestinal,\u00a0 as\u00ed como\u00a0 en casos de ceguera nocturna.\u00a0 Se\u00a0 han demostrado\u00a0 m\u00faltiple correlaci\u00f3n con patolog\u00edas espec\u00edficas y deficiencias de zinc.\u00a0\u00a0 Conoce\u00a0\u00a0 en\u00a0 qu\u00e9\u00a0 enfermedades y cuales son las contraindicaciones con que\u00a0 suplementos\u00a0 se debe combinar y con cual NO. Este\u00a0 es un suplemento ideal\u00a0 en\u00a0 \u00e9pocas de bajas temperaturas contra influenza y otros virus.<\/p>\n","protected":false},"featured_media":193,"comment_status":"open","ping_status":"closed","template":"","meta":[],"_links":{"self":[{"href":"https:\/\/guiasde.com\/va\/wp-json\/wp\/v2\/product\/168"}],"collection":[{"href":"https:\/\/guiasde.com\/va\/wp-json\/wp\/v2\/product"}],"about":[{"href":"https:\/\/guiasde.com\/va\/wp-json\/wp\/v2\/types\/product"}],"replies":[{"embeddable":true,"href":"https:\/\/guiasde.com\/va\/wp-json\/wp\/v2\/comments?post=168"}],"wp:featuredmedia":[{"embeddable":true,"href":"https:\/\/guiasde.com\/va\/wp-json\/wp\/v2\/media\/193"}],"wp:attachment":[{"href":"https:\/\/guiasde.com\/va\/wp-json\/wp\/v2\/media?parent=168"}],"curies":[{"name":"wp","href":"https:\/\/api.w.org\/{rel}","templated":true}]}}