{"id":169,"date":"2020-12-10T23:48:56","date_gmt":"2020-12-10T23:48:56","guid":{"rendered":"http:\/\/guiasde.com\/va\/?post_type=product&#038;p=169"},"modified":"2020-12-15T21:23:53","modified_gmt":"2020-12-15T21:23:53","slug":"melatonina","status":"publish","type":"product","link":"https:\/\/guiasde.com\/va\/product\/melatonina\/","title":{"rendered":"Melatonina"},"content":{"rendered":"","protected":false},"excerpt":{"rendered":"<p>Este neurotransmisor relacionado con el buen dormir, tiene  muchas funciones limitandonos su uso.<\/p>\n<p>Act\u00faa  en  ejes importantes ( cortisol de gl\u00e1ndula suprarrenal y la tiroxina de la funci\u00f3n tiroidea ), por lo tanto se infiere que pueda existir un efecto anti estr\u00e9s muy importante nocturno, incluso algunos estudios recientes los han asociado con mejor\u00eda del sistema inmunol\u00f3gico.<\/p>\n<p>La producci\u00f3n de neurotransmisores cuyo descontrol genera sintomatolog\u00eda de ansiedad, depresi\u00f3n e insomnio. Por lo que  el aporte adecuado de micro y macronutrientes  a ciertas horas determinadas, puede  facilitar  a tu organismo su adecuada funci\u00f3n.<\/p>\n","protected":false},"featured_media":194,"comment_status":"open","ping_status":"closed","template":"","meta":[],"_links":{"self":[{"href":"https:\/\/guiasde.com\/va\/wp-json\/wp\/v2\/product\/169"}],"collection":[{"href":"https:\/\/guiasde.com\/va\/wp-json\/wp\/v2\/product"}],"about":[{"href":"https:\/\/guiasde.com\/va\/wp-json\/wp\/v2\/types\/product"}],"replies":[{"embeddable":true,"href":"https:\/\/guiasde.com\/va\/wp-json\/wp\/v2\/comments?post=169"}],"wp:featuredmedia":[{"embeddable":true,"href":"https:\/\/guiasde.com\/va\/wp-json\/wp\/v2\/media\/194"}],"wp:attachment":[{"href":"https:\/\/guiasde.com\/va\/wp-json\/wp\/v2\/media?parent=169"}],"curies":[{"name":"wp","href":"https:\/\/api.w.org\/{rel}","templated":true}]}}