{"id":203,"date":"2020-12-15T18:06:39","date_gmt":"2020-12-15T18:06:39","guid":{"rendered":"http:\/\/guiasde.com\/va\/?post_type=product&#038;p=203"},"modified":"2020-12-15T19:31:11","modified_gmt":"2020-12-15T19:31:11","slug":"cardiopatias","status":"publish","type":"product","link":"https:\/\/guiasde.com\/va\/product\/cardiopatias\/","title":{"rendered":"Cardiopat\u00edas"},"content":{"rendered":"<div id='av_section_1'  class='avia-section main_color avia-section-default avia-no-border-styling  avia-bg-style-scroll  avia-builder-el-0  avia-builder-el-no-sibling   av-minimum-height av-minimum-height-75  container_wrap fullsize' style=' '   data-av_minimum_height_pc='75'><div class='container' ><main  role=\"main\" itemprop=\"mainContentOfPage\"  class='template-page content  av-content-full alpha units'><div class='post-entry post-entry-type-page post-entry-203'><div class='entry-content-wrapper clearfix'>\n<div class=\"flex_column av_two_third  flex_column_div av-zero-column-padding first  avia-builder-el-1  el_before_av_one_third  avia-builder-el-first  \" style='border-radius:0px; '><p><div  style='padding-bottom:10px; color:#03a678;' class='av-special-heading av-special-heading-h2 custom-color-heading blockquote modern-quote  avia-builder-el-2  el_before_av_textblock  avia-builder-el-first  '><h2 class='av-special-heading-tag '  itemprop=\"headline\"  >Cardiopat\u00edas<\/h2><div class='special-heading-border'><div class='special-heading-inner-border' style='border-color:#03a678'><\/div><\/div><\/div><br \/>\n<section class=\"av_textblock_section \"  itemscope=\"itemscope\" itemtype=\"https:\/\/schema.org\/CreativeWork\" ><div class='avia_textblock  '   itemprop=\"text\" ><p>El 95 %\u00a0\u00a0 se pueden prevenir\u00a0 ya que para su manifestaci\u00f3n, al menos ocupa 5 a\u00f1os\u00a0 de evoluci\u00f3n de cualquiera que menciones Infartos, Arritmias, Falla cardiaca, su\u00a0 base fisiopatologica\u00a0 es el mal flujo; por obstrucci\u00f3n de las arterias coronarias, el da\u00f1o a la parte interna de la circulaci\u00f3n, aumento de agregaci\u00f3n plaquetaria, de hecho el tratamiento que se otorga es vasodilatadores ( abren arterias) anticoagulantes ( evitan que se unan las plaquetas y formen co\u00e1gulos ).<\/p>\n<p>Lo que es preocupante, es la falta de atenci\u00f3n en mejorar esa circulaci\u00f3n\u00a0 antes de su da\u00f1o y existen diferentes maneras de hacerlo como ; agregar nutrientes que reparen da\u00f1o interno del endotelio ( parte interna de la circulaci\u00f3n ) otorgar antioxidantes que limiten deposito de grasas, aumentar la calidad de funcionalidad del musculo cardiaco ( mitocondrias) y esto no solo favorecer\u00e1n a un \u00f3rgano especifico sino sist\u00e9mico, es decir, previniendo\u00a0 el da\u00f1o a ri\u00f1\u00f3n, retina, circulaci\u00f3n ( amputaci\u00f3n de miembros ).<\/p>\n<\/div><\/section><br \/>\n<div class='av-woo-purchase-button  avia-builder-el-4  el_after_av_textblock  avia-builder-el-last '><p class=\"price\"><\/p><div class=\"addquotelistlink\"><div class=\"quotelistadd_prodpage\" ><span class=\"dvin_wcql_btn_wrap\"><button rel=\"nofollow\" data-product_id=\"203\" data-product_sku=\"\" data-quantity=\"1\" type=\"button\" class=\"button alt addquotelistbutton_prodpage product_type_simple\" >Cotizar<\/button><\/span><span class=\"dvin_wcql_btn_ajaxico_wrap\"><img style=\"display: none;border:0; width:16px; height:16px;\" src=\"https:\/\/guiasde.com\/va\/wp-content\/plugins\/Request a Quote\/images\/ajax-loader.gif\" class=\"ajax-loading-img ajax-loading-img-bottom\" alt=\"Working...\"\/><\/span><\/div><div class=\"quotelistaddedbrowse_prodpage\" style=\"display:none;\"><a class=\"quotelist-added-icon\"  href=\"https:\/\/guiasde.com\/va\/quotelist\/\">Producto agregado para cotizaci\u00f3n<\/a><br\/><a class=\"quotelist-remove-icon removefromprodpage\" rel=\"nofollow\" data-product_id=\"203\" href=\"javascript:void(0)\" >Quitar de cotizaci\u00f3n<\/a><\/div><div class=\"quotelistexistsbrowse_prodpage\" style=\"display:none;\"><a class=\"quotelist-added-icon\"  href=\"https:\/\/guiasde.com\/va\/quotelist\/\">Producto agregado para cotizaci\u00f3n<\/a><br\/><a class=\"quotelist-remove-icon removefromprodpage\" rel=\"nofollow\" data-product_id=\"203\" href=\"javascript:void(0)\">Quitar de cotizaci\u00f3n<\/a><\/div><div style=\"clear:both\"><\/div><div class=\"quotelistaddresponse\"><\/div><\/div><div class=\"clear\"><\/div><\/div><\/p><\/div><div class=\"flex_column av_one_third  flex_column_div av-zero-column-padding   avia-builder-el-5  el_after_av_two_third  avia-builder-el-last  \" style='border-radius:0px; '><div  class='avia-image-container  av-styling-circle    avia-builder-el-6  avia-builder-el-no-sibling  avia-align-center '  itemprop=\"image\" itemscope=\"itemscope\" itemtype=\"https:\/\/schema.org\/ImageObject\"  ><div class='avia-image-container-inner'><div class='avia-image-overlay-wrap'><img class='avia_image' src='https:\/\/guiasde.com\/va\/wp-content\/uploads\/2020\/12\/Cardiopat\u00edas.jpg' alt='' title='Cardiopat\u00edas' height=\"800\" width=\"800\"  itemprop=\"thumbnailUrl\"  \/><\/div><\/div><\/div><\/div>\n\n","protected":false},"excerpt":{"rendered":"","protected":false},"featured_media":204,"comment_status":"open","ping_status":"closed","template":"","meta":[],"_links":{"self":[{"href":"https:\/\/guiasde.com\/va\/wp-json\/wp\/v2\/product\/203"}],"collection":[{"href":"https:\/\/guiasde.com\/va\/wp-json\/wp\/v2\/product"}],"about":[{"href":"https:\/\/guiasde.com\/va\/wp-json\/wp\/v2\/types\/product"}],"replies":[{"embeddable":true,"href":"https:\/\/guiasde.com\/va\/wp-json\/wp\/v2\/comments?post=203"}],"wp:featuredmedia":[{"embeddable":true,"href":"https:\/\/guiasde.com\/va\/wp-json\/wp\/v2\/media\/204"}],"wp:attachment":[{"href":"https:\/\/guiasde.com\/va\/wp-json\/wp\/v2\/media?parent=203"}],"curies":[{"name":"wp","href":"https:\/\/api.w.org\/{rel}","templated":true}]}}