{"id":231,"date":"2020-12-15T21:46:58","date_gmt":"2020-12-15T21:46:58","guid":{"rendered":"http:\/\/guiasde.com\/va\/?post_type=product&#038;p=231"},"modified":"2020-12-15T21:49:30","modified_gmt":"2020-12-15T21:49:30","slug":"selenio","status":"publish","type":"product","link":"https:\/\/guiasde.com\/va\/product\/selenio\/","title":{"rendered":"Selenio"},"content":{"rendered":"","protected":false},"excerpt":{"rendered":"<p>Representa el 4- 5 % del peso corporal, ya que acompa\u00f1a al calcio y al fosforo, su papel principal es neutralizar los radicales libres, estimula la capacidad fagoc\u00edtica de leucocitos (papel que le ha llevado un lugar para el fortalecimiento del sistema Inmune, as\u00ed como estimulante de acci\u00f3n de macr\u00f3fagos), es antagonista de metales pesados como el cadmio, y protector de ADN.  <\/p>\n<p>El exceso de grasas aumenta sus requerimientos. Su d\u00e9ficit esta asociado con infecciones oportunistas como Epstein Barr, Borelia y Ricketsiosis. Una buena alternativa en fortalecer tus defensas.<\/p>\n","protected":false},"featured_media":233,"comment_status":"open","ping_status":"closed","template":"","meta":[],"_links":{"self":[{"href":"https:\/\/guiasde.com\/va\/wp-json\/wp\/v2\/product\/231"}],"collection":[{"href":"https:\/\/guiasde.com\/va\/wp-json\/wp\/v2\/product"}],"about":[{"href":"https:\/\/guiasde.com\/va\/wp-json\/wp\/v2\/types\/product"}],"replies":[{"embeddable":true,"href":"https:\/\/guiasde.com\/va\/wp-json\/wp\/v2\/comments?post=231"}],"wp:featuredmedia":[{"embeddable":true,"href":"https:\/\/guiasde.com\/va\/wp-json\/wp\/v2\/media\/233"}],"wp:attachment":[{"href":"https:\/\/guiasde.com\/va\/wp-json\/wp\/v2\/media?parent=231"}],"curies":[{"name":"wp","href":"https:\/\/api.w.org\/{rel}","templated":true}]}}