{"id":234,"date":"2020-12-15T21:52:01","date_gmt":"2020-12-15T21:52:01","guid":{"rendered":"http:\/\/guiasde.com\/va\/?post_type=product&#038;p=234"},"modified":"2020-12-15T21:52:19","modified_gmt":"2020-12-15T21:52:19","slug":"glutation","status":"publish","type":"product","link":"https:\/\/guiasde.com\/va\/product\/glutation\/","title":{"rendered":"Glutation"},"content":{"rendered":"","protected":false},"excerpt":{"rendered":"<p>Es un potente antioxidante, ENDOGENO es decir producido por nuestro organismo, potencia  adem\u00e1s el efecto  de otros como la Vitamina C, Vitamina E, es altamente comercializado  de manera individual,  pero su combinaci\u00f3n con otros co- factores pueden coadyuvar  incluso antes situaciones muy adversas de da\u00f1o  a \u00f3rganos vitales como h\u00edgado, coraz\u00f3n, pulm\u00f3n y ri\u00f1\u00f3n.  Por ello lo contemplo es el apartado Inmunol\u00f3gico ya que, desde el punto de vista,  de efectividad,  es mas potente que \u00fanicamente la Vitamina D 3\/ C \/ E  aisladas.<\/p>\n","protected":false},"featured_media":235,"comment_status":"open","ping_status":"closed","template":"","meta":[],"_links":{"self":[{"href":"https:\/\/guiasde.com\/va\/wp-json\/wp\/v2\/product\/234"}],"collection":[{"href":"https:\/\/guiasde.com\/va\/wp-json\/wp\/v2\/product"}],"about":[{"href":"https:\/\/guiasde.com\/va\/wp-json\/wp\/v2\/types\/product"}],"replies":[{"embeddable":true,"href":"https:\/\/guiasde.com\/va\/wp-json\/wp\/v2\/comments?post=234"}],"wp:featuredmedia":[{"embeddable":true,"href":"https:\/\/guiasde.com\/va\/wp-json\/wp\/v2\/media\/235"}],"wp:attachment":[{"href":"https:\/\/guiasde.com\/va\/wp-json\/wp\/v2\/media?parent=234"}],"curies":[{"name":"wp","href":"https:\/\/api.w.org\/{rel}","templated":true}]}}